{"id":128866,"date":"2023-08-11T13:53:49","date_gmt":"2023-08-11T12:53:49","guid":{"rendered":"https:\/\/www.avanet.com\/shop\/sophos-firewall\/xg-230\/"},"modified":"2024-02-05T16:45:40","modified_gmt":"2024-02-05T15:45:40","slug":"xg-230","status":"publish","type":"page","link":"https:\/\/www.avanet.com\/es\/shop\/sophos-firewall\/xg-230\/","title":{"rendered":"XG 230"},"content":{"rendered":"\n<header class=\"entry-header\">\n  <nav class=\"ct-breadcrumbs\" data-source=\"default\" itemscope=\"\" itemtype=\"https:\/\/schema.org\/BreadcrumbList\">\n    <span class=\"first-item\" itemscope=\"\" itemprop=\"itemListElement\" itemtype=\"https:\/\/schema.org\/ListItem\">\n      <meta itemprop=\"position\" content=\"1\"\/><a href=\"https:\/\/www.avanet.com\/es\/\" itemprop=\"item\"><span itemprop=\"name\">inicio<\/span><\/a>\n      <meta itemprop=\"url\" content=\"https:\/\/www.avanet.com\/es\/\"\/><svg class=\"separator\" fill=\"currentColor\" width=\"8\" height=\"8\" viewbox=\"0 0 8 8\" aria-hidden=\"true\" focusable=\"false\">\n        <path d=\"M2,6.9L4.8,4L2,1.1L2.6,0l4,4l-4,4L2,6.9z\"><\/path>\n      <\/svg> <\/span><span class=\"0-item\" itemscope=\"\" itemprop=\"itemListElement\" itemtype=\"https:\/\/schema.org\/ListItem\">\n      <meta itemprop=\"position\" content=\"2\"\/><a href=\"https:\/\/www.avanet.com\/es\/shop\/sophos-firewall\/\" itemprop=\"item\"><span itemprop=\"name\">Sophos Firewall<\/span><\/a>\n      <meta itemprop=\"url\" content=\"https:\/\/www.avanet.com\/es\/shop\/sophos-firewall\/\"\/><svg class=\"separator\" fill=\"currentColor\" width=\"8\" height=\"8\" viewbox=\"0 0 8 8\" aria-hidden=\"true\" focusable=\"false\">\n        <path d=\"M2,6.9L4.8,4L2,1.1L2.6,0l4,4l-4,4L2,6.9z\"><\/path>\n      <\/svg> <\/span><span class=\"last-item\" aria-current=\"page\" itemscope=\"\" itemprop=\"itemListElement\" itemtype=\"https:\/\/schema.org\/ListItem\">\n      <meta itemprop=\"position\" content=\"3\"\/><span itemprop=\"name\">XG 230<\/span>\n      <meta itemprop=\"url\" content=\"https:\/\/www.avanet.com\/es\/shop\/sophos-firewall\/xg-230\/\"\/>\n    <\/span>\n  <\/nav>\n<\/header>\n<div class=\"gb-container gb-container-be5d5b83\">\n\n<div class=\"gb-headline gb-headline-8ef680bd\"><span class=\"gb-icon\"><svg xmlns=\"http:\/\/www.w3.org\/2000\/svg\" class=\"w-6 h-6\" fill=\"currentColor\" viewbox=\"0 0 24 24\">   <path d=\"M5.85 3.5a.75.75 0 0 0-1.117-1 9.719 9.719 0 0 0-2.348 4.876.75.75 0 0 0 1.479.248A8.219 8.219 0 0 1 5.85 3.5ZM19.267 2.5a.75.75 0 1 0-1.118 1 8.22 8.22 0 0 1 1.987 4.124.75.75 0 0 0 1.48-.248A9.72 9.72 0 0 0 19.266 2.5Z\"><\/path>   <path clip-rule=\"evenodd\" d=\"M12 2.25A6.75 6.75 0 0 0 5.25 9v.75a8.217 8.217 0 0 1-2.119 5.52.75.75 0 0 0 .298 1.206c1.544.57 3.16.99 4.831 1.243a3.75 3.75 0 1 0 7.48 0 24.583 24.583 0 0 0 4.83-1.244.75.75 0 0 0 .298-1.205 8.217 8.217 0 0 1-2.118-5.52V9A6.75 6.75 0 0 0 12 2.25ZM9.75 18c0-.034 0-.067.002-.1a25.05 25.05 0 0 0 4.496 0l.002.1a2.25 2.25 0 1 1-4.5 0Z\" fill-rule=\"evenodd\"><\/path> <\/svg><\/span><\/div>\n\n\n<div class=\"gb-container gb-container-f62a02d9\">\n<div class=\"gb-container gb-container-052ea893\">\n\n<h3 class=\"gb-headline gb-headline-48074cbc gb-headline-text\">Fin de vida alcanzado en<\/h3>\n\n\n<div class=\"gb-container gb-container-c92a5311\">\n\n<div class=\"wp-block-stackable-countdown stk-block-countdown stk-block-countdown--aligned stk-block stk-1af8a7d\" data-stk-countdown-date=\"2025-03-31T12:59\" data-stk-countdown-duration=\"\" data-stk-countdown-restart-interval=\"\" data-stk-countdown-type=\"dueDate\" data-stk-countdown-action=\"\" data-stk-countdown-timezone=\"\" data-stk-countdown-is-double-digit=\"false\" data-v=\"2\" data-block-id=\"1af8a7d\"><style class=\"stk-custom-css\">.stk-1af8a7d.stk-block-countdown{.stk-block-countdown__label{display:none !important}}<\/style><div class=\"stk-block-countdown__container\"><style>.stk-1af8a7d{overflow:hidden !important;align-items:center !important;margin-right:6px !important;margin-bottom:0px !important;margin-left:6px !important;display:flex !important}.stk-1af8a7d .stk-block-countdown__digit{font-size:1em !important;background-image:linear-gradient(135deg,rgb(254,205,165) 0%,rgb(254,45,45) 50%,rgb(107,0,62) 100%) !important;font-weight:900 !important}.stk-1af8a7d.stk-block-countdown .stk-block-countdown__container{display:flex !important;justify-content:left !important}@media screen and (max-width:1023px){.stk-1af8a7d .stk-block-countdown__digit{font-size:1em !important}}<\/style><div class=\"stk-block-countdown__content-container stk-container stk-1af8a7d-container stk--no-background stk--no-padding\"><div class=\"stk-block-countdown__container-wrapper\"><div class=\"stk-block-countdown__digit stk-block-countdown__digit-day stk--is-gradient has-text-color\"><\/div><p class=\"stk-block-countdown__label-day stk-block-countdown__label\"> <\/p><\/div><\/div><\/div><\/div>\n\n\n\n<h3 class=\"gb-headline gb-headline-61be3820 gb-headline-text\">d\u00edas<\/h3>\n\n<\/div>\n<\/div>\n\n\n<p class=\"gb-headline gb-headline-a625339b gb-headline-text\">La serie Sophos XG llegar\u00e1 al final de su ciclo de vida el <strong>31 de marzo de 2025<\/strong>. Para una transici\u00f3n sin problemas, lee nuestra <a href=\"https:\/\/www.avanet.com\/es\/blog\/el-momento-de-cambiar-al-hardware-del-firewall-xgs-se-acerca\/\" data-type=\"link\" data-id=\"https:\/\/www.avanet.com\/blog\/der-zeitpunkt-fur-den-wechsel-auf-die-xgs-firewall-hardware-kommt-bald\/\"><strong>entrada del blog<\/strong><\/a> <strong>\u2192<\/strong><\/p>\n\n\n\n<p class=\"gb-headline gb-headline-d0e13c99 gb-headline-text\">Para ofertas exclusivas para cambiar del XG a un nuevo XGS, echa un vistazo a nuestras p\u00e1ginas de productos o ponte en contacto a trav\u00e9s de nuestro <a href=\"https:\/\/www.avanet.com\/es\/contactar-con\/\" data-type=\"page\" data-id=\"117\"><strong>formulario de contacto<\/strong><\/a>para solicitar un presupuesto.<\/p>\n\n\n\n<p class=\"gb-headline gb-headline-49aeeb38 gb-headline-text\">Si quieres prorrogar tu licencia XG unos meses m\u00e1s o hasta finales de marzo de 2025, ponte en contacto con nosotros a trav\u00e9s de nuestro <a href=\"https:\/\/www.avanet.com\/es\/contactar-con\/\" data-type=\"page\" data-id=\"117\"><strong>formulario de contacto<\/strong><\/a>para solicitar un presupuesto.<\/p>\n\n<\/div>\n<\/div>\n<h1 class=\"gb-headline gb-headline-df5430d0 gb-headline-text\">Sophos XG 230 Serie<\/h1>\n<div class=\"gb-container gb-container-250a2198 overflow-x-auto\">\n<div class=\"gb-container gb-container-a3fda94b\">\n<div class=\"gb-container gb-container-24d50cef\">\n\n<a class=\"gb-button gb-button-ba9cca1b\" href=\"#software-bundles\"><span class=\"gb-icon\"><svg xmlns=\"http:\/\/www.w3.org\/2000\/svg\" stroke-miterlimit=\"2\" stroke-linejoin=\"round\" clip-rule=\"evenodd\" fill-rule=\"evenodd\" xml:space=\"preserve\" viewbox=\"0 0 48 17\"><g fill=\"#0074d8\"><path d=\"M48 15.375a.375.375 0 0 0-.375-.375H.375a.375.375 0 0 0-.375.375v.75c0 .207.168.375.375.375h47.25a.375.375 0 0 0 .375-.375v-.75ZM45 11.54a.375.375 0 0 0-.375-.375H3.375A.375.375 0 0 0 3 11.54v.75c0 .207.168.375.375.375h41.25A.375.375 0 0 0 45 12.29v-.75ZM42 7.769a.375.375 0 0 0-.375-.375H6.375A.375.375 0 0 0 6 7.769v.75c0 .207.168.375.375.375h35.25A.375.375 0 0 0 42 8.519v-.75Z\"><\/path><path fill-rule=\"nonzero\" d=\"M23.766 16.5h-.006c-.516-.002-.93-.191-.927-.423l.187-12.03c.004-.231.421-.417.933-.417h.007c.515.002.93.191.926.423l-.187 12.03c-.003.231-.42.417-.933.417Z\"><\/path><path fill-rule=\"nonzero\" d=\"M34.356 2.035c-.12-.926-.615-1.406-1.008-1.646-1.04-.635-2.731-.495-5.322.438-1.065.384-2.437.966-3.406 1.388a.67.67 0 0 0-1.312-.101c-.981-.351-2.067-.757-3.257-1.217-.604-.234-3.703-1.349-5.42-.342a1.973 1.973 0 0 0-.985 1.472c-.105.736.124 1.382.663 1.869 1.191 1.075 3.849 1.255 7.576.542a3.645 3.645 0 0 0-.895 1.764c-.262 1.244-1.993 2.098-2.637 2.322a.668.668 0 1 0 .435 1.264c.03-.011.755-.262 1.533-.768 1.092-.71 1.776-1.589 1.977-2.542.253-1.2 1.118-1.647 1.603-1.647.278 0 1.221.128 1.7 1.778.673 2.325 2.943 3.437 3.039 3.484a.671.671 0 0 0 .89-.312.67.67 0 0 0-.31-.893c-.018-.008-1.831-.909-2.336-2.651-.223-.771-.564-1.392-1.012-1.855 1.974.6 2.889.719 3.437.734.122.003.247.005.374.005 1.45 0 3.218-.236 4.127-1.244.45-.498.638-1.135.546-1.842ZM17.91 3.527c-1.76-.006-2.451-.393-2.706-.624-.204-.184-.277-.396-.235-.687a.648.648 0 0 1 .337-.508c.262-.153.663-.227 1.151-.227.862 0 1.996.231 3.112.662.884.342 1.687.645 2.417.914-1.533.309-2.906.47-4.033.47h-.043Zm14.908-.545c-.492.544-1.789.842-3.473.798-.65-.018-1.743-.264-3.27-.735.795-.337 1.682-.7 2.404-.96 2.78-1.002 3.808-.778 4.173-.555.136.082.322.242.379.678.042.32-.026.566-.213.774Z\"><\/path><\/g><\/svg><\/span><span class=\"gb-button-text\">Software Bundles<\/span><\/a>\n\n\n\n<a class=\"gb-button gb-button-557dbe56\" href=\"#single-licenses\"><span class=\"gb-icon\"><svg xmlns=\"http:\/\/www.w3.org\/2000\/svg\" stroke-miterlimit=\"2\" stroke-linejoin=\"round\" clip-rule=\"evenodd\" fill-rule=\"evenodd\" xml:space=\"preserve\" viewbox=\"0 0 48 10\"><g fill=\"#0074d8\"><path d=\"M48 7.981a.375.375 0 0 0-.375-.375H.375A.375.375 0 0 0 0 7.981v.75c0 .207.168.375.375.375h47.25A.375.375 0 0 0 48 8.731v-.75ZM45 4.146a.375.375 0 0 0-.375-.375H3.375A.375.375 0 0 0 3 4.146v.75c0 .207.168.375.375.375h41.25A.375.375 0 0 0 45 4.896v-.75ZM42 .375A.375.375 0 0 0 41.625 0H6.375A.375.375 0 0 0 6 .375v.75c0 .207.168.375.375.375h35.25A.375.375 0 0 0 42 1.125v-.75Z\"><\/path><\/g><\/svg><\/span><span class=\"gb-button-text\">Licencias individuales<\/span><\/a>\n\n<\/div>\n<\/div>\n<\/div><div class=\"gb-container gb-container-5c591bf4\" id=\"software-bundles\">\n\n<h2 class=\"gb-headline gb-headline-c72d4086 gb-headline-text ava-handpicked-products ava-card-single\">Software Bundles<\/h2>\n\n\n\n<p class=\"gb-headline gb-headline-305fe632 gb-headline-text\">Si desea desbloquear varios m\u00f3dulos de pago en su cortafuegos XG 230, deber\u00eda echar un vistazo a los siguientes paquetes de software. En t\u00e9rminos de precio, podr\u00eda merecer la pena en comparaci\u00f3n con la compra de licencias individuales.<\/p>\n\n<\/div><div data-block-name=\"woocommerce\/handpicked-products\" data-columns=\"4\" data-content-visibility=\"{&quot;image&quot;:true,&quot;title&quot;:true,&quot;price&quot;:true,&quot;rating&quot;:false,&quot;button&quot;:false}\" data-orderby=\"menu_order\" data-products=\"[6107,5390]\" class=\"wc-block-grid wp-block-handpicked-products wp-block-woocommerce-handpicked-products wc-block-handpicked-products has-4-columns has-multiple-rows ava-handpicked-products ava-card-single ava-narrow\"><ul class=\"wc-block-grid__products\"><li class=\"wc-block-grid__product\">\n\t\t\t\t<a href=\"https:\/\/www.avanet.com\/es\/shop\/sophos-standard-protection-para-xg-230\/\" class=\"wc-block-grid__product-link\">\n\t\t\t\t\t\n\t\t\t\t\t<div class=\"wc-block-grid__product-image\"><img loading=\"lazy\" decoding=\"async\" width=\"300\" height=\"300\" src=\"https:\/\/www.avanet.com\/assets\/sophos-standard-protection-bundle-box-300x300.png\" class=\"attachment-woocommerce_thumbnail size-woocommerce_thumbnail\" alt=\"Sophos Firewall - Caja de licencia de Standard Protection \" srcset=\"https:\/\/www.avanet.com\/assets\/sophos-standard-protection-bundle-box-300x300.png 300w, https:\/\/www.avanet.com\/assets\/sophos-standard-protection-bundle-box-64x64.png 64w, https:\/\/www.avanet.com\/assets\/sophos-standard-protection-bundle-box-100x100.png 100w, https:\/\/www.avanet.com\/assets\/sophos-standard-protection-bundle-box-600x600.png 600w, https:\/\/www.avanet.com\/assets\/sophos-standard-protection-bundle-box-150x150.png 150w, https:\/\/www.avanet.com\/assets\/sophos-standard-protection-bundle-box-768x768.png 768w, https:\/\/www.avanet.com\/assets\/sophos-standard-protection-bundle-box-12x12.png 12w, https:\/\/www.avanet.com\/assets\/sophos-standard-protection-bundle-box.png 800w\" sizes=\"auto, (max-width: 300px) 100vw, 300px\" \/><\/div>\n\t\t\t\t\t<div class=\"wc-block-grid__product-title\">Sophos Standard Protection para XG 230<\/div>\n\t\t\t\t<\/a>\n\t\t\t\t<div class=\"wc-block-grid__product-price price\"><span class=\"wcpbc-price wcpbc-price-69863\" data-product-id=\"69863\"><\/span><\/div>\n\t\t\t\t\n\t\t\t\t\n\t\t\t<\/li><li class=\"wc-block-grid__product\">\n\t\t\t\t<a href=\"https:\/\/www.avanet.com\/es\/shop\/sophos-xstream-protection-para-xg-230\/\" class=\"wc-block-grid__product-link\">\n\t\t\t\t\t\n\t\t\t\t\t<div class=\"wc-block-grid__product-image\"><img loading=\"lazy\" decoding=\"async\" width=\"300\" height=\"300\" src=\"https:\/\/www.avanet.com\/assets\/sophos-xstream-protection-bundle-box-300x300.png\" class=\"attachment-woocommerce_thumbnail size-woocommerce_thumbnail\" alt=\"Sophos Firewall - Caja de licencia de Xstream Protection \" srcset=\"https:\/\/www.avanet.com\/assets\/sophos-xstream-protection-bundle-box-300x300.png 300w, https:\/\/www.avanet.com\/assets\/sophos-xstream-protection-bundle-box-64x64.png 64w, https:\/\/www.avanet.com\/assets\/sophos-xstream-protection-bundle-box-100x100.png 100w, https:\/\/www.avanet.com\/assets\/sophos-xstream-protection-bundle-box-600x600.png 600w, https:\/\/www.avanet.com\/assets\/sophos-xstream-protection-bundle-box-150x150.png 150w, https:\/\/www.avanet.com\/assets\/sophos-xstream-protection-bundle-box-768x768.png 768w, https:\/\/www.avanet.com\/assets\/sophos-xstream-protection-bundle-box-12x12.png 12w, https:\/\/www.avanet.com\/assets\/sophos-xstream-protection-bundle-box.png 800w\" sizes=\"auto, (max-width: 300px) 100vw, 300px\" \/><\/div>\n\t\t\t\t\t<div class=\"wc-block-grid__product-title\">Sophos Xstream Protection para XG 230<\/div>\n\t\t\t\t<\/a>\n\t\t\t\t<div class=\"wc-block-grid__product-price price\"><span class=\"wcpbc-price wcpbc-price-69214\" data-product-id=\"69214\"><\/span><\/div>\n\t\t\t\t\n\t\t\t\t\n\t\t\t<\/li><\/ul><\/div><div class=\"gb-container gb-container-2e9d22e2\" id=\"single-licenses\">\n\n<h2 class=\"gb-headline gb-headline-d3bf57a9 gb-headline-text\">Licencias individuales<\/h2>\n\n\n\n<p class=\"gb-headline gb-headline-d79834f2 gb-headline-text\">Si las funciones b\u00e1sicas del cortafuegos XG 230 no son suficientes para usted, aqu\u00ed encontrar\u00e1 una selecci\u00f3n de m\u00f3dulos para ampliar a\u00fan m\u00e1s la gama de funciones. Si necesita varias licencias individuales, le aconsejamos un paquete de software.<\/p>\n\n<\/div><div data-block-name=\"woocommerce\/handpicked-products\" data-columns=\"4\" data-content-visibility=\"{&quot;image&quot;:true,&quot;title&quot;:true,&quot;price&quot;:true,&quot;rating&quot;:false,&quot;button&quot;:false}\" data-orderby=\"menu_order\" data-products=\"[10343,10101,9866,9619,9377,9154,8896]\" class=\"wc-block-grid wp-block-handpicked-products wp-block-woocommerce-handpicked-products wc-block-handpicked-products has-4-columns has-multiple-rows ava-handpicked-products ava-card-single ava-narrow\"><ul class=\"wc-block-grid__products\"><li class=\"wc-block-grid__product\">\n\t\t\t\t<a href=\"https:\/\/www.avanet.com\/es\/shop\/sophos-xg-230-network-protection\/\" class=\"wc-block-grid__product-link\">\n\t\t\t\t\t\n\t\t\t\t\t<div class=\"wc-block-grid__product-image\"><img loading=\"lazy\" decoding=\"async\" width=\"300\" height=\"300\" src=\"https:\/\/www.avanet.com\/assets\/sophos-network-protection-box-300x300.png\" class=\"attachment-woocommerce_thumbnail size-woocommerce_thumbnail\" alt=\"Sophos Firewall - Caja de licencia de Network Protection \" srcset=\"https:\/\/www.avanet.com\/assets\/sophos-network-protection-box-300x300.png 300w, https:\/\/www.avanet.com\/assets\/sophos-network-protection-box-64x64.png 64w, https:\/\/www.avanet.com\/assets\/sophos-network-protection-box-100x100.png 100w, https:\/\/www.avanet.com\/assets\/sophos-network-protection-box-600x600.png 600w, https:\/\/www.avanet.com\/assets\/sophos-network-protection-box-150x150.png 150w, https:\/\/www.avanet.com\/assets\/sophos-network-protection-box-768x768.png 768w, https:\/\/www.avanet.com\/assets\/sophos-network-protection-box-12x12.png 12w, https:\/\/www.avanet.com\/assets\/sophos-network-protection-box.png 800w\" sizes=\"auto, (max-width: 300px) 100vw, 300px\" \/><\/div>\n\t\t\t\t\t<div class=\"wc-block-grid__product-title\">Sophos XG 230 Network Protection<\/div>\n\t\t\t\t<\/a>\n\t\t\t\t<div class=\"wc-block-grid__product-price price\"><span class=\"wcpbc-price wcpbc-price-77910\" data-product-id=\"77910\"><\/span><\/div>\n\t\t\t\t\n\t\t\t\t\n\t\t\t<\/li><li class=\"wc-block-grid__product\">\n\t\t\t\t<a href=\"https:\/\/www.avanet.com\/es\/shop\/sophos-xg-230-web-protection\/\" class=\"wc-block-grid__product-link\">\n\t\t\t\t\t\n\t\t\t\t\t<div class=\"wc-block-grid__product-image\"><img loading=\"lazy\" decoding=\"async\" width=\"300\" height=\"300\" src=\"https:\/\/www.avanet.com\/assets\/sophos-web-protection-box-300x300.png\" class=\"attachment-woocommerce_thumbnail size-woocommerce_thumbnail\" alt=\"Sophos Firewall - Caja de licencia de Web Protection \" srcset=\"https:\/\/www.avanet.com\/assets\/sophos-web-protection-box-300x300.png 300w, https:\/\/www.avanet.com\/assets\/sophos-web-protection-box-64x64.png 64w, https:\/\/www.avanet.com\/assets\/sophos-web-protection-box-100x100.png 100w, https:\/\/www.avanet.com\/assets\/sophos-web-protection-box-600x600.png 600w, https:\/\/www.avanet.com\/assets\/sophos-web-protection-box-150x150.png 150w, https:\/\/www.avanet.com\/assets\/sophos-web-protection-box-768x768.png 768w, https:\/\/www.avanet.com\/assets\/sophos-web-protection-box-12x12.png 12w, https:\/\/www.avanet.com\/assets\/sophos-web-protection-box.png 800w\" sizes=\"auto, (max-width: 300px) 100vw, 300px\" \/><\/div>\n\t\t\t\t\t<div class=\"wc-block-grid__product-title\">Sophos XG 230 Web Protection<\/div>\n\t\t\t\t<\/a>\n\t\t\t\t<div class=\"wc-block-grid__product-price price\"><span class=\"wcpbc-price wcpbc-price-77387\" data-product-id=\"77387\"><\/span><\/div>\n\t\t\t\t\n\t\t\t\t\n\t\t\t<\/li><li class=\"wc-block-grid__product\">\n\t\t\t\t<a href=\"https:\/\/www.avanet.com\/es\/shop\/sophos-xg-230-email-protection\/\" class=\"wc-block-grid__product-link\">\n\t\t\t\t\t\n\t\t\t\t\t<div class=\"wc-block-grid__product-image\"><img loading=\"lazy\" decoding=\"async\" width=\"300\" height=\"300\" src=\"https:\/\/www.avanet.com\/assets\/sophos-email-protection-box-300x300.png\" class=\"attachment-woocommerce_thumbnail size-woocommerce_thumbnail\" alt=\"Sophos Firewall - Caja de licencia de Email Protection \" srcset=\"https:\/\/www.avanet.com\/assets\/sophos-email-protection-box-300x300.png 300w, https:\/\/www.avanet.com\/assets\/sophos-email-protection-box-64x64.png 64w, https:\/\/www.avanet.com\/assets\/sophos-email-protection-box-100x100.png 100w, https:\/\/www.avanet.com\/assets\/sophos-email-protection-box-600x600.png 600w, https:\/\/www.avanet.com\/assets\/sophos-email-protection-box-150x150.png 150w, https:\/\/www.avanet.com\/assets\/sophos-email-protection-box-768x768.png 768w, https:\/\/www.avanet.com\/assets\/sophos-email-protection-box-12x12.png 12w, https:\/\/www.avanet.com\/assets\/sophos-email-protection-box.png 800w\" sizes=\"auto, (max-width: 300px) 100vw, 300px\" \/><\/div>\n\t\t\t\t\t<div class=\"wc-block-grid__product-title\">Sophos XG 230 Email Protection<\/div>\n\t\t\t\t<\/a>\n\t\t\t\t<div class=\"wc-block-grid__product-price price\"><span class=\"wcpbc-price wcpbc-price-76796\" data-product-id=\"76796\"><\/span><\/div>\n\t\t\t\t\n\t\t\t\t\n\t\t\t<\/li><li class=\"wc-block-grid__product\">\n\t\t\t\t<a href=\"https:\/\/www.avanet.com\/es\/shop\/sophos-xg-230-webserver-protection\/\" class=\"wc-block-grid__product-link\">\n\t\t\t\t\t\n\t\t\t\t\t<div class=\"wc-block-grid__product-image\"><img loading=\"lazy\" decoding=\"async\" width=\"300\" height=\"300\" src=\"https:\/\/www.avanet.com\/assets\/sophos-webserver-protection-box-300x300.png\" class=\"attachment-woocommerce_thumbnail size-woocommerce_thumbnail\" alt=\"Sophos Firewall - Caja de licencia de Webserver Protection web\" srcset=\"https:\/\/www.avanet.com\/assets\/sophos-webserver-protection-box-300x300.png 300w, https:\/\/www.avanet.com\/assets\/sophos-webserver-protection-box-64x64.png 64w, https:\/\/www.avanet.com\/assets\/sophos-webserver-protection-box-100x100.png 100w, https:\/\/www.avanet.com\/assets\/sophos-webserver-protection-box-600x600.png 600w, https:\/\/www.avanet.com\/assets\/sophos-webserver-protection-box-150x150.png 150w, https:\/\/www.avanet.com\/assets\/sophos-webserver-protection-box-768x768.png 768w, https:\/\/www.avanet.com\/assets\/sophos-webserver-protection-box-12x12.png 12w, https:\/\/www.avanet.com\/assets\/sophos-webserver-protection-box.png 800w\" sizes=\"auto, (max-width: 300px) 100vw, 300px\" \/><\/div>\n\t\t\t\t\t<div class=\"wc-block-grid__product-title\">Sophos XG 230 Webserver Protection<\/div>\n\t\t\t\t<\/a>\n\t\t\t\t<div class=\"wc-block-grid__product-price price\"><span class=\"wcpbc-price wcpbc-price-76058\" data-product-id=\"76058\"><\/span><\/div>\n\t\t\t\t\n\t\t\t\t\n\t\t\t<\/li><li class=\"wc-block-grid__product\">\n\t\t\t\t<a href=\"https:\/\/www.avanet.com\/es\/shop\/sophos-xg-230-enhanced-support\/\" class=\"wc-block-grid__product-link\">\n\t\t\t\t\t\n\t\t\t\t\t<div class=\"wc-block-grid__product-image\"><img loading=\"lazy\" decoding=\"async\" width=\"300\" height=\"300\" src=\"https:\/\/www.avanet.com\/assets\/sophos-enhanced-support-box-300x300.png\" class=\"attachment-woocommerce_thumbnail size-woocommerce_thumbnail\" alt=\"Sophos Firewall - Caja de licencia de Enhanced Support \" srcset=\"https:\/\/www.avanet.com\/assets\/sophos-enhanced-support-box-300x300.png 300w, https:\/\/www.avanet.com\/assets\/sophos-enhanced-support-box-64x64.png 64w, https:\/\/www.avanet.com\/assets\/sophos-enhanced-support-box-100x100.png 100w, https:\/\/www.avanet.com\/assets\/sophos-enhanced-support-box-600x600.png 600w, https:\/\/www.avanet.com\/assets\/sophos-enhanced-support-box-150x150.png 150w, https:\/\/www.avanet.com\/assets\/sophos-enhanced-support-box-768x768.png 768w, https:\/\/www.avanet.com\/assets\/sophos-enhanced-support-box-12x12.png 12w, https:\/\/www.avanet.com\/assets\/sophos-enhanced-support-box.png 800w\" sizes=\"auto, (max-width: 300px) 100vw, 300px\" \/><\/div>\n\t\t\t\t\t<div class=\"wc-block-grid__product-title\">Sophos XG 230 Enhanced Support<\/div>\n\t\t\t\t<\/a>\n\t\t\t\t<div class=\"wc-block-grid__product-price price\"><span class=\"wcpbc-price wcpbc-price-74934\" data-product-id=\"74934\"><\/span><\/div>\n\t\t\t\t\n\t\t\t\t\n\t\t\t<\/li><\/ul><\/div><div class=\"gb-container gb-container-6291cecc ava-handpicked-products ava-card-single\" id=\"help-for-buying\">\n\n<p class=\"gb-headline gb-headline-04e182da\"><span class=\"gb-icon\"><svg xmlns=\"http:\/\/www.w3.org\/2000\/svg\" viewbox=\"0 0 20 20\" fill=\"currentColor\" class=\"w-5 h-5\">   <path d=\"M3.505 2.365A41.369 41.369 0 019 2c1.863 0 3.697.124 5.495.365 1.247.167 2.18 1.108 2.435 2.268a4.45 4.45 0 00-.577-.069 43.141 43.141 0 00-4.706 0C9.229 4.696 7.5 6.727 7.5 8.998v2.24c0 1.413.67 2.735 1.76 3.562l-2.98 2.98A.75.75 0 015 17.25v-3.443c-.501-.048-1-.106-1.495-.172C2.033 13.438 1 12.162 1 10.72V5.28c0-1.441 1.033-2.717 2.505-2.914z\"><\/path>   <path d=\"M14 6c-.762 0-1.52.02-2.271.062C10.157 6.148 9 7.472 9 8.998v2.24c0 1.519 1.147 2.839 2.71 2.935.214.013.428.024.642.034.2.009.385.09.518.224l2.35 2.35a.75.75 0 001.28-.531v-2.07c1.453-.195 2.5-1.463 2.5-2.915V8.998c0-1.526-1.157-2.85-2.729-2.936A41.645 41.645 0 0014 6z\"><\/path> <\/svg><\/span><span class=\"gb-headline-text\">Ayuda para la compra<\/span><\/p>\n\n\n\n<h2 class=\"gb-headline gb-headline-a74d99bb gb-headline-text\">\u00bfTiene alguna <strong>pregunta sobre el producto<\/strong>?<\/h2>\n\n\n\n<p class=\"gb-headline gb-headline-c5a9534f gb-headline-text\">Pregunte de nuevo antes de comprar, antes de acabar con el producto equivocado.<\/p>\n\n\n\n<a class=\"gb-button gb-button-7a0bb7da gb-button-text\" href=\"https:\/\/www.avanet.com\/es\/contactar-con\/\">Formule una pregunta<\/a>\n\n<\/div>","protected":false},"excerpt":{"rendered":"<p>inicio Sophos Firewall XG 230 Sophos XG 230 Serie Software Bundles Si desea desbloquear varios m\u00f3dulos de pago en su cortafuegos XG 230, deber\u00eda echar un vistazo a los siguientes paquetes de software. En t\u00e9rminos de precio, podr\u00eda merecer la pena en comparaci\u00f3n con la compra de licencias individuales. Licencias individuales Si las funciones b\u00e1sicas [&hellip;]<\/p>\n","protected":false},"author":1,"featured_media":0,"parent":110153,"menu_order":20,"comment_status":"closed","ping_status":"closed","template":"","meta":{"_acf_changed":false,"footnotes":""},"class_list":["post-128866","page","type-page","status-publish","hentry"],"blocksy_meta":{"has_hero_section":"disabled"},"acf":[],"_links":{"self":[{"href":"https:\/\/www.avanet.com\/es\/wp-json\/wp\/v2\/pages\/128866","targetHints":{"allow":["GET"]}}],"collection":[{"href":"https:\/\/www.avanet.com\/es\/wp-json\/wp\/v2\/pages"}],"about":[{"href":"https:\/\/www.avanet.com\/es\/wp-json\/wp\/v2\/types\/page"}],"author":[{"embeddable":true,"href":"https:\/\/www.avanet.com\/es\/wp-json\/wp\/v2\/users\/1"}],"replies":[{"embeddable":true,"href":"https:\/\/www.avanet.com\/es\/wp-json\/wp\/v2\/comments?post=128866"}],"version-history":[{"count":0,"href":"https:\/\/www.avanet.com\/es\/wp-json\/wp\/v2\/pages\/128866\/revisions"}],"up":[{"embeddable":true,"href":"https:\/\/www.avanet.com\/es\/wp-json\/wp\/v2\/pages\/110153"}],"wp:attachment":[{"href":"https:\/\/www.avanet.com\/es\/wp-json\/wp\/v2\/media?parent=128866"}],"curies":[{"name":"wp","href":"https:\/\/api.w.org\/{rel}","templated":true}]}}