{"id":40929,"date":"2022-03-04T10:07:43","date_gmt":"2022-03-04T09:07:43","guid":{"rendered":"https:\/\/www.avanet.com\/uber-avanet\/"},"modified":"2025-02-19T08:57:20","modified_gmt":"2025-02-19T07:57:20","slug":"uber-avanet","status":"publish","type":"page","link":"https:\/\/www.avanet.com\/es\/uber-avanet\/","title":{"rendered":"Acerca de Avanet"},"content":{"rendered":"\n<h2 class=\"gb-headline gb-headline-9a0a2b0a gb-headline-text\">En el \u00e1mbito de la seguridad, todo gira en torno a Sophos.<\/h2>\n\n<p>Cuando se trata de la seguridad de las redes de nuestros clientes, confiamos al 100% en las soluciones de Sophos. El paquete global, los avances tecnol\u00f3gicos y la interacci\u00f3n entre el cortafuegos y el endpoint son l\u00edderes del mercado. Access Points Los productos UniFi son la opci\u00f3n preferida para conmutadores y .  <\/p>\n\n<p>Las empresas de TI son una docena y la mayor\u00eda de ellas quieren ofrecer todo de una sola fuente. Sin embargo, en Avanet nos centramos exactamente en una cosa: la seguridad inform\u00e1tica. Desde que fundamos Avanet en diciembre de 2012, hemos protegido las redes de peque\u00f1as y grandes empresas con productos de Sophos.<\/p>\n<div class=\"gb-container gb-container-06ad000c\">\n\n<h2 class=\"gb-headline gb-headline-3c549778\"><span class=\"gb-icon\"><svg xmlns=\"http:\/\/www.w3.org\/2000\/svg\" class=\"w-6 h-6\" fill=\"currentColor\" viewbox=\"0 0 24 24\">   <path clip-rule=\"evenodd\" d=\"M9.401 3.003c1.155-2 4.043-2 5.197 0l7.355 12.748c1.154 2-.29 4.5-2.599 4.5H4.645c-2.309 0-3.752-2.5-2.598-4.5L9.4 3.003zM12 8.25a.75.75 0 01.75.75v3.75a.75.75 0 01-1.5 0V9a.75.75 0 01.75-.75zm0 8.25a.75.75 0 100-1.5.75.75 0 000 1.5z\" fill-rule=\"evenodd\"><\/path> <\/svg><\/span><span class=\"gb-headline-text\">Le ayudamos a proteger su red de los ciberataques<\/span><\/h2>\n\n\n\n<p>La creaci\u00f3n de una red segura para una empresa y su protecci\u00f3n contra la ciberdelincuencia no es un trabajo que pueda realizarse de forma paralela. Para nosotros, esta es una tarea que determina al 100% nuestra vida cotidiana.<\/p>\n\n<\/div>\n<p>Si quieres seguir nuestra evoluci\u00f3n desde 2012 hasta hoy, te invitamos a echar un vistazo a nuestra <a href=\"https:\/\/www.avanet.com\/es\/linea-de-tiempo\/\">l\u00ednea de tiempo<\/a>. En ella aparecen nuestros hitos m\u00e1s importantes.<\/p>\n\n<h2 class=\"gb-headline gb-headline-70dbf342 gb-headline-text\">Somos un Partner Platinum certificado de Sophos<\/h2>\n\n<p>\u00bfBuscas un socio de Sophos que te ayude a utilizar los productos correctamente? Para nosotros, Sophos no es un producto cualquiera. Compra tu Sophos a profesionales que saben lo que hacen. Por tanto, tambi\u00e9n podemos ofrecer asistencia para los productos de Sophos y ayudarte con configuraciones m\u00e1s complejas. En caso de que no podamos resolver un caso de asistencia nosotros mismos, tenemos muy buenos contactos con el servicio de asistencia de Sophos, como Partner Platino certificado de Sophos.<\/p>\n\n<figure class=\"gb-block-image gb-block-image-6355801c\"><img loading=\"lazy\" decoding=\"async\" width=\"559\" height=\"112\" class=\"gb-image gb-image-6355801c\" src=\"https:\/\/www.avanet.com\/assets\/sophos-certified-logos.png\" alt=\"Logos certificados de Sophos\" title=\"sophos-certified-logos\" srcset=\"https:\/\/www.avanet.com\/assets\/sophos-certified-logos.png 559w, https:\/\/www.avanet.com\/assets\/sophos-certified-logos-64x13.png 64w, https:\/\/www.avanet.com\/assets\/sophos-certified-logos-300x60.png 300w, https:\/\/www.avanet.com\/assets\/sophos-certified-logos-18x4.png 18w\" sizes=\"auto, (max-width: 559px) 100vw, 559px\" \/><\/figure>\n","protected":false},"excerpt":{"rendered":"<p>En el \u00e1mbito de la seguridad, todo gira en torno a Sophos. Cuando se trata de la seguridad de las redes de nuestros clientes, confiamos al 100% en las soluciones de Sophos. El paquete global, los avances tecnol\u00f3gicos y la interacci\u00f3n entre el cortafuegos y el endpoint son l\u00edderes del mercado. Access Points Los productos [&hellip;]<\/p>\n","protected":false},"author":1,"featured_media":0,"parent":0,"menu_order":0,"comment_status":"closed","ping_status":"closed","template":"","meta":{"_acf_changed":false,"footnotes":""},"class_list":["post-40929","page","type-page","status-publish","hentry"],"blocksy_meta":{"page_structure_type":"type-3","content_style_source":"custom","content_style":{"desktop":"boxed","tablet":"boxed","mobile":"boxed","__changed":[]},"styles_descriptor":{"styles":{"desktop":"[data-prefix=\"single_page\"] [class*=\"ct-container\"] > article[class*=\"post\"] {--has-boxed:var(--true);--has-wide:var(--false);background-color:var(--has-background, var(--theme-palette-color-8));--theme-boxed-content-border-radius:3px;--theme-boxed-content-spacing:40px;--theme-boxed-content-box-shadow:0px 12px 18px -6px rgba(34, 56, 101, 0.04);}","tablet":"[data-prefix=\"single_page\"] [class*=\"ct-container\"] > article[class*=\"post\"] {--theme-boxed-content-spacing:35px;}","mobile":"[data-prefix=\"single_page\"] [class*=\"ct-container\"] > article[class*=\"post\"] {--theme-boxed-content-spacing:20px;}"},"google_fonts":[],"version":6}},"acf":[],"_links":{"self":[{"href":"https:\/\/www.avanet.com\/es\/wp-json\/wp\/v2\/pages\/40929","targetHints":{"allow":["GET"]}}],"collection":[{"href":"https:\/\/www.avanet.com\/es\/wp-json\/wp\/v2\/pages"}],"about":[{"href":"https:\/\/www.avanet.com\/es\/wp-json\/wp\/v2\/types\/page"}],"author":[{"embeddable":true,"href":"https:\/\/www.avanet.com\/es\/wp-json\/wp\/v2\/users\/1"}],"replies":[{"embeddable":true,"href":"https:\/\/www.avanet.com\/es\/wp-json\/wp\/v2\/comments?post=40929"}],"version-history":[{"count":0,"href":"https:\/\/www.avanet.com\/es\/wp-json\/wp\/v2\/pages\/40929\/revisions"}],"wp:attachment":[{"href":"https:\/\/www.avanet.com\/es\/wp-json\/wp\/v2\/media?parent=40929"}],"curies":[{"name":"wp","href":"https:\/\/api.w.org\/{rel}","templated":true}]}}