{"id":40936,"date":"2021-11-12T15:20:49","date_gmt":"2021-11-12T14:20:49","guid":{"rendered":"https:\/\/www.avanet.com\/pagina-web\/"},"modified":"2024-10-18T16:15:15","modified_gmt":"2024-10-18T15:15:15","slug":"pagina-web","status":"publish","type":"page","link":"https:\/\/www.avanet.com\/es\/","title":{"rendered":"P\u00e1gina web"},"content":{"rendered":"<div class=\"gb-container gb-container-1e7c006b\">\n<div class=\"gb-container gb-container-048e5509\">\n\n<h1 class=\"gb-headline gb-headline-3b3901af gb-headline-text\">Seguridad inform\u00e1tica de la mano de profesionales<\/h1>\n\n\n\n<p>Con los productos de Sophos, no s\u00f3lo optimizamos el trabajo diario en su empresa, sino que principalmente aumentamos la seguridad de forma significativa.<\/p>\n\n\n\n<p>Para nosotros, Sophos no es un producto cualquiera. Usted compra su producto Sophos a profesionales que saben algo del tema por s\u00ed mismos y no hacen otra cosa. <\/p>\n\n\n\n<p class=\"gb-headline gb-headline-bc5017f4\"><span class=\"gb-icon\"><svg xmlns=\"http:\/\/www.w3.org\/2000\/svg\" aria-hidden=\"true\" role=\"img\" height=\"1em\" width=\"1em\" viewbox=\"0 0 512 512\"><path fill=\"currentColor\" d=\"M173.898 439.404l-166.4-166.4c-9.997-9.997-9.997-26.206 0-36.204l36.203-36.204c9.997-9.998 26.207-9.998 36.204 0L192 312.69 432.095 72.596c9.997-9.997 26.207-9.997 36.204 0l36.203 36.204c9.997 9.997 9.997 26.206 0 36.204l-294.4 294.401c-9.998 9.997-26.207 9.997-36.204-.001z\"><\/path><\/svg><\/span><span class=\"gb-headline-text\">Todos los modelos Sophos Firewall<\/span><\/p>\n\n\n\n<p class=\"gb-headline gb-headline-cff24950\"><span class=\"gb-icon\"><svg xmlns=\"http:\/\/www.w3.org\/2000\/svg\" aria-hidden=\"true\" role=\"img\" height=\"1em\" width=\"1em\" viewbox=\"0 0 512 512\"><path fill=\"currentColor\" d=\"M173.898 439.404l-166.4-166.4c-9.997-9.997-9.997-26.206 0-36.204l36.203-36.204c9.997-9.998 26.207-9.998 36.204 0L192 312.69 432.095 72.596c9.997-9.997 26.207-9.997 36.204 0l36.203 36.204c9.997 9.997 9.997 26.206 0 36.204l-294.4 294.401c-9.998 9.997-26.207 9.997-36.204-.001z\"><\/path><\/svg><\/span><span class=\"gb-headline-text\">Sophos SD-REDAccess Points y conmutadores<\/span><\/p>\n\n\n\n<p class=\"gb-headline gb-headline-09c85649\"><span class=\"gb-icon\"><svg xmlns=\"http:\/\/www.w3.org\/2000\/svg\" aria-hidden=\"true\" role=\"img\" height=\"1em\" width=\"1em\" viewbox=\"0 0 512 512\"><path fill=\"currentColor\" d=\"M173.898 439.404l-166.4-166.4c-9.997-9.997-9.997-26.206 0-36.204l36.203-36.204c9.997-9.998 26.207-9.998 36.204 0L192 312.69 432.095 72.596c9.997-9.997 26.207-9.997 36.204 0l36.203 36.204c9.997 9.997 9.997 26.206 0 36.204l-294.4 294.401c-9.998 9.997-26.207 9.997-36.204-.001z\"><\/path><\/svg><\/span><span class=\"gb-headline-text\">Licencias para Sophos Firewall, Central y otros productos<\/span><\/p>\n\n\n\n<p class=\"gb-headline gb-headline-c41e72a1\"><span class=\"gb-icon\"><svg xmlns=\"http:\/\/www.w3.org\/2000\/svg\" aria-hidden=\"true\" role=\"img\" height=\"1em\" width=\"1em\" viewbox=\"0 0 512 512\"><path fill=\"currentColor\" d=\"M173.898 439.404l-166.4-166.4c-9.997-9.997-9.997-26.206 0-36.204l36.203-36.204c9.997-9.998 26.207-9.998 36.204 0L192 312.69 432.095 72.596c9.997-9.997 26.207-9.997 36.204 0l36.203 36.204c9.997 9.997 9.997 26.206 0 36.204l-294.4 294.401c-9.998 9.997-26.207 9.997-36.204-.001z\"><\/path><\/svg><\/span><span class=\"gb-headline-text\">FWaaS en la cloud o alquiler de hardware<\/span><\/p>\n\n\n\n<p class=\"gb-headline gb-headline-cd87abee\"><span class=\"gb-icon\"><svg xmlns=\"http:\/\/www.w3.org\/2000\/svg\" aria-hidden=\"true\" role=\"img\" height=\"1em\" width=\"1em\" viewbox=\"0 0 512 512\"><path fill=\"currentColor\" d=\"M173.898 439.404l-166.4-166.4c-9.997-9.997-9.997-26.206 0-36.204l36.203-36.204c9.997-9.998 26.207-9.998 36.204 0L192 312.69 432.095 72.596c9.997-9.997 26.207-9.997 36.204 0l36.203 36.204c9.997 9.997 9.997 26.206 0 36.204l-294.4 294.401c-9.998 9.997-26.207 9.997-36.204-.001z\"><\/path><\/svg><\/span><span class=\"gb-headline-text\">Instalaci\u00f3n, mantenimiento y asistencia<\/span><\/p>\n\n<\/div>\n<\/div><div class=\"gb-container gb-container-2470297d\">\n<div class=\"gb-container gb-container-27232699\">\n\n<h3 class=\"gb-headline gb-headline-1a90d004 gb-headline-text\"><em>Sophos <\/em><strong>Cortafuegos<\/strong><\/h3>\n\n\n\n<p class=\"gb-headline gb-headline-f0d872e3 gb-headline-text\">Se trata de algo m\u00e1s que productos.\nProporcionamos cortafuegos, hardware y licencias de Sophos, y le guiamos desde el dimensionamiento de la soluci\u00f3n de hardware o virtual hasta el despliegue y la asistencia. <\/p>\n\n\n\n<figure class=\"gb-block-image gb-block-image-62fb2175\"><img loading=\"lazy\" decoding=\"async\" width=\"974\" height=\"417\" class=\"gb-image gb-image-62fb2175\" src=\"https:\/\/www.avanet.com\/assets\/avanet-promo-xgs-firewall-stack.png\" alt=\"Sophos Firewall Stack Serie XGS\" title=\"avanet-promo-xgs-firewall-stack\" srcset=\"https:\/\/www.avanet.com\/assets\/avanet-promo-xgs-firewall-stack.png 974w, https:\/\/www.avanet.com\/assets\/avanet-promo-xgs-firewall-stack-64x27.png 64w, https:\/\/www.avanet.com\/assets\/avanet-promo-xgs-firewall-stack-300x128.png 300w, https:\/\/www.avanet.com\/assets\/avanet-promo-xgs-firewall-stack-768x329.png 768w, https:\/\/www.avanet.com\/assets\/avanet-promo-xgs-firewall-stack-600x257.png 600w\" sizes=\"auto, (max-width: 974px) 100vw, 974px\" \/><\/figure>\n\n\n\n<a class=\"gb-button gb-button-620fab2d\" href=\"https:\/\/www.avanet.com\/es\/shop\/sophos-firewall\/\"><span class=\"gb-button-text\">Sophos Firewall<\/span><span class=\"gb-icon\"><svg xmlns=\"http:\/\/www.w3.org\/2000\/svg\" viewbox=\"0 0 512 512\">   <path d=\"M502.6 278.6l-128 128c-12.51 12.51-32.76 12.49-45.25 0c-12.5-12.5-12.5-32.75 0-45.25L402.8 288H32C14.31 288 0 273.7 0 255.1S14.31 224 32 224h370.8l-73.38-73.38c-12.5-12.5-12.5-32.75 0-45.25s32.75-12.5 45.25 0l128 128C515.1 245.9 515.1 266.1 502.6 278.6z\"><\/path> <\/svg><\/span><\/a>\n\n<\/div>\n\n<div class=\"gb-container gb-container-f36e1b26\">\n\n<h3 class=\"gb-headline gb-headline-0cb909b9 gb-headline-text\"><em>Sophos <\/em><strong>Central<\/strong><\/h3>\n\n\n<div class=\"gb-container gb-container-a48a013d\">\n<div class=\"gb-container gb-container-efc43bcd\">\n\n<p class=\"gb-headline gb-headline-810ded1d gb-headline-text\">No se trata simplemente de software, sino de una soluci\u00f3n total.\nCon nosotros, no s\u00f3lo obtendr\u00e1 licencias para Sophos Central, sino tambi\u00e9n asesoramiento individual sobre sus requisitos de seguridad, asistencia para la instalaci\u00f3n y soporte. <\/p>\n\n<\/div>\n<\/div>\n\n\n<figure class=\"gb-block-image gb-block-image-dc1d933a\"><img decoding=\"async\" class=\"gb-image gb-image-dc1d933a\" src=\"https:\/\/www.avanet.com\/assets\/sophos-central-admin-icon.svg\" alt=\"Icono de Sophos Central\" title=\"sophos-central-admin-icon\"><\/figure>\n\n\n\n<a class=\"gb-button gb-button-ef5466cc\" href=\"https:\/\/www.avanet.com\/es\/shop\/sophos-central\/\"><span class=\"gb-button-text\">Sophos Central<\/span><span class=\"gb-icon\"><svg xmlns=\"http:\/\/www.w3.org\/2000\/svg\" viewbox=\"0 0 512 512\">   <path d=\"M502.6 278.6l-128 128c-12.51 12.51-32.76 12.49-45.25 0c-12.5-12.5-12.5-32.75 0-45.25L402.8 288H32C14.31 288 0 273.7 0 255.1S14.31 224 32 224h370.8l-73.38-73.38c-12.5-12.5-12.5-32.75 0-45.25s32.75-12.5 45.25 0l128 128C515.1 245.9 515.1 266.1 502.6 278.6z\"><\/path> <\/svg><\/span><\/a>\n\n<\/div>\n<\/div>\n<h2 class=\"gb-headline gb-headline-34ea91c0 gb-headline-text\">Nuevas entradas en el blog<\/h2>\n\n<div data-id=\"05da034e\" class=\"wp-block-blocksy-query\"><div class=\"ct-query-template-grid\"><article class=\"wp-block-post is-layout-flow post-169165 post type-post status-publish format-standard has-post-thumbnail hentry category-sin-categorizar\">\n\n<div class=\"wp-block-group is-vertical is-content-justification-left is-layout-flex wp-container-core-group-is-layout-2290e706 wp-block-group-is-layout-flex\" style=\"min-height:100%\"><a style=\"margin-bottom:0;\" class=\"ct-dynamic-media wp-elements-65ac85f5e6ae251b3aa8c13b2e5871f3\" aria-label=\"Sophos Firewall v22: Visi\u00f3n general y todas las nuevas funciones\" href=\"https:\/\/www.avanet.com\/es\/blog\/sophos-firewall-v22\/\"><img loading=\"lazy\" decoding=\"async\" width=\"1920\" height=\"1440\" src=\"https:\/\/www.avanet.com\/assets\/sophos-firewall-v22-login-page.png\" class=\"attachment-full size-full\" alt=\"\" style=\"width:100%;height:100%;object-fit: cover;aspect-ratio: 16\/9;\" srcset=\"https:\/\/www.avanet.com\/assets\/sophos-firewall-v22-login-page.png 1920w, https:\/\/www.avanet.com\/assets\/sophos-firewall-v22-login-page-300x225.png 300w, https:\/\/www.avanet.com\/assets\/sophos-firewall-v22-login-page-1024x768.png 1024w, https:\/\/www.avanet.com\/assets\/sophos-firewall-v22-login-page-768x576.png 768w, https:\/\/www.avanet.com\/assets\/sophos-firewall-v22-login-page-1536x1152.png 1536w, https:\/\/www.avanet.com\/assets\/sophos-firewall-v22-login-page-600x450.png 600w, https:\/\/www.avanet.com\/assets\/sophos-firewall-v22-login-page-64x48.png 64w\" sizes=\"auto, (max-width: 1920px) 100vw, 1920px\" \/><\/a>\n\n\n<div class=\"wp-block-group has-palette-color-8-background-color has-background wp-container-content-9cfa9a5a is-layout-constrained wp-block-group-is-layout-constrained\" style=\"min-height:100%\"><h2 style=\"font-size:clamp(14px, 0.875rem + ((1vw - 3.2px) * 0.313), 18px);\" class=\"ct-dynamic-data wp-elements-217800496679b007b1999694e2a70788\"><a href=\"https:\/\/www.avanet.com\/es\/blog\/sophos-firewall-v22\/\">Sophos Firewall v22: Visi\u00f3n general y todas las nuevas funciones<\/a><\/h2>\n\n<div style=\"font-style:normal;font-weight:500;text-transform:uppercase;\" class=\"ct-dynamic-data wp-elements-f39b58692d225a8bf1b399410a1ae3b1 has-small-font-size\">20. octubre 2025<\/div>\n\n<div class=\"ct-dynamic-data wp-elements-75c3acab3cff5557061d009d04e39255\"><p>Sophos Firewall v22 se centra en el endurecimiento, la visibilidad clara y los procesos operativos estables. La arquitectura Xstream modernizada,\u2026<\/p>\n<\/div><\/div>\n<\/div>\n\n<\/article><article class=\"wp-block-post is-layout-flow post-169081 post type-post status-publish format-standard has-post-thumbnail hentry category-sin-categorizar\">\n\n<div class=\"wp-block-group is-vertical is-content-justification-left is-layout-flex wp-container-core-group-is-layout-2290e706 wp-block-group-is-layout-flex\" style=\"min-height:100%\"><a style=\"margin-bottom:0;\" class=\"ct-dynamic-media wp-elements-65ac85f5e6ae251b3aa8c13b2e5871f3\" aria-label=\"Sophos Firewall v21.5 MR1: Seguridad y Estabilidad en el Foco\" href=\"https:\/\/www.avanet.com\/es\/blog\/sophos-firewall-v21-5-mr1\/\"><img loading=\"lazy\" decoding=\"async\" width=\"1920\" height=\"1440\" src=\"https:\/\/www.avanet.com\/assets\/sophos-firewall-v21-5-mr1.png\" class=\"attachment-full size-full\" alt=\"\" style=\"width:100%;height:100%;object-fit: cover;aspect-ratio: 16\/9;\" srcset=\"https:\/\/www.avanet.com\/assets\/sophos-firewall-v21-5-mr1.png 1920w, https:\/\/www.avanet.com\/assets\/sophos-firewall-v21-5-mr1-300x225.png 300w, https:\/\/www.avanet.com\/assets\/sophos-firewall-v21-5-mr1-1024x768.png 1024w, https:\/\/www.avanet.com\/assets\/sophos-firewall-v21-5-mr1-768x576.png 768w, https:\/\/www.avanet.com\/assets\/sophos-firewall-v21-5-mr1-1536x1152.png 1536w, https:\/\/www.avanet.com\/assets\/sophos-firewall-v21-5-mr1-600x450.png 600w, https:\/\/www.avanet.com\/assets\/sophos-firewall-v21-5-mr1-64x48.png 64w\" sizes=\"auto, (max-width: 1920px) 100vw, 1920px\" \/><\/a>\n\n\n<div class=\"wp-block-group has-palette-color-8-background-color has-background wp-container-content-9cfa9a5a is-layout-constrained wp-block-group-is-layout-constrained\" style=\"min-height:100%\"><h2 style=\"font-size:clamp(14px, 0.875rem + ((1vw - 3.2px) * 0.313), 18px);\" class=\"ct-dynamic-data wp-elements-217800496679b007b1999694e2a70788\"><a href=\"https:\/\/www.avanet.com\/es\/blog\/sophos-firewall-v21-5-mr1\/\">Sophos Firewall v21.5 MR1: Seguridad y Estabilidad en el Foco<\/a><\/h2>\n\n<div style=\"font-style:normal;font-weight:500;text-transform:uppercase;\" class=\"ct-dynamic-data wp-elements-f39b58692d225a8bf1b399410a1ae3b1 has-small-font-size\">9. octubre 2025<\/div>\n\n<div class=\"ct-dynamic-data wp-elements-75c3acab3cff5557061d009d04e39255\"><p>Sophos Firewall v21.5 MR1 incluye numerosas mejoras de seguridad, estabilidad y fiabilidad. Adem\u00e1s, hay innovaciones espec\u00edficas como OAuth 2.0 para\u2026<\/p>\n<\/div><\/div>\n<\/div>\n\n<\/article><article class=\"wp-block-post is-layout-flow post-168704 post type-post status-publish format-standard has-post-thumbnail hentry category-sin-categorizar\">\n\n<div class=\"wp-block-group is-vertical is-content-justification-left is-layout-flex wp-container-core-group-is-layout-2290e706 wp-block-group-is-layout-flex\" style=\"min-height:100%\"><a style=\"margin-bottom:0;\" class=\"ct-dynamic-media wp-elements-65ac85f5e6ae251b3aa8c13b2e5871f3\" aria-label=\"Feeds de inteligencia de amenazas para el firewall &#8211; Bloquear los ataques antes de que llamen\" href=\"https:\/\/www.avanet.com\/es\/blog\/avanet-threat-intelligence-feeds\/\"><img loading=\"lazy\" decoding=\"async\" width=\"1920\" height=\"1440\" src=\"https:\/\/www.avanet.com\/assets\/avanet-threat-intel-feed.png\" class=\"attachment-full size-full\" alt=\"\" style=\"width:100%;height:100%;object-fit: cover;aspect-ratio: 16\/9;\" srcset=\"https:\/\/www.avanet.com\/assets\/avanet-threat-intel-feed.png 1920w, https:\/\/www.avanet.com\/assets\/avanet-threat-intel-feed-300x225.png 300w, https:\/\/www.avanet.com\/assets\/avanet-threat-intel-feed-1024x768.png 1024w, https:\/\/www.avanet.com\/assets\/avanet-threat-intel-feed-768x576.png 768w, https:\/\/www.avanet.com\/assets\/avanet-threat-intel-feed-1536x1152.png 1536w, https:\/\/www.avanet.com\/assets\/avanet-threat-intel-feed-600x450.png 600w, https:\/\/www.avanet.com\/assets\/avanet-threat-intel-feed-64x48.png 64w\" sizes=\"auto, (max-width: 1920px) 100vw, 1920px\" \/><\/a>\n\n\n<div class=\"wp-block-group has-palette-color-8-background-color has-background wp-container-content-9cfa9a5a is-layout-constrained wp-block-group-is-layout-constrained\" style=\"min-height:100%\"><h2 style=\"font-size:clamp(14px, 0.875rem + ((1vw - 3.2px) * 0.313), 18px);\" class=\"ct-dynamic-data wp-elements-217800496679b007b1999694e2a70788\"><a href=\"https:\/\/www.avanet.com\/es\/blog\/avanet-threat-intelligence-feeds\/\">Feeds de inteligencia de amenazas para el firewall &#8211; Bloquear los ataques antes de que llamen<\/a><\/h2>\n\n<div style=\"font-style:normal;font-weight:500;text-transform:uppercase;\" class=\"ct-dynamic-data wp-elements-f39b58692d225a8bf1b399410a1ae3b1 has-small-font-size\">25. agosto 2025<\/div>\n\n<div class=\"ct-dynamic-data wp-elements-75c3acab3cff5557061d009d04e39255\"><p>Algunos d\u00edas, los administradores inform\u00e1ticos tienen la sensaci\u00f3n de estar bajo fuego constante: bots y ciberdelincuentes intentan encontrar resquicios en\u2026<\/p>\n<\/div><\/div>\n<\/div>\n\n<\/article><\/div><style>[data-id='05da034e'] {--grid-columns-width:3;}@media (max-width: 999.98px) {[data-id='05da034e'] {--grid-columns-width:2;}}@media (max-width: 689.98px) {[data-id='05da034e'] {--grid-columns-width:1;}}<\/style><\/div>\n","protected":false},"excerpt":{"rendered":"<p>Seguridad inform\u00e1tica de la mano de profesionales Con los productos de Sophos, no s\u00f3lo optimizamos el trabajo diario en su empresa, sino que principalmente aumentamos la seguridad de forma significativa. Para nosotros, Sophos no es un producto cualquiera. Usted compra su producto Sophos a profesionales que saben algo del tema por s\u00ed mismos y no [&hellip;]<\/p>\n","protected":false},"author":1,"featured_media":0,"parent":0,"menu_order":0,"comment_status":"closed","ping_status":"closed","template":"","meta":{"_acf_changed":false,"footnotes":""},"class_list":["post-40936","page","type-page","status-publish","hentry"],"blocksy_meta":{"styles_descriptor":{"styles":{"desktop":"","tablet":"","mobile":""},"google_fonts":[],"version":6},"has_hero_section":"disabled"},"acf":[],"_links":{"self":[{"href":"https:\/\/www.avanet.com\/es\/wp-json\/wp\/v2\/pages\/40936","targetHints":{"allow":["GET"]}}],"collection":[{"href":"https:\/\/www.avanet.com\/es\/wp-json\/wp\/v2\/pages"}],"about":[{"href":"https:\/\/www.avanet.com\/es\/wp-json\/wp\/v2\/types\/page"}],"author":[{"embeddable":true,"href":"https:\/\/www.avanet.com\/es\/wp-json\/wp\/v2\/users\/1"}],"replies":[{"embeddable":true,"href":"https:\/\/www.avanet.com\/es\/wp-json\/wp\/v2\/comments?post=40936"}],"version-history":[{"count":0,"href":"https:\/\/www.avanet.com\/es\/wp-json\/wp\/v2\/pages\/40936\/revisions"}],"wp:attachment":[{"href":"https:\/\/www.avanet.com\/es\/wp-json\/wp\/v2\/media?parent=40936"}],"curies":[{"name":"wp","href":"https:\/\/api.w.org\/{rel}","templated":true}]}}