{"id":40992,"date":"2021-11-10T11:16:28","date_gmt":"2021-11-10T10:16:28","guid":{"rendered":"https:\/\/www.avanet.com\/declaracion-de-proteccion-de-datos\/"},"modified":"2025-06-07T17:11:38","modified_gmt":"2025-06-07T16:11:38","slug":"declaracion-de-proteccion-de-datos","status":"publish","type":"page","link":"https:\/\/www.avanet.com\/es\/declaracion-de-proteccion-de-datos\/","title":{"rendered":"Pol\u00edtica de privacidad"},"content":{"rendered":"\n<h2 class=\"gb-headline gb-headline-57df90d7 gb-headline-text\">Nuestros principios<\/h2>\n\n<p>S\u00f3lo recogemos y almacenamos los datos necesarios y no le pedimos informaci\u00f3n que no se utilice para mejorar nuestro servicio u optimizar nuestro marketing. S\u00f3lo transmitimos sus datos de cliente a terceros en casos excepcionales claramente definidos. Los servicios que utilizamos para prestar nuestros servicios y d\u00f3nde se utiliza o comparte su informaci\u00f3n se pueden encontrar en esta Pol\u00edtica de Privacidad.<\/p>\n\n<h2 class=\"gb-headline gb-headline-9a0a2b0a gb-headline-text\">An\u00e1lisis del sitio web<\/h2>\n\n<p>En <strong>septiembre de 2020<\/strong> decidimos <strong>dejar de<\/strong> utilizar Google Analytics en el sitio web de Avanet. Ahora utilizamos una alternativa sin cookies \ud83c\udf6a, que tambi\u00e9n cumple la DSGVO.<\/p>\n\n<p><strong>Confidencialidad:<\/strong> <a href=\"https:\/\/usefathom.com\/privacy\" target=\"_blank\" rel=\"noreferrer noopener nofollow\">https:\/\/usefathom.com\/privacy<\/a><\/p>\n\n<p><strong>Cumplimiento del GDPR:<\/strong> <a href=\"https:\/\/usefathom.com\/compliance\/gdpr-compliant-website-analytics\" target=\"_blank\" rel=\"noreferrer noopener nofollow\">https:\/\/usefathom.com\/compliance\/gdpr-compliant-website-analytics<\/a><\/p>\n\n<h2 class=\"gb-headline gb-headline-8b5f288d gb-headline-text\">Proveedor de pagos<\/h2>\n\n<p>Una de las opciones de pago que ofrecemos es la tarjeta de cr\u00e9dito. Para ello utilizamos el proveedor de pagos Stripe, con sede en San Francisco (EEUU). La direcci\u00f3n postal, la direcci\u00f3n de correo electr\u00f3nico y los datos de la tarjeta de cr\u00e9dito se almacenan de forma encriptada en su base de datos. <br\/>Por motivos de seguridad, \u00a1nunca almacenaremos la informaci\u00f3n de las tarjetas de cr\u00e9dito en nuestra base de datos! Puedes consultar la pol\u00edtica de privacidad de Stripe aqu\u00ed:<a href=\"https:\/\/stripe.com\/ch\/privacy\" target=\"_blank\" rel=\"noreferrer noopener nofollow\">https:\/\/stripe.com\/ch\/privacy<\/a><\/p>\n\n<p>Tambi\u00e9n ofrecemos Bitcoin como m\u00e9todo de pago, lo que hace superfluos a los proveedores de pago como intermediarios.<\/p>\n\n<h2 class=\"gb-headline gb-headline-9e610232 gb-headline-text\">Sophos<\/h2>\n\n<p>En cuanto adquiera un producto de Sophos a trav\u00e9s de nuestra p\u00e1gina web, tendremos que registrarlo en la propia Sophos. Para ello, necesitamos saber su nombre, nombre de la empresa, direcci\u00f3n y direcci\u00f3n de correo electr\u00f3nico.  <a href=\"https:\/\/www.sophos.com\/en-us\/trust\/privacy\" target=\"_blank\" rel=\"noreferrer noopener nofollow\">https:\/\/www.sophos.com\/en-us\/trust\/privacy<\/a><\/p>\n\n<p>El pedido de una licencia o hardware de Sophos se realiza a trav\u00e9s de un distribuidor en Suiza, Alemania u Holanda, dependiendo del lugar al que se env\u00eden los productos. S\u00f3lo transmitiremos los datos a estos proveedores de servicios con el fin de tramitar el pedido.<\/p>\n\n<p>Con nuestras licencias de suscripci\u00f3n, estos datos no se transmiten a terceros, sino que permanecen con nosotros.<\/p>\n\n<h2 class=\"gb-headline gb-headline-d2ef76ed gb-headline-text\">Env\u00edo de paquetes \ud83d\udce6<\/h2>\n\n<p>En caso de entrega f\u00edsica, los datos de su direcci\u00f3n se transmitir\u00e1n a Swiss Post, DHL o UPS, seg\u00fan el pa\u00eds de entrega.<\/p>\n\n<h2 class=\"gb-headline gb-headline-fc374126 gb-headline-text\">Alojamiento<\/h2>\n\n<p>Utilizamos el servicio de Kinsta para alojar el sitio web de Avanet. Kinsta utiliza los servidores de Google Cloud en Z\u00farich para alojar nuestro sitio web y nuestra base de datos. <br\/><br\/>Por tanto, en cuanto crees una cuenta, todos los datos que tengas que proporcionar, <strong>excepto la informaci\u00f3n de tu tarjeta de cr\u00e9dito<\/strong>, se almacenar\u00e1n en MariaDB. La pol\u00edtica de privacidad de Kinsta puede consultarse aqu\u00ed:<a href=\"https:\/\/kinsta.com\/legal\/privacy-policy\/\" target=\"_blank\" rel=\"noreferrer noopener nofollow\">https:\/\/kinsta.com\/legal\/privacy-policy\/<\/a> La pol\u00edtica de privacidad de Google Cloud Platform puede consultarse aqu\u00ed:<a href=\"https:\/\/cloud.google.com\/terms\/\" target=\"_blank\" rel=\"noreferrer noopener\">https:\/\/cloud.google.com\/terms\/<\/a><\/p>\n\n<p>Una red de distribuci\u00f3n de contenidos (CDN) es una red de servidores utilizada para entregar contenidos web a los visitantes de nuestro sitio web de forma m\u00e1s r\u00e1pida y eficaz, almacenando copias de los contenidos en diferentes servidores de todo el mundo. Aqu\u00ed aplicamos el servicio de Cloudflare: <a href=\"https:\/\/www.cloudflare.com\/privacypolicy\/\" target=\"_blank\" rel=\"noopener\">https:\/\/www.cloudflare.com\/privacypolicy\/<\/a><\/p>\n\n<h2 class=\"gb-headline gb-headline-e801a7e7 gb-headline-text\">Facturaci\u00f3n<\/h2>\n\n<p>Zoho Finance Services, que funciona en un centro de datos de la UE, se utiliza como herramienta de facturaci\u00f3n. Puede consultar la pol\u00edtica de privacidad de Zoho aqu\u00ed: <a href=\"https:\/\/www.zoho.com\/privacy.html\" target=\"_blank\" rel=\"noreferrer noopener nofollow\">https:\/\/www.zoho.com\/privacy.html<\/a><\/p>\n\n<h2 class=\"gb-headline gb-headline-88b07a0a gb-headline-text\">Bolet\u00edn \u2709\ufe0f<\/h2>\n\n<p>Si tiene una cuenta de Avanet, ocasionalmente recibir\u00e1 correos electr\u00f3nicos autom\u00e1ticos de nuestra parte. <br\/>Para enviar dichos correos electr\u00f3nicos, utilizamos el servicio Zoho. Puedes consultar la pol\u00edtica de privacidad de Zoho aqu\u00ed: <a href=\"https:\/\/www.zoho.com\/privacy.html\" target=\"_blank\" rel=\"noreferrer noopener nofollow\">https:\/\/www.zoho.com\/privacy.html<\/a><\/p>\n\n<h2 class=\"gb-headline gb-headline-c90a866b gb-headline-text\">Formulario de contacto<\/h2>\n\n<p>Tanto nuestro formulario de contacto como el correo electr\u00f3nico directo con nosotros utilizan el servicio Microsoft 365 &#8211; Exchange: <a href=\"https:\/\/privacy.microsoft.com\/en-us\/privacystatement\" target=\"_blank\" rel=\"noreferrer noopener nofollow\">https:\/\/privacy.microsoft.com\/en-us\/privacystatement<\/a><\/p>\n","protected":false},"excerpt":{"rendered":"<p>Nuestros principios S\u00f3lo recogemos y almacenamos los datos necesarios y no le pedimos informaci\u00f3n que no se utilice para mejorar nuestro servicio u optimizar nuestro marketing. S\u00f3lo transmitimos sus datos de cliente a terceros en casos excepcionales claramente definidos. Los servicios que utilizamos para prestar nuestros servicios y d\u00f3nde se utiliza o comparte su informaci\u00f3n [&hellip;]<\/p>\n","protected":false},"author":1,"featured_media":0,"parent":0,"menu_order":0,"comment_status":"closed","ping_status":"closed","template":"","meta":{"_acf_changed":false,"footnotes":""},"class_list":["post-40992","page","type-page","status-publish","hentry"],"blocksy_meta":{"page_structure_type":"type-3","content_style_source":"custom","content_style":{"desktop":"boxed","tablet":"boxed","mobile":"boxed","__changed":[]},"styles_descriptor":{"styles":{"desktop":"[data-prefix=\"single_page\"] [class*=\"ct-container\"] > article[class*=\"post\"] {--has-boxed:var(--true);--has-wide:var(--false);background-color:var(--has-background, var(--theme-palette-color-8));--theme-boxed-content-border-radius:3px;--theme-boxed-content-spacing:40px;--theme-boxed-content-box-shadow:0px 12px 18px -6px rgba(34, 56, 101, 0.04);}","tablet":"[data-prefix=\"single_page\"] [class*=\"ct-container\"] > article[class*=\"post\"] {--theme-boxed-content-spacing:35px;}","mobile":"[data-prefix=\"single_page\"] [class*=\"ct-container\"] > article[class*=\"post\"] {--theme-boxed-content-spacing:20px;}"},"google_fonts":[],"version":6}},"acf":[],"_links":{"self":[{"href":"https:\/\/www.avanet.com\/es\/wp-json\/wp\/v2\/pages\/40992","targetHints":{"allow":["GET"]}}],"collection":[{"href":"https:\/\/www.avanet.com\/es\/wp-json\/wp\/v2\/pages"}],"about":[{"href":"https:\/\/www.avanet.com\/es\/wp-json\/wp\/v2\/types\/page"}],"author":[{"embeddable":true,"href":"https:\/\/www.avanet.com\/es\/wp-json\/wp\/v2\/users\/1"}],"replies":[{"embeddable":true,"href":"https:\/\/www.avanet.com\/es\/wp-json\/wp\/v2\/comments?post=40992"}],"version-history":[{"count":0,"href":"https:\/\/www.avanet.com\/es\/wp-json\/wp\/v2\/pages\/40992\/revisions"}],"wp:attachment":[{"href":"https:\/\/www.avanet.com\/es\/wp-json\/wp\/v2\/media?parent=40992"}],"curies":[{"name":"wp","href":"https:\/\/api.w.org\/{rel}","templated":true}]}}