{"id":40994,"date":"2025-02-19T08:57:07","date_gmt":"2025-02-19T07:57:07","guid":{"rendered":"https:\/\/www.avanet.com\/metodos-de-envio\/"},"modified":"2025-02-19T08:57:57","modified_gmt":"2025-02-19T07:57:57","slug":"metodos-de-envio","status":"publish","type":"page","link":"https:\/\/www.avanet.com\/es\/metodos-de-envio\/","title":{"rendered":"M\u00e9todos de env\u00edo"},"content":{"rendered":"\n<p>Los m\u00e9todos de env\u00edo var\u00edan seg\u00fan el pa\u00eds. Estos son especificados por nosotros o por Sophos y no pueden ser seleccionados espec\u00edficamente por el cliente.<\/p>\n\n<h2 class=\"gb-headline gb-headline-9a0a2b0a gb-headline-text\">Suiza \ud83c\udde8\ud83c\udded y Liechtenstein \ud83c\uddf1\ud83c\uddee<\/h2>\n\n<p>La gama completa de hardware de Sophos en nuestro sitio web se env\u00eda por <strong>correo<\/strong> (PostPac Priority) en <strong>Suiza<\/strong> y <strong>Liechtenstein<\/strong>. La entrega se realiza normalmente el siguiente d\u00eda laborable, siempre que:<\/p>\n\n<p class=\"gb-headline gb-headline-1ca05596\"><span class=\"gb-icon\"><svg xmlns=\"http:\/\/www.w3.org\/2000\/svg\" aria-hidden=\"true\" role=\"img\" height=\"1em\" width=\"1em\" viewbox=\"0 0 512 512\"><path fill=\"currentColor\" d=\"M173.898 439.404l-166.4-166.4c-9.997-9.997-9.997-26.206 0-36.204l36.203-36.204c9.997-9.998 26.207-9.998 36.204 0L192 312.69 432.095 72.596c9.997-9.997 26.207-9.997 36.204 0l36.203 36.204c9.997 9.997 9.997 26.206 0 36.204l-294.4 294.401c-9.998 9.997-26.207 9.997-36.204-.001z\"><\/path><\/svg><\/span><span class=\"gb-headline-text\">el material solicitado est\u00e1 en stock y se pide <strong>antes de las 16:00 horas.<\/strong> <\/span><\/p>\n\n<p class=\"gb-headline gb-headline-b74597a0\"><span class=\"gb-icon\"><svg xmlns=\"http:\/\/www.w3.org\/2000\/svg\" aria-hidden=\"true\" role=\"img\" height=\"1em\" width=\"1em\" viewbox=\"0 0 512 512\"><path fill=\"currentColor\" d=\"M173.898 439.404l-166.4-166.4c-9.997-9.997-9.997-26.206 0-36.204l36.203-36.204c9.997-9.998 26.207-9.998 36.204 0L192 312.69 432.095 72.596c9.997-9.997 26.207-9.997 36.204 0l36.203 36.204c9.997 9.997 9.997 26.206 0 36.204l-294.4 294.401c-9.998 9.997-26.207 9.997-36.204-.001z\"><\/path><\/svg><\/span><span class=\"gb-headline-text\">se selecciona <strong>factura<\/strong> (para clientes existentes) o <strong>tarjeta de cr\u00e9dito<\/strong> como forma de pago<\/span><\/p>\n\n<p class=\"gb-headline gb-headline-2ff5d1c6\"><span class=\"gb-icon\"><svg xmlns=\"http:\/\/www.w3.org\/2000\/svg\" aria-hidden=\"true\" role=\"img\" height=\"1em\" width=\"1em\" viewbox=\"0 0 512 512\"><path fill=\"currentColor\" d=\"M173.898 439.404l-166.4-166.4c-9.997-9.997-9.997-26.206 0-36.204l36.203-36.204c9.997-9.998 26.207-9.998 36.204 0L192 312.69 432.095 72.596c9.997-9.997 26.207-9.997 36.204 0l36.203 36.204c9.997 9.997 9.997 26.206 0 36.204l-294.4 294.401c-9.998 9.997-26.207 9.997-36.204-.001z\"><\/path><\/svg><\/span><span class=\"gb-headline-text\">el pedido no se realiza en fin de semana<\/span><\/p>\n\n<h2 class=\"gb-headline gb-headline-415f793a gb-headline-text\">Europa \ud83c\uddea\ud83c\uddfa<\/h2>\n\n<p>Todas las entregas de hardware a clientes de los <strong>Estados miembros de la<\/strong> UE se env\u00edan directamente desde el almac\u00e9n central de Sophos en los Pa\u00edses Bajos o desde nuestro almac\u00e9n en Alemania. Aqu\u00ed utilizamos los siguientes servicios de entrega <strong>UPS<\/strong>, <strong>FedEx<\/strong> o <strong>DHL<\/strong> dependiendo del pa\u00eds.<\/p>\n\n<p class=\"gb-headline gb-headline-8297b1b3\"><span class=\"gb-icon\"><svg xmlns=\"http:\/\/www.w3.org\/2000\/svg\" aria-hidden=\"true\" role=\"img\" height=\"1em\" width=\"1em\" viewbox=\"0 0 512 512\"><path fill=\"currentColor\" d=\"M173.898 439.404l-166.4-166.4c-9.997-9.997-9.997-26.206 0-36.204l36.203-36.204c9.997-9.998 26.207-9.998 36.204 0L192 312.69 432.095 72.596c9.997-9.997 26.207-9.997 36.204 0l36.203 36.204c9.997 9.997 9.997 26.206 0 36.204l-294.4 294.401c-9.998 9.997-26.207 9.997-36.204-.001z\"><\/path><\/svg><\/span><span class=\"gb-headline-text\">el material solicitado est\u00e1 en stock y se pide <strong>antes de las 14:00 horas<\/strong>.<\/span><\/p>\n\n<p class=\"gb-headline gb-headline-81f8ef01\"><span class=\"gb-icon\"><svg xmlns=\"http:\/\/www.w3.org\/2000\/svg\" aria-hidden=\"true\" role=\"img\" height=\"1em\" width=\"1em\" viewbox=\"0 0 512 512\"><path fill=\"currentColor\" d=\"M173.898 439.404l-166.4-166.4c-9.997-9.997-9.997-26.206 0-36.204l36.203-36.204c9.997-9.998 26.207-9.998 36.204 0L192 312.69 432.095 72.596c9.997-9.997 26.207-9.997 36.204 0l36.203 36.204c9.997 9.997 9.997 26.206 0 36.204l-294.4 294.401c-9.998 9.997-26.207 9.997-36.204-.001z\"><\/path><\/svg><\/span><span class=\"gb-headline-text\">se selecciona <strong>factura<\/strong> (para clientes existentes) o <strong>tarjeta de cr\u00e9dito<\/strong> como forma de pago<\/span><\/p>\n\n<p class=\"gb-headline gb-headline-a35590a0\"><span class=\"gb-icon\"><svg xmlns=\"http:\/\/www.w3.org\/2000\/svg\" aria-hidden=\"true\" role=\"img\" height=\"1em\" width=\"1em\" viewbox=\"0 0 512 512\"><path fill=\"currentColor\" d=\"M173.898 439.404l-166.4-166.4c-9.997-9.997-9.997-26.206 0-36.204l36.203-36.204c9.997-9.998 26.207-9.998 36.204 0L192 312.69 432.095 72.596c9.997-9.997 26.207-9.997 36.204 0l36.203 36.204c9.997 9.997 9.997 26.206 0 36.204l-294.4 294.401c-9.998 9.997-26.207 9.997-36.204-.001z\"><\/path><\/svg><\/span><span class=\"gb-headline-text\">el pedido no se realiza en fin de semana<\/span><\/p>\n\n<h3 class=\"gb-headline gb-headline-8b5f288d gb-headline-text\">Pedido de recogida<\/h3>\n\n<p>La recogida s\u00f3lo es posible en Suiza o Alemania y en casos excepcionales. En tal caso, p\u00f3ngase en contacto con nosotros por tel\u00e9fono para coordinar la recogida.<\/p>\n\n<h2 class=\"gb-headline gb-headline-9e610232 gb-headline-text\">Entrega electr\u00f3nica<\/h2>\n\n<p>Las licencias de Sophos se entregan normalmente por correo electr\u00f3nico en un plazo de 2 a 5 d\u00edas laborables. Sin embargo, hay casos excepcionales en los que puede haber tiempos de espera m\u00e1s largos.<\/p>\n","protected":false},"excerpt":{"rendered":"<p>Los m\u00e9todos de env\u00edo var\u00edan seg\u00fan el pa\u00eds. Estos son especificados por nosotros o por Sophos y no pueden ser seleccionados espec\u00edficamente por el cliente. Suiza \ud83c\udde8\ud83c\udded y Liechtenstein \ud83c\uddf1\ud83c\uddee La gama completa de hardware de Sophos en nuestro sitio web se env\u00eda por correo (PostPac Priority) en Suiza y Liechtenstein. La entrega se realiza [&hellip;]<\/p>\n","protected":false},"author":1,"featured_media":0,"parent":0,"menu_order":0,"comment_status":"closed","ping_status":"closed","template":"","meta":{"_acf_changed":false,"footnotes":""},"class_list":["post-40994","page","type-page","status-publish","hentry"],"blocksy_meta":{"page_structure_type":"type-3","content_style_source":"custom","content_style":{"desktop":"boxed","tablet":"boxed","mobile":"boxed","__changed":[]},"styles_descriptor":{"styles":{"desktop":"[data-prefix=\"single_page\"] [class*=\"ct-container\"] > article[class*=\"post\"] {--has-boxed:var(--true);--has-wide:var(--false);background-color:var(--has-background, var(--theme-palette-color-8));--theme-boxed-content-border-radius:3px;--theme-boxed-content-spacing:40px;--theme-boxed-content-box-shadow:0px 12px 18px -6px rgba(34, 56, 101, 0.04);}","tablet":"[data-prefix=\"single_page\"] [class*=\"ct-container\"] > article[class*=\"post\"] {--theme-boxed-content-spacing:35px;}","mobile":"[data-prefix=\"single_page\"] [class*=\"ct-container\"] > article[class*=\"post\"] {--theme-boxed-content-spacing:20px;}"},"google_fonts":[],"version":6}},"acf":[],"_links":{"self":[{"href":"https:\/\/www.avanet.com\/es\/wp-json\/wp\/v2\/pages\/40994","targetHints":{"allow":["GET"]}}],"collection":[{"href":"https:\/\/www.avanet.com\/es\/wp-json\/wp\/v2\/pages"}],"about":[{"href":"https:\/\/www.avanet.com\/es\/wp-json\/wp\/v2\/types\/page"}],"author":[{"embeddable":true,"href":"https:\/\/www.avanet.com\/es\/wp-json\/wp\/v2\/users\/1"}],"replies":[{"embeddable":true,"href":"https:\/\/www.avanet.com\/es\/wp-json\/wp\/v2\/comments?post=40994"}],"version-history":[{"count":0,"href":"https:\/\/www.avanet.com\/es\/wp-json\/wp\/v2\/pages\/40994\/revisions"}],"wp:attachment":[{"href":"https:\/\/www.avanet.com\/es\/wp-json\/wp\/v2\/media?parent=40994"}],"curies":[{"name":"wp","href":"https:\/\/api.w.org\/{rel}","templated":true}]}}