{"id":41003,"date":"2021-11-10T11:16:29","date_gmt":"2021-11-10T10:16:29","guid":{"rendered":"https:\/\/www.avanet.com\/imprimir\/"},"modified":"2023-06-12T15:42:31","modified_gmt":"2023-06-12T14:42:31","slug":"imprimir","status":"publish","type":"page","link":"https:\/\/www.avanet.com\/es\/imprimir\/","title":{"rendered":"Pie de imprenta"},"content":{"rendered":"\n<h2 class=\"gb-headline gb-headline-aa72381c gb-headline-text\">Sede de la empresa<\/h2>\n\n<p><strong>Avanet AG<\/strong><br\/>Oberneuhofstrasse 5<br\/>6340 Baar<br\/>Suiza<\/p>\n\n<p>Tel\u00e9fono: <a href=\"tel:+41445852468\">+41 44 585 24 68<\/a><\/p>\n\n<h3 class=\"gb-headline gb-headline-68575de4 gb-headline-text\">Informaci\u00f3n comercial<\/h3>\n\n<p>UID: CHE-391.846.601<\/p>\n\n<hr class=\"wp-block-separator has-text-color has-palette-color-5-color has-alpha-channel-opacity has-palette-color-5-background-color has-background is-style-wide\"\/>\n\n<h2 class=\"gb-headline gb-headline-8e4cfad0 gb-headline-text\">Rama<\/h2>\n\n<p><strong>Avanet SARL<\/strong><br\/>28, Op der Haart<br\/>9999 Wemperhardt<br\/>Luxemburgo<\/p>\n\n<p>Tel\u00e9fono: <a href=\"tel:+35228802807\">+352 28 80 28 07<\/a><\/p>\n\n<h3 class=\"gb-headline gb-headline-88e4a01d gb-headline-text\">Informaci\u00f3n comercial<\/h3>\n\n<p>UID Luxemburgo: LU32243577<br\/>UID Pa\u00edses Bajos: NL826255620B01<br\/>UID Alemania: DE340863680<\/p>\n\n<hr class=\"wp-block-separator has-text-color has-palette-color-5-color has-alpha-channel-opacity has-palette-color-5-background-color has-background is-style-wide\"\/>\n\n<h2 class=\"gb-headline gb-headline-816ec8d7 gb-headline-text\">Almac\u00e9n \u2013 Alemania<\/h2>\n\n<p class=\"gb-headline gb-headline-555f325a gb-headline-text\">Para abastecer a nuestros clientes alemanes, confiamos en las entregas directas desde Alemania. Para ello se dispone de un almac\u00e9n independiente.<\/p>\n\n<p><strong>Avanet SARL<\/strong><br\/>Macairestra\u00dfe 4<br\/>78467 Konstanz<br\/>Alemania<\/p>\n","protected":false},"excerpt":{"rendered":"<p>Sede de la empresa Avanet AGOberneuhofstrasse 56340 BaarSuiza Tel\u00e9fono: +41 44 585 24 68 Informaci\u00f3n comercial UID: CHE-391.846.601 Rama Avanet SARL28, Op der Haart9999 WemperhardtLuxemburgo Tel\u00e9fono: +352 28 80 28 07 Informaci\u00f3n comercial UID Luxemburgo: LU32243577UID Pa\u00edses Bajos: NL826255620B01UID Alemania: DE340863680 Almac\u00e9n \u2013 Alemania Para abastecer a nuestros clientes alemanes, confiamos en las entregas directas [&hellip;]<\/p>\n","protected":false},"author":1,"featured_media":0,"parent":0,"menu_order":0,"comment_status":"closed","ping_status":"closed","template":"","meta":{"_acf_changed":false,"footnotes":""},"class_list":["post-41003","page","type-page","status-publish","hentry"],"blocksy_meta":{"page_structure_type":"type-3","content_style_source":"custom","content_style":{"desktop":"boxed","tablet":"boxed","mobile":"boxed","__changed":[]},"styles_descriptor":{"styles":{"desktop":"[data-prefix=\"single_page\"] [class*=\"ct-container\"] > article[class*=\"post\"] {--has-boxed:var(--true);--has-wide:var(--false);background-color:var(--has-background, var(--theme-palette-color-8));--theme-boxed-content-border-radius:3px;--theme-boxed-content-spacing:40px;--theme-boxed-content-box-shadow:0px 12px 18px -6px rgba(34, 56, 101, 0.04);}","tablet":"[data-prefix=\"single_page\"] [class*=\"ct-container\"] > article[class*=\"post\"] {--theme-boxed-content-spacing:35px;}","mobile":"[data-prefix=\"single_page\"] [class*=\"ct-container\"] > article[class*=\"post\"] {--theme-boxed-content-spacing:20px;}"},"google_fonts":[],"version":6}},"acf":[],"_links":{"self":[{"href":"https:\/\/www.avanet.com\/es\/wp-json\/wp\/v2\/pages\/41003","targetHints":{"allow":["GET"]}}],"collection":[{"href":"https:\/\/www.avanet.com\/es\/wp-json\/wp\/v2\/pages"}],"about":[{"href":"https:\/\/www.avanet.com\/es\/wp-json\/wp\/v2\/types\/page"}],"author":[{"embeddable":true,"href":"https:\/\/www.avanet.com\/es\/wp-json\/wp\/v2\/users\/1"}],"replies":[{"embeddable":true,"href":"https:\/\/www.avanet.com\/es\/wp-json\/wp\/v2\/comments?post=41003"}],"version-history":[{"count":0,"href":"https:\/\/www.avanet.com\/es\/wp-json\/wp\/v2\/pages\/41003\/revisions"}],"wp:attachment":[{"href":"https:\/\/www.avanet.com\/es\/wp-json\/wp\/v2\/media?parent=41003"}],"curies":[{"name":"wp","href":"https:\/\/api.w.org\/{rel}","templated":true}]}}