{"id":41014,"date":"2025-02-19T08:58:27","date_gmt":"2025-02-19T07:58:27","guid":{"rendered":"https:\/\/www.avanet.com\/politica-de-cancelacion\/"},"modified":"2023-03-13T10:42:37","modified_gmt":"2023-03-13T09:42:37","slug":"politica-de-cancelacion","status":"publish","type":"page","link":"https:\/\/www.avanet.com\/es\/politica-de-cancelacion\/","title":{"rendered":"Pol\u00edtica de cancelaci\u00f3n"},"content":{"rendered":"\n<p>Los 27 Estados miembros de la UE tienen derecho a desistir de la venta en un plazo de 14 d\u00edas a partir de la recepci\u00f3n de la mercanc\u00eda. Para los clientes de Suiza y Liechtenstein, este derecho no se aplica y decidiremos caso por caso si permitimos una devoluci\u00f3n o un cambio.<\/p>\n<div class=\"gb-container gb-container-06ad000c\">\n\n<h2 class=\"gb-headline gb-headline-3c549778\"><span class=\"gb-icon\"><svg xmlns=\"http:\/\/www.w3.org\/2000\/svg\" class=\"w-6 h-6\" fill=\"currentColor\" viewbox=\"0 0 24 24\">   <path clip-rule=\"evenodd\" d=\"M9.401 3.003c1.155-2 4.043-2 5.197 0l7.355 12.748c1.154 2-.29 4.5-2.599 4.5H4.645c-2.309 0-3.752-2.5-2.598-4.5L9.4 3.003zM12 8.25a.75.75 0 01.75.75v3.75a.75.75 0 01-1.5 0V9a.75.75 0 01.75-.75zm0 8.25a.75.75 0 100-1.5.75.75 0 000 1.5z\" fill-rule=\"evenodd\"><\/path> <\/svg><\/span><span class=\"gb-headline-text\">Evitar el intercambio mediante el asesoramiento de compra<\/span><\/h2>\n\n\n\n<p>Para evitar un cambio si es posible, es esencial comprobar si se han colocado los productos correctos en la cesta de la compra antes de realizarla. Si tiene alguna duda sobre la elecci\u00f3n del producto, puede hacer uso de nuestro asesoramiento de compra gratuito en cualquier momento.<\/p>\n\n<\/div>\n<h2 class=\"gb-headline gb-headline-9a0a2b0a gb-headline-text\">Entrega err\u00f3nea<\/h2>\n\n<p>Si durante el desembalaje se descubre que los productos entregados no se corresponden con el pedido, deber\u00e1 comunic\u00e1rnoslo en el plazo de una semana desde la entrega. En tal caso, por supuesto, iniciaremos inmediatamente el cambio e informaremos al cliente sobre los pasos a seguir.<\/p>\n\n<h2 class=\"gb-headline gb-headline-8b5f288d gb-headline-text\">Defecto<\/h2>\n\n<p>Si en el momento de la instalaci\u00f3n se detecta un mal funcionamiento del dispositivo, se aplicar\u00e1 la garant\u00eda de Sophos. Por lo tanto, el intercambio de hardware se gestiona directamente con Sophos y no con Avanet AG.<\/p>\n\n<h2 class=\"gb-headline gb-headline-415f793a gb-headline-text\">Condiciones de retirada del derecho de desistimiento<\/h2>\n\n<p>Si no se produce una solicitud de devoluci\u00f3n debido a una entrega err\u00f3nea o a un defecto, el cliente puede hacer uso de su derecho de desistimiento en un plazo de 14 d\u00edas y desistir de la compra sin indicar los motivos (s\u00f3lo se aplica a los Estados miembros de la UE). Para ello, hay que tener en cuenta que s\u00f3lo se puede aprobar un intercambio si se cumplen las siguientes condiciones:<\/p>\n\n<p class=\"gb-headline gb-headline-1ca05596\"><span class=\"gb-icon\"><svg xmlns=\"http:\/\/www.w3.org\/2000\/svg\" aria-hidden=\"true\" role=\"img\" height=\"1em\" width=\"1em\" viewbox=\"0 0 512 512\"><path fill=\"currentColor\" d=\"M173.898 439.404l-166.4-166.4c-9.997-9.997-9.997-26.206 0-36.204l36.203-36.204c9.997-9.998 26.207-9.998 36.204 0L192 312.69 432.095 72.596c9.997-9.997 26.207-9.997 36.204 0l36.203 36.204c9.997 9.997 9.997 26.206 0 36.204l-294.4 294.401c-9.998 9.997-26.207 9.997-36.204-.001z\"><\/path><\/svg><\/span><span class=\"gb-headline-text\">Los productos sellados o soldados a\u00fan no han sido abiertos<\/span><\/p>\n\n<p class=\"gb-headline gb-headline-e3230cc6\"><span class=\"gb-icon\"><svg xmlns=\"http:\/\/www.w3.org\/2000\/svg\" aria-hidden=\"true\" role=\"img\" height=\"1em\" width=\"1em\" viewbox=\"0 0 512 512\"><path fill=\"currentColor\" d=\"M173.898 439.404l-166.4-166.4c-9.997-9.997-9.997-26.206 0-36.204l36.203-36.204c9.997-9.998 26.207-9.998 36.204 0L192 312.69 432.095 72.596c9.997-9.997 26.207-9.997 36.204 0l36.203 36.204c9.997 9.997 9.997 26.206 0 36.204l-294.4 294.401c-9.998 9.997-26.207 9.997-36.204-.001z\"><\/path><\/svg><\/span><span class=\"gb-headline-text\">Las claves de licencia a\u00fan no se han activado en el cortafuegos o en la consola central<\/span><\/p>\n\n<p class=\"gb-headline gb-headline-cbacc5ef\"><span class=\"gb-icon\"><svg xmlns=\"http:\/\/www.w3.org\/2000\/svg\" aria-hidden=\"true\" role=\"img\" height=\"1em\" width=\"1em\" viewbox=\"0 0 512 512\"><path fill=\"currentColor\" d=\"M173.898 439.404l-166.4-166.4c-9.997-9.997-9.997-26.206 0-36.204l36.203-36.204c9.997-9.998 26.207-9.998 36.204 0L192 312.69 432.095 72.596c9.997-9.997 26.207-9.997 36.204 0l36.203 36.204c9.997 9.997 9.997 26.206 0 36.204l-294.4 294.401c-9.998 9.997-26.207 9.997-36.204-.001z\"><\/path><\/svg><\/span><span class=\"gb-headline-text\">la unidad no ha sido desembalada, conectada o registrada<\/span><\/p>\n\n<p class=\"gb-headline gb-headline-d823b4bd\"><span class=\"gb-icon\"><svg xmlns=\"http:\/\/www.w3.org\/2000\/svg\" aria-hidden=\"true\" role=\"img\" height=\"1em\" width=\"1em\" viewbox=\"0 0 512 512\"><path fill=\"currentColor\" d=\"M173.898 439.404l-166.4-166.4c-9.997-9.997-9.997-26.206 0-36.204l36.203-36.204c9.997-9.998 26.207-9.998 36.204 0L192 312.69 432.095 72.596c9.997-9.997 26.207-9.997 36.204 0l36.203 36.204c9.997 9.997 9.997 26.206 0 36.204l-294.4 294.401c-9.998 9.997-26.207 9.997-36.204-.001z\"><\/path><\/svg><\/span><span class=\"gb-headline-text\">cualquier accesorio de la unidad est\u00e1 presente y sin usar<\/span><\/p>\n\n<p class=\"gb-headline gb-headline-b12c2539\"><span class=\"gb-icon\"><svg xmlns=\"http:\/\/www.w3.org\/2000\/svg\" aria-hidden=\"true\" role=\"img\" height=\"1em\" width=\"1em\" viewbox=\"0 0 512 512\"><path fill=\"currentColor\" d=\"M173.898 439.404l-166.4-166.4c-9.997-9.997-9.997-26.206 0-36.204l36.203-36.204c9.997-9.998 26.207-9.998 36.204 0L192 312.69 432.095 72.596c9.997-9.997 26.207-9.997 36.204 0l36.203 36.204c9.997 9.997 9.997 26.206 0 36.204l-294.4 294.401c-9.998 9.997-26.207 9.997-36.204-.001z\"><\/path><\/svg><\/span><span class=\"gb-headline-text\">el embalaje original est\u00e1 presente y sin da\u00f1os<\/span><\/p>\n\n<p class=\"gb-headline gb-headline-7016fbdd\"><span class=\"gb-icon\"><svg xmlns=\"http:\/\/www.w3.org\/2000\/svg\" aria-hidden=\"true\" role=\"img\" height=\"1em\" width=\"1em\" viewbox=\"0 0 512 512\"><path fill=\"currentColor\" d=\"M173.898 439.404l-166.4-166.4c-9.997-9.997-9.997-26.206 0-36.204l36.203-36.204c9.997-9.998 26.207-9.998 36.204 0L192 312.69 432.095 72.596c9.997-9.997 26.207-9.997 36.204 0l36.203 36.204c9.997 9.997 9.997 26.206 0 36.204l-294.4 294.401c-9.998 9.997-26.207 9.997-36.204-.001z\"><\/path><\/svg><\/span><span class=\"gb-headline-text\">el producto no fue comprado con una acci\u00f3n promocional<\/span><\/p>\n\n<p class=\"gb-headline gb-headline-d0cac032\"><span class=\"gb-icon\"><svg xmlns=\"http:\/\/www.w3.org\/2000\/svg\" aria-hidden=\"true\" role=\"img\" height=\"1em\" width=\"1em\" viewbox=\"0 0 512 512\"><path fill=\"currentColor\" d=\"M173.898 439.404l-166.4-166.4c-9.997-9.997-9.997-26.206 0-36.204l36.203-36.204c9.997-9.998 26.207-9.998 36.204 0L192 312.69 432.095 72.596c9.997-9.997 26.207-9.997 36.204 0l36.203 36.204c9.997 9.997 9.997 26.206 0 36.204l-294.4 294.401c-9.998 9.997-26.207 9.997-36.204-.001z\"><\/path><\/svg><\/span><span class=\"gb-headline-text\">la compra se realiz\u00f3 hace no m\u00e1s de 14 d\u00edas<\/span><\/p>\n\n<p>Si se cumplen todas las condiciones anteriores, la solicitud de devoluci\u00f3n puede hacerse por escrito por correo electr\u00f3nico o a trav\u00e9s de nuestro formulario de contacto.<\/p>\n\n<h2 class=\"gb-headline gb-headline-9e610232 gb-headline-text\">Devoluci\u00f3n en caso de entrega err\u00f3nea<\/h2>\n\n<p>Cuando hayamos revisado un caso y aprobemos un cambio, enviaremos al cliente por correo electr\u00f3nico una etiqueta de devoluci\u00f3n. Una vez que hemos comprobado la mercanc\u00eda devuelta y que todo est\u00e1 en orden, nos aseguramos de que el cliente reciba el producto correcto.<\/p>\n\n<h2 class=\"gb-headline gb-headline-fc374126 gb-headline-text\">Consecuencias de la revocaci\u00f3n<\/h2>\n\n<p>Si se cumplen todas las condiciones de desistimiento, le devolveremos el importe \u00edntegro sin demora y a m\u00e1s tardar en un plazo de catorce d\u00edas a partir del d\u00eda en que hayamos recibido la mercanc\u00eda. Para este reembolso, utilizamos el mismo medio de pago que se utiliz\u00f3 para la transacci\u00f3n original, a menos que se acuerde expresamente lo contrario.<\/p>\n\n<p>Es su responsabilidad devolvernos la mercanc\u00eda sin demora y, en cualquier caso, a m\u00e1s tardar 14 d\u00edas a partir del d\u00eda en que le autoricemos por escrito a retirar la mercanc\u00eda. El plazo se cumple si env\u00eda la mercanc\u00eda antes de que expire el plazo de 14 d\u00edas. Usted correr\u00e1 con los gastos directos de devoluci\u00f3n de la mercanc\u00eda.<\/p>\n","protected":false},"excerpt":{"rendered":"<p>Los 27 Estados miembros de la UE tienen derecho a desistir de la venta en un plazo de 14 d\u00edas a partir de la recepci\u00f3n de la mercanc\u00eda. Para los clientes de Suiza y Liechtenstein, este derecho no se aplica y decidiremos caso por caso si permitimos una devoluci\u00f3n o un cambio. Evitar el intercambio [&hellip;]<\/p>\n","protected":false},"author":1,"featured_media":0,"parent":0,"menu_order":0,"comment_status":"closed","ping_status":"closed","template":"","meta":{"_acf_changed":false,"footnotes":""},"class_list":["post-41014","page","type-page","status-publish","hentry"],"blocksy_meta":{"page_structure_type":"type-3","content_style_source":"custom","content_style":{"desktop":"boxed","tablet":"boxed","mobile":"boxed","__changed":[]},"styles_descriptor":{"styles":{"desktop":"[data-prefix=\"single_page\"] [class*=\"ct-container\"] > article[class*=\"post\"] {--has-boxed:var(--true);--has-wide:var(--false);background-color:var(--has-background, var(--theme-palette-color-8));--theme-boxed-content-border-radius:3px;--theme-boxed-content-spacing:40px;--theme-boxed-content-box-shadow:0px 12px 18px -6px rgba(34, 56, 101, 0.04);}","tablet":"[data-prefix=\"single_page\"] [class*=\"ct-container\"] > article[class*=\"post\"] {--theme-boxed-content-spacing:35px;}","mobile":"[data-prefix=\"single_page\"] [class*=\"ct-container\"] > article[class*=\"post\"] {--theme-boxed-content-spacing:20px;}"},"google_fonts":[],"version":6}},"acf":[],"_links":{"self":[{"href":"https:\/\/www.avanet.com\/es\/wp-json\/wp\/v2\/pages\/41014","targetHints":{"allow":["GET"]}}],"collection":[{"href":"https:\/\/www.avanet.com\/es\/wp-json\/wp\/v2\/pages"}],"about":[{"href":"https:\/\/www.avanet.com\/es\/wp-json\/wp\/v2\/types\/page"}],"author":[{"embeddable":true,"href":"https:\/\/www.avanet.com\/es\/wp-json\/wp\/v2\/users\/1"}],"replies":[{"embeddable":true,"href":"https:\/\/www.avanet.com\/es\/wp-json\/wp\/v2\/comments?post=41014"}],"version-history":[{"count":0,"href":"https:\/\/www.avanet.com\/es\/wp-json\/wp\/v2\/pages\/41014\/revisions"}],"wp:attachment":[{"href":"https:\/\/www.avanet.com\/es\/wp-json\/wp\/v2\/media?parent=41014"}],"curies":[{"name":"wp","href":"https:\/\/api.w.org\/{rel}","templated":true}]}}