{"id":41025,"date":"2021-11-10T11:16:29","date_gmt":"2021-11-10T10:16:29","guid":{"rendered":"https:\/\/www.avanet.com\/agb\/"},"modified":"2024-04-17T12:56:33","modified_gmt":"2024-04-17T11:56:33","slug":"agb","status":"publish","type":"page","link":"https:\/\/www.avanet.com\/es\/agb\/","title":{"rendered":"Condiciones generales"},"content":{"rendered":"\n<h2 class=\"gb-headline gb-headline-57df90d7 gb-headline-text\">1. \u00c1mbito de aplicaci\u00f3n<\/h2>\n\n<p>Estas Condiciones Generales (en adelante \u00abCGC\u00bb) de Avanet AG (en adelante \u00abAvanet\u00bb) se aplican a todos los servicios y productos que puedes encontrar en la tienda online de Sophos de Avanet. Un cliente es cualquier persona f\u00edsica o jur\u00eddica que mantenga una relaci\u00f3n comercial con Avanet. Las entregas se limitan a los territorios de Suiza, Liechtenstein y Alemania.<br\/>No se reconocer\u00e1n las condiciones del Cliente que entren en conflicto o se desv\u00eden de las presentes CGC, a menos que Avanet haya aceptado expresamente su validez por escrito.<\/p>\n\n<h2 class=\"gb-headline gb-headline-9a0a2b0a gb-headline-text\">2. Informaci\u00f3n sobre productos y servicios<\/h2>\n\n<p>Avanet recopila la informaci\u00f3n sobre los productos y servicios para los clientes de la forma m\u00e1s clara y sencilla posible. En la medida en que se trata de informaci\u00f3n del fabricante (por ejemplo, la garant\u00eda del fabricante), la informaci\u00f3n del propio fabricante es siempre autorizada. Avanet hace todo lo posible para que la informaci\u00f3n proporcionada por los fabricantes sea correcta, actualizada y clara, pero no puede garantizarlo.<\/p>\n\n<h2 class=\"gb-headline gb-headline-8b5f288d gb-headline-text\">3. Precios<\/h2>\n\n<p>Todos los precios de los productos de Sophos en esta tienda online son v\u00e1lidos para los clientes suizos m\u00e1s el IVA. 8,1% DE IVA. A los clientes de Alemania se les aplicar\u00e1 el IVA nacional habitual.<\/p>\n\n<h3 class=\"gb-headline gb-headline-415f793a gb-headline-text\">3.1. Notificaci\u00f3n del proyecto<\/h3>\n\n<p>A partir del 1 de julio de 2019, Avanet deber\u00e1 presentar una notificaci\u00f3n de proyecto a Sophos para determinados productos. Avanet indica en las respectivas p\u00e1ginas de los productos cu\u00e1ndo debe realizarse una notificaci\u00f3n de proyecto. El precio de compra de estos productos s\u00f3lo puede garantizarse si el proyecto a\u00fan no ha sido <strong>denunciado<\/strong> por <strong>ning\u00fan otro socio de Sophos<\/strong>. En caso contrario, Avanet se reserva el derecho de rescindir el contrato de compra en cualquier momento.<\/p>\n\n<h2 class=\"gb-headline gb-headline-9e610232 gb-headline-text\">4. Disponibilidad<\/h2>\n\n<p>La tienda Sophos de Avanet no proporciona ninguna informaci\u00f3n sobre la disponibilidad de los productos. Sin embargo, normalmente un pedido en Suiza y Alemania deber\u00eda poder enviarse en un plazo de 1 a 3 d\u00edas laborables a partir de las existencias. Si se trata de un pedido urgente, el cliente puede consultar por tel\u00e9fono o por correo electr\u00f3nico a Avanet el estado exacto de disponibilidad de los productos requeridos.<\/p>\n\n<h2 class=\"gb-headline gb-headline-fc374126 gb-headline-text\">5. Conclusi\u00f3n del contrato<\/h2>\n\n<p>Los productos, servicios y precios publicados en avanet.com se consideran una oferta. Sin embargo, esta oferta siempre est\u00e1 sujeta a un precio incorrecto (por parte del fabricante o de Avanet).<br\/>El contrato se celebra en cuanto el cliente realiza su pedido a trav\u00e9s de la tienda online, por tel\u00e9fono o por correo electr\u00f3nico. La llegada de un pedido en l\u00ednea se indica al cliente mediante una confirmaci\u00f3n de pedido generada autom\u00e1ticamente y enviada a la direcci\u00f3n de correo electr\u00f3nico proporcionada por el cliente. La confirmaci\u00f3n digital del pedido indica al Cliente que Avanet ha recibido el pedido presentado y que, por tanto, se ha celebrado el contrato, que est\u00e1 sujeto a la condici\u00f3n de que la entrega sea posible.<\/p>\n\n<h2 class=\"gb-headline gb-headline-88b07a0a gb-headline-text\">6. Condiciones de pago<\/h2>\n\n<p>Todos los productos de Sophos de la tienda de Avanet Sophos pueden pagarse por adelantado, con factura (a petici\u00f3n) o con tarjeta de cr\u00e9dito. Cuando se hace un pedido mediante pago anticipado, los productos solicitados por el cliente no se enviar\u00e1n hasta que se haya pagado el precio de venta en su totalidad. Avanet no cobra ninguna comisi\u00f3n adicional por el pago con tarjeta de cr\u00e9dito. La orden se activar\u00e1 inmediatamente.<\/p>\n\n<h2 class=\"gb-headline gb-headline-696fbfe8 gb-headline-text\">7. Incumplimiento de pago<\/h2>\n\n<p>Si el cliente hace el pedido mediante prepago o factura, dispone de 30 d\u00edas para pagar el importe adeudado. Si el Cliente no cumple con sus obligaciones de pago en su totalidad o en parte dentro de dicho periodo de 30 d\u00edas, todas las cantidades pendientes que el Cliente deba a Avanet en virtud de cualquier t\u00edtulo ser\u00e1n inmediatamente exigibles y Avanet podr\u00e1 exigir inmediatamente el pago de las mismas y suspender las futuras entregas al Cliente.<\/p>\n\n<h2 class=\"gb-headline gb-headline-5a83e539 gb-headline-text\">8. Anulaci\u00f3n y rescisi\u00f3n del contrato<\/h2>\n\n<p>Los pedidos deben realizarse de acuerdo con el par\u00e1grafo. 5 de las CGC ser\u00e1n vinculantes y el cliente estar\u00e1 obligado a aceptar el servicio. Los cambios posteriores a petici\u00f3n del Cliente son posibles a t\u00edtulo excepcional y a la sola discreci\u00f3n de Avanet. La posibilidad de cancelaci\u00f3n depende del producto y del momento de la cancelaci\u00f3n.<\/p>\n\n<h2 class=\"gb-headline gb-headline-8b18b367 gb-headline-text\">9. Gastos de env\u00edo<\/h2>\n\n<p>No se cobran gastos de env\u00edo en todas las entregas de productos f\u00edsicos dentro de Suiza, Liechtenstein o Alemania. Las licencias de los m\u00f3dulos se env\u00edan al cliente por correo electr\u00f3nico en un plazo de 1 a 5 d\u00edas laborables y no conllevan gastos de env\u00edo.<\/p>\n\n<h2 class=\"gb-headline gb-headline-d475c6db gb-headline-text\">10. obligaci\u00f3n de inspecci\u00f3n del cliente<\/h2>\n\n<p>El cliente debe comprobar inmediatamente que los productos entregados son correctos, est\u00e1n completos y est\u00e1n intactos. Cualquier defecto debe ser comunicado a Avanet inmediatamente despu\u00e9s de su detecci\u00f3n, pero a m\u00e1s tardar en los 5 d\u00edas naturales siguientes a la recepci\u00f3n del env\u00edo. El cliente debe conservar el producto en el estado en el que fue entregado y no debe ponerlo en funcionamiento.<\/p>\n\n<h2 class=\"gb-headline gb-headline-9b422edf gb-headline-text\">11. Cambio y devoluci\u00f3n<\/h2>\n\n<p>No existe un derecho general de cambio y devoluci\u00f3n.<\/p>\n\n<h2 class=\"gb-headline gb-headline-a8ce8c7b gb-headline-text\">12. devoluciones<\/h2>\n\n<p>Antes de devolver un producto, se debe informar a Avanet por escrito, por correo electr\u00f3nico o por tel\u00e9fono. Las devoluciones de productos corren a cargo del cliente. Deben enviarse por correo certificado al domicilio social indicado en el pie de imprenta. Los productos, incluidos todos los accesorios, deben estar correctamente embalados en el embalaje original.<br\/>Al env\u00edo de devoluci\u00f3n por defecto del producto debe adjuntarse una descripci\u00f3n detallada del defecto y una copia de la factura de compra.<\/p>\n\n<h2 class=\"gb-headline gb-headline-f2d44c9c gb-headline-text\">13. Garant\u00eda<\/h2>\n\n<p>Los productos de hardware de Sophos cuentan con un a\u00f1o de garant\u00eda del fabricante como est\u00e1ndar. Sin embargo, s\u00ed que hay formas de ampliar el periodo de garant\u00eda de un aparato.<\/p>\n\n<h2 class=\"gb-headline gb-headline-832df27e gb-headline-text\">14. Reparaci\u00f3n tras la expiraci\u00f3n de la garant\u00eda<\/h2>\n\n<p>Avanet cobrar\u00e1 las reparaciones una vez que la garant\u00eda haya expirado.<\/p>\n\n<h2 class=\"gb-headline gb-headline-a24121a2 gb-headline-text\">15. Responsabilidad<\/h2>\n\n<p>Las reclamaciones por da\u00f1os y perjuicios contra Avanet y sus empleados quedan excluidas en su totalidad en la medida permitida por la ley. Queda excluida la responsabilidad por los da\u00f1os indirectos y los da\u00f1os consecuenciales resultantes del uso, del funcionamiento defectuoso o de la p\u00e9rdida de rendimiento. Esta exclusi\u00f3n de responsabilidad tambi\u00e9n se aplica a todo tipo de da\u00f1os directos e indirectos (es decir, da\u00f1os personales as\u00ed como da\u00f1os materiales y p\u00e9rdidas puramente econ\u00f3micas) causados por un montaje, instalaci\u00f3n, ajuste, mantenimiento o reparaci\u00f3n del producto defectuosos o no profesionales por parte del cliente.<\/p>\n\n<h2 class=\"gb-headline gb-headline-a7ca27dc gb-headline-text\">16. Pol\u00edtica de privacidad<\/h2>\n\n<p>Con la aceptaci\u00f3n de las CGC, se acepta autom\u00e1ticamente nuestra pol\u00edtica de privacidad.<\/p>\n\n<h2 class=\"gb-headline gb-headline-f6d8749e gb-headline-text\">17. Jurisdicci\u00f3n y ley aplicable<\/h2>\n\n<p>El lugar de jurisdicci\u00f3n exclusiva es el 6340 de Baar. El contrato est\u00e1 sujeto a la legislaci\u00f3n suiza, por lo que la Convenci\u00f3n de las Naciones Unidas sobre los Contratos de Compraventa Internacional de Mercader\u00edas (CISG) queda excluida en su totalidad.<\/p>\n","protected":false},"excerpt":{"rendered":"<p>1. \u00c1mbito de aplicaci\u00f3n Estas Condiciones Generales (en adelante \u00abCGC\u00bb) de Avanet AG (en adelante \u00abAvanet\u00bb) se aplican a todos los servicios y productos que puedes encontrar en la tienda online de Sophos de Avanet. Un cliente es cualquier persona f\u00edsica o jur\u00eddica que mantenga una relaci\u00f3n comercial con Avanet. Las entregas se limitan a [&hellip;]<\/p>\n","protected":false},"author":1,"featured_media":0,"parent":0,"menu_order":0,"comment_status":"closed","ping_status":"closed","template":"","meta":{"_acf_changed":false,"footnotes":""},"class_list":["post-41025","page","type-page","status-publish","hentry"],"blocksy_meta":{"page_structure_type":"type-3","content_style_source":"custom","content_style":{"desktop":"boxed","tablet":"boxed","mobile":"boxed","__changed":[]},"styles_descriptor":{"styles":{"desktop":"[data-prefix=\"single_page\"] [class*=\"ct-container\"] > article[class*=\"post\"] {--has-boxed:var(--true);--has-wide:var(--false);background-color:var(--has-background, var(--theme-palette-color-8));--theme-boxed-content-border-radius:3px;--theme-boxed-content-spacing:40px;--theme-boxed-content-box-shadow:0px 12px 18px -6px rgba(34, 56, 101, 0.04);}","tablet":"[data-prefix=\"single_page\"] [class*=\"ct-container\"] > article[class*=\"post\"] {--theme-boxed-content-spacing:35px;}","mobile":"[data-prefix=\"single_page\"] [class*=\"ct-container\"] > article[class*=\"post\"] {--theme-boxed-content-spacing:20px;}"},"google_fonts":[],"version":6}},"acf":[],"_links":{"self":[{"href":"https:\/\/www.avanet.com\/es\/wp-json\/wp\/v2\/pages\/41025","targetHints":{"allow":["GET"]}}],"collection":[{"href":"https:\/\/www.avanet.com\/es\/wp-json\/wp\/v2\/pages"}],"about":[{"href":"https:\/\/www.avanet.com\/es\/wp-json\/wp\/v2\/types\/page"}],"author":[{"embeddable":true,"href":"https:\/\/www.avanet.com\/es\/wp-json\/wp\/v2\/users\/1"}],"replies":[{"embeddable":true,"href":"https:\/\/www.avanet.com\/es\/wp-json\/wp\/v2\/comments?post=41025"}],"version-history":[{"count":0,"href":"https:\/\/www.avanet.com\/es\/wp-json\/wp\/v2\/pages\/41025\/revisions"}],"wp:attachment":[{"href":"https:\/\/www.avanet.com\/es\/wp-json\/wp\/v2\/media?parent=41025"}],"curies":[{"name":"wp","href":"https:\/\/api.w.org\/{rel}","templated":true}]}}