{"id":107325,"date":"2023-02-25T20:26:55","date_gmt":"2023-02-25T19:26:55","guid":{"rendered":"https:\/\/www.avanet.com\/shop\/sophos-firewall-5g-modulo\/"},"modified":"2024-02-03T08:25:52","modified_gmt":"2024-02-03T07:25:52","slug":"sophos-firewall-5g-modulo","status":"publish","type":"product","link":"https:\/\/www.avanet.com\/es\/shop\/sophos-firewall-5g-modulo\/","title":{"rendered":"Sophos 5G M\u00f3dulo para XGS 116(w)\/126(w)\/136(w)"},"content":{"rendered":"<div data-block=\"hook:113159\" class=\"alignfull\"><article id=\"post-113159\" class=\"post-113159\"><div class=\"entry-content is-layout-constrained\">\n<p>El m\u00f3dulo 5G opcional de Sophos permite una conexi\u00f3n eficiente y rentable de la serie XGS Firewall a redes 5G. El m\u00f3dulo 5G es una soluci\u00f3n excelente para una conexi\u00f3n a Internet fiable y r\u00e1pida. Es especialmente adecuado para lugares donde no hay conexi\u00f3n de banda ancha fija o es demasiado cara.<\/p>\n\n<h3 class=\"wp-block-heading\" id=\"h-kompatibilitat\" style=\"font-size:clamp(14.082px, 0.88rem + ((1vw - 3.2px) * 0.54), 21px);font-style:normal;font-weight:600\">Compatibilidad<\/h3>\n\n<p>El m\u00f3dulo 5G es compatible con los cortafuegos de sobremesa Sophos XGS. Esto incluye los siguientes modelos: <\/p>\n\n<ul class=\"wp-block-list\">\n<li>XGS 116(w)<\/li>\n\n\n\n<li>XGS 126(w)<\/li>\n\n\n\n<li>XGS 136(w)<\/li>\n<\/ul>\n\n<h3 class=\"wp-block-heading\" id=\"h-geschwindigkeit\" style=\"font-size:clamp(14.082px, 0.88rem + ((1vw - 3.2px) * 0.54), 21px);font-style:normal;font-weight:600\">Velocidad<\/h3>\n\n<p>El m\u00f3dulo proporciona conexiones 5G con velocidades de descarga de hasta 4,5 Gbit\/s y de subida de hasta 660 Mbps. El m\u00f3dulo tambi\u00e9n admite opciones autom\u00e1ticas de retorno a redes 3G y 4G LTE (Cat-20) si 5G no est\u00e1 disponible. <\/p>\n\n<h3 class=\"wp-block-heading\" id=\"h-installation\" style=\"font-size:clamp(14.082px, 0.88rem + ((1vw - 3.2px) * 0.54), 21px);font-style:normal;font-weight:600\">Instalaci\u00f3n<\/h3>\n\n<p>El m\u00f3dulo 5G es f\u00e1cil de instalar, pero no se puede sustituir durante el funcionamiento. Esto significa que el cortafuegos debe estar desactivado para poder instalar el m\u00f3dulo. Tras la instalaci\u00f3n, Cellular WAN debe activarse en la consola de administraci\u00f3n web.<\/p>\n\n<p>La interfaz WWAN1 debe configurarse para hacer un uso \u00f3ptimo del m\u00f3dulo 5G. Tras cargar la configuraci\u00f3n recomendada para el m\u00f3dulo 5G en la interfaz WWAN1, se puede establecer la conexi\u00f3n con el nombre de usuario, la contrase\u00f1a y la configuraci\u00f3n APN.<\/p>\n<\/div><\/article><\/div>\n","protected":false},"excerpt":{"rendered":"[blocksy-content-block id=\"107493\"]\n","protected":false},"featured_media":107317,"template":"","meta":{"_acf_changed":false},"product_brand":[],"product_cat":[596],"product_tag":[],"class_list":{"0":"post-107325","1":"product","2":"type-product","3":"status-publish","4":"has-post-thumbnail","6":"product_cat-uncategorized","8":"first","9":"instock","10":"taxable","11":"shipping-taxable","12":"purchasable","13":"product-type-simple"},"acf":[],"_links":{"self":[{"href":"https:\/\/www.avanet.com\/es\/wp-json\/wp\/v2\/product\/107325","targetHints":{"allow":["GET"]}}],"collection":[{"href":"https:\/\/www.avanet.com\/es\/wp-json\/wp\/v2\/product"}],"about":[{"href":"https:\/\/www.avanet.com\/es\/wp-json\/wp\/v2\/types\/product"}],"wp:featuredmedia":[{"embeddable":true,"href":"https:\/\/www.avanet.com\/es\/wp-json\/wp\/v2\/media\/107317"}],"wp:attachment":[{"href":"https:\/\/www.avanet.com\/es\/wp-json\/wp\/v2\/media?parent=107325"}],"wp:term":[{"taxonomy":"product_brand","embeddable":true,"href":"https:\/\/www.avanet.com\/es\/wp-json\/wp\/v2\/product_brand?post=107325"},{"taxonomy":"product_cat","embeddable":true,"href":"https:\/\/www.avanet.com\/es\/wp-json\/wp\/v2\/product_cat?post=107325"},{"taxonomy":"product_tag","embeddable":true,"href":"https:\/\/www.avanet.com\/es\/wp-json\/wp\/v2\/product_tag?post=107325"}],"curies":[{"name":"wp","href":"https:\/\/api.w.org\/{rel}","templated":true}]}}