{"id":129630,"date":"2023-08-18T07:35:29","date_gmt":"2023-08-18T06:35:29","guid":{"rendered":"https:\/\/www.avanet.com\/shop\/sophos-ap6-420-multi-region-power-adapter\/"},"modified":"2024-04-19T08:21:03","modified_gmt":"2024-04-19T07:21:03","slug":"sophos-ap6-420-multi-region-power-adapter","status":"publish","type":"product","link":"https:\/\/www.avanet.com\/es\/shop\/sophos-ap6-420-multi-region-power-adapter\/","title":{"rendered":"Sophos AP6 420 multi-region power adapter"},"content":{"rendered":"<div data-block=\"hook:129773\" class=\"alignfull\"><article id=\"post-129773\" class=\"post-129773\"><div class=\"entry-content is-layout-constrained\">\n<p>Esta fuente de alimentaci\u00f3n es ideal para quienes no tienen un conmutador PoE+ (802.3at) o buscan una opci\u00f3n de alimentaci\u00f3n adicional.\nSeguridad y consistencia: eso es lo que representa la fuente de alimentaci\u00f3n multirregi\u00f3n Sophos AP6 420.\nLa fuente de alimentaci\u00f3n multirregi\u00f3n Sophos AP6 420 es compatible con el punto de acceso Sophos AP6 420. Garantiza una alimentaci\u00f3n fiable y constante.\nGarantiza una fuente de alimentaci\u00f3n fiable y constante, est\u00e9 donde est\u00e9.   <\/p>\n\n<ul class=\"wp-block-list\">\n<li><strong>Compatibilidad:<\/strong> perfectamente adaptado a su <a href=\"https:\/\/www.avanet.com\/es\/shop\/sophos-ap6-420-access-point\/\">punto de acceso Sophos AP6 420<\/a>.<\/li>\n\n\n\n<li><strong>Conexiones multirregi\u00f3n:<\/strong> Equipado con enchufes para Alemania, Suiza y Reino Unido.<\/li>\n<\/ul>\n<\/div><\/article><\/div>\n","protected":false},"excerpt":{"rendered":"[blocksy-content-block id=\"107493\"]\n","protected":false},"featured_media":0,"template":"","meta":{"_acf_changed":false},"product_brand":[],"product_cat":[596],"product_tag":[],"class_list":{"0":"post-129630","1":"product","2":"type-product","3":"status-publish","5":"product_cat-uncategorized","7":"first","8":"instock","9":"taxable","10":"shipping-taxable","11":"purchasable","12":"product-type-simple"},"acf":[],"_links":{"self":[{"href":"https:\/\/www.avanet.com\/es\/wp-json\/wp\/v2\/product\/129630","targetHints":{"allow":["GET"]}}],"collection":[{"href":"https:\/\/www.avanet.com\/es\/wp-json\/wp\/v2\/product"}],"about":[{"href":"https:\/\/www.avanet.com\/es\/wp-json\/wp\/v2\/types\/product"}],"wp:attachment":[{"href":"https:\/\/www.avanet.com\/es\/wp-json\/wp\/v2\/media?parent=129630"}],"wp:term":[{"taxonomy":"product_brand","embeddable":true,"href":"https:\/\/www.avanet.com\/es\/wp-json\/wp\/v2\/product_brand?post=129630"},{"taxonomy":"product_cat","embeddable":true,"href":"https:\/\/www.avanet.com\/es\/wp-json\/wp\/v2\/product_cat?post=129630"},{"taxonomy":"product_tag","embeddable":true,"href":"https:\/\/www.avanet.com\/es\/wp-json\/wp\/v2\/product_tag?post=129630"}],"curies":[{"name":"wp","href":"https:\/\/api.w.org\/{rel}","templated":true}]}}