{"id":129634,"date":"2023-08-18T07:35:32","date_gmt":"2023-08-18T06:35:32","guid":{"rendered":"https:\/\/www.avanet.com\/shop\/sophos-ap6-suspend-mount-kit\/"},"modified":"2024-02-02T15:54:07","modified_gmt":"2024-02-02T14:54:07","slug":"sophos-ap6-suspend-mount-kit","status":"publish","type":"product","link":"https:\/\/www.avanet.com\/es\/shop\/sophos-ap6-suspend-mount-kit\/","title":{"rendered":"Sophos AP6 Suspend Mount Kit"},"content":{"rendered":"<div data-block=\"hook:129834\" class=\"alignfull\"><article id=\"post-129834\" class=\"post-129834\"><div class=\"entry-content is-layout-constrained\">\n<p><strong>Sophos APX\/AP6 Kit de montaje de suspensi\u00f3n<\/strong><\/p>\n\n<p>El kit de montaje en suspensi\u00f3n Sophos APX\/AP6 es su soluci\u00f3n para colocar los puntos de acceso de forma \u00f3ptima manteniendo la est\u00e9tica y la funcionalidad. El fiable montaje en suspensi\u00f3n garantiza la fijaci\u00f3n segura de sus unidades.<\/p>\n\n<p><strong>Caracter\u00edsticas y ventajas:<\/strong><\/p>\n\n<ul class=\"wp-block-list\">\n<li><strong>Compatibilidad:<\/strong> Perfectamente adaptada a los modelos APX 320, 530, 740 y AP6 420, 420E, 840, 840E.<\/li>\n\n\n\n<li><strong>Posicionamiento optimizado:<\/strong> con el soporte colgante, puede colocar sus puntos de acceso de forma ideal para conseguir la m\u00e1xima cobertura e intensidad de se\u00f1al.<\/li>\n\n\n\n<li><strong>Robusto y duradero:<\/strong> fabricado con materiales de alta calidad, este kit garantiza una larga vida \u00fatil y una estabilidad fiable.<\/li>\n\n\n\n<li><strong>Integraci\u00f3n est\u00e9tica:<\/strong> el dise\u00f1o del kit es discreto y se integra a la perfecci\u00f3n en diferentes ambientes sin comprometer la est\u00e9tica.<\/li>\n\n\n\n<li><strong>F\u00e1cil instalaci\u00f3n:<\/strong> el kit contiene todos los componentes necesarios e instrucciones claras para que la instalaci\u00f3n sea sencilla y r\u00e1pida.<\/li>\n<\/ul>\n<\/div><\/article><\/div>\n","protected":false},"excerpt":{"rendered":"[blocksy-content-block id=\"107493\"]\n","protected":false},"featured_media":136954,"template":"","meta":{"_acf_changed":false},"product_brand":[],"product_cat":[596],"product_tag":[],"class_list":{"0":"post-129634","1":"product","2":"type-product","3":"status-publish","4":"has-post-thumbnail","6":"product_cat-uncategorized","8":"first","9":"instock","10":"taxable","11":"shipping-taxable","12":"purchasable","13":"product-type-simple"},"acf":[],"_links":{"self":[{"href":"https:\/\/www.avanet.com\/es\/wp-json\/wp\/v2\/product\/129634","targetHints":{"allow":["GET"]}}],"collection":[{"href":"https:\/\/www.avanet.com\/es\/wp-json\/wp\/v2\/product"}],"about":[{"href":"https:\/\/www.avanet.com\/es\/wp-json\/wp\/v2\/types\/product"}],"wp:featuredmedia":[{"embeddable":true,"href":"https:\/\/www.avanet.com\/es\/wp-json\/wp\/v2\/media\/136954"}],"wp:attachment":[{"href":"https:\/\/www.avanet.com\/es\/wp-json\/wp\/v2\/media?parent=129634"}],"wp:term":[{"taxonomy":"product_brand","embeddable":true,"href":"https:\/\/www.avanet.com\/es\/wp-json\/wp\/v2\/product_brand?post=129634"},{"taxonomy":"product_cat","embeddable":true,"href":"https:\/\/www.avanet.com\/es\/wp-json\/wp\/v2\/product_cat?post=129634"},{"taxonomy":"product_tag","embeddable":true,"href":"https:\/\/www.avanet.com\/es\/wp-json\/wp\/v2\/product_tag?post=129634"}],"curies":[{"name":"wp","href":"https:\/\/api.w.org\/{rel}","templated":true}]}}