{"id":129670,"date":"2023-08-18T07:35:46","date_gmt":"2023-08-18T06:35:46","guid":{"rendered":"https:\/\/www.avanet.com\/shop\/sophos-access-points-support-for-ap6-420x\/"},"modified":"2024-04-19T08:20:09","modified_gmt":"2024-04-19T07:20:09","slug":"sophos-access-points-support-for-ap6-420x","status":"publish","type":"product","link":"https:\/\/www.avanet.com\/es\/shop\/sophos-access-points-support-for-ap6-420x\/","title":{"rendered":"Sophos Access Points Support para AP6 420X"},"content":{"rendered":"<div data-block=\"hook:129846\" class=\"alignfull\"><article id=\"post-129846\" class=\"post-129846\"><div class=\"entry-content is-layout-constrained\">\n<ul class=\"wp-block-list\">\n<li><strong>Gesti\u00f3n de<\/strong> Sophos <strong>Central<\/strong>:\n<ul class=\"wp-block-list\">\n<li>Con Sophos Central Management, obtendr\u00e1 un control y una gesti\u00f3n centralizados de todos sus puntos de acceso de Sophos, para mayor eficacia y claridad.<\/li>\n<\/ul>\n<\/li>\n\n\n\n<li><strong>Garant\u00eda limitada de por vida:<\/strong>\n<ul class=\"wp-block-list\">\n<li>Sophos ofrece una garant\u00eda limitada de por vida para los puntos de acceso AP6. Esto habla en favor de la calidad y fiabilidad del producto.<\/li>\n<\/ul>\n<\/li>\n\n\n\n<li><strong>Asistencia y servicio 24 horas al d\u00eda, 7 d\u00edas a la semana<\/strong>:\n<ul class=\"wp-block-list\">\n<li>Benef\u00edciese de un completo paquete de asistencia y servicio que incluye no s\u00f3lo asistencia telef\u00f3nica 24 horas al d\u00eda, 7 d\u00edas a la semana, sino tambi\u00e9n actualizaciones de firmware y sustituci\u00f3n anticipada en el marco de Advance RMA.<\/li>\n<\/ul>\n<\/li>\n<\/ul>\n<div id=\"rank-math-faq\" class=\"rank-math-block\">\n<div class=\"rank-math-list \">\n<div id=\"faq-question-1692357109046\" class=\"rank-math-list-item\">\n<h3 class=\"rank-math-question \">\u00bfPor qu\u00e9 hay una Suscripci\u00f3n de Asistencia y Servicio?<\/h3>\n<div class=\"rank-math-answer \">\n\n<p>Sophos ha simplificado el concepto de asistencia para sus soluciones de red y ahora ofrece ayuda telef\u00f3nica integral, actualizaciones de firmware, RMA avanzado y una garant\u00eda limitada de por vida para el dispositivo AP6. Este enfoque es similar al de Sophos Switch. El sistema de licencias utilizado anteriormente para la gesti\u00f3n centralizada ya no se utiliza. Aunque el sistema central de gesti\u00f3n de AP y APX sigue siendo gratuito, la asistencia y los servicios son cada vez m\u00e1s importantes para la futura direcci\u00f3n de la empresa.<\/p>\n\n<\/div>\n<\/div>\n<div id=\"faq-question-1692357120257\" class=\"rank-math-list-item\">\n<h3 class=\"rank-math-question \">\u00bfCu\u00e1ndo comienza la vigencia de la licencia de asistencia?<\/h3>\n<div class=\"rank-math-answer \">\n\n<p>Al igual que con Sophos Switch, la asistencia comienza inmediatamente despu\u00e9s de procesar el pedido. Si tiene previsto mantener algunos puntos de acceso como reserva, ser\u00eda aconsejable activar el soporte s\u00f3lo en cuanto estos puntos de acceso se pongan en funcionamiento.<\/p>\n\n<\/div>\n<\/div>\n<div id=\"faq-question-1692357285213\" class=\"rank-math-list-item\">\n<h3 class=\"rank-math-question \"><strong>\u00bfQu\u00e9 significa exactamente garant\u00eda de por vida?<\/strong><\/h3>\n<div class=\"rank-math-answer \">\n\n<p>Para todos los modelos de la gama AP6, Sophos ofrece una garant\u00eda limitada durante toda la vida \u00fatil del producto, que garantiza la calidad y fiabilidad continuas de los productos. Limitado por el hecho de que la negligencia no est\u00e1 cubierta por la garant\u00eda ni por fuerza mayor, y que la garant\u00eda tampoco se aplica cuando el producto ha llegado al final de su vida \u00fatil.<\/p>\n\n<\/div>\n<\/div>\n<\/div>\n<\/div><\/div><\/article><\/div>\n","protected":false},"excerpt":{"rendered":"","protected":false},"featured_media":130078,"template":"","meta":{"_acf_changed":false},"product_brand":[],"product_cat":[596],"product_tag":[],"class_list":{"0":"post-129670","1":"product","2":"type-product","3":"status-publish","4":"has-post-thumbnail","6":"product_cat-uncategorized","8":"first","9":"instock","10":"taxable","11":"shipping-taxable","12":"purchasable","13":"product-type-variable","14":"has-default-attributes"},"acf":[],"_links":{"self":[{"href":"https:\/\/www.avanet.com\/es\/wp-json\/wp\/v2\/product\/129670","targetHints":{"allow":["GET"]}}],"collection":[{"href":"https:\/\/www.avanet.com\/es\/wp-json\/wp\/v2\/product"}],"about":[{"href":"https:\/\/www.avanet.com\/es\/wp-json\/wp\/v2\/types\/product"}],"wp:featuredmedia":[{"embeddable":true,"href":"https:\/\/www.avanet.com\/es\/wp-json\/wp\/v2\/media\/130078"}],"wp:attachment":[{"href":"https:\/\/www.avanet.com\/es\/wp-json\/wp\/v2\/media?parent=129670"}],"wp:term":[{"taxonomy":"product_brand","embeddable":true,"href":"https:\/\/www.avanet.com\/es\/wp-json\/wp\/v2\/product_brand?post=129670"},{"taxonomy":"product_cat","embeddable":true,"href":"https:\/\/www.avanet.com\/es\/wp-json\/wp\/v2\/product_cat?post=129670"},{"taxonomy":"product_tag","embeddable":true,"href":"https:\/\/www.avanet.com\/es\/wp-json\/wp\/v2\/product_tag?post=129670"}],"curies":[{"name":"wp","href":"https:\/\/api.w.org\/{rel}","templated":true}]}}