{"id":131748,"date":"2023-09-15T11:01:02","date_gmt":"2023-09-15T10:01:02","guid":{"rendered":"https:\/\/www.avanet.com\/shop\/sophos-poe-injector-802-3bt-60w-2-5-gbit\/"},"modified":"2024-04-03T14:42:14","modified_gmt":"2024-04-03T13:42:14","slug":"sophos-poe-injector-802-3bt-60w-2-5-gbit","status":"publish","type":"product","link":"https:\/\/www.avanet.com\/es\/shop\/sophos-poe-injector-802-3bt-60w-2-5-gbit\/","title":{"rendered":"Sophos PoE++ Injector (802.3bt &#8211; 60W) 2.5 Gbit"},"content":{"rendered":"<p>El inyector PoE++ de Sophos (802.3bt &#8211; 60W) 2,5 Gbit es la soluci\u00f3n \u00f3ptima de alimentaci\u00f3n y red para el nuevo punto de acceso Sophos AP6 840E. Con una potencia de salida de hasta 60 W y una conexi\u00f3n Ethernet de 2,5 Gbit, este inyector ofrece una forma sencilla, eficiente y fiable de alimentar sus dispositivos. Es compatible con el \u00faltimo est\u00e1ndar 802.3bt, lo que garantiza la m\u00e1xima compatibilidad y rendimiento para los dispositivos de red m\u00e1s exigentes.<\/p>\n","protected":false},"excerpt":{"rendered":"[blocksy-content-block id=\"107493\"]\n","protected":false},"featured_media":157751,"template":"","meta":{"_acf_changed":false},"product_brand":[],"product_cat":[596],"product_tag":[],"class_list":{"0":"post-131748","1":"product","2":"type-product","3":"status-publish","4":"has-post-thumbnail","6":"product_cat-uncategorized","8":"first","9":"instock","10":"taxable","11":"shipping-taxable","12":"purchasable","13":"product-type-simple"},"acf":[],"_links":{"self":[{"href":"https:\/\/www.avanet.com\/es\/wp-json\/wp\/v2\/product\/131748","targetHints":{"allow":["GET"]}}],"collection":[{"href":"https:\/\/www.avanet.com\/es\/wp-json\/wp\/v2\/product"}],"about":[{"href":"https:\/\/www.avanet.com\/es\/wp-json\/wp\/v2\/types\/product"}],"wp:featuredmedia":[{"embeddable":true,"href":"https:\/\/www.avanet.com\/es\/wp-json\/wp\/v2\/media\/157751"}],"wp:attachment":[{"href":"https:\/\/www.avanet.com\/es\/wp-json\/wp\/v2\/media?parent=131748"}],"wp:term":[{"taxonomy":"product_brand","embeddable":true,"href":"https:\/\/www.avanet.com\/es\/wp-json\/wp\/v2\/product_brand?post=131748"},{"taxonomy":"product_cat","embeddable":true,"href":"https:\/\/www.avanet.com\/es\/wp-json\/wp\/v2\/product_cat?post=131748"},{"taxonomy":"product_tag","embeddable":true,"href":"https:\/\/www.avanet.com\/es\/wp-json\/wp\/v2\/product_tag?post=131748"}],"curies":[{"name":"wp","href":"https:\/\/api.w.org\/{rel}","templated":true}]}}