{"id":55290,"date":"2022-01-25T13:51:12","date_gmt":"2022-01-25T12:51:12","guid":{"rendered":"https:\/\/www.avanet.com\/shop\/sophos-apx-external-30-directional-antenna-2-4-5ghz-for-apx-320x-only\/"},"modified":"2024-02-03T08:24:07","modified_gmt":"2024-02-03T07:24:07","slug":"sophos-apx-external-30-directional-antenna-2-4-5ghz-for-apx-320x-only","status":"publish","type":"product","link":"https:\/\/www.avanet.com\/es\/shop\/sophos-apx-external-30-directional-antenna-2-4-5ghz-for-apx-320x-only\/","title":{"rendered":"Sophos Antena direccional APX 30\u00b0 &#8211; 2,4\/5Ghz (externa)"},"content":{"rendered":"<div data-block=\"hook:112988\" class=\"alignfull\"><article id=\"post-112988\" class=\"post-112988\"><div class=\"entry-content is-layout-constrained\">\n<p>Esta antena direccional s\u00f3lo es compatible con <a href=\"https:\/\/www.avanet.com\/es\/shop\/sophos-apx-320x\/\">APX 320X<\/a> y <a href=\"https:\/\/www.avanet.com\/es\/shop\/sophos-ap6-420x-outdoor-access-point\/\" data-type=\"product\" data-id=\"124657\">AP6 420X<\/a> y proporciona una cobertura de 30 grados. Ideal cuando se trata de ampliar el alcance inal\u00e1mbrico o de proporcionar una cobertura de RF focalizada para eliminar las zonas muertas. La antena puede utilizarse, por ejemplo, para crear una conexi\u00f3n entre edificios que est\u00e1n a poca distancia. La antena sectorial APX puede montarse en un m\u00e1stil y se conecta a las APX 320X y AP6 420X mediante un cable coaxial de 1000 mm.<\/p>\n<\/div><\/article><\/div>\n","protected":false},"excerpt":{"rendered":"","protected":false},"featured_media":0,"template":"","meta":{"_acf_changed":false},"product_brand":[],"product_cat":[596],"product_tag":[],"class_list":{"0":"post-55290","1":"product","2":"type-product","3":"status-publish","5":"product_cat-uncategorized","7":"first","8":"instock","9":"taxable","10":"shipping-taxable","11":"purchasable","12":"product-type-simple"},"acf":[],"_links":{"self":[{"href":"https:\/\/www.avanet.com\/es\/wp-json\/wp\/v2\/product\/55290","targetHints":{"allow":["GET"]}}],"collection":[{"href":"https:\/\/www.avanet.com\/es\/wp-json\/wp\/v2\/product"}],"about":[{"href":"https:\/\/www.avanet.com\/es\/wp-json\/wp\/v2\/types\/product"}],"wp:attachment":[{"href":"https:\/\/www.avanet.com\/es\/wp-json\/wp\/v2\/media?parent=55290"}],"wp:term":[{"taxonomy":"product_brand","embeddable":true,"href":"https:\/\/www.avanet.com\/es\/wp-json\/wp\/v2\/product_brand?post=55290"},{"taxonomy":"product_cat","embeddable":true,"href":"https:\/\/www.avanet.com\/es\/wp-json\/wp\/v2\/product_cat?post=55290"},{"taxonomy":"product_tag","embeddable":true,"href":"https:\/\/www.avanet.com\/es\/wp-json\/wp\/v2\/product_tag?post=55290"}],"curies":[{"name":"wp","href":"https:\/\/api.w.org\/{rel}","templated":true}]}}