{"id":55297,"date":"2022-01-25T13:51:12","date_gmt":"2022-01-25T12:51:12","guid":{"rendered":"https:\/\/www.avanet.com\/shop\/sophos-apx-external-120-sector-antenna-2-4-5ghz-for-apx-320x-only\/"},"modified":"2024-02-03T08:24:06","modified_gmt":"2024-02-03T07:24:06","slug":"sophos-apx-external-120-sector-antenna-2-4-5ghz-for-apx-320x-only","status":"publish","type":"product","link":"https:\/\/www.avanet.com\/es\/shop\/sophos-apx-external-120-sector-antenna-2-4-5ghz-for-apx-320x-only\/","title":{"rendered":"Antena sectorial Sophos APX 120\u00b0 &#8211; 2,4\/5Ghz (externa)"},"content":{"rendered":"<div data-block=\"hook:112975\" class=\"alignfull\"><article id=\"post-112975\" class=\"post-112975\"><div class=\"entry-content is-layout-constrained\">\n<p>Esta antena sectorial s\u00f3lo es compatible con <a href=\"https:\/\/www.avanet.com\/es\/shop\/sophos-apx-320x\/\">APX 320X<\/a> y <a href=\"https:\/\/www.avanet.com\/es\/shop\/sophos-ap6-420x-outdoor-access-point\/\" data-type=\"product\" data-id=\"124657\">AP6 420X<\/a> y proporciona una cobertura de 120 grados. Ideal cuando se quiere proporcionar una cobertura Wi-Fi limitada f\u00fcr un sector espec\u00edfico. La antena puede utilizarse, por ejemplo, para crear una conexi\u00f3n entre edificios que est\u00e1n a poca distancia. La antena sectorial APX puede montarse en un m\u00e1stil y se conecta a la APX 320X o AP6 420X mediante un cable coaxial de 1000 mm.<\/p>\n\n<figure class=\"wp-block-embed is-type-rich is-provider-handler-einbetten wp-block-embed-handler-einbetten wp-embed-aspect-16-9 wp-has-aspect-ratio\"><div class=\"wp-block-embed__wrapper\">\n<iframe loading=\"lazy\" title=\"Sophos APX Sektorantenne 120\u00b0 - 2.4\/5Ghz - Unboxing (German)\" width=\"1290\" height=\"726\" src=\"https:\/\/www.youtube.com\/embed\/tLY10AOgXhc?feature=oembed\" frameborder=\"0\" allow=\"accelerometer; autoplay; clipboard-write; encrypted-media; gyroscope; picture-in-picture; web-share\" referrerpolicy=\"strict-origin-when-cross-origin\" allowfullscreen><\/iframe>\n<\/div><\/figure>\n<\/div><\/article><\/div>\n","protected":false},"excerpt":{"rendered":"","protected":false},"featured_media":40422,"template":"","meta":{"_acf_changed":false},"product_brand":[],"product_cat":[596],"product_tag":[],"class_list":{"0":"post-55297","1":"product","2":"type-product","3":"status-publish","4":"has-post-thumbnail","6":"product_cat-uncategorized","8":"first","9":"instock","10":"taxable","11":"shipping-taxable","12":"purchasable","13":"product-type-simple"},"acf":[],"_links":{"self":[{"href":"https:\/\/www.avanet.com\/es\/wp-json\/wp\/v2\/product\/55297","targetHints":{"allow":["GET"]}}],"collection":[{"href":"https:\/\/www.avanet.com\/es\/wp-json\/wp\/v2\/product"}],"about":[{"href":"https:\/\/www.avanet.com\/es\/wp-json\/wp\/v2\/types\/product"}],"wp:featuredmedia":[{"embeddable":true,"href":"https:\/\/www.avanet.com\/es\/wp-json\/wp\/v2\/media\/40422"}],"wp:attachment":[{"href":"https:\/\/www.avanet.com\/es\/wp-json\/wp\/v2\/media?parent=55297"}],"wp:term":[{"taxonomy":"product_brand","embeddable":true,"href":"https:\/\/www.avanet.com\/es\/wp-json\/wp\/v2\/product_brand?post=55297"},{"taxonomy":"product_cat","embeddable":true,"href":"https:\/\/www.avanet.com\/es\/wp-json\/wp\/v2\/product_cat?post=55297"},{"taxonomy":"product_tag","embeddable":true,"href":"https:\/\/www.avanet.com\/es\/wp-json\/wp\/v2\/product_tag?post=55297"}],"curies":[{"name":"wp","href":"https:\/\/api.w.org\/{rel}","templated":true}]}}