{"id":55367,"date":"2022-01-25T13:51:17","date_gmt":"2022-01-25T12:51:17","guid":{"rendered":"https:\/\/www.avanet.com\/shop\/sophos-apx-mounting-bracket-kit-for-plenum-flat-ceiling-mount-for-apx-320-530-740-only\/"},"modified":"2024-02-03T08:24:11","modified_gmt":"2024-02-03T07:24:11","slug":"sophos-apx-mounting-bracket-kit-for-plenum-flat-ceiling-mount-for-apx-320-530-740-only","status":"publish","type":"product","link":"https:\/\/www.avanet.com\/es\/shop\/sophos-apx-mounting-bracket-kit-for-plenum-flat-ceiling-mount-for-apx-320-530-740-only\/","title":{"rendered":"Kit de montaje Sophos APX (Plenum, techo)"},"content":{"rendered":"<div data-block=\"hook:112989\" class=\"alignfull\"><article id=\"post-112989\" class=\"post-112989\"><div class=\"entry-content is-layout-constrained\">\n<p>El kit de montaje Sophos APX es compatible con los siguientes modelos:<\/p>\n\n<ul class=\"wp-block-list\">\n<li>Sophos APX 320<\/li>\n\n\n\n<li>Sophos APX 530<\/li>\n\n\n\n<li>Sophos APX 740<\/li>\n<\/ul>\n\n<p>Con los puntos de acceso Sophos APX se suministra de serie una placa de montaje. Se trata de una pieza de chapa que se puede atornillar a la parte trasera del APX. Esta pieza de chapa permite montar el APX en la pared mediante dos agujeros para tacos o en un techo hueco como montaje en el techo, siempre que se disponga de los correspondientes perfiles en T.<\/p>\n\n<p>Con este kit de montaje, Sophos ofrece una alternativa a la placa de montaje suministrada, que tambi\u00e9n puede utilizarse para construcciones de techo m\u00e1s complicadas. Especialmente para techos lisos, este kit de montaje ofrece una soluci\u00f3n.<\/p>\n\n<figure class=\"wp-block-image\"><img loading=\"lazy\" decoding=\"async\" width=\"300\" height=\"138\" src=\"https:\/\/www.avanet.com\/assets\/sophos-apx-mounting-bracket-kit-infographic-300x138.jpg\" alt=\"\" class=\"wp-image-19642\" srcset=\"https:\/\/www.avanet.com\/assets\/sophos-apx-mounting-bracket-kit-infographic-300x138.jpg 300w, https:\/\/www.avanet.com\/assets\/sophos-apx-mounting-bracket-kit-infographic-64x29.jpg 64w, https:\/\/www.avanet.com\/assets\/sophos-apx-mounting-bracket-kit-infographic-768x353.jpg 768w, https:\/\/www.avanet.com\/assets\/sophos-apx-mounting-bracket-kit-infographic-18x8.jpg 18w, https:\/\/www.avanet.com\/assets\/sophos-apx-mounting-bracket-kit-infographic-600x275.jpg 600w, https:\/\/www.avanet.com\/assets\/sophos-apx-mounting-bracket-kit-infographic.jpg 1024w\" sizes=\"auto, (max-width: 300px) 100vw, 300px\" \/><\/figure>\n<\/div><\/article><\/div>\n","protected":false},"excerpt":{"rendered":"","protected":false},"featured_media":136949,"template":"","meta":{"_acf_changed":false},"product_brand":[],"product_cat":[596],"product_tag":[],"class_list":{"0":"post-55367","1":"product","2":"type-product","3":"status-publish","4":"has-post-thumbnail","6":"product_cat-uncategorized","8":"first","9":"instock","10":"taxable","11":"shipping-taxable","12":"purchasable","13":"product-type-simple"},"acf":[],"_links":{"self":[{"href":"https:\/\/www.avanet.com\/es\/wp-json\/wp\/v2\/product\/55367","targetHints":{"allow":["GET"]}}],"collection":[{"href":"https:\/\/www.avanet.com\/es\/wp-json\/wp\/v2\/product"}],"about":[{"href":"https:\/\/www.avanet.com\/es\/wp-json\/wp\/v2\/types\/product"}],"wp:featuredmedia":[{"embeddable":true,"href":"https:\/\/www.avanet.com\/es\/wp-json\/wp\/v2\/media\/136949"}],"wp:attachment":[{"href":"https:\/\/www.avanet.com\/es\/wp-json\/wp\/v2\/media?parent=55367"}],"wp:term":[{"taxonomy":"product_brand","embeddable":true,"href":"https:\/\/www.avanet.com\/es\/wp-json\/wp\/v2\/product_brand?post=55367"},{"taxonomy":"product_cat","embeddable":true,"href":"https:\/\/www.avanet.com\/es\/wp-json\/wp\/v2\/product_cat?post=55367"},{"taxonomy":"product_tag","embeddable":true,"href":"https:\/\/www.avanet.com\/es\/wp-json\/wp\/v2\/product_tag?post=55367"}],"curies":[{"name":"wp","href":"https:\/\/api.w.org\/{rel}","templated":true}]}}