{"id":55543,"date":"2022-01-25T13:51:19","date_gmt":"2022-01-25T12:51:19","guid":{"rendered":"https:\/\/www.avanet.com\/shop\/sophos-sd-red-60-rackmount-kit-con-soporte-adaptador\/"},"modified":"2024-02-03T08:24:13","modified_gmt":"2024-02-03T07:24:13","slug":"sophos-sd-red-60-rackmount-kit-con-soporte-adaptador","status":"publish","type":"product","link":"https:\/\/www.avanet.com\/es\/shop\/sophos-sd-red-60-rackmount-kit-con-soporte-adaptador\/","title":{"rendered":"Sophos SD-RED 60 Rackmount Kit con soporte adaptador"},"content":{"rendered":"<p><div data-block=\"hook:113018\" class=\"alignfull\"><article id=\"post-113018\" class=\"post-113018\"><div class=\"entry-content is-layout-constrained\">\n<p>La SD-RED 60 viene con una fuente de alimentaci\u00f3n algo m\u00e1s grande e independiente, que se encuentra en el centro del cable que va de la toma de corriente a la SD-RED. En este caso no se utiliza una fuente de alimentaci\u00f3n compacta enchufable como en la SD-RED 20.<\/p>\n\n<p>Por ello, este kit de montaje en bastidor f\u00fcr la SD-RED 60 dispone de un pr\u00e1ctico soporte adaptador para que la fuente de alimentaci\u00f3n pueda guardarse de forma ordenada tras el montaje de la SD-RED 60.<\/p>\n<\/div><\/article><\/div> <\/p>\n","protected":false},"excerpt":{"rendered":"","protected":false},"featured_media":0,"template":"","meta":{"_acf_changed":false},"product_brand":[],"product_cat":[596],"product_tag":[],"class_list":{"0":"post-55543","1":"product","2":"type-product","3":"status-publish","5":"product_cat-uncategorized","7":"first","8":"instock","9":"taxable","10":"shipping-taxable","11":"purchasable","12":"product-type-simple"},"acf":[],"_links":{"self":[{"href":"https:\/\/www.avanet.com\/es\/wp-json\/wp\/v2\/product\/55543","targetHints":{"allow":["GET"]}}],"collection":[{"href":"https:\/\/www.avanet.com\/es\/wp-json\/wp\/v2\/product"}],"about":[{"href":"https:\/\/www.avanet.com\/es\/wp-json\/wp\/v2\/types\/product"}],"wp:attachment":[{"href":"https:\/\/www.avanet.com\/es\/wp-json\/wp\/v2\/media?parent=55543"}],"wp:term":[{"taxonomy":"product_brand","embeddable":true,"href":"https:\/\/www.avanet.com\/es\/wp-json\/wp\/v2\/product_brand?post=55543"},{"taxonomy":"product_cat","embeddable":true,"href":"https:\/\/www.avanet.com\/es\/wp-json\/wp\/v2\/product_cat?post=55543"},{"taxonomy":"product_tag","embeddable":true,"href":"https:\/\/www.avanet.com\/es\/wp-json\/wp\/v2\/product_tag?post=55543"}],"curies":[{"name":"wp","href":"https:\/\/api.w.org\/{rel}","templated":true}]}}