{"id":55566,"date":"2022-01-25T13:51:21","date_gmt":"2022-01-25T12:51:21","guid":{"rendered":"https:\/\/www.avanet.com\/shop\/sd-red-20-adaptador-de-corriente\/"},"modified":"2024-02-03T08:24:13","modified_gmt":"2024-02-03T07:24:13","slug":"sd-red-20-adaptador-de-corriente","status":"publish","type":"product","link":"https:\/\/www.avanet.com\/es\/shop\/sd-red-20-adaptador-de-corriente\/","title":{"rendered":"Adaptador de corriente multirregional Sophos SD-RED 20 &#8211; Recambio (incluye enchufes regionales)"},"content":{"rendered":"<p><div data-block=\"hook:113007\" class=\"alignfull\"><article id=\"post-113007\" class=\"post-113007\"><div class=\"entry-content is-layout-constrained\">\n<p>Esta fuente de alimentaci\u00f3n multirregional ya est\u00e1 incluida de serie en el volumen de suministro de una SD-RED 20. Sin embargo, si la fuente de alimentaci\u00f3n se rompe o se necesita una segunda fuente de alimentaci\u00f3n f\u00fcr un suministro de energ\u00eda redundante, este producto, que incluye varios accesorios f\u00fcr diferentes regiones, tambi\u00e9n puede adquirirse por separado.<\/p>\n<\/div><\/article><\/div> <\/p>\n","protected":false},"excerpt":{"rendered":"","protected":false},"featured_media":0,"template":"","meta":{"_acf_changed":false},"product_brand":[],"product_cat":[596],"product_tag":[],"class_list":{"0":"post-55566","1":"product","2":"type-product","3":"status-publish","5":"product_cat-uncategorized","7":"first","8":"instock","9":"taxable","10":"shipping-taxable","11":"purchasable","12":"product-type-simple"},"acf":[],"_links":{"self":[{"href":"https:\/\/www.avanet.com\/es\/wp-json\/wp\/v2\/product\/55566","targetHints":{"allow":["GET"]}}],"collection":[{"href":"https:\/\/www.avanet.com\/es\/wp-json\/wp\/v2\/product"}],"about":[{"href":"https:\/\/www.avanet.com\/es\/wp-json\/wp\/v2\/types\/product"}],"wp:attachment":[{"href":"https:\/\/www.avanet.com\/es\/wp-json\/wp\/v2\/media?parent=55566"}],"wp:term":[{"taxonomy":"product_brand","embeddable":true,"href":"https:\/\/www.avanet.com\/es\/wp-json\/wp\/v2\/product_brand?post=55566"},{"taxonomy":"product_cat","embeddable":true,"href":"https:\/\/www.avanet.com\/es\/wp-json\/wp\/v2\/product_cat?post=55566"},{"taxonomy":"product_tag","embeddable":true,"href":"https:\/\/www.avanet.com\/es\/wp-json\/wp\/v2\/product_tag?post=55566"}],"curies":[{"name":"wp","href":"https:\/\/api.w.org\/{rel}","templated":true}]}}