{"id":55578,"date":"2022-01-25T13:51:22","date_gmt":"2022-01-25T12:51:22","guid":{"rendered":"https:\/\/www.avanet.com\/shop\/sophos-sd-red-60-energia-pieza-de-repuesto-sin-cable\/"},"modified":"2024-02-03T08:24:14","modified_gmt":"2024-02-03T07:24:14","slug":"sophos-sd-red-60-energia-pieza-de-repuesto-sin-cable","status":"publish","type":"product","link":"https:\/\/www.avanet.com\/es\/shop\/sophos-sd-red-60-energia-pieza-de-repuesto-sin-cable\/","title":{"rendered":"Sophos SD-RED 60 Power Supply &#8211; Spare (without power cord)"},"content":{"rendered":"<p><div data-block=\"hook:113021\" class=\"alignfull\"><article id=\"post-113021\" class=\"post-113021\"><div class=\"entry-content is-layout-constrained\">\n<p>Esta fuente de alimentaci\u00f3n ya est\u00e1 incluida de serie en el volumen de suministro de una SD-RED 60. Sin embargo, si la fuente de alimentaci\u00f3n se rompe o se necesita una segunda fuente de alimentaci\u00f3n f\u00fcr una alimentaci\u00f3n redundante, este producto tambi\u00e9n puede adquirirse por separado.<\/p>\n\n<p><strong>Atenci\u00f3n<\/strong>: Esta fuente de alimentaci\u00f3n se suministra sin cable de red y s\u00f3lo puede f\u00fcr SD-RED 60.<\/p>\n<\/div><\/article><\/div> <\/p>\n","protected":false},"excerpt":{"rendered":"","protected":false},"featured_media":0,"template":"","meta":{"_acf_changed":false},"product_brand":[],"product_cat":[596],"product_tag":[],"class_list":{"0":"post-55578","1":"product","2":"type-product","3":"status-publish","5":"product_cat-uncategorized","7":"first","8":"instock","9":"taxable","10":"shipping-taxable","11":"purchasable","12":"product-type-simple"},"acf":[],"_links":{"self":[{"href":"https:\/\/www.avanet.com\/es\/wp-json\/wp\/v2\/product\/55578","targetHints":{"allow":["GET"]}}],"collection":[{"href":"https:\/\/www.avanet.com\/es\/wp-json\/wp\/v2\/product"}],"about":[{"href":"https:\/\/www.avanet.com\/es\/wp-json\/wp\/v2\/types\/product"}],"wp:attachment":[{"href":"https:\/\/www.avanet.com\/es\/wp-json\/wp\/v2\/media?parent=55578"}],"wp:term":[{"taxonomy":"product_brand","embeddable":true,"href":"https:\/\/www.avanet.com\/es\/wp-json\/wp\/v2\/product_brand?post=55578"},{"taxonomy":"product_cat","embeddable":true,"href":"https:\/\/www.avanet.com\/es\/wp-json\/wp\/v2\/product_cat?post=55578"},{"taxonomy":"product_tag","embeddable":true,"href":"https:\/\/www.avanet.com\/es\/wp-json\/wp\/v2\/product_tag?post=55578"}],"curies":[{"name":"wp","href":"https:\/\/api.w.org\/{rel}","templated":true}]}}