{"id":55586,"date":"2022-01-25T13:51:23","date_gmt":"2022-01-25T12:51:23","guid":{"rendered":"https:\/\/www.avanet.com\/shop\/sg-105w-115w-rev-3-sd-red-20-rackmount-kit\/"},"modified":"2024-02-03T08:24:15","modified_gmt":"2024-02-03T07:24:15","slug":"sg-105w-115w-rev-3-sd-red-20-rackmount-kit","status":"publish","type":"product","link":"https:\/\/www.avanet.com\/es\/shop\/sg-105w-115w-rev-3-sd-red-20-rackmount-kit\/","title":{"rendered":"Sophos SD-RED 20 Rackmout Kit"},"content":{"rendered":"<div data-block=\"hook:113029\" class=\"alignfull\"><article id=\"post-113029\" class=\"post-113029\"><div class=\"entry-content is-layout-constrained\">\n<p>Este kit de montaje en rack est\u00e1 dise\u00f1ado f\u00fcr SD-RED f\u00fcr y permite montarla en un rack de servidores mediante dos soportes met\u00e1licos.<\/p>\n<\/div><\/article><\/div>\n","protected":false},"excerpt":{"rendered":"","protected":false},"featured_media":119589,"template":"","meta":{"_acf_changed":false},"product_brand":[],"product_cat":[596],"product_tag":[],"class_list":{"0":"post-55586","1":"product","2":"type-product","3":"status-publish","4":"has-post-thumbnail","6":"product_cat-uncategorized","8":"first","9":"instock","10":"taxable","11":"shipping-taxable","12":"purchasable","13":"product-type-simple"},"acf":[],"_links":{"self":[{"href":"https:\/\/www.avanet.com\/es\/wp-json\/wp\/v2\/product\/55586","targetHints":{"allow":["GET"]}}],"collection":[{"href":"https:\/\/www.avanet.com\/es\/wp-json\/wp\/v2\/product"}],"about":[{"href":"https:\/\/www.avanet.com\/es\/wp-json\/wp\/v2\/types\/product"}],"wp:featuredmedia":[{"embeddable":true,"href":"https:\/\/www.avanet.com\/es\/wp-json\/wp\/v2\/media\/119589"}],"wp:attachment":[{"href":"https:\/\/www.avanet.com\/es\/wp-json\/wp\/v2\/media?parent=55586"}],"wp:term":[{"taxonomy":"product_brand","embeddable":true,"href":"https:\/\/www.avanet.com\/es\/wp-json\/wp\/v2\/product_brand?post=55586"},{"taxonomy":"product_cat","embeddable":true,"href":"https:\/\/www.avanet.com\/es\/wp-json\/wp\/v2\/product_cat?post=55586"},{"taxonomy":"product_tag","embeddable":true,"href":"https:\/\/www.avanet.com\/es\/wp-json\/wp\/v2\/product_tag?post=55586"}],"curies":[{"name":"wp","href":"https:\/\/api.w.org\/{rel}","templated":true}]}}