{"id":58635,"date":"2022-01-25T13:58:09","date_gmt":"2022-01-25T12:58:09","guid":{"rendered":"https:\/\/www.avanet.com\/shop\/support-y-services-para-sophos-switch-cs101-8fp\/"},"modified":"2024-04-22T16:27:01","modified_gmt":"2024-04-22T15:27:01","slug":"support-y-services-para-sophos-switch-cs101-8fp","status":"publish","type":"product","link":"https:\/\/www.avanet.com\/es\/shop\/support-y-services-para-sophos-switch-cs101-8fp\/","title":{"rendered":"Sophos Switch Support y Services para CS101-8FP"},"content":{"rendered":"<div data-block=\"hook:129161\" class=\"alignfull\"><article id=\"post-129161\" class=\"post-129161\"><div class=\"entry-content is-layout-constrained\">\n<hr class=\"wp-block-separator has-alpha-channel-opacity\"\/>\n\n<p>El soporte y los servicios de Sophos Switch ofrecen una integraci\u00f3n avanzada con Sophos Central, lo que permite a los usuarios gestionar sus conmutadores de forma m\u00e1s eficaz y segura. El servicio se ha dise\u00f1ado espec\u00edficamente para ofrecer una experiencia integrada y sin problemas. <\/p>\n\n<p>La nueva serie Sophos Switch es m\u00e1s que otro conmutador.\nEs el comienzo de una nueva era en la gesti\u00f3n de redes.\nCon el soporte y los servicios que ofrece Sophos, los usuarios pueden estar seguros de que siempre recibir\u00e1n el mejor soporte posible y las \u00faltimas funciones.\nEs un importante paso adelante y un testimonio de lo mucho que Sophos invierte en sus productos y en sus clientes.   <\/p>\n\n<h3 class=\"wp-block-heading\">Principales funciones y ventajas<\/h3>\n\n<p>Con la compra de una suscripci\u00f3n de soporte y servicios para cualquier Sophos Switch, obtendr\u00e1 lo siguiente:<\/p>\n\n<ul class=\"wp-block-list\">\n<li><strong>Gesti\u00f3n central a trav\u00e9s de<\/strong> Sophos Central: esta funci\u00f3n permite programar actualizaciones de firmware para los switches y gestionar los switches de forma centralizada.<\/li>\n\n\n\n<li><strong>Asistencia RMA avanzada<\/strong>: un servicio de sustituci\u00f3n avanzado que garantiza que sus procesos empresariales no se vean afectados por problemas de hardware.<\/li>\n\n\n\n<li><strong>Asistencia telef\u00f3nica 24 \u00d7 7<\/strong>: a cualquier hora del d\u00eda o de la noche, un equipo de profesionales est\u00e1 listo para ayudarle con cualquier problema de asistencia.<\/li>\n\n\n\n<li><strong>Actualizaciones de firmware<\/strong>: la posibilidad de mantener actualizados los conmutadores para obtener la m\u00e1xima seguridad y rendimiento.<\/li>\n\n\n\n<li><strong>Acceso remoto para el equipo de asistencia<\/strong>: permite una completa localizaci\u00f3n de aver\u00edas y depuraci\u00f3n para resolver r\u00e1pidamente cualquier problema.<\/li>\n<\/ul>\n\n<p>Para aquellos que se pregunten qu\u00e9 ocurre una vez finalizado el periodo de gracia de 3 meses: sin una suscripci\u00f3n v\u00e1lida, los switches seguir\u00e1n visibles en Sophos Central pero estar\u00e1n en estado inactivo.\nEsto significa que los cambios de configuraci\u00f3n, las copias de seguridad programadas y las actualizaciones de firmware no ser\u00e1n posibles. <\/p>\n\n<h3 class=\"wp-block-heading\">\u00bfPor qu\u00e9 soporte y servicios de Sophos Switch?<\/h3>\n\n<p>Sophos tiene la visi\u00f3n de completar el ecosistema de red con sus productos.\nLa conectividad de Sophos Central ofrece una forma f\u00e1cil y c\u00f3moda de gestionar sus cortafuegos, puntos de acceso y, ahora, conmutadores.\nEsto no s\u00f3lo crea una consola central para todos los productos, sino que tambi\u00e9n es un punto fuerte de venta para los que ya est\u00e1n en el ecosistema de Sophos o quieren ampliarlo.  <\/p>\n\n<div style=\"height:20px\" aria-hidden=\"true\" class=\"wp-block-spacer ava-card-shadow-bottom\"><\/div>\n\n<div style=\"height:20px\" aria-hidden=\"true\" class=\"wp-block-spacer ava-card-spacer\"><\/div>\n<div class=\"gb-container gb-container-a7fa59d1 ava-card-zero-margin\" id=\"info-materials\">\n<div class=\"gb-container gb-container-8aeebd39\">\n\n<p class=\"gb-headline gb-headline-8b3709cd\"><span class=\"gb-icon\"><svg xmlns=\"http:\/\/www.w3.org\/2000\/svg\" class=\"w-6 h-6\" fill=\"currentColor\" viewbox=\"0 0 24 24\">   <path clip-rule=\"evenodd\" d=\"M4.125 3C3.089 3 2.25 3.84 2.25 4.875V18a3 3 0 003 3h15a3 3 0 01-3-3V4.875C17.25 3.839 16.41 3 15.375 3H4.125zM12 9.75a.75.75 0 000 1.5h1.5a.75.75 0 000-1.5H12zm-.75-2.25a.75.75 0 01.75-.75h1.5a.75.75 0 010 1.5H12a.75.75 0 01-.75-.75zM6 12.75a.75.75 0 000 1.5h7.5a.75.75 0 000-1.5H6zm-.75 3.75a.75.75 0 01.75-.75h7.5a.75.75 0 010 1.5H6a.75.75 0 01-.75-.75zM6 6.75a.75.75 0 00-.75.75v3c0 .414.336.75.75.75h3a.75.75 0 00.75-.75v-3A.75.75 0 009 6.75H6z\" fill-rule=\"evenodd\"><\/path>   <path d=\"M18.75 6.75h1.875c.621 0 1.125.504 1.125 1.125V18a1.5 1.5 0 01-3 0V6.75z\"><\/path> <\/svg><\/span><span class=\"gb-headline-text\">Material informativo<\/span><\/p>\n\n\n\n<h2 class=\"gb-headline gb-headline-ae48c488 gb-headline-text\"><strong>Profundice<\/strong> sus conocimientos y aprenda m\u00e1s sobre \u00abSophos Switches\u00bb <\/h2>\n\n\n\n<p class=\"gb-headline gb-headline-b16ffb1d\"><span class=\"gb-icon\"><svg xmlns=\"http:\/\/www.w3.org\/2000\/svg\" class=\"w-6 h-6\" fill=\"currentColor\" viewbox=\"0 0 24 24\">   <path clip-rule=\"evenodd\" d=\"M5.625 1.5c-1.036 0-1.875.84-1.875 1.875v17.25c0 1.035.84 1.875 1.875 1.875h12.75c1.035 0 1.875-.84 1.875-1.875V12.75A3.75 3.75 0 0016.5 9h-1.875a1.875 1.875 0 01-1.875-1.875V5.25A3.75 3.75 0 009 1.5H5.625zM7.5 15a.75.75 0 01.75-.75h7.5a.75.75 0 010 1.5h-7.5A.75.75 0 017.5 15zm.75 2.25a.75.75 0 000 1.5H12a.75.75 0 000-1.5H8.25z\" fill-rule=\"evenodd\"><\/path>   <path d=\"M12.971 1.816A5.23 5.23 0 0114.25 5.25v1.875c0 .207.168.375.375.375H16.5a5.23 5.23 0 013.434 1.279 9.768 9.768 0 00-6.963-6.963z\"><\/path> <\/svg><\/span><span class=\"gb-headline-text\"><a href=\"https:\/\/www.avanet.com\/assets\/sophos-switch-es.pdf\">Sophos Switch \u2013 Hoja de datos<\/a><\/span><\/p>\n\n\n\n<p class=\"gb-headline gb-headline-9fa9d37d\"><span class=\"gb-icon\"><svg xmlns=\"http:\/\/www.w3.org\/2000\/svg\" class=\"w-6 h-6\" fill=\"currentColor\" viewbox=\"0 0 24 24\">   <path clip-rule=\"evenodd\" d=\"M5.625 1.5c-1.036 0-1.875.84-1.875 1.875v17.25c0 1.035.84 1.875 1.875 1.875h12.75c1.035 0 1.875-.84 1.875-1.875V12.75A3.75 3.75 0 0016.5 9h-1.875a1.875 1.875 0 01-1.875-1.875V5.25A3.75 3.75 0 009 1.5H5.625zM7.5 15a.75.75 0 01.75-.75h7.5a.75.75 0 010 1.5h-7.5A.75.75 0 017.5 15zm.75 2.25a.75.75 0 000 1.5H12a.75.75 0 000-1.5H8.25z\" fill-rule=\"evenodd\"><\/path>   <path d=\"M12.971 1.816A5.23 5.23 0 0114.25 5.25v1.875c0 .207.168.375.375.375H16.5a5.23 5.23 0 013.434 1.279 9.768 9.768 0 00-6.963-6.963z\"><\/path> <\/svg><\/span><span class=\"gb-headline-text\"><a href=\"https:\/\/www.avanet.com\/assets\/sophos-switch-tech-specs-en.pdf\">Sophos Switch Series \u2013 Datos t\u00e9cnicos<\/a><\/span><\/p>\n\n<\/div>\n\n<div class=\"gb-container gb-container-7346e745\">\n\n<figure class=\"gb-block-image gb-block-image-b8173d28\"><img loading=\"lazy\" decoding=\"async\" width=\"1280\" height=\"1074\" class=\"gb-image gb-image-b8173d28\" src=\"https:\/\/www.avanet.com\/assets\/sophos-assets-switches.png\" alt=\"Info Materials Sophos Switches Hero Image\" title=\"sophos-assets-switches\" srcset=\"https:\/\/www.avanet.com\/assets\/sophos-assets-switches.png 1280w, https:\/\/www.avanet.com\/assets\/sophos-assets-switches-64x54.png 64w, https:\/\/www.avanet.com\/assets\/sophos-assets-switches-300x252.png 300w, https:\/\/www.avanet.com\/assets\/sophos-assets-switches-1024x859.png 1024w, https:\/\/www.avanet.com\/assets\/sophos-assets-switches-768x644.png 768w, https:\/\/www.avanet.com\/assets\/sophos-assets-switches-600x503.png 600w\" sizes=\"auto, (max-width: 1280px) 100vw, 1280px\" \/><\/figure>\n\n<\/div>\n<\/div>\n<div style=\"height:20px\" aria-hidden=\"true\" class=\"wp-block-spacer ava-card-shadow-bottom\"><\/div>\n\n<div style=\"height:20px\" aria-hidden=\"true\" class=\"wp-block-spacer ava-card-spacer\"><\/div>\n<div class=\"gb-container gb-container-6291cecc ava-card-spacer last\" id=\"help-for-buying\">\n\n<p class=\"gb-headline gb-headline-04e182da\"><span class=\"gb-icon\"><svg xmlns=\"http:\/\/www.w3.org\/2000\/svg\" viewbox=\"0 0 20 20\" fill=\"currentColor\" class=\"w-5 h-5\">   <path d=\"M3.505 2.365A41.369 41.369 0 019 2c1.863 0 3.697.124 5.495.365 1.247.167 2.18 1.108 2.435 2.268a4.45 4.45 0 00-.577-.069 43.141 43.141 0 00-4.706 0C9.229 4.696 7.5 6.727 7.5 8.998v2.24c0 1.413.67 2.735 1.76 3.562l-2.98 2.98A.75.75 0 015 17.25v-3.443c-.501-.048-1-.106-1.495-.172C2.033 13.438 1 12.162 1 10.72V5.28c0-1.441 1.033-2.717 2.505-2.914z\"><\/path>   <path d=\"M14 6c-.762 0-1.52.02-2.271.062C10.157 6.148 9 7.472 9 8.998v2.24c0 1.519 1.147 2.839 2.71 2.935.214.013.428.024.642.034.2.009.385.09.518.224l2.35 2.35a.75.75 0 001.28-.531v-2.07c1.453-.195 2.5-1.463 2.5-2.915V8.998c0-1.526-1.157-2.85-2.729-2.936A41.645 41.645 0 0014 6z\"><\/path> <\/svg><\/span><span class=\"gb-headline-text\">Ayuda para la compra<\/span><\/p>\n\n\n\n<h2 class=\"gb-headline gb-headline-a74d99bb gb-headline-text\">\u00bfTiene alguna <strong>pregunta sobre el producto<\/strong>?<\/h2>\n\n\n\n<p class=\"gb-headline gb-headline-c5a9534f gb-headline-text\">Pregunte de nuevo antes de comprar, antes de acabar con el producto equivocado.<\/p>\n\n\n\n<a class=\"gb-button gb-button-7a0bb7da gb-button-text\" href=\"https:\/\/www.avanet.com\/es\/contactar-con\/\">Formule una pregunta<\/a>\n\n<\/div><\/div><\/article><\/div>\n","protected":false},"excerpt":{"rendered":"","protected":false},"featured_media":40000,"template":"","meta":{"_acf_changed":false},"product_brand":[],"product_cat":[596],"product_tag":[],"class_list":{"0":"post-58635","1":"product","2":"type-product","3":"status-publish","4":"has-post-thumbnail","6":"product_cat-uncategorized","8":"first","9":"instock","10":"taxable","11":"shipping-taxable","12":"purchasable","13":"product-type-variable","14":"has-default-attributes"},"acf":[],"_links":{"self":[{"href":"https:\/\/www.avanet.com\/es\/wp-json\/wp\/v2\/product\/58635","targetHints":{"allow":["GET"]}}],"collection":[{"href":"https:\/\/www.avanet.com\/es\/wp-json\/wp\/v2\/product"}],"about":[{"href":"https:\/\/www.avanet.com\/es\/wp-json\/wp\/v2\/types\/product"}],"wp:featuredmedia":[{"embeddable":true,"href":"https:\/\/www.avanet.com\/es\/wp-json\/wp\/v2\/media\/40000"}],"wp:attachment":[{"href":"https:\/\/www.avanet.com\/es\/wp-json\/wp\/v2\/media?parent=58635"}],"wp:term":[{"taxonomy":"product_brand","embeddable":true,"href":"https:\/\/www.avanet.com\/es\/wp-json\/wp\/v2\/product_brand?post=58635"},{"taxonomy":"product_cat","embeddable":true,"href":"https:\/\/www.avanet.com\/es\/wp-json\/wp\/v2\/product_cat?post=58635"},{"taxonomy":"product_tag","embeddable":true,"href":"https:\/\/www.avanet.com\/es\/wp-json\/wp\/v2\/product_tag?post=58635"}],"curies":[{"name":"wp","href":"https:\/\/api.w.org\/{rel}","templated":true}]}}