{"id":97573,"date":"2022-01-25T13:52:13","date_gmt":"2022-01-25T12:52:13","guid":{"rendered":"https:\/\/www.avanet.com\/shop\/sophos-poe-plus-injector-25-gbit-8023afat-30w-with-eu-power-cord-po2ztcheu\/"},"modified":"2024-04-19T08:23:29","modified_gmt":"2024-04-19T07:23:29","slug":"sophos-poe-plus-injector-25-gbit-8023afat-30w-with-eu-power-cord-po2ztcheu","status":"publish","type":"product","link":"https:\/\/www.avanet.com\/es\/shop\/sophos-poe-plus-injector-25-gbit-8023afat-30w-with-eu-power-cord-po2ztcheu\/","title":{"rendered":"Sophos Gbit\/2.5G PoE+ Injector (802.3af\/at &#8211; 30W) &#8211; con cable de alimentaci\u00f3n EU"},"content":{"rendered":"<div data-block=\"hook:113193\" class=\"alignfull\"><article id=\"post-113193\" class=\"post-113193\"><div class=\"entry-content is-layout-constrained\">\n<p>Este inyector PoE de Sophos es compatible con los est\u00e1ndares <strong>802.3af<\/strong> y <strong>802.3at<\/strong>.<\/p>\n\n<h3 class=\"wp-block-heading\" id=\"h-802-3af-poe-z-b-fur-apx-120-und-apx-320\" style=\"font-size:clamp(14.082px, 0.88rem + ((1vw - 3.2px) * 0.54), 21px);font-style:normal;font-weight:600\">802.3af = PoE (p. ej. para APX 120 y APX 320)<\/h3>\n\n<p>La norma IEEE 802.3af (PoE) admite el suministro de alimentaci\u00f3n a trav\u00e9s de Ethernet con hasta 15,4 W por puerto, que puede utilizarse para alimentar diversos dispositivos.\nSin embargo, debido a la potencia derivada en el cable, s\u00f3lo se garantiza la disponibilidad de 12,95 W en el dispositivo alimentado. <\/p>\n\n<h3 class=\"wp-block-heading\" id=\"h-802-3at-poe-z-b-fur-apx-530-740-und-320x\" style=\"font-size:clamp(14.082px, 0.88rem + ((1vw - 3.2px) * 0.54), 21px);font-style:normal;font-weight:600\">802.3at = PoE+ (p. ej. para APX 530, 740, 320X, AP6 420, AP6 420E, AP6 840, AP6 420X)<\/h3>\n\n<p>El est\u00e1ndar IEEE 802.3at (PoE+) admite hasta 30 W de potencia en los puertos (25,5 W tras la disipaci\u00f3n de energ\u00eda), por lo que los dispositivos que necesiten m\u00e1s de 15,4 W pueden encenderse cuando se conecten a los puertos PoE+.<\/p>\n\n<p>Este inyector PoE+ de Sophos puede utilizarse para los siguientes puntos de acceso AP6:<\/p>\n\n<ul class=\"wp-block-list\">\n<li><a href=\"https:\/\/www.avanet.com\/es\/shop\/sophos-ap6-420-access-point\/\" data-type=\"product\" data-id=\"124653\">Sophos AP6 420<\/a><\/li>\n\n\n\n<li><a href=\"https:\/\/www.avanet.com\/es\/shop\/sophos-ap6-420e-access-point\/\">Sophos AP6 420E<\/a><\/li>\n\n\n\n<li><a href=\"https:\/\/www.avanet.com\/es\/shop\/sophos-ap6-840-access-point\/\">Sophos AP6 840<\/a><\/li>\n\n\n\n<li><a href=\"https:\/\/www.avanet.com\/es\/shop\/sophos-ap6-420x-outdoor-access-point\/\">Sophos AP6 420X<\/a><\/li>\n<\/ul>\n\n<p>Este inyector PoE+ de Sophos puede utilizarse para los siguientes Access Points APX:<\/p>\n\n<ul class=\"wp-block-list\">\n<li><a href=\"https:\/\/www.avanet.com\/es\/shop\/sophos-apx-120\/\" data-type=\"product\" data-id=\"12022\">Sophos APX 120<\/a><\/li>\n\n\n\n<li><a href=\"https:\/\/www.avanet.com\/es\/shop\/sophos-apx-320\/\" data-type=\"product\" data-id=\"12023\">Sophos APX 320<\/a><\/li>\n\n\n\n<li><a href=\"https:\/\/www.avanet.com\/es\/shop\/sophos-apx-530\/\" data-type=\"product\" data-id=\"12024\">Sophos APX 530<\/a><\/li>\n\n\n\n<li><a href=\"https:\/\/www.avanet.com\/es\/shop\/sophos-apx-740\/\" data-type=\"product\" data-id=\"12025\">Sophos APX 740<\/a><\/li>\n\n\n\n<li><a href=\"https:\/\/www.avanet.com\/es\/shop\/sophos-apx-320x\/\" data-type=\"product\" data-id=\"12026\">Sophos APX 320X<\/a><\/li>\n<\/ul>\n<\/div><\/article><\/div>\n","protected":false},"excerpt":{"rendered":"[blocksy-content-block id=\"108290\"]\n","protected":false},"featured_media":99318,"template":"","meta":{"_acf_changed":false},"product_brand":[],"product_cat":[596],"product_tag":[],"class_list":{"0":"post-97573","1":"product","2":"type-product","3":"status-publish","4":"has-post-thumbnail","6":"product_cat-uncategorized","8":"first","9":"instock","10":"taxable","11":"shipping-taxable","12":"purchasable","13":"product-type-simple"},"acf":[],"_links":{"self":[{"href":"https:\/\/www.avanet.com\/es\/wp-json\/wp\/v2\/product\/97573","targetHints":{"allow":["GET"]}}],"collection":[{"href":"https:\/\/www.avanet.com\/es\/wp-json\/wp\/v2\/product"}],"about":[{"href":"https:\/\/www.avanet.com\/es\/wp-json\/wp\/v2\/types\/product"}],"wp:featuredmedia":[{"embeddable":true,"href":"https:\/\/www.avanet.com\/es\/wp-json\/wp\/v2\/media\/99318"}],"wp:attachment":[{"href":"https:\/\/www.avanet.com\/es\/wp-json\/wp\/v2\/media?parent=97573"}],"wp:term":[{"taxonomy":"product_brand","embeddable":true,"href":"https:\/\/www.avanet.com\/es\/wp-json\/wp\/v2\/product_brand?post=97573"},{"taxonomy":"product_cat","embeddable":true,"href":"https:\/\/www.avanet.com\/es\/wp-json\/wp\/v2\/product_cat?post=97573"},{"taxonomy":"product_tag","embeddable":true,"href":"https:\/\/www.avanet.com\/es\/wp-json\/wp\/v2\/product_tag?post=97573"}],"curies":[{"name":"wp","href":"https:\/\/api.w.org\/{rel}","templated":true}]}}