{"id":110148,"date":"2025-03-01T19:35:00","date_gmt":"2025-03-01T18:35:00","guid":{"rendered":"https:\/\/www.avanet.com\/shop\/sophos-firewall\/"},"modified":"2025-03-06T16:15:35","modified_gmt":"2025-03-06T15:15:35","slug":"sophos-firewall","status":"publish","type":"page","link":"https:\/\/www.avanet.com\/fr\/shop\/sophos-firewall\/","title":{"rendered":"Sophos Firewall"},"content":{"rendered":"<div class=\"gb-container gb-container-10ff455e\">\n<div class=\"gb-container gb-container-f82ab0bb\">\n\n<h1 class=\"gb-headline gb-headline-9e6476e9\"><span class=\"gb-icon\"><svg xmlns:xlink=\"http:\/\/www.w3.org\/1999\/xlink\" xmlns=\"http:\/\/www.w3.org\/2000\/svg\" style=\"fill-rule:evenodd;clip-rule:evenodd;stroke-linejoin:round;stroke-miterlimit:2;\" xml:space=\"preserve\" viewbox=\"0 0 19 19\" height=\"100%\" width=\"100%\"><g><path style=\"fill:#0072d1;fill-rule:nonzero;\" d=\"M9.782,1.502c0,-0.832 -0.675,-1.502 -1.5,-1.502l-6.75,0c-0.825,0 -1.5,0.67 -1.5,1.502l0,1.586c0,0.831 0.675,1.502 1.5,1.502l6.75,0c0.825,0 1.5,-0.671 1.5,-1.502l0,-1.586Z\"><\/path><path style=\"fill:#0072d1;fill-rule:nonzero;\" d=\"M18.004,1.502c0,-0.832 -0.693,-1.502 -1.477,-1.502l-3.046,0c-0.785,0 -1.477,0.67 -1.477,1.502l0,1.586c0,0.831 0.692,1.502 1.477,1.502l3.046,0c0.784,0 1.477,-0.671 1.477,-1.502l0,-1.586Z\"><\/path><path style=\"fill:#0072d1;fill-rule:nonzero;\" d=\"M8.282,9.963c0,0.832 0.675,1.502 1.5,1.502l6.75,-0c0.825,-0 1.5,-0.67 1.5,-1.502l0,-1.586c0,-0.831 -0.675,-1.502 -1.5,-1.502l-6.75,-0c-0.825,-0 -1.5,0.671 -1.5,1.502l0,1.586Z\"><\/path><path style=\"fill:#0072d1;fill-rule:nonzero;\" d=\"M0,9.963c0,0.832 0.692,1.502 1.477,1.502l3.046,-0c0.785,-0 1.477,-0.67 1.477,-1.502l-0,-1.586c-0,-0.831 -0.692,-1.502 -1.477,-1.502l-3.046,-0c-0.785,-0 -1.477,0.671 -1.477,1.502l-0,1.586Z\"><\/path><path style=\"fill:#0072d1;fill-rule:nonzero;\" d=\"M12,16.758c0,0.831 0.692,1.502 1.477,1.502l3.046,0c0.785,0 1.477,-0.671 1.477,-1.502l0,-1.586c0,-0.832 -0.692,-1.502 -1.477,-1.502l-3.046,0c-0.785,0 -1.477,0.67 -1.477,1.502l0,1.586Z\"><\/path><path style=\"fill:#0072d1;fill-rule:nonzero;\" d=\"M0.032,16.758c0,0.831 0.675,1.502 1.5,1.502l6.75,0c0.825,0 1.5,-0.671 1.5,-1.502l0,-1.586c0,-0.832 -0.675,-1.502 -1.5,-1.502l-6.75,0c-0.825,0 -1.5,0.67 -1.5,1.502l-0,1.586Z\"><\/path><\/g><\/svg><\/span><span class=\"gb-headline-text\">Firewall<\/span><\/h1>\n\n\n\n<p>S\u00e9lectionnez le mod\u00e8le de pare-feu souhait\u00e9 et acc\u00e9dez au <strong>mat\u00e9riel<\/strong>, aux <strong>licences<\/strong> et aux <strong>bundles<\/strong> correspondants, ainsi qu&rsquo;aux <strong>accessoires<\/strong> appropri\u00e9s.<\/p>\n\n\n<div class=\"gb-container gb-container-f8f4498f\">\n\n<p class=\"gb-headline gb-headline-90ef48b0 gb-headline-text\">NOUVEAU<\/p>\n\n\n\n<p class=\"gb-headline gb-headline-dea96904 gb-headline-text\"><a href=\"https:\/\/www.avanet.com\/fr\/shop\/sophos-firewall\/hosted-sophos-firewall\/\" data-type=\"page\" data-id=\"118536\">Hosted Sophos Firewall<\/a><\/p>\n\n<\/div>\n<\/div>\n\n<div class=\"gb-container gb-container-c0c9165a\">\n<div class=\"gb-container gb-container-5115f28f gb-tabs\" data-opened-tab=\"1\">\n<div class=\"gb-container gb-container-ced90e7e gb-tabs__buttons\">\n\n<button class=\"gb-button gb-button-1afce154 gb-button-text gb-tabs__button gb-block-is-current\" id=\"gb-tab-button-1afce154\">XGS Series<\/button>\n\n\n\n<button class=\"gb-button gb-button-1eeb1aaa gb-button-text gb-tabs__button\" id=\"gb-tab-button-1eeb1aaa\">SFOS Software<\/button>\n\n\n<div class=\"gb-container gb-container-c5c7506b\">\n\n<p class=\"gb-headline gb-headline-da6f1bb8 gb-headline-text\"><a href=\"https:\/\/www.avanet.com\/fr\/shop\/sophos-firewall\/hosted-sophos-firewall\/\" data-type=\"page\" data-id=\"118536\">Hosted Sophos Firewall<\/a><\/p>\n\n<\/div>\n<\/div>\n\n<div class=\"gb-container gb-container-4fe5c866 gb-tabs__items\">\n<div class=\"gb-container gb-container-67860842 gb-tabs__item gb-tabs__item-open\" id=\"gb-tab-item-67860842\">\n<div class=\"gb-container gb-container-12976cb7\">\n<div class=\"gb-container gb-container-325106c8\">\n\n<h3 class=\"gb-headline gb-headline-177e1663 gb-headline-text\">Desktop Mod\u00e8les<\/h3>\n\n\n\n<p class=\"gb-headline gb-headline-854f7c67 gb-headline-text\"><a href=\"https:\/\/www.avanet.com\/fr\/shop\/sophos-firewall\/xgs-87\/\" data-type=\"link\" data-id=\"https:\/\/www.avanet.com\/fr\/shop\/sophos-firewall\/xgs-87\/\">XGS 87<\/a><\/p>\n\n\n<div class=\"gb-container gb-container-a739ba8c\">\n\n<p class=\"gb-headline gb-headline-e8d03e56 gb-headline-text\"><a href=\"https:\/\/www.avanet.com\/fr\/shop\/sophos-firewall\/xgs-88\/\" data-type=\"link\" data-id=\"https:\/\/www.avanet.com\/fr\/shop\/sophos-firewall\/xgs-87\/\">XGS 88<\/a><\/p>\n\n\n\n<p class=\"gb-headline gb-headline-2a6056b3 gb-headline-text\">NOUVEAU<\/p>\n\n<\/div>\n\n\n<p class=\"gb-headline gb-headline-a480c259 gb-headline-text\"><a href=\"https:\/\/www.avanet.com\/fr\/shop\/sophos-firewall\/xgs-107\/\" data-type=\"link\" data-id=\"https:\/\/www.avanet.com\/fr\/shop\/sophos-firewall\/xgs-107\/\">XGS 107<\/a><\/p>\n\n\n<div class=\"gb-container gb-container-92c90438\">\n\n<p class=\"gb-headline gb-headline-cf051bf3 gb-headline-text\"><a href=\"https:\/\/www.avanet.com\/fr\/shop\/sophos-firewall\/xgs-108\/\" data-type=\"link\" data-id=\"https:\/\/www.avanet.com\/fr\/shop\/sophos-firewall\/xgs-87\/\">XGS 108<\/a><\/p>\n\n\n\n<p class=\"gb-headline gb-headline-1a067edf gb-headline-text\">NOUVEAU<\/p>\n\n<\/div>\n\n\n<p class=\"gb-headline gb-headline-3bcd3b6f gb-headline-text\"><a href=\"https:\/\/www.avanet.com\/fr\/shop\/sophos-firewall\/xgs-116\/\" data-type=\"link\" data-id=\"https:\/\/www.avanet.com\/fr\/shop\/sophos-firewall\/xgs-116\/\">XGS 116<\/a><\/p>\n\n\n<div class=\"gb-container gb-container-a3ec28ed\">\n\n<p class=\"gb-headline gb-headline-cc9ffebe gb-headline-text\"><a href=\"https:\/\/www.avanet.com\/fr\/shop\/sophos-firewall\/xgs-118\/\" data-type=\"link\" data-id=\"https:\/\/www.avanet.com\/fr\/shop\/sophos-firewall\/xgs-87\/\">XGS 118<\/a><\/p>\n\n\n\n<p class=\"gb-headline gb-headline-1ac8f84c gb-headline-text\">NOUVEAU<\/p>\n\n<\/div>\n\n\n<p class=\"gb-headline gb-headline-5d72498c gb-headline-text\"><a href=\"https:\/\/www.avanet.com\/fr\/shop\/sophos-firewall\/xgs-126\/\">XGS 126<\/a><\/p>\n\n\n<div class=\"gb-container gb-container-42c6927e\">\n\n<p class=\"gb-headline gb-headline-d15f10db gb-headline-text\"><a href=\"https:\/\/www.avanet.com\/fr\/shop\/sophos-firewall\/xgs-128\/\" data-type=\"link\" data-id=\"https:\/\/www.avanet.com\/fr\/shop\/sophos-firewall\/xgs-87\/\">XGS 128<\/a><\/p>\n\n\n\n<p class=\"gb-headline gb-headline-ac583a4a gb-headline-text\">NOUVEAU<\/p>\n\n<\/div>\n\n\n<p class=\"gb-headline gb-headline-e55e2cfe gb-headline-text\"><a href=\"https:\/\/www.avanet.com\/fr\/shop\/sophos-firewall\/xgs-136\/\">XGS 136<\/a><\/p>\n\n\n<div class=\"gb-container gb-container-56b59505\">\n\n<p class=\"gb-headline gb-headline-0cd9d710 gb-headline-text\"><a href=\"https:\/\/www.avanet.com\/fr\/shop\/sophos-firewall\/xgs-138\/\" data-type=\"link\" data-id=\"https:\/\/www.avanet.com\/fr\/shop\/sophos-firewall\/xgs-87\/\">XGS 138<\/a><\/p>\n\n\n\n<p class=\"gb-headline gb-headline-e60a35b6 gb-headline-text\">NOUVEAU<\/p>\n\n<\/div>\n<\/div>\n\n<div class=\"gb-container gb-container-b56d52c5\">\n\n<h3 class=\"gb-headline gb-headline-0dfaae26 gb-headline-text\">1U MOD\u00c8LES<\/h3>\n\n\n\n<p class=\"gb-headline gb-headline-60cf679f gb-headline-text\"><a href=\"https:\/\/www.avanet.com\/fr\/shop\/sophos-firewall\/xgs-2100\/\" data-type=\"link\" data-id=\"https:\/\/www.avanet.com\/fr\/shop\/sophos-firewall\/xgs-2100\/\">XGS 2100<\/a><\/p>\n\n\n\n<p class=\"gb-headline gb-headline-c8e8fc63 gb-headline-text\"><a href=\"https:\/\/www.avanet.com\/fr\/shop\/sophos-firewall\/xgs-2300\/\">XGS 2300<\/a><\/p>\n\n\n\n<p class=\"gb-headline gb-headline-1e394189 gb-headline-text\"><a href=\"https:\/\/www.avanet.com\/fr\/shop\/sophos-firewall\/xgs-3100\/\">XGS 3100<\/a><\/p>\n\n\n\n<p class=\"gb-headline gb-headline-12dbad32 gb-headline-text\"><a href=\"https:\/\/www.avanet.com\/fr\/shop\/sophos-firewall\/xgs-3300\/\">XGS 3300<\/a><\/p>\n\n\n\n<p class=\"gb-headline gb-headline-6b0eea0d gb-headline-text\"><a href=\"https:\/\/www.avanet.com\/fr\/shop\/sophos-firewall\/xgs-4300\/\">XGS 4300<\/a><\/p>\n\n\n\n<p class=\"gb-headline gb-headline-28bbb8f6 gb-headline-text\"><a href=\"https:\/\/www.avanet.com\/fr\/shop\/sophos-firewall\/xgs-4500\/\">XGS 4500<\/a><\/p>\n\n<\/div>\n\n<div class=\"gb-container gb-container-2e5ac96c\">\n\n<h3 class=\"gb-headline gb-headline-90df1093 gb-headline-text\">2U MOD\u00c8LES<\/h3>\n\n\n\n<p class=\"gb-headline gb-headline-f9153bd1 gb-headline-text\"><a href=\"https:\/\/www.avanet.com\/fr\/shop\/sophos-firewall\/xgs-5500\/\" data-type=\"link\" data-id=\"https:\/\/www.avanet.com\/fr\/shop\/sophos-firewall\/xgs-5500\/\">XGS 5500<\/a><\/p>\n\n\n\n<p class=\"gb-headline gb-headline-b4c854fb gb-headline-text\"><a href=\"https:\/\/www.avanet.com\/fr\/shop\/sophos-firewall\/xgs-6500\/\">XGS 6500<\/a><\/p>\n\n<\/div>\n<\/div>\n<\/div>\n\n<div class=\"gb-container gb-container-91456a41 gb-tabs__item\" id=\"gb-tab-item-91456a41\">\n<div class=\"gb-container gb-container-c66f175b\">\n<div class=\"gb-container gb-container-7725f14d\">\n\n<h3 class=\"gb-headline gb-headline-8ee91b89 gb-headline-text\">CLOUD, VIRTUAL, SOFTWARE<\/h3>\n\n\n\n<p class=\"gb-headline gb-headline-a8c315e3 gb-headline-text\"><a href=\"https:\/\/www.avanet.com\/fr\/shop\/sophos-firewall\/1-core-4-gb-ram\/\">1 Core<\/a><\/p>\n\n\n\n<p class=\"gb-headline gb-headline-5acb4c6b gb-headline-text\"><a href=\"https:\/\/www.avanet.com\/fr\/shop\/sophos-firewall\/2-core-4-gb-ram\/\">2 Cores<\/a><\/p>\n\n\n\n<p class=\"gb-headline gb-headline-ef2e6728 gb-headline-text\"><a href=\"https:\/\/www.avanet.com\/fr\/shop\/sophos-firewall\/4-core-6-gb-ram\/\">4 Cores<\/a><\/p>\n\n\n\n<p class=\"gb-headline gb-headline-07b6033a gb-headline-text\"><a href=\"https:\/\/www.avanet.com\/fr\/shop\/sophos-firewall\/6-core-8-gb-ram\/\">6 Cores<\/a><\/p>\n\n\n\n<p class=\"gb-headline gb-headline-f2dea66c gb-headline-text\"><a href=\"https:\/\/www.avanet.com\/fr\/shop\/sophos-firewall\/8-core-16-gb-ram\/\">8 Cores<\/a><\/p>\n\n\n\n<p class=\"gb-headline gb-headline-096dd940 gb-headline-text\"><a href=\"https:\/\/www.avanet.com\/fr\/shop\/sophos-firewall\/16-core-24-gb-ram\/\">16 Cores<\/a><\/p>\n\n\n\n<p class=\"gb-headline gb-headline-785b0b83 gb-headline-text\"><a href=\"https:\/\/www.avanet.com\/fr\/shop\/sophos-firewall\/unlimited-core-unlimited-gb-ram\/\">Unlimited Cores<\/a><\/p>\n\n<\/div>\n<\/div>\n<\/div>\n<\/div>\n<\/div>\n<\/div>\n<\/div>\n<p><\/p>\n","protected":false},"excerpt":{"rendered":"<p>Firewall S\u00e9lectionnez le mod\u00e8le de pare-feu souhait\u00e9 et acc\u00e9dez au mat\u00e9riel, aux licences et aux bundles correspondants, ainsi qu&rsquo;aux accessoires appropri\u00e9s. NOUVEAU Hosted Sophos Firewall Hosted Sophos Firewall Desktop Mod\u00e8les XGS 87 XGS 88 NOUVEAU XGS 107 XGS 108 NOUVEAU XGS 116 XGS 118 NOUVEAU XGS 126 XGS 128 NOUVEAU XGS 136 XGS 138 NOUVEAU [&hellip;]<\/p>\n","protected":false},"author":1,"featured_media":0,"parent":40975,"menu_order":0,"comment_status":"closed","ping_status":"closed","template":"","meta":{"_acf_changed":false,"footnotes":""},"class_list":["post-110148","page","type-page","status-publish","hentry"],"blocksy_meta":{"has_hero_section":"disabled"},"acf":[],"_links":{"self":[{"href":"https:\/\/www.avanet.com\/fr\/wp-json\/wp\/v2\/pages\/110148","targetHints":{"allow":["GET"]}}],"collection":[{"href":"https:\/\/www.avanet.com\/fr\/wp-json\/wp\/v2\/pages"}],"about":[{"href":"https:\/\/www.avanet.com\/fr\/wp-json\/wp\/v2\/types\/page"}],"author":[{"embeddable":true,"href":"https:\/\/www.avanet.com\/fr\/wp-json\/wp\/v2\/users\/1"}],"replies":[{"embeddable":true,"href":"https:\/\/www.avanet.com\/fr\/wp-json\/wp\/v2\/comments?post=110148"}],"version-history":[{"count":0,"href":"https:\/\/www.avanet.com\/fr\/wp-json\/wp\/v2\/pages\/110148\/revisions"}],"up":[{"embeddable":true,"href":"https:\/\/www.avanet.com\/fr\/wp-json\/wp\/v2\/pages\/40975"}],"wp:attachment":[{"href":"https:\/\/www.avanet.com\/fr\/wp-json\/wp\/v2\/media?parent=110148"}],"curies":[{"name":"wp","href":"https:\/\/api.w.org\/{rel}","templated":true}]}}