{"id":110220,"date":"2023-03-13T09:47:53","date_gmt":"2023-03-13T08:47:53","guid":{"rendered":"https:\/\/www.avanet.com\/shop\/sophos-central\/"},"modified":"2023-12-11T14:14:01","modified_gmt":"2023-12-11T13:14:01","slug":"sophos-central","status":"publish","type":"page","link":"https:\/\/www.avanet.com\/fr\/shop\/sophos-central\/","title":{"rendered":"Sophos Central"},"content":{"rendered":"<div class=\"gb-container gb-container-10ff455e\">\n<div class=\"gb-container gb-container-f82ab0bb\">\n\n<h1 class=\"gb-headline gb-headline-9e6476e9\"><span class=\"gb-icon\"><svg xmlns:xlink=\"http:\/\/www.w3.org\/1999\/xlink\" xmlns=\"http:\/\/www.w3.org\/2000\/svg\" style=\"fill-rule:evenodd;clip-rule:evenodd;stroke-linejoin:round;stroke-miterlimit:2;\" xml:space=\"preserve\" viewbox=\"0 0 132 146\" height=\"100%\" width=\"100%\"><g id=\"menu-central\"><g><path style=\"fill:#0072d1;fill-rule:nonzero;\" d=\"M65.694,89.813l-14.847,-8.563l0,-17.156l14.847,-8.594l14.85,8.594l0,17.156l-14.85,8.563Z\"><\/path><path style=\"fill:#0072d1;fill-rule:nonzero;\" d=\"M80.86,98.938c-2.656,1.531 -5.334,2.937 -8.013,4.281c2.988,1.094 5.954,2.031 8.872,2.812c0.819,-0.437 1.635,-0.906 2.45,-1.375c3.225,-1.843 6.307,-3.812 9.257,-5.812c-1.079,5.281 -2.475,10.219 -4.125,14.687c-11.904,-2.062 -25.525,-7 -38.76,-14.625c-2.74,-1.593 -5.397,-3.25 -7.959,-4.968c0.515,3.125 1.144,6.156 1.884,9.062c0.913,0.531 1.831,1.094 2.766,1.625c3.256,1.906 6.515,3.594 9.762,5.156c-5.084,1.719 -10.075,3 -14.881,3.813c-4.191,-11.344 -6.737,-25.625 -6.737,-40.938c-0,-3.125 0.109,-6.218 0.315,-9.25c-2.44,2.032 -4.75,4.125 -6.897,6.219c-0.022,1 -0.034,2.031 -0.034,3.031c-0,3.75 0.144,7.407 0.409,10.969c-4.009,-3.531 -7.606,-7.219 -10.709,-10.969c7.925,-9.562 19.066,-18.718 32.081,-26.25c2.675,-1.531 5.369,-2.968 8.06,-4.281c-2.994,-1.094 -5.969,-2.031 -8.894,-2.844c-0.822,0.469 -1.65,0.938 -2.475,1.407c-3.206,1.843 -6.3,3.812 -9.278,5.843c1.087,-5.312 2.49,-10.281 4.159,-14.812c12.25,2.094 25.744,7.156 38.747,14.687c2.741,1.563 5.391,3.219 7.937,4.938c-0.515,-3.125 -1.146,-6.156 -1.884,-9.063c-0.909,-0.531 -1.822,-1.093 -2.744,-1.625c-3.193,-1.843 -6.418,-3.531 -9.653,-5.093c5.11,-1.688 10.081,-2.969 14.785,-3.782c4.178,11.344 6.715,25.594 6.715,40.875c0,3.125 -0.112,6.219 -0.315,9.25c2.44,-2.031 4.746,-4.093 6.896,-6.218c0.022,-1 0.035,-2 0.035,-3.032c-0,-3.718 -0.144,-7.375 -0.41,-10.937c4.044,3.562 7.635,7.25 10.697,10.937c-7.731,9.282 -18.818,18.625 -32.059,26.282Zm20.328,-46.782c-1.116,-7.718 -2.841,-14.875 -5.081,-21.25c1.709,-0.125 3.372,-0.187 4.975,-0.187c10.369,-0 18.325,2.906 21.806,8.937c3.369,5.844 2.122,13.844 -2.656,22.469c1.616,1.813 3.128,3.656 4.525,5.469c6.972,-11.594 8.759,-22.75 3.862,-31.25c-8.537,-14.781 -34.34,-16.063 -62.912,-4.656c-7.138,-2.844 -14.213,-4.938 -20.985,-6.219c5.491,-11.594 12.925,-18.844 20.972,-18.844c6.763,0 13.091,5.125 18.2,13.625c2.372,-0.469 4.707,-0.875 6.988,-1.156c-6.553,-11.906 -15.363,-19.094 -25.188,-19.094c-17.087,-0 -31.118,21.719 -35.506,52.219c-6.016,4.75 -11.353,9.812 -15.828,15.031c-0.091,-0.125 -0.188,-0.25 -0.275,-0.375c-7.309,-10.781 -9.341,-20.719 -5.575,-27.25c3.225,-5.594 10.741,-8.719 20.984,-8.937c0.763,-2.282 1.582,-4.5 2.469,-6.594c-14.106,-0.344 -24.4,3.937 -29.181,12.219c-5.163,8.937 -3.094,21.125 5.825,34.281c5.312,7.812 12.722,15.5 21.584,22.5c1.119,7.75 2.856,14.937 5.113,21.344c-0.138,0.031 -0.278,0.031 -0.419,0.062c-12.994,0.938 -22.606,-2.281 -26.375,-8.812c-3.209,-5.563 -2.206,-13.563 2.672,-22.5c-1.613,-1.782 -3.116,-3.594 -4.51,-5.407c-7.256,11.969 -8.653,22.969 -3.89,31.219c4.609,8 14.344,12.25 27.681,12.25c1.584,0 3.216,-0.031 4.897,-0.156c9.456,-0.688 19.834,-3.281 30.337,-7.469c7.247,2.906 14.313,5 20.963,6.25c-5.491,11.594 -12.922,18.813 -20.966,18.813c-6.759,-0 -13.087,-5.094 -18.197,-13.625c-2.375,0.5 -4.706,0.875 -6.984,1.187c6.553,11.875 15.363,19.063 25.181,19.063c17.075,-0 31.1,-21.688 35.497,-52.157c6.135,-4.812 11.469,-9.906 15.878,-15.031c7.279,10.531 9.838,20.594 5.819,27.531c-3.387,5.875 -11.019,8.813 -20.987,8.938c-0.766,2.312 -1.594,4.531 -2.488,6.656l1.372,0c12.962,0 23.078,-4.031 27.834,-12.281c8.541,-14.781 -3.246,-37.781 -27.431,-56.813Z\"><\/path><\/g><\/g><\/svg><\/span><span class=\"gb-headline-text\">Sophos Central<\/span><\/h1>\n\n\n\n<p>S\u00e9lectionnez le module Central souhait\u00e9 et acc\u00e9dez directement \u00e0 la page du produit pour en savoir plus et commander le nombre de licences souhait\u00e9.<\/p>\n\n<\/div>\n\n<div class=\"gb-container gb-container-c0c9165a\">\n<div class=\"gb-container gb-container-325106c8\">\n\n<h3 class=\"gb-headline gb-headline-177e1663 gb-headline-text\">Endpoint<\/h3>\n\n\n\n<p class=\"gb-headline gb-headline-854f7c67 gb-headline-text\"><a href=\"https:\/\/www.avanet.com\/fr\/shop\/sophos-central-intercept-x-essentials\/\">Intercept X Essentials<\/a><\/p>\n\n\n\n<p class=\"gb-headline gb-headline-352c47a3 gb-headline-text\"><a href=\"https:\/\/www.avanet.com\/fr\/shop\/sophos-central-intercept-x-advanced\/\">Intercept X Advanced<\/a><\/p>\n\n\n\n<p class=\"gb-headline gb-headline-1af042c9 gb-headline-text\"><a href=\"https:\/\/www.avanet.com\/fr\/shop\/sophos-central-intercept-x-advanced-avec-xdr\/\">Intercept X Advanced avec XDR<\/a><\/p>\n\n\n\n<p class=\"gb-headline gb-headline-970f1127 gb-headline-text\"><a href=\"https:\/\/www.avanet.com\/fr\/shop\/sophos-central-managed-detection-and-response\/\">Managed Detection and Response Essentials<\/a><\/p>\n\n\n\n<p class=\"gb-headline gb-headline-083201d3 gb-headline-text\"><a href=\"https:\/\/www.avanet.com\/fr\/shop\/sophos-central-managed-detection-and-response-complete\/\">Managed Detection and Response Complete<\/a><\/p>\n\n\n\n<p class=\"gb-headline gb-headline-a54c6439 gb-headline-text\"><a href=\"https:\/\/www.avanet.com\/fr\/shop\/sophos-central-device-encryption\/\">Sophos Central Device Encryption<\/a><\/p>\n\n<\/div>\n\n<div class=\"gb-container gb-container-b56d52c5\">\n\n<h3 class=\"gb-headline gb-headline-0dfaae26 gb-headline-text\">Server<\/h3>\n\n\n\n<p class=\"gb-headline gb-headline-3fa58a55 gb-headline-text\"><a href=\"https:\/\/www.avanet.com\/fr\/shop\/sophos-central-intercept-x-essentials-pour-server\/\">Intercept X Essentials f\u00fcr Server<\/a><\/p>\n\n\n\n<p class=\"gb-headline gb-headline-16de42d7 gb-headline-text\"><a href=\"https:\/\/www.avanet.com\/fr\/shop\/sophos-central-intercept-x-advanced-pour-server\/\">Intercept X Advanced pour serveurs<\/a><\/p>\n\n\n\n<p class=\"gb-headline gb-headline-daf201b0 gb-headline-text\"><a href=\"https:\/\/www.avanet.com\/fr\/shop\/sophos-central-intercept-x-advanced-pour-server-avec-xdr\/\">Intercept X Advanced f\u00fcr Server mit XDR<\/a><\/p>\n\n\n\n<p class=\"gb-headline gb-headline-7ace8aad gb-headline-text\"><a href=\"https:\/\/www.avanet.com\/fr\/shop\/sophos-central-managed-detection-and-response-server\/\">Managed Detection and Response Essentials Server<\/a><\/p>\n\n\n\n<p class=\"gb-headline gb-headline-caf3d484 gb-headline-text\"><a href=\"https:\/\/www.avanet.com\/fr\/shop\/sophos-central-managed-detection-and-response-complete-server\/\">Managed Detection and Response Complete Server<\/a><\/p>\n\n<\/div>\n\n<div class=\"gb-container gb-container-6c32f2d2\">\n\n<h3 class=\"gb-headline gb-headline-fabcbc5e gb-headline-text\">Mobile<\/h3>\n\n\n\n<p class=\"gb-headline gb-headline-31398fba gb-headline-text\"><a href=\"https:\/\/www.avanet.com\/fr\/shop\/sophos-central-mobile-security\/\">Intercept X pour mobile<\/a><\/p>\n\n\n\n<p class=\"gb-headline gb-headline-804f3db3 gb-headline-text\"><a href=\"https:\/\/www.avanet.com\/fr\/shop\/sophos-central-mobile-standard\/\">Mobile Standard<\/a><\/p>\n\n\n\n<p class=\"gb-headline gb-headline-b54025c3 gb-headline-text\"><a href=\"https:\/\/www.avanet.com\/fr\/shop\/sophos-central-mobile-advanced\/\">Mobile Advanced<\/a><\/p>\n\n<\/div>\n\n<div class=\"gb-container gb-container-cbfac328\">\n\n<h3 class=\"gb-headline gb-headline-549757c9 gb-headline-text\">Email<\/h3>\n\n\n\n<p class=\"gb-headline gb-headline-ba6f74a4 gb-headline-text\"><a href=\"https:\/\/www.avanet.com\/fr\/shop\/sophos-central-email-advanced\/\">Email Advanced<\/a><\/p>\n\n\n\n<p class=\"gb-headline gb-headline-70162a5a gb-headline-text\"><a href=\"https:\/\/www.avanet.com\/fr\/shop\/sophos-central-phish-threat\/\">Phish Threat<\/a><\/p>\n\n<\/div>\n\n<div class=\"gb-container gb-container-29d26058\">\n\n<h3 class=\"gb-headline gb-headline-690ae706 gb-headline-text\">Zero Trust<\/h3>\n\n\n\n<p class=\"gb-headline gb-headline-2642bd30 gb-headline-text\"><a href=\"https:\/\/www.avanet.com\/fr\/shop\/sophos-central-zero-trust-network-access\/\">Zero Trust Network Access<\/a><\/p>\n\n<\/div>\n\n<div class=\"gb-container gb-container-58d70f21\">\n\n<h3 class=\"gb-headline gb-headline-2e56c787 gb-headline-text\">Firewall<\/h3>\n\n\n\n<p class=\"gb-headline gb-headline-f0b1d931 gb-headline-text\"><a href=\"https:\/\/www.avanet.com\/fr\/shop\/sophos-central-firewall-reporting\/\">Firewall Reporting Advanced<\/a><\/p>\n\n<\/div>\n\n<div class=\"gb-container gb-container-21e6b6be\">\n\n<h3 class=\"gb-headline gb-headline-df856662 gb-headline-text\">MDR Add-ons<\/h3>\n\n\n\n<p class=\"gb-headline gb-headline-dc0fcffc gb-headline-text\"><a href=\"https:\/\/www.avanet.com\/fr\/shop\/sophos-central-network-detection-and-response\/\">Network Detection and Response<\/a><\/p>\n\n<\/div>\n<\/div>\n<\/div>","protected":false},"excerpt":{"rendered":"<p>Sophos Central S\u00e9lectionnez le module Central souhait\u00e9 et acc\u00e9dez directement \u00e0 la page du produit pour en savoir plus et commander le nombre de licences souhait\u00e9. Endpoint Intercept X Essentials Intercept X Advanced Intercept X Advanced avec XDR Managed Detection and Response Essentials Managed Detection and Response Complete Sophos Central Device Encryption Server Intercept X [&hellip;]<\/p>\n","protected":false},"author":1,"featured_media":0,"parent":40975,"menu_order":0,"comment_status":"closed","ping_status":"closed","template":"","meta":{"_acf_changed":false,"footnotes":""},"class_list":["post-110220","page","type-page","status-publish","hentry"],"blocksy_meta":{"has_hero_section":"disabled"},"acf":[],"_links":{"self":[{"href":"https:\/\/www.avanet.com\/fr\/wp-json\/wp\/v2\/pages\/110220","targetHints":{"allow":["GET"]}}],"collection":[{"href":"https:\/\/www.avanet.com\/fr\/wp-json\/wp\/v2\/pages"}],"about":[{"href":"https:\/\/www.avanet.com\/fr\/wp-json\/wp\/v2\/types\/page"}],"author":[{"embeddable":true,"href":"https:\/\/www.avanet.com\/fr\/wp-json\/wp\/v2\/users\/1"}],"replies":[{"embeddable":true,"href":"https:\/\/www.avanet.com\/fr\/wp-json\/wp\/v2\/comments?post=110220"}],"version-history":[{"count":0,"href":"https:\/\/www.avanet.com\/fr\/wp-json\/wp\/v2\/pages\/110220\/revisions"}],"up":[{"embeddable":true,"href":"https:\/\/www.avanet.com\/fr\/wp-json\/wp\/v2\/pages\/40975"}],"wp:attachment":[{"href":"https:\/\/www.avanet.com\/fr\/wp-json\/wp\/v2\/media?parent=110220"}],"curies":[{"name":"wp","href":"https:\/\/api.w.org\/{rel}","templated":true}]}}