{"id":110224,"date":"2023-03-13T09:40:37","date_gmt":"2023-03-13T08:40:37","guid":{"rendered":"https:\/\/www.avanet.com\/shop\/sophos-access-point\/"},"modified":"2025-07-09T13:44:44","modified_gmt":"2025-07-09T12:44:44","slug":"sophos-access-point","status":"publish","type":"page","link":"https:\/\/www.avanet.com\/fr\/shop\/sophos-access-point\/","title":{"rendered":"Sophos Access Point"},"content":{"rendered":"<div class=\"gb-container gb-container-10ff455e\">\n<div class=\"gb-container gb-container-f82ab0bb\">\n\n<h1 class=\"gb-headline gb-headline-9e6476e9\"><span class=\"gb-icon\"><svg xmlns=\"http:\/\/www.w3.org\/2000\/svg\" class=\"w-6 h-6\" fill=\"currentColor\" viewbox=\"0 0 24 24\">   <path clip-rule=\"evenodd\" d=\"M1.371 8.143c5.858-5.857 15.356-5.857 21.213 0a.75.75 0 010 1.061l-.53.53a.75.75 0 01-1.06 0c-4.98-4.979-13.053-4.979-18.032 0a.75.75 0 01-1.06 0l-.53-.53a.75.75 0 010-1.06zm3.182 3.182c4.1-4.1 10.749-4.1 14.85 0a.75.75 0 010 1.061l-.53.53a.75.75 0 01-1.062 0 8.25 8.25 0 00-11.667 0 .75.75 0 01-1.06 0l-.53-.53a.75.75 0 010-1.06zm3.204 3.182a6 6 0 018.486 0 .75.75 0 010 1.061l-.53.53a.75.75 0 01-1.061 0 3.75 3.75 0 00-5.304 0 .75.75 0 01-1.06 0l-.53-.53a.75.75 0 010-1.06zm3.182 3.182a1.5 1.5 0 012.122 0 .75.75 0 010 1.061l-.53.53a.75.75 0 01-1.061 0l-.53-.53a.75.75 0 010-1.06z\" fill-rule=\"evenodd\"><\/path> <\/svg><\/span><span class=\"gb-headline-text\">UniFi Access Points<\/span><\/h1>\n\n\n\n<p>Pour des connexions <strong>stables<\/strong> et <strong>rapides<\/strong> et une technologie de pointe avec le <strong>Wi-Fi 7<\/strong>, nous recommandons l&rsquo;UniFi Access Points.<\/p>\n\n\n\n<ul class=\"wp-block-list\">\n<li>\u2705 Pas de frais de licence<\/li>\n<\/ul>\n\n<\/div>\n\n<div class=\"gb-container gb-container-c0c9165a\">\n<div class=\"gb-container gb-container-8e388780\">\n<div class=\"gb-container gb-container-68959254\">\n\n<h3 class=\"gb-headline gb-headline-07c1790c gb-headline-text\">Wi-Fi 7 &#8211; UniFi<\/h3>\n\n\n\n<p class=\"gb-headline gb-headline-65e61df3 gb-headline-text\"><a href=\"https:\/\/techspecs.ui.com\/unifi\/wifi\/u7-pro\" target=\"_blank\" rel=\"noreferrer noopener\">U7 Pro<\/a><\/p>\n\n\n\n<p class=\"gb-headline gb-headline-e3aa5b9e gb-headline-text\"><a href=\"https:\/\/techspecs.ui.com\/unifi\/wifi\/u7-pro-max\" target=\"_blank\" rel=\"noreferrer noopener\">U7 Pro Max<\/a><\/p>\n\n\n\n<p class=\"gb-headline gb-headline-f117715a gb-headline-text\"><a href=\"https:\/\/techspecs.ui.com\/unifi\/wifi\/u7-pro-xg?subcategory=all-wifi\" target=\"_blank\" rel=\"noreferrer noopener\">U7 Pro XG<\/a><\/p>\n\n\n\n<p class=\"gb-headline gb-headline-7802d688 gb-headline-text\"><a href=\"https:\/\/techspecs.ui.com\/unifi\/wifi\/u7-pro-xgs?subcategory=all-wifi\" target=\"_blank\" rel=\"noreferrer noopener\">U7 Pro XGS<\/a><\/p>\n\n<\/div>\n<\/div>\n\n<div class=\"gb-container gb-container-fc12e83d\">\n\n<p>\u2139\ufe0f Les clients disposant d&rsquo;un abonnement au pare-feu peuvent utiliser gratuitement notre Cloud Controller pour un maximum de 5 appareils.<\/p>\n\n<\/div>\n<\/div>\n<\/div><div class=\"gb-container gb-container-6ef54a22\">\n<div class=\"gb-container gb-container-79820601\">\n\n<h1 class=\"gb-headline gb-headline-fe076fcf\"><span class=\"gb-icon\"><svg xmlns=\"http:\/\/www.w3.org\/2000\/svg\" class=\"w-6 h-6\" fill=\"currentColor\" viewbox=\"0 0 24 24\">   <path clip-rule=\"evenodd\" d=\"M1.371 8.143c5.858-5.857 15.356-5.857 21.213 0a.75.75 0 010 1.061l-.53.53a.75.75 0 01-1.06 0c-4.98-4.979-13.053-4.979-18.032 0a.75.75 0 01-1.06 0l-.53-.53a.75.75 0 010-1.06zm3.182 3.182c4.1-4.1 10.749-4.1 14.85 0a.75.75 0 010 1.061l-.53.53a.75.75 0 01-1.062 0 8.25 8.25 0 00-11.667 0 .75.75 0 01-1.06 0l-.53-.53a.75.75 0 010-1.06zm3.204 3.182a6 6 0 018.486 0 .75.75 0 010 1.061l-.53.53a.75.75 0 01-1.061 0 3.75 3.75 0 00-5.304 0 .75.75 0 01-1.06 0l-.53-.53a.75.75 0 010-1.06zm3.182 3.182a1.5 1.5 0 012.122 0 .75.75 0 010 1.061l-.53.53a.75.75 0 01-1.061 0l-.53-.53a.75.75 0 010-1.06z\" fill-rule=\"evenodd\"><\/path> <\/svg><\/span><span class=\"gb-headline-text\">Sophos Access Points<\/span><\/h1>\n\n\n\n<p>S\u00e9lectionnez le mod\u00e8le AP6 qui vous int\u00e9resse et acc\u00e9dez au mat\u00e9riel et aux accessoires appropri\u00e9s.<\/p>\n\n<\/div>\n\n<div class=\"gb-container gb-container-dfff5349\">\n<div class=\"gb-container gb-container-e34a271f\">\n<div class=\"gb-container gb-container-b8a8a320\">\n\n<h3 class=\"gb-headline gb-headline-4c631d05 gb-headline-text\">Wi-Fi 6\/6E INDOOR<\/h3>\n\n\n\n<p class=\"gb-headline gb-headline-2a78ccba gb-headline-text\"><a href=\"https:\/\/www.avanet.com\/fr\/shop\/sophos-ap6-420-access-point\/\" data-type=\"product\" data-id=\"124653\">AP6 420<\/a><\/p>\n\n\n\n<p class=\"gb-headline gb-headline-561135e2 gb-headline-text\"><a href=\"https:\/\/www.avanet.com\/fr\/shop\/sophos-ap6-420e-access-point\/\">AP6 420E<\/a><\/p>\n\n\n\n<p class=\"gb-headline gb-headline-887a772e gb-headline-text\"><a href=\"https:\/\/www.avanet.com\/fr\/shop\/sophos-ap6-840-access-point\/\">AP6 840<\/a><\/p>\n\n\n\n<p class=\"gb-headline gb-headline-5cad5de3 gb-headline-text\"><a href=\"https:\/\/www.avanet.com\/fr\/shop\/sophos-ap6-840e-access-point\/\">AP6 840E<\/a><\/p>\n\n\n\n<h3 class=\"gb-headline gb-headline-69dac5c7 gb-headline-text\">Wi-Fi 6 OUTDOOR<\/h3>\n\n\n\n<p class=\"gb-headline gb-headline-2d00b048 gb-headline-text\"><a href=\"https:\/\/www.avanet.com\/fr\/shop\/sophos-ap6-420x-outdoor-access-point\/\" data-type=\"product\" data-id=\"124657\">AP6 420X<\/a><\/p>\n\n<\/div>\n<\/div>\n<\/div>\n<\/div>\n<p><\/p>\n","protected":false},"excerpt":{"rendered":"<p>UniFi Access Points Pour des connexions stables et rapides et une technologie de pointe avec le Wi-Fi 7, nous recommandons l&rsquo;UniFi Access Points. Wi-Fi 7 &#8211; UniFi U7 Pro U7 Pro Max U7 Pro XG U7 Pro XGS \u2139\ufe0f Les clients disposant d&rsquo;un abonnement au pare-feu peuvent utiliser gratuitement notre Cloud Controller pour un maximum [&hellip;]<\/p>\n","protected":false},"author":1,"featured_media":0,"parent":40975,"menu_order":0,"comment_status":"closed","ping_status":"closed","template":"","meta":{"_acf_changed":false,"footnotes":""},"class_list":["post-110224","page","type-page","status-publish","hentry"],"blocksy_meta":{"has_hero_section":"disabled"},"acf":[],"_links":{"self":[{"href":"https:\/\/www.avanet.com\/fr\/wp-json\/wp\/v2\/pages\/110224","targetHints":{"allow":["GET"]}}],"collection":[{"href":"https:\/\/www.avanet.com\/fr\/wp-json\/wp\/v2\/pages"}],"about":[{"href":"https:\/\/www.avanet.com\/fr\/wp-json\/wp\/v2\/types\/page"}],"author":[{"embeddable":true,"href":"https:\/\/www.avanet.com\/fr\/wp-json\/wp\/v2\/users\/1"}],"replies":[{"embeddable":true,"href":"https:\/\/www.avanet.com\/fr\/wp-json\/wp\/v2\/comments?post=110224"}],"version-history":[{"count":0,"href":"https:\/\/www.avanet.com\/fr\/wp-json\/wp\/v2\/pages\/110224\/revisions"}],"up":[{"embeddable":true,"href":"https:\/\/www.avanet.com\/fr\/wp-json\/wp\/v2\/pages\/40975"}],"wp:attachment":[{"href":"https:\/\/www.avanet.com\/fr\/wp-json\/wp\/v2\/media?parent=110224"}],"curies":[{"name":"wp","href":"https:\/\/api.w.org\/{rel}","templated":true}]}}