{"id":110236,"date":"2023-03-13T09:48:26","date_gmt":"2023-03-13T08:48:26","guid":{"rendered":"https:\/\/www.avanet.com\/shop\/sophos-sd-red\/"},"modified":"2023-03-14T13:20:43","modified_gmt":"2023-03-14T12:20:43","slug":"sophos-sd-red","status":"publish","type":"page","link":"https:\/\/www.avanet.com\/fr\/shop\/sophos-sd-red\/","title":{"rendered":"Sophos SD-RED"},"content":{"rendered":"<div class=\"gb-container gb-container-10ff455e\">\n<div class=\"gb-container gb-container-f82ab0bb\">\n\n<h1 class=\"gb-headline gb-headline-9e6476e9\"><span class=\"gb-icon\"><svg xmlns:xlink=\"http:\/\/www.w3.org\/1999\/xlink\" xmlns=\"http:\/\/www.w3.org\/2000\/svg\" style=\"fill-rule:evenodd;clip-rule:evenodd;stroke-linejoin:round;stroke-miterlimit:2;\" xml:space=\"preserve\" viewbox=\"0 0 20 21\" height=\"100%\" width=\"100%\"><g id=\"menu-vpn\"><g><path style=\"fill:#0072d1;fill-rule:nonzero;\" d=\"M9.787,0c5.364,0 9.714,4.35 9.714,9.714c-0,3.19 -1.523,6.017 -3.915,7.83l-0.942,-1.45l-1.088,-1.523c1.45,-1.087 2.393,-2.899 2.393,-4.857c-0,-3.407 -2.755,-6.162 -6.162,-6.162c-3.408,0 -6.162,2.755 -6.162,6.162c-0,1.958 0.87,3.77 2.32,4.857l-1.015,1.523l-1.015,1.45c-2.32,-1.813 -3.915,-4.64 -3.915,-7.83c-0,-5.364 4.422,-9.714 9.787,-9.714Z\"><\/path><path style=\"fill:#0072d1;fill-rule:nonzero;\" d=\"M11.164,12.252l0,8.554l-2.755,-0l0,-8.554c-0.942,-0.508 -1.522,-1.45 -1.522,-2.538c-0,-1.595 1.305,-2.827 2.9,-2.827c1.595,-0 2.827,1.232 2.827,2.827c-0,1.088 -0.58,2.03 -1.45,2.538Z\"><\/path><\/g><\/g><\/svg><\/span><span class=\"gb-headline-text\">SD-RED<\/span><\/h1>\n\n\n\n<p>S\u00e9lectionnez le mod\u00e8le SD-RED souhait\u00e9 et acc\u00e9dez au <strong>mat\u00e9riel<\/strong> et aux <strong>accessoires<\/strong> appropri\u00e9s.<\/p>\n\n<\/div>\n\n<div class=\"gb-container gb-container-c0c9165a\">\n<div class=\"gb-container gb-container-325106c8\">\n\n<h3 class=\"gb-headline gb-headline-177e1663 gb-headline-text\">MOD\u00c8LES SMB<\/h3>\n\n\n\n<p class=\"gb-headline gb-headline-854f7c67 gb-headline-text\"><a href=\"https:\/\/www.avanet.com\/fr\/shop\/sophos-sd-red-20\/\">SD-RED 20<\/a><\/p>\n\n<\/div>\n\n<div class=\"gb-container gb-container-b56d52c5\">\n\n<h3 class=\"gb-headline gb-headline-0dfaae26 gb-headline-text\">MOD\u00c8LES MM\/E<\/h3>\n\n\n\n<p class=\"gb-headline gb-headline-383dc5a9 gb-headline-text\"><a href=\"https:\/\/www.avanet.com\/fr\/shop\/sophos-sd-red-60\/\">SD-RED 60<\/a><\/p>\n\n<\/div>\n<\/div>\n<\/div>","protected":false},"excerpt":{"rendered":"<p>SD-RED S\u00e9lectionnez le mod\u00e8le SD-RED souhait\u00e9 et acc\u00e9dez au mat\u00e9riel et aux accessoires appropri\u00e9s. MOD\u00c8LES SMB SD-RED 20 MOD\u00c8LES MM\/E SD-RED 60<\/p>\n","protected":false},"author":1,"featured_media":0,"parent":40975,"menu_order":0,"comment_status":"closed","ping_status":"closed","template":"","meta":{"_acf_changed":false,"footnotes":""},"class_list":["post-110236","page","type-page","status-publish","hentry"],"blocksy_meta":{"has_hero_section":"disabled"},"acf":[],"_links":{"self":[{"href":"https:\/\/www.avanet.com\/fr\/wp-json\/wp\/v2\/pages\/110236","targetHints":{"allow":["GET"]}}],"collection":[{"href":"https:\/\/www.avanet.com\/fr\/wp-json\/wp\/v2\/pages"}],"about":[{"href":"https:\/\/www.avanet.com\/fr\/wp-json\/wp\/v2\/types\/page"}],"author":[{"embeddable":true,"href":"https:\/\/www.avanet.com\/fr\/wp-json\/wp\/v2\/users\/1"}],"replies":[{"embeddable":true,"href":"https:\/\/www.avanet.com\/fr\/wp-json\/wp\/v2\/comments?post=110236"}],"version-history":[{"count":0,"href":"https:\/\/www.avanet.com\/fr\/wp-json\/wp\/v2\/pages\/110236\/revisions"}],"up":[{"embeddable":true,"href":"https:\/\/www.avanet.com\/fr\/wp-json\/wp\/v2\/pages\/40975"}],"wp:attachment":[{"href":"https:\/\/www.avanet.com\/fr\/wp-json\/wp\/v2\/media?parent=110236"}],"curies":[{"name":"wp","href":"https:\/\/api.w.org\/{rel}","templated":true}]}}