{"id":110261,"date":"2023-03-13T09:49:00","date_gmt":"2023-03-13T08:49:00","guid":{"rendered":"https:\/\/www.avanet.com\/shop\/sophos-switch\/"},"modified":"2025-02-19T14:45:08","modified_gmt":"2025-02-19T13:45:08","slug":"sophos-switch","status":"publish","type":"page","link":"https:\/\/www.avanet.com\/fr\/shop\/sophos-switch\/","title":{"rendered":"Sophos Switch"},"content":{"rendered":"<div class=\"gb-container gb-container-10ff455e\">\n<div class=\"gb-container gb-container-f82ab0bb\">\n\n<h1 class=\"gb-headline gb-headline-9e6476e9\"><span class=\"gb-icon\"><svg xmlns:xlink=\"http:\/\/www.w3.org\/1999\/xlink\" xmlns=\"http:\/\/www.w3.org\/2000\/svg\" style=\"fill-rule:evenodd;clip-rule:evenodd;stroke-linejoin:round;stroke-miterlimit:2;\" xml:space=\"preserve\" viewbox=\"0 0 18 5\" height=\"100%\" width=\"100%\"><g id=\"menu-switch\"><path style=\"fill:#0072d1;\" d=\"M18,1.147c0,-0.633 -0.514,-1.147 -1.147,-1.147l-15.706,-0c-0.633,-0 -1.147,0.514 -1.147,1.147l-0,2.295c-0,0.634 0.514,1.148 1.147,1.148l15.706,-0c0.633,-0 1.147,-0.514 1.147,-1.148l0,-2.295Z\"><\/path><g><circle style=\"fill:#fff;\" r=\"0.75\" cy=\"2.295\" cx=\"15.719\"><\/circle><circle style=\"fill:#fff;\" r=\"0.75\" cy=\"2.295\" cx=\"13.777\"><\/circle><circle style=\"fill:#fff;\" r=\"0.75\" cy=\"2.295\" cx=\"11.858\"><\/circle><\/g><\/g><\/svg><\/span><span class=\"gb-headline-text\">Commutateur UniFi<\/span><\/h1>\n\n\n\n<p>Nous <strong>recommandons<\/strong> les commutateurs UniFi aussi bien pour les petits que pour les grands r\u00e9seaux avec des exigences \u00e9lev\u00e9es. Tant le logiciel que le mat\u00e9riel sont parfaitement adapt\u00e9s \u00e0 toutes les exigences. <\/p>\n\n\n\n<ul class=\"wp-block-list\">\n<li>\u2705 Pas de frais de licence<\/li>\n\n\n\n<li>\u2705 Core switches disponibles<\/li>\n\n\n\n<li>\u2705 Une interface claire<\/li>\n<\/ul>\n\n<\/div>\n\n<div class=\"gb-container gb-container-c0c9165a\">\n<div class=\"gb-container gb-container-325106c8\">\n\n<h3 class=\"gb-headline gb-headline-177e1663 gb-headline-text\">Standard<\/h3>\n\n\n\n<p class=\"gb-headline gb-headline-854f7c67 gb-headline-text\"><a href=\"https:\/\/techspecs.ui.com\/unifi\/switching\/usw-48\" data-type=\"link\" data-id=\"https:\/\/techspecs.ui.com\/unifi\/switching\/usw-48?s=eu\" target=\"_blank\" rel=\"noreferrer noopener\">Standard 48<\/a><\/p>\n\n\n\n<p class=\"gb-headline gb-headline-3ef675fd gb-headline-text\"><a href=\"https:\/\/techspecs.ui.com\/unifi\/switching\/usw-16-poe\" target=\"_blank\" rel=\"noreferrer noopener\">Standard 16 PoE<\/a><\/p>\n\n\n\n<p class=\"gb-headline gb-headline-1a7b7cde gb-headline-text\"><a href=\"https:\/\/techspecs.ui.com\/unifi\/switching\/usw-24-poe\" target=\"_blank\" rel=\"noreferrer noopener\">Standard 24 PoE<\/a><\/p>\n\n\n\n<p class=\"gb-headline gb-headline-067447ce gb-headline-text\"><a href=\"https:\/\/techspecs.ui.com\/unifi\/switching\/usw-48-poe?s=eu\" target=\"_blank\" rel=\"noreferrer noopener\">Standard 48 PoE<\/a><\/p>\n\n<\/div>\n\n<div class=\"gb-container gb-container-b56d52c5\">\n\n<h3 class=\"gb-headline gb-headline-0dfaae26 gb-headline-text\">Professionnel<\/h3>\n\n\n\n<p class=\"gb-headline gb-headline-3972f52b gb-headline-text\"><a href=\"https:\/\/www.avanet.com\/fr\/shop\/sophos-switch-cs110-24\/\" target=\"_blank\" rel=\"noreferrer noopener\">Pro 24<\/a><\/p>\n\n\n\n<p class=\"gb-headline gb-headline-83454492 gb-headline-text\"><a href=\"https:\/\/www.avanet.com\/fr\/shop\/sophos-switch-cs110-24fp\/\" target=\"_blank\" rel=\"noreferrer noopener\">Par 48<\/a><\/p>\n\n\n\n<p class=\"gb-headline gb-headline-3b4422af gb-headline-text\"><a href=\"https:\/\/techspecs.ui.com\/unifi\/switching\/usw-pro-24-poe\" target=\"_blank\" rel=\"noreferrer noopener\">Pro 24 PoE<\/a><\/p>\n\n\n\n<p class=\"gb-headline gb-headline-b276ff95 gb-headline-text\"><a href=\"https:\/\/techspecs.ui.com\/unifi\/switching\/usw-pro-48-poe\" target=\"_blank\" rel=\"noreferrer noopener\">Pro 48 PoE<\/a><\/p>\n\n<\/div>\n\n<div class=\"gb-container gb-container-2e5ac96c\">\n\n<h3 class=\"gb-headline gb-headline-90df1093 gb-headline-text\">Max<\/h3>\n\n\n\n<p class=\"gb-headline gb-headline-2af1ebc5 gb-headline-text\"><a href=\"https:\/\/techspecs.ui.com\/unifi\/switching\/usw-pro-max-16\" target=\"_blank\" rel=\"noreferrer noopener\">Pro Max 16<\/a><\/p>\n\n\n\n<p class=\"gb-headline gb-headline-29d0f973 gb-headline-text\"><a href=\"https:\/\/techspecs.ui.com\/unifi\/switching\/usw-pro-max-16\" target=\"_blank\" rel=\"noreferrer noopener\">Pro Max 24<\/a><\/p>\n\n\n\n<p class=\"gb-headline gb-headline-7c11fb63 gb-headline-text\"><a href=\"https:\/\/techspecs.ui.com\/unifi\/switching\/usw-pro-max-48\" target=\"_blank\" rel=\"noreferrer noopener\">Pro Max 48<\/a><\/p>\n\n\n\n<p class=\"gb-headline gb-headline-c458b2aa gb-headline-text\"><a href=\"https:\/\/techspecs.ui.com\/unifi\/switching\/usw-pro-max-16-poe\" target=\"_blank\" rel=\"noreferrer noopener\">Pro Max 16 PoE<\/a><\/p>\n\n\n\n<p class=\"gb-headline gb-headline-8bb18260 gb-headline-text\"><a href=\"https:\/\/techspecs.ui.com\/unifi\/switching\/usw-pro-max-24-poe\" target=\"_blank\" rel=\"noreferrer noopener\">Pro Max 24 PoE<\/a><\/p>\n\n\n\n<p class=\"gb-headline gb-headline-5bb64cbc gb-headline-text\"><a href=\"https:\/\/techspecs.ui.com\/unifi\/switching\/usw-pro-max-48-poe\" target=\"_blank\" rel=\"noreferrer noopener\">Pro Max 28 PoE<\/a><\/p>\n\n\n\n<p class=\"gb-headline gb-headline-acca1f75 gb-headline-text\"><a href=\"https:\/\/techspecs.ui.com\/unifi\/switching\/usw-pro-hd-24\" target=\"_blank\" rel=\"noreferrer noopener\">Pro HD 24<\/a><\/p>\n\n\n\n<p class=\"gb-headline gb-headline-3ae1b383 gb-headline-text\"><a href=\"https:\/\/techspecs.ui.com\/unifi\/switching\/usw-pro-hd-24-poe\" target=\"_blank\" rel=\"noreferrer noopener\">Pro HD 24 PoE<\/a><\/p>\n\n<\/div>\n\n<div class=\"gb-container gb-container-b71d3e62\">\n\n<h3 class=\"gb-headline gb-headline-d36e36ad gb-headline-text\">Enterprise<\/h3>\n\n\n\n<p class=\"gb-headline gb-headline-2c64212e gb-headline-text\"><a href=\"https:\/\/techspecs.ui.com\/unifi\/switching\/ecs-24-poe\" target=\"_blank\" rel=\"noreferrer noopener\">Enterprise Campus 24 PoE<\/a><\/p>\n\n\n\n<p class=\"gb-headline gb-headline-8b73a188 gb-headline-text\"><a href=\"https:\/\/techspecs.ui.com\/unifi\/switching\/ecs-48-poe\" target=\"_blank\" rel=\"noreferrer noopener\">Enterprise Campus 48 PoE<\/a><\/p>\n\n\n\n<p class=\"gb-headline gb-headline-7acd6293 gb-headline-text\"><a href=\"https:\/\/techspecs.ui.com\/unifi\/switching\/ecs-aggregation\" target=\"_blank\" rel=\"noreferrer noopener\">Agr\u00e9gation de campus d&rsquo;entreprise<\/a><\/p>\n\n<\/div>\n\n<div class=\"gb-container gb-container-9c1ac513\">\n\n<h3 class=\"gb-headline gb-headline-92353940 gb-headline-text\">CORE<\/h3>\n\n\n\n<p class=\"gb-headline gb-headline-3de58d02 gb-headline-text\"><strong><a href=\"https:\/\/techspecs.ui.com\/unifi\/switching\/usw-aggregation\" target=\"_blank\" rel=\"noreferrer noopener\">Agr\u00e9gation<\/a><\/strong><\/p>\n\n\n\n<p class=\"gb-headline gb-headline-b90fbc9a gb-headline-text\"><a href=\"https:\/\/techspecs.ui.com\/unifi\/switching\/usw-pro-aggregation\" target=\"_blank\" rel=\"noreferrer noopener\">Agr\u00e9gation \u00e0 haute capacit\u00e9<\/a><\/p>\n\n\n\n<p class=\"gb-headline gb-headline-72dd700d gb-headline-text\"><a href=\"https:\/\/techspecs.ui.com\/unifi\/switching\/ecs-aggregation\" target=\"_blank\" rel=\"noreferrer noopener\">Agr\u00e9gation de campus d&rsquo;entreprise<\/a><\/p>\n\n<\/div>\n<\/div>\n<\/div><div class=\"gb-container gb-container-f82dda77\">\n<div class=\"gb-container gb-container-070b2593\"><\/div>\n\n<div class=\"gb-container gb-container-0f0977c3\">\n\n<p>\u2139\ufe0f Les clients disposant d&rsquo;un abonnement au pare-feu peuvent utiliser gratuitement notre Cloud Controller pour un maximum de 5 appareils.<\/p>\n\n<\/div>\n<\/div><div class=\"gb-container gb-container-ee50efcf\">\n<div class=\"gb-container gb-container-ee54a065\">\n\n<h1 class=\"gb-headline gb-headline-119cc18f\"><span class=\"gb-icon\"><svg xmlns:xlink=\"http:\/\/www.w3.org\/1999\/xlink\" xmlns=\"http:\/\/www.w3.org\/2000\/svg\" style=\"fill-rule:evenodd;clip-rule:evenodd;stroke-linejoin:round;stroke-miterlimit:2;\" xml:space=\"preserve\" viewbox=\"0 0 18 5\" height=\"100%\" width=\"100%\"><g id=\"menu-switch\"><path style=\"fill:#0072d1;\" d=\"M18,1.147c0,-0.633 -0.514,-1.147 -1.147,-1.147l-15.706,-0c-0.633,-0 -1.147,0.514 -1.147,1.147l-0,2.295c-0,0.634 0.514,1.148 1.147,1.148l15.706,-0c0.633,-0 1.147,-0.514 1.147,-1.148l0,-2.295Z\"><\/path><g><circle style=\"fill:#fff;\" r=\"0.75\" cy=\"2.295\" cx=\"15.719\"><\/circle><circle style=\"fill:#fff;\" r=\"0.75\" cy=\"2.295\" cx=\"13.777\"><\/circle><circle style=\"fill:#fff;\" r=\"0.75\" cy=\"2.295\" cx=\"11.858\"><\/circle><\/g><\/g><\/svg><\/span><span class=\"gb-headline-text\">Sophos Switches<\/span><\/h1>\n\n\n\n<p>S\u00e9lectionnez le mod\u00e8le de Switch qui vous int\u00e9resse et acc\u00e9dez au mat\u00e9riel, aux licences et aux bundles correspondants, ainsi qu&rsquo;aux accessoires appropri\u00e9s.<\/p>\n\n<\/div>\n\n<div class=\"gb-container gb-container-0f833200\">\n<div class=\"gb-container gb-container-a4d88e18\">\n\n<h3 class=\"gb-headline gb-headline-885b159a gb-headline-text\">MOD\u00c8LES 8 PORTS<\/h3>\n\n\n\n<p class=\"gb-headline gb-headline-2a3eafcf gb-headline-text\"><a href=\"https:\/\/www.avanet.com\/fr\/shop\/sophos-switch-cs101-8\/\">CS101-8<\/a><\/p>\n\n\n\n<p class=\"gb-headline gb-headline-767c1fe3 gb-headline-text\"><a href=\"https:\/\/www.avanet.com\/fr\/shop\/sophos-switch-cs101-8fp\/\">CS101-8FP<\/a><\/p>\n\n\n\n<p class=\"gb-headline gb-headline-bba4badd gb-headline-text\"><a href=\"https:\/\/www.avanet.com\/fr\/shop\/sophos-switch-cs210-8fp\/\">CS210-8FP<\/a><\/p>\n\n<\/div>\n\n<div class=\"gb-container gb-container-381a9f0f\">\n\n<h3 class=\"gb-headline gb-headline-995960fa gb-headline-text\">MOD\u00c8LES \u00c0 24 PORTS<\/h3>\n\n\n\n<p class=\"gb-headline gb-headline-31ad37f9 gb-headline-text\"><a href=\"https:\/\/www.avanet.com\/fr\/shop\/sophos-switch-cs110-24\/\">CS110-24<\/a><\/p>\n\n\n\n<p class=\"gb-headline gb-headline-8996763b gb-headline-text\"><a href=\"https:\/\/www.avanet.com\/fr\/shop\/sophos-switch-cs110-24fp\/\">CS110-24FP<\/a><\/p>\n\n\n\n<p class=\"gb-headline gb-headline-4d927bd6 gb-headline-text\"><a href=\"https:\/\/www.avanet.com\/fr\/shop\/sophos-switch-cs210-24fp\/\">CS210-24FP<\/a><\/p>\n\n<\/div>\n\n<div class=\"gb-container gb-container-64354a85\">\n\n<h3 class=\"gb-headline gb-headline-f6b4d383 gb-headline-text\">MOD\u00c8LES \u00c0 48 PORTS<\/h3>\n\n\n\n<p class=\"gb-headline gb-headline-5d531c83 gb-headline-text\"><a href=\"https:\/\/www.avanet.com\/fr\/shop\/sophos-switch-cs110-48\/\">CS110-48<\/a><\/p>\n\n\n\n<p class=\"gb-headline gb-headline-b3647f0c gb-headline-text\"><a href=\"https:\/\/www.avanet.com\/fr\/shop\/sophos-switch-cs110-48p\/\">CS110-48P<\/a><\/p>\n\n\n\n<p class=\"gb-headline gb-headline-ceb0a595 gb-headline-text\"><a href=\"https:\/\/www.avanet.com\/fr\/shop\/sophos-switch-cs110-48fp\/\">CS110-48FP<\/a><\/p>\n\n\n\n<p class=\"gb-headline gb-headline-1b5444c5 gb-headline-text\"><a href=\"https:\/\/www.avanet.com\/fr\/shop\/sophos-switch-cs210-48fp\/\">CS210-48FP<\/a><\/p>\n\n<\/div>\n<\/div>\n<\/div>","protected":false},"excerpt":{"rendered":"<p>Commutateur UniFi Nous recommandons les commutateurs UniFi aussi bien pour les petits que pour les grands r\u00e9seaux avec des exigences \u00e9lev\u00e9es. Tant le logiciel que le mat\u00e9riel sont parfaitement adapt\u00e9s \u00e0 toutes les exigences. Standard Standard 48 Standard 16 PoE Standard 24 PoE Standard 48 PoE Professionnel Pro 24 Par 48 Pro 24 PoE Pro [&hellip;]<\/p>\n","protected":false},"author":1,"featured_media":0,"parent":40975,"menu_order":0,"comment_status":"closed","ping_status":"closed","template":"","meta":{"_acf_changed":false,"footnotes":""},"class_list":["post-110261","page","type-page","status-publish","hentry"],"blocksy_meta":{"has_hero_section":"disabled"},"acf":[],"_links":{"self":[{"href":"https:\/\/www.avanet.com\/fr\/wp-json\/wp\/v2\/pages\/110261","targetHints":{"allow":["GET"]}}],"collection":[{"href":"https:\/\/www.avanet.com\/fr\/wp-json\/wp\/v2\/pages"}],"about":[{"href":"https:\/\/www.avanet.com\/fr\/wp-json\/wp\/v2\/types\/page"}],"author":[{"embeddable":true,"href":"https:\/\/www.avanet.com\/fr\/wp-json\/wp\/v2\/users\/1"}],"replies":[{"embeddable":true,"href":"https:\/\/www.avanet.com\/fr\/wp-json\/wp\/v2\/comments?post=110261"}],"version-history":[{"count":0,"href":"https:\/\/www.avanet.com\/fr\/wp-json\/wp\/v2\/pages\/110261\/revisions"}],"up":[{"embeddable":true,"href":"https:\/\/www.avanet.com\/fr\/wp-json\/wp\/v2\/pages\/40975"}],"wp:attachment":[{"href":"https:\/\/www.avanet.com\/fr\/wp-json\/wp\/v2\/media?parent=110261"}],"curies":[{"name":"wp","href":"https:\/\/api.w.org\/{rel}","templated":true}]}}