{"id":40954,"date":"2021-11-10T11:16:29","date_gmt":"2021-11-10T10:16:29","guid":{"rendered":"https:\/\/www.avanet.com\/modes-dexpedition\/"},"modified":"2025-02-19T08:57:10","modified_gmt":"2025-02-19T07:57:10","slug":"modes-dexpedition","status":"publish","type":"page","link":"https:\/\/www.avanet.com\/fr\/modes-dexpedition\/","title":{"rendered":"Modes d&rsquo;envoi"},"content":{"rendered":"\n<p>Les modes d&rsquo;exp\u00e9dition varient selon les pays. Ils sont impos\u00e9s par nous ou par Sophos et ne peuvent pas \u00eatre choisis sp\u00e9cifiquement par le client.<\/p>\n\n<h2 class=\"gb-headline gb-headline-9a0a2b0a gb-headline-text\">Suisse \ud83c\udde8\ud83c\udded et Liechtenstein \ud83c\uddf1\ud83c\uddee<\/h2>\n\n<p>L&rsquo;assortiment complet de mat\u00e9riel Sophos pr\u00e9sent\u00e9 sur notre site Internet est envoy\u00e9 en <strong>Suisse<\/strong> et <strong>au Liechtenstein<\/strong> par la <strong>poste<\/strong> (PostPac Priority). La livraison est g\u00e9n\u00e9ralement effectu\u00e9e le jour ouvrable suivant, \u00e0 condition que :<\/p>\n\n<p class=\"gb-headline gb-headline-1ca05596\"><span class=\"gb-icon\"><svg xmlns=\"http:\/\/www.w3.org\/2000\/svg\" aria-hidden=\"true\" role=\"img\" height=\"1em\" width=\"1em\" viewbox=\"0 0 512 512\"><path fill=\"currentColor\" d=\"M173.898 439.404l-166.4-166.4c-9.997-9.997-9.997-26.206 0-36.204l36.203-36.204c9.997-9.998 26.207-9.998 36.204 0L192 312.69 432.095 72.596c9.997-9.997 26.207-9.997 36.204 0l36.203 36.204c9.997 9.997 9.997 26.206 0 36.204l-294.4 294.401c-9.998 9.997-26.207 9.997-36.204-.001z\"><\/path><\/svg><\/span><span class=\"gb-headline-text\">le mat\u00e9riel command\u00e9 est en stock et est command\u00e9 <strong>avant 16h00<\/strong> <\/span><\/p>\n\n<p class=\"gb-headline gb-headline-b74597a0\"><span class=\"gb-icon\"><svg xmlns=\"http:\/\/www.w3.org\/2000\/svg\" aria-hidden=\"true\" role=\"img\" height=\"1em\" width=\"1em\" viewbox=\"0 0 512 512\"><path fill=\"currentColor\" d=\"M173.898 439.404l-166.4-166.4c-9.997-9.997-9.997-26.206 0-36.204l36.203-36.204c9.997-9.998 26.207-9.998 36.204 0L192 312.69 432.095 72.596c9.997-9.997 26.207-9.997 36.204 0l36.203 36.204c9.997 9.997 9.997 26.206 0 36.204l-294.4 294.401c-9.998 9.997-26.207 9.997-36.204-.001z\"><\/path><\/svg><\/span><span class=\"gb-headline-text\">le mode de paiement choisi est <strong>la facture<\/strong> (pour les clients existants) ou <strong>la carte de cr\u00e9dit<\/strong> <\/span><\/p>\n\n<p class=\"gb-headline gb-headline-2ff5d1c6\"><span class=\"gb-icon\"><svg xmlns=\"http:\/\/www.w3.org\/2000\/svg\" aria-hidden=\"true\" role=\"img\" height=\"1em\" width=\"1em\" viewbox=\"0 0 512 512\"><path fill=\"currentColor\" d=\"M173.898 439.404l-166.4-166.4c-9.997-9.997-9.997-26.206 0-36.204l36.203-36.204c9.997-9.998 26.207-9.998 36.204 0L192 312.69 432.095 72.596c9.997-9.997 26.207-9.997 36.204 0l36.203 36.204c9.997 9.997 9.997 26.206 0 36.204l-294.4 294.401c-9.998 9.997-26.207 9.997-36.204-.001z\"><\/path><\/svg><\/span><span class=\"gb-headline-text\">la commande n&rsquo;est pas pass\u00e9e un week-end<\/span><\/p>\n\n<h2 class=\"gb-headline gb-headline-415f793a gb-headline-text\">Europe \ud83c\uddea\ud83c\uddfa<\/h2>\n\n<p>Toutes les livraisons de mat\u00e9riel aux clients des <strong>\u00c9tats membres de l&rsquo;UE<\/strong> sont exp\u00e9di\u00e9es directement depuis l&rsquo;entrep\u00f4t central de Sophos aux Pays-Bas ou depuis notre entrep\u00f4t en Allemagne. Ici, nous utilisons les services de livraison suivants, selon le pays : <strong>UPS<\/strong>, <strong>FedEx<\/strong> ou <strong>DHL<\/strong>.<\/p>\n\n<p class=\"gb-headline gb-headline-8297b1b3\"><span class=\"gb-icon\"><svg xmlns=\"http:\/\/www.w3.org\/2000\/svg\" aria-hidden=\"true\" role=\"img\" height=\"1em\" width=\"1em\" viewbox=\"0 0 512 512\"><path fill=\"currentColor\" d=\"M173.898 439.404l-166.4-166.4c-9.997-9.997-9.997-26.206 0-36.204l36.203-36.204c9.997-9.998 26.207-9.998 36.204 0L192 312.69 432.095 72.596c9.997-9.997 26.207-9.997 36.204 0l36.203 36.204c9.997 9.997 9.997 26.206 0 36.204l-294.4 294.401c-9.998 9.997-26.207 9.997-36.204-.001z\"><\/path><\/svg><\/span><span class=\"gb-headline-text\">le mat\u00e9riel command\u00e9 est en stock et est command\u00e9 <strong>avant 14h00<\/strong> <\/span><\/p>\n\n<p class=\"gb-headline gb-headline-81f8ef01\"><span class=\"gb-icon\"><svg xmlns=\"http:\/\/www.w3.org\/2000\/svg\" aria-hidden=\"true\" role=\"img\" height=\"1em\" width=\"1em\" viewbox=\"0 0 512 512\"><path fill=\"currentColor\" d=\"M173.898 439.404l-166.4-166.4c-9.997-9.997-9.997-26.206 0-36.204l36.203-36.204c9.997-9.998 26.207-9.998 36.204 0L192 312.69 432.095 72.596c9.997-9.997 26.207-9.997 36.204 0l36.203 36.204c9.997 9.997 9.997 26.206 0 36.204l-294.4 294.401c-9.998 9.997-26.207 9.997-36.204-.001z\"><\/path><\/svg><\/span><span class=\"gb-headline-text\">le mode de paiement choisi est <strong>la facture<\/strong> (pour les clients existants) ou <strong>la carte de cr\u00e9dit<\/strong> <\/span><\/p>\n\n<p class=\"gb-headline gb-headline-a35590a0\"><span class=\"gb-icon\"><svg xmlns=\"http:\/\/www.w3.org\/2000\/svg\" aria-hidden=\"true\" role=\"img\" height=\"1em\" width=\"1em\" viewbox=\"0 0 512 512\"><path fill=\"currentColor\" d=\"M173.898 439.404l-166.4-166.4c-9.997-9.997-9.997-26.206 0-36.204l36.203-36.204c9.997-9.998 26.207-9.998 36.204 0L192 312.69 432.095 72.596c9.997-9.997 26.207-9.997 36.204 0l36.203 36.204c9.997 9.997 9.997 26.206 0 36.204l-294.4 294.401c-9.998 9.997-26.207 9.997-36.204-.001z\"><\/path><\/svg><\/span><span class=\"gb-headline-text\">la commande n&rsquo;est pas pass\u00e9e un week-end<\/span><\/p>\n\n<h3 class=\"gb-headline gb-headline-8b5f288d gb-headline-text\">Commande sur enl\u00e8vement<\/h3>\n\n<p>Un enl\u00e8vement n&rsquo;est possible qu&rsquo;en Suisse ou en Allemagne et dans des cas exceptionnels. Dans ce cas, veuillez nous contacter par t\u00e9l\u00e9phone afin de coordonner l&rsquo;enl\u00e8vement.<\/p>\n\n<h2 class=\"gb-headline gb-headline-9e610232 gb-headline-text\">Livraison \u00e9lectronique<\/h2>\n\n<p>Les licences Sophos sont g\u00e9n\u00e9ralement envoy\u00e9es par e-mail dans un d\u00e9lai de 2 \u00e0 5 jours ouvrables. Il existe toutefois des cas exceptionnels o\u00f9 les d\u00e9lais d&rsquo;attente peuvent \u00eatre plus longs.<\/p>\n","protected":false},"excerpt":{"rendered":"<p>Les modes d&rsquo;exp\u00e9dition varient selon les pays. Ils sont impos\u00e9s par nous ou par Sophos et ne peuvent pas \u00eatre choisis sp\u00e9cifiquement par le client. Suisse \ud83c\udde8\ud83c\udded et Liechtenstein \ud83c\uddf1\ud83c\uddee L&rsquo;assortiment complet de mat\u00e9riel Sophos pr\u00e9sent\u00e9 sur notre site Internet est envoy\u00e9 en Suisse et au Liechtenstein par la poste (PostPac Priority). La livraison est [&hellip;]<\/p>\n","protected":false},"author":1,"featured_media":0,"parent":0,"menu_order":0,"comment_status":"closed","ping_status":"closed","template":"","meta":{"_acf_changed":false,"footnotes":""},"class_list":["post-40954","page","type-page","status-publish","hentry"],"blocksy_meta":{"page_structure_type":"type-3","content_style_source":"custom","content_style":{"desktop":"boxed","tablet":"boxed","mobile":"boxed","__changed":[]},"styles_descriptor":{"styles":{"desktop":"[data-prefix=\"single_page\"] [class*=\"ct-container\"] > article[class*=\"post\"] {--has-boxed:var(--true);--has-wide:var(--false);background-color:var(--has-background, var(--theme-palette-color-8));--theme-boxed-content-border-radius:3px;--theme-boxed-content-spacing:40px;--theme-boxed-content-box-shadow:0px 12px 18px -6px rgba(34, 56, 101, 0.04);}","tablet":"[data-prefix=\"single_page\"] [class*=\"ct-container\"] > article[class*=\"post\"] {--theme-boxed-content-spacing:35px;}","mobile":"[data-prefix=\"single_page\"] [class*=\"ct-container\"] > article[class*=\"post\"] {--theme-boxed-content-spacing:20px;}"},"google_fonts":[],"version":6}},"acf":[],"_links":{"self":[{"href":"https:\/\/www.avanet.com\/fr\/wp-json\/wp\/v2\/pages\/40954","targetHints":{"allow":["GET"]}}],"collection":[{"href":"https:\/\/www.avanet.com\/fr\/wp-json\/wp\/v2\/pages"}],"about":[{"href":"https:\/\/www.avanet.com\/fr\/wp-json\/wp\/v2\/types\/page"}],"author":[{"embeddable":true,"href":"https:\/\/www.avanet.com\/fr\/wp-json\/wp\/v2\/users\/1"}],"replies":[{"embeddable":true,"href":"https:\/\/www.avanet.com\/fr\/wp-json\/wp\/v2\/comments?post=40954"}],"version-history":[{"count":0,"href":"https:\/\/www.avanet.com\/fr\/wp-json\/wp\/v2\/pages\/40954\/revisions"}],"wp:attachment":[{"href":"https:\/\/www.avanet.com\/fr\/wp-json\/wp\/v2\/media?parent=40954"}],"curies":[{"name":"wp","href":"https:\/\/api.w.org\/{rel}","templated":true}]}}