{"id":40956,"date":"2022-03-04T10:07:43","date_gmt":"2022-03-04T09:07:43","guid":{"rendered":"https:\/\/www.avanet.com\/uber-avanet\/"},"modified":"2025-02-19T08:57:19","modified_gmt":"2025-02-19T07:57:19","slug":"uber-avanet","status":"publish","type":"page","link":"https:\/\/www.avanet.com\/fr\/uber-avanet\/","title":{"rendered":"\u00c0 propos d&rsquo;Avanet"},"content":{"rendered":"\n<h2 class=\"gb-headline gb-headline-9a0a2b0a gb-headline-text\">Dans le domaine de la s\u00e9curit\u00e9, tout tourne autour de Sophos.<\/h2>\n\n<p>Lorsqu&rsquo;il s&rsquo;agit de la s\u00e9curit\u00e9 des r\u00e9seaux de nos clients, nous misons \u00e0 100% sur les solutions de Sophos. L&rsquo;offre globale, les avanc\u00e9es technologiques et l&rsquo;interaction entre le pare-feu et le point d&rsquo;acc\u00e8s sont \u00e0 la pointe du march\u00e9. En ce qui concerne les commutateurs et Access Points, ils pr\u00e9f\u00e8rent les produits UniFi.   <\/p>\n\n<p>Les entreprises informatiques sont l\u00e9gion et la plupart d&rsquo;entre elles souhaitent, dans la mesure du possible, fournir tout ce dont elles ont besoin \u00e0 partir d&rsquo;une seule source. Mais avec Avanet, nous nous concentrons pr\u00e9cis\u00e9ment sur une seule chose, \u00e0 savoir la s\u00e9curit\u00e9 informatique. Depuis la cr\u00e9ation d&rsquo;Avanet en d\u00e9cembre 2012, nous prot\u00e9geons les r\u00e9seaux des petites et grandes entreprises avec des produits Sophos.<\/p>\n<div class=\"gb-container gb-container-06ad000c\">\n\n<h2 class=\"gb-headline gb-headline-3c549778\"><span class=\"gb-icon\"><svg xmlns=\"http:\/\/www.w3.org\/2000\/svg\" class=\"w-6 h-6\" fill=\"currentColor\" viewbox=\"0 0 24 24\">   <path clip-rule=\"evenodd\" d=\"M9.401 3.003c1.155-2 4.043-2 5.197 0l7.355 12.748c1.154 2-.29 4.5-2.599 4.5H4.645c-2.309 0-3.752-2.5-2.598-4.5L9.4 3.003zM12 8.25a.75.75 0 01.75.75v3.75a.75.75 0 01-1.5 0V9a.75.75 0 01.75-.75zm0 8.25a.75.75 0 100-1.5.75.75 0 000 1.5z\" fill-rule=\"evenodd\"><\/path> <\/svg><\/span><span class=\"gb-headline-text\">Nous vous aidons \u00e0 prot\u00e9ger votre r\u00e9seau contre les cyber-attaques<\/span><\/h2>\n\n\n\n<p>Mettre en place un r\u00e9seau s\u00e9curis\u00e9 pour une entreprise et le prot\u00e9ger contre la cybercriminalit\u00e9 n&rsquo;est pas un travail que l&rsquo;on peut faire en passant. Pour nous, c&rsquo;est une t\u00e2che qui d\u00e9termine \u00e0 100% notre quotidien.<\/p>\n\n<\/div>\n<p>Si vous souhaitez suivre notre parcours de 2012 \u00e0 aujourd&rsquo;hui, nous vous invitons \u00e0 jeter un coup d&rsquo;\u0153il \u00e0 notre <a href=\"https:\/\/www.avanet.com\/fr\/timeline\/\">chronologie<\/a>. Nos principales \u00e9tapes y sont \u00e9num\u00e9r\u00e9es.<\/p>\n\n<h2 class=\"gb-headline gb-headline-70dbf342 gb-headline-text\">Nous sommes un partenaire Platinum certifi\u00e9 Sophos<\/h2>\n\n<p>Vous recherchez un Partenaire Sophos pour vous aider \u00e0 utiliser correctement les produits ? Chez nous, Sophos n&rsquo;est pas un produit quelconque sur l&rsquo;\u00e9tag\u00e8re. Vous achetez votre Sophos \u00e0 des professionnels qui connaissent bien le sujet. C&rsquo;est pourquoi nous pouvons \u00e9galement fournir une assistance pour les produits Sophos et vous aider \u00e0 r\u00e9aliser des configurations plus complexes. Si nous ne sommes pas en mesure de r\u00e9soudre nous-m\u00eames un cas de support, nous avons, en tant que partenaire certifi\u00e9 Platinum Sophos, de tr\u00e8s bons contacts avec le support Sophos.<\/p>\n\n<figure class=\"gb-block-image gb-block-image-6355801c\"><img loading=\"lazy\" decoding=\"async\" width=\"559\" height=\"112\" class=\"gb-image gb-image-6355801c\" src=\"https:\/\/www.avanet.com\/assets\/sophos-certified-logos.png\" alt=\"Logos certifi\u00e9s Sophos\" title=\"sophos-certified-logos\" srcset=\"https:\/\/www.avanet.com\/assets\/sophos-certified-logos.png 559w, https:\/\/www.avanet.com\/assets\/sophos-certified-logos-64x13.png 64w, https:\/\/www.avanet.com\/assets\/sophos-certified-logos-300x60.png 300w, https:\/\/www.avanet.com\/assets\/sophos-certified-logos-18x4.png 18w\" sizes=\"auto, (max-width: 559px) 100vw, 559px\" \/><\/figure>\n","protected":false},"excerpt":{"rendered":"<p>Dans le domaine de la s\u00e9curit\u00e9, tout tourne autour de Sophos. Lorsqu&rsquo;il s&rsquo;agit de la s\u00e9curit\u00e9 des r\u00e9seaux de nos clients, nous misons \u00e0 100% sur les solutions de Sophos. L&rsquo;offre globale, les avanc\u00e9es technologiques et l&rsquo;interaction entre le pare-feu et le point d&rsquo;acc\u00e8s sont \u00e0 la pointe du march\u00e9. En ce qui concerne les [&hellip;]<\/p>\n","protected":false},"author":1,"featured_media":0,"parent":0,"menu_order":0,"comment_status":"closed","ping_status":"closed","template":"","meta":{"_acf_changed":false,"footnotes":""},"class_list":["post-40956","page","type-page","status-publish","hentry"],"blocksy_meta":{"page_structure_type":"type-3","content_style_source":"custom","content_style":{"desktop":"boxed","tablet":"boxed","mobile":"boxed","__changed":[]},"styles_descriptor":{"styles":{"desktop":"[data-prefix=\"single_page\"] [class*=\"ct-container\"] > article[class*=\"post\"] {--has-boxed:var(--true);--has-wide:var(--false);background-color:var(--has-background, var(--theme-palette-color-8));--theme-boxed-content-border-radius:3px;--theme-boxed-content-spacing:40px;--theme-boxed-content-box-shadow:0px 12px 18px -6px rgba(34, 56, 101, 0.04);}","tablet":"[data-prefix=\"single_page\"] [class*=\"ct-container\"] > article[class*=\"post\"] {--theme-boxed-content-spacing:35px;}","mobile":"[data-prefix=\"single_page\"] [class*=\"ct-container\"] > article[class*=\"post\"] {--theme-boxed-content-spacing:20px;}"},"google_fonts":[],"version":6}},"acf":[],"_links":{"self":[{"href":"https:\/\/www.avanet.com\/fr\/wp-json\/wp\/v2\/pages\/40956","targetHints":{"allow":["GET"]}}],"collection":[{"href":"https:\/\/www.avanet.com\/fr\/wp-json\/wp\/v2\/pages"}],"about":[{"href":"https:\/\/www.avanet.com\/fr\/wp-json\/wp\/v2\/types\/page"}],"author":[{"embeddable":true,"href":"https:\/\/www.avanet.com\/fr\/wp-json\/wp\/v2\/users\/1"}],"replies":[{"embeddable":true,"href":"https:\/\/www.avanet.com\/fr\/wp-json\/wp\/v2\/comments?post=40956"}],"version-history":[{"count":0,"href":"https:\/\/www.avanet.com\/fr\/wp-json\/wp\/v2\/pages\/40956\/revisions"}],"wp:attachment":[{"href":"https:\/\/www.avanet.com\/fr\/wp-json\/wp\/v2\/media?parent=40956"}],"curies":[{"name":"wp","href":"https:\/\/api.w.org\/{rel}","templated":true}]}}