{"id":40967,"date":"2021-11-12T15:20:49","date_gmt":"2021-11-12T14:20:49","guid":{"rendered":"https:\/\/www.avanet.com\/page-daccueil\/"},"modified":"2024-10-18T16:15:15","modified_gmt":"2024-10-18T15:15:15","slug":"page-daccueil","status":"publish","type":"page","link":"https:\/\/www.avanet.com\/fr\/","title":{"rendered":"Page d&rsquo;accueil"},"content":{"rendered":"<div class=\"gb-container gb-container-1e7c006b\">\n<div class=\"gb-container gb-container-048e5509\">\n\n<h1 class=\"gb-headline gb-headline-3b3901af gb-headline-text\">La s\u00e9curit\u00e9 informatique par des professionnels !<\/h1>\n\n\n\n<p>Avec les produits Sophos, nous ne nous contentons pas d&rsquo;optimiser le travail quotidien dans votre entreprise, mais nous augmentons en premier lieu la s\u00e9curit\u00e9 de mani\u00e8re significative.<\/p>\n\n\n\n<p>Pour nous, Sophos n&rsquo;est pas un produit quelconque dans les rayons. Vous achetez votre produit Sophos \u00e0 des professionnels qui connaissent eux-m\u00eames un peu le sujet et qui ne font pas autre chose. <\/p>\n\n\n\n<p class=\"gb-headline gb-headline-bc5017f4\"><span class=\"gb-icon\"><svg xmlns=\"http:\/\/www.w3.org\/2000\/svg\" aria-hidden=\"true\" role=\"img\" height=\"1em\" width=\"1em\" viewbox=\"0 0 512 512\"><path fill=\"currentColor\" d=\"M173.898 439.404l-166.4-166.4c-9.997-9.997-9.997-26.206 0-36.204l36.203-36.204c9.997-9.998 26.207-9.998 36.204 0L192 312.69 432.095 72.596c9.997-9.997 26.207-9.997 36.204 0l36.203 36.204c9.997 9.997 9.997 26.206 0 36.204l-294.4 294.401c-9.998 9.997-26.207 9.997-36.204-.001z\"><\/path><\/svg><\/span><span class=\"gb-headline-text\">Tous les mod\u00e8les de Sophos Firewall<\/span><\/p>\n\n\n\n<p class=\"gb-headline gb-headline-cff24950\"><span class=\"gb-icon\"><svg xmlns=\"http:\/\/www.w3.org\/2000\/svg\" aria-hidden=\"true\" role=\"img\" height=\"1em\" width=\"1em\" viewbox=\"0 0 512 512\"><path fill=\"currentColor\" d=\"M173.898 439.404l-166.4-166.4c-9.997-9.997-9.997-26.206 0-36.204l36.203-36.204c9.997-9.998 26.207-9.998 36.204 0L192 312.69 432.095 72.596c9.997-9.997 26.207-9.997 36.204 0l36.203 36.204c9.997 9.997 9.997 26.206 0 36.204l-294.4 294.401c-9.998 9.997-26.207 9.997-36.204-.001z\"><\/path><\/svg><\/span><span class=\"gb-headline-text\">Sophos SD-RED, Access Points et commutateurs<\/span><\/p>\n\n\n\n<p class=\"gb-headline gb-headline-09c85649\"><span class=\"gb-icon\"><svg xmlns=\"http:\/\/www.w3.org\/2000\/svg\" aria-hidden=\"true\" role=\"img\" height=\"1em\" width=\"1em\" viewbox=\"0 0 512 512\"><path fill=\"currentColor\" d=\"M173.898 439.404l-166.4-166.4c-9.997-9.997-9.997-26.206 0-36.204l36.203-36.204c9.997-9.998 26.207-9.998 36.204 0L192 312.69 432.095 72.596c9.997-9.997 26.207-9.997 36.204 0l36.203 36.204c9.997 9.997 9.997 26.206 0 36.204l-294.4 294.401c-9.998 9.997-26.207 9.997-36.204-.001z\"><\/path><\/svg><\/span><span class=\"gb-headline-text\">Licences pour Sophos Firewall, Central et autres produits<\/span><\/p>\n\n\n\n<p class=\"gb-headline gb-headline-c41e72a1\"><span class=\"gb-icon\"><svg xmlns=\"http:\/\/www.w3.org\/2000\/svg\" aria-hidden=\"true\" role=\"img\" height=\"1em\" width=\"1em\" viewbox=\"0 0 512 512\"><path fill=\"currentColor\" d=\"M173.898 439.404l-166.4-166.4c-9.997-9.997-9.997-26.206 0-36.204l36.203-36.204c9.997-9.998 26.207-9.998 36.204 0L192 312.69 432.095 72.596c9.997-9.997 26.207-9.997 36.204 0l36.203 36.204c9.997 9.997 9.997 26.206 0 36.204l-294.4 294.401c-9.998 9.997-26.207 9.997-36.204-.001z\"><\/path><\/svg><\/span><span class=\"gb-headline-text\">FWaaS dans le cloud ou location de mat\u00e9riel<\/span><\/p>\n\n\n\n<p class=\"gb-headline gb-headline-cd87abee\"><span class=\"gb-icon\"><svg xmlns=\"http:\/\/www.w3.org\/2000\/svg\" aria-hidden=\"true\" role=\"img\" height=\"1em\" width=\"1em\" viewbox=\"0 0 512 512\"><path fill=\"currentColor\" d=\"M173.898 439.404l-166.4-166.4c-9.997-9.997-9.997-26.206 0-36.204l36.203-36.204c9.997-9.998 26.207-9.998 36.204 0L192 312.69 432.095 72.596c9.997-9.997 26.207-9.997 36.204 0l36.203 36.204c9.997 9.997 9.997 26.206 0 36.204l-294.4 294.401c-9.998 9.997-26.207 9.997-36.204-.001z\"><\/path><\/svg><\/span><span class=\"gb-headline-text\">Installation, maintenance, assistance<\/span><\/p>\n\n<\/div>\n<\/div><div class=\"gb-container gb-container-2470297d\">\n<div class=\"gb-container gb-container-27232699\">\n\n<h3 class=\"gb-headline gb-headline-1a90d004 gb-headline-text\"><em>Sophos <\/em><strong>Pare-feu<\/strong><\/h3>\n\n\n\n<p class=\"gb-headline gb-headline-f0d872e3 gb-headline-text\">C&rsquo;est bien plus que de simples produits.\nNous vous fournissons des Sophos Firewall, du mat\u00e9riel et des licences, et nous vous accompagnons depuis le dimensionnement du mat\u00e9riel ou de la solution virtuelle jusqu&rsquo;\u00e0 l&rsquo;installation et l&rsquo;assistance. <\/p>\n\n\n\n<figure class=\"gb-block-image gb-block-image-62fb2175\"><img loading=\"lazy\" decoding=\"async\" width=\"974\" height=\"417\" class=\"gb-image gb-image-62fb2175\" src=\"https:\/\/www.avanet.com\/assets\/avanet-promo-xgs-firewall-stack.png\" alt=\"Pile de Sophos Firewall s\u00e9rie XGS\" title=\"avanet-promo-xgs-firewall-stack\" srcset=\"https:\/\/www.avanet.com\/assets\/avanet-promo-xgs-firewall-stack.png 974w, https:\/\/www.avanet.com\/assets\/avanet-promo-xgs-firewall-stack-64x27.png 64w, https:\/\/www.avanet.com\/assets\/avanet-promo-xgs-firewall-stack-300x128.png 300w, https:\/\/www.avanet.com\/assets\/avanet-promo-xgs-firewall-stack-768x329.png 768w, https:\/\/www.avanet.com\/assets\/avanet-promo-xgs-firewall-stack-600x257.png 600w\" sizes=\"auto, (max-width: 974px) 100vw, 974px\" \/><\/figure>\n\n\n\n<a class=\"gb-button gb-button-620fab2d\" href=\"https:\/\/www.avanet.com\/fr\/shop\/sophos-firewall\/\"><span class=\"gb-button-text\">Sophos Firewall<\/span><span class=\"gb-icon\"><svg xmlns=\"http:\/\/www.w3.org\/2000\/svg\" viewbox=\"0 0 512 512\">   <path d=\"M502.6 278.6l-128 128c-12.51 12.51-32.76 12.49-45.25 0c-12.5-12.5-12.5-32.75 0-45.25L402.8 288H32C14.31 288 0 273.7 0 255.1S14.31 224 32 224h370.8l-73.38-73.38c-12.5-12.5-12.5-32.75 0-45.25s32.75-12.5 45.25 0l128 128C515.1 245.9 515.1 266.1 502.6 278.6z\"><\/path> <\/svg><\/span><\/a>\n\n<\/div>\n\n<div class=\"gb-container gb-container-f36e1b26\">\n\n<h3 class=\"gb-headline gb-headline-0cb909b9 gb-headline-text\"><em>Sophos <\/em><strong>Central<\/strong><\/h3>\n\n\n<div class=\"gb-container gb-container-a48a013d\">\n<div class=\"gb-container gb-container-efc43bcd\">\n\n<p class=\"gb-headline gb-headline-810ded1d gb-headline-text\">Il ne s&rsquo;agit pas simplement d&rsquo;un logiciel, mais d&rsquo;une solution globale.\nChez nous, vous ne recevez pas seulement des licences pour Sophos Central, mais aussi des conseils personnalis\u00e9s sur vos besoins en mati\u00e8re de s\u00e9curit\u00e9, une assistance \u00e0 l&rsquo;installation et un support technique. <\/p>\n\n<\/div>\n<\/div>\n\n\n<figure class=\"gb-block-image gb-block-image-dc1d933a\"><img decoding=\"async\" class=\"gb-image gb-image-dc1d933a\" src=\"https:\/\/www.avanet.com\/assets\/sophos-central-admin-icon.svg\" alt=\"Ic\u00f4ne Sophos Central\" title=\"sophos-central-admin-icon\"><\/figure>\n\n\n\n<a class=\"gb-button gb-button-ef5466cc\" href=\"https:\/\/www.avanet.com\/fr\/shop\/sophos-central\/\"><span class=\"gb-button-text\">Sophos Central<\/span><span class=\"gb-icon\"><svg xmlns=\"http:\/\/www.w3.org\/2000\/svg\" viewbox=\"0 0 512 512\">   <path d=\"M502.6 278.6l-128 128c-12.51 12.51-32.76 12.49-45.25 0c-12.5-12.5-12.5-32.75 0-45.25L402.8 288H32C14.31 288 0 273.7 0 255.1S14.31 224 32 224h370.8l-73.38-73.38c-12.5-12.5-12.5-32.75 0-45.25s32.75-12.5 45.25 0l128 128C515.1 245.9 515.1 266.1 502.6 278.6z\"><\/path> <\/svg><\/span><\/a>\n\n<\/div>\n<\/div>\n<h2 class=\"gb-headline gb-headline-34ea91c0 gb-headline-text\">Nouveaux articles de blog<\/h2>\n\n<div data-id=\"05da034e\" class=\"wp-block-blocksy-query\"><div class=\"ct-query-template-grid\"><article class=\"wp-block-post is-layout-flow post-169161 post type-post status-publish format-standard has-post-thumbnail hentry category-non-classifiee\">\n\n<div class=\"wp-block-group is-vertical is-content-justification-left is-layout-flex wp-container-core-group-is-layout-2290e706 wp-block-group-is-layout-flex\" style=\"min-height:100%\"><a style=\"margin-bottom:0;\" class=\"ct-dynamic-media wp-elements-65ac85f5e6ae251b3aa8c13b2e5871f3\" aria-label=\"Sophos Firewall v22 : Pr\u00e9sentation et toutes les nouvelles fonctionnalit\u00e9s\" href=\"https:\/\/www.avanet.com\/fr\/blog\/sophos-firewall-v22\/\"><img loading=\"lazy\" decoding=\"async\" width=\"1920\" height=\"1440\" src=\"https:\/\/www.avanet.com\/assets\/sophos-firewall-v22-login-page.png\" class=\"attachment-full size-full\" alt=\"\" style=\"width:100%;height:100%;object-fit: cover;aspect-ratio: 16\/9;\" srcset=\"https:\/\/www.avanet.com\/assets\/sophos-firewall-v22-login-page.png 1920w, https:\/\/www.avanet.com\/assets\/sophos-firewall-v22-login-page-300x225.png 300w, https:\/\/www.avanet.com\/assets\/sophos-firewall-v22-login-page-1024x768.png 1024w, https:\/\/www.avanet.com\/assets\/sophos-firewall-v22-login-page-768x576.png 768w, https:\/\/www.avanet.com\/assets\/sophos-firewall-v22-login-page-1536x1152.png 1536w, https:\/\/www.avanet.com\/assets\/sophos-firewall-v22-login-page-600x450.png 600w, https:\/\/www.avanet.com\/assets\/sophos-firewall-v22-login-page-64x48.png 64w\" sizes=\"auto, (max-width: 1920px) 100vw, 1920px\" \/><\/a>\n\n\n<div class=\"wp-block-group has-palette-color-8-background-color has-background wp-container-content-9cfa9a5a is-layout-constrained wp-block-group-is-layout-constrained\" style=\"min-height:100%\"><h2 style=\"font-size:clamp(14px, 0.875rem + ((1vw - 3.2px) * 0.313), 18px);\" class=\"ct-dynamic-data wp-elements-217800496679b007b1999694e2a70788\"><a href=\"https:\/\/www.avanet.com\/fr\/blog\/sophos-firewall-v22\/\">Sophos Firewall v22 : Pr\u00e9sentation et toutes les nouvelles fonctionnalit\u00e9s<\/a><\/h2>\n\n<div style=\"font-style:normal;font-weight:500;text-transform:uppercase;\" class=\"ct-dynamic-data wp-elements-f39b58692d225a8bf1b399410a1ae3b1 has-small-font-size\">20. octobre 2025<\/div>\n\n<div class=\"ct-dynamic-data wp-elements-75c3acab3cff5557061d009d04e39255\"><p>Sophos Firewall v22 met l&rsquo;accent sur le durcissement, la visibilit\u00e9 claire et les processus op\u00e9rationnels stables. L&rsquo;architecture Xstream modernis\u00e9e, un\u2026<\/p>\n<\/div><\/div>\n<\/div>\n\n<\/article><article class=\"wp-block-post is-layout-flow post-169077 post type-post status-publish format-standard has-post-thumbnail hentry category-non-classifiee\">\n\n<div class=\"wp-block-group is-vertical is-content-justification-left is-layout-flex wp-container-core-group-is-layout-2290e706 wp-block-group-is-layout-flex\" style=\"min-height:100%\"><a style=\"margin-bottom:0;\" class=\"ct-dynamic-media wp-elements-65ac85f5e6ae251b3aa8c13b2e5871f3\" aria-label=\"Sophos Firewall v21.5 MR1: S\u00e9curit\u00e9 et Stabilit\u00e9 au Centre de l\u2019Attention\" href=\"https:\/\/www.avanet.com\/fr\/blog\/sophos-firewall-v21-5-mr1\/\"><img loading=\"lazy\" decoding=\"async\" width=\"1920\" height=\"1440\" src=\"https:\/\/www.avanet.com\/assets\/sophos-firewall-v21-5-mr1.png\" class=\"attachment-full size-full\" alt=\"\" style=\"width:100%;height:100%;object-fit: cover;aspect-ratio: 16\/9;\" srcset=\"https:\/\/www.avanet.com\/assets\/sophos-firewall-v21-5-mr1.png 1920w, https:\/\/www.avanet.com\/assets\/sophos-firewall-v21-5-mr1-300x225.png 300w, https:\/\/www.avanet.com\/assets\/sophos-firewall-v21-5-mr1-1024x768.png 1024w, https:\/\/www.avanet.com\/assets\/sophos-firewall-v21-5-mr1-768x576.png 768w, https:\/\/www.avanet.com\/assets\/sophos-firewall-v21-5-mr1-1536x1152.png 1536w, https:\/\/www.avanet.com\/assets\/sophos-firewall-v21-5-mr1-600x450.png 600w, https:\/\/www.avanet.com\/assets\/sophos-firewall-v21-5-mr1-64x48.png 64w\" sizes=\"auto, (max-width: 1920px) 100vw, 1920px\" \/><\/a>\n\n\n<div class=\"wp-block-group has-palette-color-8-background-color has-background wp-container-content-9cfa9a5a is-layout-constrained wp-block-group-is-layout-constrained\" style=\"min-height:100%\"><h2 style=\"font-size:clamp(14px, 0.875rem + ((1vw - 3.2px) * 0.313), 18px);\" class=\"ct-dynamic-data wp-elements-217800496679b007b1999694e2a70788\"><a href=\"https:\/\/www.avanet.com\/fr\/blog\/sophos-firewall-v21-5-mr1\/\">Sophos Firewall v21.5 MR1: S\u00e9curit\u00e9 et Stabilit\u00e9 au Centre de l\u2019Attention<\/a><\/h2>\n\n<div style=\"font-style:normal;font-weight:500;text-transform:uppercase;\" class=\"ct-dynamic-data wp-elements-f39b58692d225a8bf1b399410a1ae3b1 has-small-font-size\">9. octobre 2025<\/div>\n\n<div class=\"ct-dynamic-data wp-elements-75c3acab3cff5557061d009d04e39255\"><p>Sophos Firewall v21.5 MR1 regroupe de nombreuses am\u00e9liorations de s\u00e9curit\u00e9, de stabilit\u00e9 et de fiabilit\u00e9. Il comprend \u00e9galement des nouveaut\u00e9s\u2026<\/p>\n<\/div><\/div>\n<\/div>\n\n<\/article><article class=\"wp-block-post is-layout-flow post-168702 post type-post status-publish format-standard has-post-thumbnail hentry category-non-classifiee\">\n\n<div class=\"wp-block-group is-vertical is-content-justification-left is-layout-flex wp-container-core-group-is-layout-2290e706 wp-block-group-is-layout-flex\" style=\"min-height:100%\"><a style=\"margin-bottom:0;\" class=\"ct-dynamic-media wp-elements-65ac85f5e6ae251b3aa8c13b2e5871f3\" aria-label=\"Flux de renseignement sur les menaces pour le pare-feu &#8211; Bloquer les attaques avant qu&rsquo;elles ne frappent\" href=\"https:\/\/www.avanet.com\/fr\/blog\/avanet-threat-intelligence-feeds\/\"><img loading=\"lazy\" decoding=\"async\" width=\"1920\" height=\"1440\" src=\"https:\/\/www.avanet.com\/assets\/avanet-threat-intel-feed.png\" class=\"attachment-full size-full\" alt=\"\" style=\"width:100%;height:100%;object-fit: cover;aspect-ratio: 16\/9;\" srcset=\"https:\/\/www.avanet.com\/assets\/avanet-threat-intel-feed.png 1920w, https:\/\/www.avanet.com\/assets\/avanet-threat-intel-feed-300x225.png 300w, https:\/\/www.avanet.com\/assets\/avanet-threat-intel-feed-1024x768.png 1024w, https:\/\/www.avanet.com\/assets\/avanet-threat-intel-feed-768x576.png 768w, https:\/\/www.avanet.com\/assets\/avanet-threat-intel-feed-1536x1152.png 1536w, https:\/\/www.avanet.com\/assets\/avanet-threat-intel-feed-600x450.png 600w, https:\/\/www.avanet.com\/assets\/avanet-threat-intel-feed-64x48.png 64w\" sizes=\"auto, (max-width: 1920px) 100vw, 1920px\" \/><\/a>\n\n\n<div class=\"wp-block-group has-palette-color-8-background-color has-background wp-container-content-9cfa9a5a is-layout-constrained wp-block-group-is-layout-constrained\" style=\"min-height:100%\"><h2 style=\"font-size:clamp(14px, 0.875rem + ((1vw - 3.2px) * 0.313), 18px);\" class=\"ct-dynamic-data wp-elements-217800496679b007b1999694e2a70788\"><a href=\"https:\/\/www.avanet.com\/fr\/blog\/avanet-threat-intelligence-feeds\/\">Flux de renseignement sur les menaces pour le pare-feu &#8211; Bloquer les attaques avant qu&rsquo;elles ne frappent<\/a><\/h2>\n\n<div style=\"font-style:normal;font-weight:500;text-transform:uppercase;\" class=\"ct-dynamic-data wp-elements-f39b58692d225a8bf1b399410a1ae3b1 has-small-font-size\">25. ao\u00fbt 2025<\/div>\n\n<div class=\"ct-dynamic-data wp-elements-75c3acab3cff5557061d009d04e39255\"><p>Certains jours, les administrateurs informatiques ont l&rsquo;impression d&rsquo;\u00eatre soumis \u00e0 des tirs continus : toutes les minutes, les bots et\u2026<\/p>\n<\/div><\/div>\n<\/div>\n\n<\/article><\/div><style>[data-id='05da034e'] {--grid-columns-width:3;}@media (max-width: 999.98px) {[data-id='05da034e'] {--grid-columns-width:2;}}@media (max-width: 689.98px) {[data-id='05da034e'] {--grid-columns-width:1;}}<\/style><\/div>\n","protected":false},"excerpt":{"rendered":"<p>La s\u00e9curit\u00e9 informatique par des professionnels ! Avec les produits Sophos, nous ne nous contentons pas d&rsquo;optimiser le travail quotidien dans votre entreprise, mais nous augmentons en premier lieu la s\u00e9curit\u00e9 de mani\u00e8re significative. Pour nous, Sophos n&rsquo;est pas un produit quelconque dans les rayons. Vous achetez votre produit Sophos \u00e0 des professionnels qui connaissent [&hellip;]<\/p>\n","protected":false},"author":1,"featured_media":0,"parent":0,"menu_order":0,"comment_status":"closed","ping_status":"closed","template":"","meta":{"_acf_changed":false,"footnotes":""},"class_list":["post-40967","page","type-page","status-publish","hentry"],"blocksy_meta":{"styles_descriptor":{"styles":{"desktop":"","tablet":"","mobile":""},"google_fonts":[],"version":6},"has_hero_section":"disabled"},"acf":[],"_links":{"self":[{"href":"https:\/\/www.avanet.com\/fr\/wp-json\/wp\/v2\/pages\/40967","targetHints":{"allow":["GET"]}}],"collection":[{"href":"https:\/\/www.avanet.com\/fr\/wp-json\/wp\/v2\/pages"}],"about":[{"href":"https:\/\/www.avanet.com\/fr\/wp-json\/wp\/v2\/types\/page"}],"author":[{"embeddable":true,"href":"https:\/\/www.avanet.com\/fr\/wp-json\/wp\/v2\/users\/1"}],"replies":[{"embeddable":true,"href":"https:\/\/www.avanet.com\/fr\/wp-json\/wp\/v2\/comments?post=40967"}],"version-history":[{"count":0,"href":"https:\/\/www.avanet.com\/fr\/wp-json\/wp\/v2\/pages\/40967\/revisions"}],"wp:attachment":[{"href":"https:\/\/www.avanet.com\/fr\/wp-json\/wp\/v2\/media?parent=40967"}],"curies":[{"name":"wp","href":"https:\/\/api.w.org\/{rel}","templated":true}]}}