{"id":40987,"date":"2021-11-10T11:16:29","date_gmt":"2021-11-10T10:16:29","guid":{"rendered":"https:\/\/www.avanet.com\/mentions-legales\/"},"modified":"2023-06-12T15:40:40","modified_gmt":"2023-06-12T14:40:40","slug":"mentions-legales","status":"publish","type":"page","link":"https:\/\/www.avanet.com\/fr\/mentions-legales\/","title":{"rendered":"Mentions l\u00e9gales"},"content":{"rendered":"\n<h2 class=\"gb-headline gb-headline-aa72381c gb-headline-text\">Si\u00e8ge de l&rsquo;entreprise<\/h2>\n\n<p><strong>Avanet AG<\/strong><br\/>5, rue Oberneuhof<br\/>6340 Baar<br\/>Suisse<\/p>\n\n<p>T\u00e9l\u00e9phone: <a href=\"tel:+41445852468\">+41 44 585 24 68<\/a><\/p>\n\n<h3 class=\"gb-headline gb-headline-68575de4 gb-headline-text\">Informations commerciales<\/h3>\n\n<p>UID : CHE-391.846.601<\/p>\n\n<hr class=\"wp-block-separator has-text-color has-palette-color-5-color has-alpha-channel-opacity has-palette-color-5-background-color has-background is-style-wide\"\/>\n\n<h2 class=\"gb-headline gb-headline-8e4cfad0 gb-headline-text\">Succursale<\/h2>\n\n<p><strong>Avanet SARL<\/strong><br\/>28, Op der Haart<br\/>9999 Wemperhardt<br\/>Luxembourg<\/p>\n\n<p>Tel.: <a href=\"tel:+35228802807\">+352 28 80 28 07<\/a><\/p>\n\n<h3 class=\"gb-headline gb-headline-88e4a01d gb-headline-text\">Informations commerciales<\/h3>\n\n<p>UID Luxembourg : LU32243577<br\/>UID Pays-Bas : NL826255620B01<br\/>UID Allemagne : DE340863680<\/p>\n\n<hr class=\"wp-block-separator has-text-color has-palette-color-5-color has-alpha-channel-opacity has-palette-color-5-background-color has-background is-style-wide\"\/>\n\n<h2 class=\"gb-headline gb-headline-816ec8d7 gb-headline-text\">Entrep\u00f4t de marchandises \u2013 Allemagne<\/h2>\n\n<p class=\"gb-headline gb-headline-555f325a gb-headline-text\">Pour l&rsquo;approvisionnement de nos clients allemands, nous misons sur des livraisons directes depuis l&rsquo;Allemagne. Nous disposons pour cela de notre propre entrep\u00f4t.<\/p>\n\n<p><strong>Avanet SARL<\/strong><br\/>Macairestra\u00dfe 4<br\/>78467 Konstanz<br\/>Allemagne<\/p>\n","protected":false},"excerpt":{"rendered":"<p>Si\u00e8ge de l&rsquo;entreprise Avanet AG5, rue Oberneuhof6340 BaarSuisse T\u00e9l\u00e9phone: +41 44 585 24 68 Informations commerciales UID : CHE-391.846.601 Succursale Avanet SARL28, Op der Haart9999 WemperhardtLuxembourg Tel.: +352 28 80 28 07 Informations commerciales UID Luxembourg : LU32243577UID Pays-Bas : NL826255620B01UID Allemagne : DE340863680 Entrep\u00f4t de marchandises \u2013 Allemagne Pour l&rsquo;approvisionnement de nos clients allemands, [&hellip;]<\/p>\n","protected":false},"author":1,"featured_media":0,"parent":0,"menu_order":0,"comment_status":"closed","ping_status":"closed","template":"","meta":{"_acf_changed":false,"footnotes":""},"class_list":["post-40987","page","type-page","status-publish","hentry"],"blocksy_meta":{"page_structure_type":"type-3","content_style_source":"custom","content_style":{"desktop":"boxed","tablet":"boxed","mobile":"boxed","__changed":[]},"styles_descriptor":{"styles":{"desktop":"[data-prefix=\"single_page\"] [class*=\"ct-container\"] > article[class*=\"post\"] {--has-boxed:var(--true);--has-wide:var(--false);background-color:var(--has-background, var(--theme-palette-color-8));--theme-boxed-content-border-radius:3px;--theme-boxed-content-spacing:40px;--theme-boxed-content-box-shadow:0px 12px 18px -6px rgba(34, 56, 101, 0.04);}","tablet":"[data-prefix=\"single_page\"] [class*=\"ct-container\"] > article[class*=\"post\"] {--theme-boxed-content-spacing:35px;}","mobile":"[data-prefix=\"single_page\"] [class*=\"ct-container\"] > article[class*=\"post\"] {--theme-boxed-content-spacing:20px;}"},"google_fonts":[],"version":6}},"acf":[],"_links":{"self":[{"href":"https:\/\/www.avanet.com\/fr\/wp-json\/wp\/v2\/pages\/40987","targetHints":{"allow":["GET"]}}],"collection":[{"href":"https:\/\/www.avanet.com\/fr\/wp-json\/wp\/v2\/pages"}],"about":[{"href":"https:\/\/www.avanet.com\/fr\/wp-json\/wp\/v2\/types\/page"}],"author":[{"embeddable":true,"href":"https:\/\/www.avanet.com\/fr\/wp-json\/wp\/v2\/users\/1"}],"replies":[{"embeddable":true,"href":"https:\/\/www.avanet.com\/fr\/wp-json\/wp\/v2\/comments?post=40987"}],"version-history":[{"count":0,"href":"https:\/\/www.avanet.com\/fr\/wp-json\/wp\/v2\/pages\/40987\/revisions"}],"wp:attachment":[{"href":"https:\/\/www.avanet.com\/fr\/wp-json\/wp\/v2\/media?parent=40987"}],"curies":[{"name":"wp","href":"https:\/\/api.w.org\/{rel}","templated":true}]}}