{"id":41010,"date":"2021-11-10T11:16:28","date_gmt":"2021-11-10T10:16:28","guid":{"rendered":"https:\/\/www.avanet.com\/declaration-de-protection-des-donnees\/"},"modified":"2025-06-07T17:11:36","modified_gmt":"2025-06-07T16:11:36","slug":"declaration-de-protection-des-donnees","status":"publish","type":"page","link":"https:\/\/www.avanet.com\/fr\/declaration-de-protection-des-donnees\/","title":{"rendered":"D\u00e9claration de confidentialit\u00e9"},"content":{"rendered":"\n<h2 class=\"gb-headline gb-headline-57df90d7 gb-headline-text\">Nos principes<\/h2>\n\n<p>Nous ne collectons et n&rsquo;enregistrons que les donn\u00e9es n\u00e9cessaires et ne te demandons pas d&rsquo;informations qui ne servent pas \u00e0 am\u00e9liorer notre service ou \u00e0 optimiser notre marketing. Nous ne transmettons tes donn\u00e9es client \u00e0 des tiers que dans des cas exceptionnels clairement d\u00e9finis. Tu trouveras dans cette d\u00e9claration de confidentialit\u00e9 les services que nous utilisons pour fournir nos services et pour lesquels tes donn\u00e9es sont utilis\u00e9es ou transmises.<\/p>\n\n<h2 class=\"gb-headline gb-headline-9a0a2b0a gb-headline-text\">Analyse du site web<\/h2>\n\n<p>Nous avons d\u00e9cid\u00e9 en <strong>septembre 2020<\/strong> de ne <strong>plus<\/strong> utiliser Google Analytics sur le site web d&rsquo;Avanet. Nous utilisons d\u00e9sormais une alternative sans cookie \ud83c\udf6a qui est \u00e9galement conforme au RGPD.<\/p>\n\n<p><strong>Notice sur la protection de la vie priv\u00e9e<\/strong> <a href=\"https:\/\/usefathom.com\/privacy\" target=\"_blank\" rel=\"noreferrer noopener nofollow\">: https:\/\/usefathom.com\/privacy<\/a><\/p>\n\n<p><strong>Conformit\u00e9 au GDPR<\/strong> <a href=\"https:\/\/usefathom.com\/compliance\/gdpr-compliant-website-analytics\" target=\"_blank\" rel=\"noreferrer noopener nofollow\">: https:\/\/usefathom.com\/compliance\/gdpr-compliant-website-analytics<\/a><\/p>\n\n<h2 class=\"gb-headline gb-headline-8b5f288d gb-headline-text\">Fournisseur de paiement<\/h2>\n\n<p>Nous proposons entre autres la carte de cr\u00e9dit comme moyen de paiement. Pour cela, nous utilisons le fournisseur de paiement Stripe, dont le si\u00e8ge est \u00e0 San Francisco (\u00c9tats-Unis). Ton adresse postale, ton adresse e-mail et les informations relatives \u00e0 ta carte de cr\u00e9dit sont enregistr\u00e9es de mani\u00e8re crypt\u00e9e dans leur base de donn\u00e9es. Pour des raisons de s\u00e9curit\u00e9, nous ne stockons jamais les informations de carte de cr\u00e9dit dans notre base de donn\u00e9es !<br\/>Vous pouvez consulter la politique de confidentialit\u00e9 de Stripe ici <a href=\"https:\/\/stripe.com\/ch\/privacy\" target=\"_blank\" rel=\"noreferrer noopener nofollow\">: https:\/\/stripe.com\/ch\/privacy<\/a><\/p>\n\n<p>Nous proposons \u00e9galement le bitcoin comme m\u00e9thode de paiement, ce qui rend les fournisseurs de paiement superflus en tant qu&rsquo;interm\u00e9diaires.<\/p>\n\n<h2 class=\"gb-headline gb-headline-9e610232 gb-headline-text\">Sophos<\/h2>\n\n<p>D\u00e8s que tu ach\u00e8tes un produit Sophos sur notre site web, nous devons l&rsquo;enregistrer nous-m\u00eames aupr\u00e8s de Sophos. \u00c0 cette fin, nous devons indiquer ton nom, le nom de ta soci\u00e9t\u00e9, ton adresse et ton adresse \u00e9lectronique.  <a href=\"https:\/\/www.sophos.com\/en-us\/trust\/privacy\" target=\"_blank\" rel=\"noreferrer noopener nofollow\">https:\/\/www.sophos.com\/en-us\/trust\/privacy<\/a><\/p>\n\n<p>La commande d&rsquo;une licence ou d&rsquo;un mat\u00e9riel Sophos se fait par l&rsquo;interm\u00e9diaire d&rsquo;un distributeur en Suisse, en Allemagne ou aux Pays-Bas, en fonction de la destination de la marchandise. Nous ne transmettons les donn\u00e9es \u00e0 ces prestataires que pour le traitement de la commande.<\/p>\n\n<p>Dans le cas de nos licences d&rsquo;abonnement, ces donn\u00e9es ne sont pas transmises \u00e0 des tiers, mais restent chez nous.<\/p>\n\n<h2 class=\"gb-headline gb-headline-d2ef76ed gb-headline-text\">Envoi de colis \ud83d\udce6<\/h2>\n\n<p>En cas de livraison physique, tes donn\u00e9es d&rsquo;adresse sont transmises \u00e0 la Poste suisse, \u00e0 DHL ou \u00e0 UPS, selon le pays de livraison.<\/p>\n\n<h2 class=\"gb-headline gb-headline-fc374126 gb-headline-text\">H\u00e9bergement<\/h2>\n\n<p>Nous utilisons le service de Kinsta pour l&rsquo;h\u00e9bergement du site web d&rsquo;Avanet. Kinsta utilise les serveurs de Google Cloud \u00e0 Zurich pour h\u00e9berger notre site web et notre base de donn\u00e9es. Ainsi, d\u00e8s que vous cr\u00e9ez un compte, toutes les donn\u00e9es que vous devez fournir, <strong>\u00e0 l&rsquo;exception des informations relatives \u00e0 votre carte de cr\u00e9dit<\/strong>, sont stock\u00e9es dans MariaDB.<br\/>Vous pouvez consulter les r\u00e8gles de confidentialit\u00e9 de Kinsta ici <a href=\"https:\/\/kinsta.com\/legal\/privacy-policy\/\" target=\"_blank\" rel=\"noreferrer noopener nofollow\">:<\/a> https:\/\/kinsta.com\/legal\/privacy-policy\/<br\/>Vous pouvez consulter les r\u00e8gles de confidentialit\u00e9 de la plateforme Google Cloud ici <a href=\"https:\/\/cloud.google.com\/terms\/\" target=\"_blank\" rel=\"noreferrer noopener\">: https:\/\/cloud.google.com\/terms\/<\/a><\/p>\n\n<p>Un Content Delivery Network (CDN) est un r\u00e9seau de serveurs qui sert \u00e0 livrer plus rapidement et plus efficacement du contenu web aux visiteurs de notre site web en stockant des copies du contenu sur diff\u00e9rents serveurs dans le monde entier. Nous utilisons ici le service de Cloudflare <a href=\"https:\/\/www.cloudflare.com\/privacypolicy\/\" target=\"_blank\" rel=\"noopener\">: https:\/\/www.cloudflare.com\/privacypolicy\/<\/a><\/p>\n\n<h2 class=\"gb-headline gb-headline-e801a7e7 gb-headline-text\">Facturation<\/h2>\n\n<p>Comme outil de facturation, ils utilisent Zoho Finance Services, qui est exploit\u00e9 dans un centre de donn\u00e9es de l&rsquo;UE. Tu trouveras la politique de confidentialit\u00e9 de Zoho ici <a href=\"https:\/\/www.zoho.com\/privacy.html\" target=\"_blank\" rel=\"noreferrer noopener nofollow\">: https:\/\/www.zoho.com\/privacy.html<\/a><\/p>\n\n<h2 class=\"gb-headline gb-headline-88b07a0a gb-headline-text\">Bulletin d&rsquo;information \u2709\ufe0f<\/h2>\n\n<p>Si tu as un compte Avanet, tu recevras occasionnellement des e-mails automatis\u00e9s de notre part. Pour envoyer ces e-mails, nous utilisons le service de Zoho.<br\/>Vous trouverez la politique de confidentialit\u00e9 de Zoho ici <a href=\"https:\/\/www.zoho.com\/privacy.html\" target=\"_blank\" rel=\"noreferrer noopener nofollow\">: https:\/\/www.zoho.com\/privacy.html<\/a><\/p>\n\n<h2 class=\"gb-headline gb-headline-c90a866b gb-headline-text\">Formulaire de contact<\/h2>\n\n<p>Tant notre formulaire de contact que l&rsquo;e-mail direct que vous nous envoyez utilisent le service Microsoft 365 &#8211; Exchange <a href=\"https:\/\/privacy.microsoft.com\/en-us\/privacystatement\" target=\"_blank\" rel=\"noreferrer noopener nofollow\">: https:\/\/privacy.microsoft.com\/en-us\/privacystatement<\/a><\/p>\n","protected":false},"excerpt":{"rendered":"<p>Nos principes Nous ne collectons et n&rsquo;enregistrons que les donn\u00e9es n\u00e9cessaires et ne te demandons pas d&rsquo;informations qui ne servent pas \u00e0 am\u00e9liorer notre service ou \u00e0 optimiser notre marketing. Nous ne transmettons tes donn\u00e9es client \u00e0 des tiers que dans des cas exceptionnels clairement d\u00e9finis. Tu trouveras dans cette d\u00e9claration de confidentialit\u00e9 les services [&hellip;]<\/p>\n","protected":false},"author":1,"featured_media":0,"parent":0,"menu_order":0,"comment_status":"closed","ping_status":"closed","template":"","meta":{"_acf_changed":false,"footnotes":""},"class_list":["post-41010","page","type-page","status-publish","hentry"],"blocksy_meta":{"page_structure_type":"type-3","content_style_source":"custom","content_style":{"desktop":"boxed","tablet":"boxed","mobile":"boxed","__changed":[]},"styles_descriptor":{"styles":{"desktop":"[data-prefix=\"single_page\"] [class*=\"ct-container\"] > article[class*=\"post\"] {--has-boxed:var(--true);--has-wide:var(--false);background-color:var(--has-background, var(--theme-palette-color-8));--theme-boxed-content-border-radius:3px;--theme-boxed-content-spacing:40px;--theme-boxed-content-box-shadow:0px 12px 18px -6px rgba(34, 56, 101, 0.04);}","tablet":"[data-prefix=\"single_page\"] [class*=\"ct-container\"] > article[class*=\"post\"] {--theme-boxed-content-spacing:35px;}","mobile":"[data-prefix=\"single_page\"] [class*=\"ct-container\"] > article[class*=\"post\"] {--theme-boxed-content-spacing:20px;}"},"google_fonts":[],"version":6}},"acf":[],"_links":{"self":[{"href":"https:\/\/www.avanet.com\/fr\/wp-json\/wp\/v2\/pages\/41010","targetHints":{"allow":["GET"]}}],"collection":[{"href":"https:\/\/www.avanet.com\/fr\/wp-json\/wp\/v2\/pages"}],"about":[{"href":"https:\/\/www.avanet.com\/fr\/wp-json\/wp\/v2\/types\/page"}],"author":[{"embeddable":true,"href":"https:\/\/www.avanet.com\/fr\/wp-json\/wp\/v2\/users\/1"}],"replies":[{"embeddable":true,"href":"https:\/\/www.avanet.com\/fr\/wp-json\/wp\/v2\/comments?post=41010"}],"version-history":[{"count":0,"href":"https:\/\/www.avanet.com\/fr\/wp-json\/wp\/v2\/pages\/41010\/revisions"}],"wp:attachment":[{"href":"https:\/\/www.avanet.com\/fr\/wp-json\/wp\/v2\/media?parent=41010"}],"curies":[{"name":"wp","href":"https:\/\/api.w.org\/{rel}","templated":true}]}}