{"id":107323,"date":"2023-02-25T20:26:55","date_gmt":"2023-02-25T19:26:55","guid":{"rendered":"https:\/\/www.avanet.com\/shop\/sophos-firewall-5g-module\/"},"modified":"2024-02-03T08:37:45","modified_gmt":"2024-02-03T07:37:45","slug":"sophos-firewall-5g-module","status":"publish","type":"product","link":"https:\/\/www.avanet.com\/fr\/shop\/sophos-firewall-5g-module\/","title":{"rendered":"Sophos 5G Module pour XGS 116(w)\/126(w)\/136(w)"},"content":{"rendered":"<div data-block=\"hook:113121\" class=\"alignfull\"><article id=\"post-113121\" class=\"post-113121\"><div class=\"entry-content is-layout-constrained\">\n<p>Le module 5G optionnel de Sophos permet de connecter efficacement et \u00e0 moindre co\u00fbt les pare-feu de la gamme XGS aux r\u00e9seaux 5G. Le module 5G est une excellente solution pour une connexion Internet fiable et rapide. Il est particuli\u00e8rement adapt\u00e9 aux endroits o\u00f9 une connexion haut d\u00e9bit fixe n'est pas disponible ou trop ch\u00e8re.<\/p>\n\n<h3 class=\"wp-block-heading\" id=\"h-kompatibilitat\" style=\"font-size:clamp(14.082px, 0.88rem + ((1vw - 3.2px) * 0.54), 21px);font-style:normal;font-weight:600\">Compatibilit\u00e9<\/h3>\n\n<p>Le module 5G est compatible avec les pare-feux de bureau Sophos XGS. Cela inclut les mod\u00e8les suivants : <\/p>\n\n<ul class=\"wp-block-list\">\n<li>XGS 116(w)<\/li>\n\n\n\n<li>XGS 126(w)<\/li>\n\n\n\n<li>XGS 136(w)<\/li>\n<\/ul>\n\n<h3 class=\"wp-block-heading\" id=\"h-geschwindigkeit\" style=\"font-size:clamp(14.082px, 0.88rem + ((1vw - 3.2px) * 0.54), 21px);font-style:normal;font-weight:600\">Speed<\/h3>\n\n<p>Le module offre une connectivit\u00e9 5G avec des vitesses de t\u00e9l\u00e9chargement allant jusqu'\u00e0 4,5 Gbps et des vitesses de chargement allant jusqu'\u00e0 660 Mbps. Le module prend \u00e9galement en charge les options de repli automatique sur les r\u00e9seaux 3G et 4G LTE (Cat-20) si la 5G n'est pas disponible. <\/p>\n\n<h3 class=\"wp-block-heading\" id=\"h-installation\" style=\"font-size:clamp(14.082px, 0.88rem + ((1vw - 3.2px) * 0.54), 21px);font-style:normal;font-weight:600\">Installation<\/h3>\n\n<p>Le module 5G est facile \u00e0 installer, mais il ne peut pas \u00eatre remplac\u00e9 en cours de fonctionnement. Cela signifie que le pare-feu doit \u00eatre d\u00e9sactiv\u00e9 pour pouvoir installer le module. Apr\u00e8s l'installation, le WAN cellulaire doit \u00eatre activ\u00e9 dans la console d'administration web.<\/p>\n\n<p>L'interface WWAN1 doit \u00eatre configur\u00e9e afin de pouvoir utiliser le module 5G de mani\u00e8re optimale. Apr\u00e8s avoir charg\u00e9 la configuration recommand\u00e9e pour le module 5G dans l'interface WWAN1, la connexion peut \u00eatre \u00e9tablie avec le nom d'utilisateur, le mot de passe et les param\u00e8tres APN.<\/p>\n<\/div><\/article><\/div>\n","protected":false},"excerpt":{"rendered":"[blocksy-content-block id=\"107493\"]\n","protected":false},"featured_media":107315,"template":"","meta":{"_acf_changed":false},"product_brand":[],"product_cat":[597],"product_tag":[],"class_list":{"0":"post-107323","1":"product","2":"type-product","3":"status-publish","4":"has-post-thumbnail","6":"product_cat-uncategorized","8":"first","9":"instock","10":"taxable","11":"shipping-taxable","12":"purchasable","13":"product-type-simple"},"acf":[],"_links":{"self":[{"href":"https:\/\/www.avanet.com\/fr\/wp-json\/wp\/v2\/product\/107323","targetHints":{"allow":["GET"]}}],"collection":[{"href":"https:\/\/www.avanet.com\/fr\/wp-json\/wp\/v2\/product"}],"about":[{"href":"https:\/\/www.avanet.com\/fr\/wp-json\/wp\/v2\/types\/product"}],"wp:featuredmedia":[{"embeddable":true,"href":"https:\/\/www.avanet.com\/fr\/wp-json\/wp\/v2\/media\/107315"}],"wp:attachment":[{"href":"https:\/\/www.avanet.com\/fr\/wp-json\/wp\/v2\/media?parent=107323"}],"wp:term":[{"taxonomy":"product_brand","embeddable":true,"href":"https:\/\/www.avanet.com\/fr\/wp-json\/wp\/v2\/product_brand?post=107323"},{"taxonomy":"product_cat","embeddable":true,"href":"https:\/\/www.avanet.com\/fr\/wp-json\/wp\/v2\/product_cat?post=107323"},{"taxonomy":"product_tag","embeddable":true,"href":"https:\/\/www.avanet.com\/fr\/wp-json\/wp\/v2\/product_tag?post=107323"}],"curies":[{"name":"wp","href":"https:\/\/api.w.org\/{rel}","templated":true}]}}