{"id":129591,"date":"2023-08-18T07:35:46","date_gmt":"2023-08-18T06:35:46","guid":{"rendered":"https:\/\/www.avanet.com\/shop\/sophos-access-points-support-for-ap6-420x\/"},"modified":"2024-04-19T08:20:06","modified_gmt":"2024-04-19T07:20:06","slug":"sophos-access-points-support-for-ap6-420x","status":"publish","type":"product","link":"https:\/\/www.avanet.com\/fr\/shop\/sophos-access-points-support-for-ap6-420x\/","title":{"rendered":"Sophos Access Points Support pour AP6 420X"},"content":{"rendered":"<div data-block=\"hook:129850\" class=\"alignfull\"><article id=\"post-129850\" class=\"post-129850\"><div class=\"entry-content is-layout-constrained\">\n<ul class=\"wp-block-list\">\n<li><strong> Management<\/strong>:\n<ul class=\"wp-block-list\">\n<li>Sophos Central Management vous permet de contr\u00f4ler et d'administrer de mani\u00e8re centralis\u00e9e tous vos Access Points Sophos, pour une gestion efficace et claire.<\/li>\n<\/ul>\n<\/li>\n\n\n\n<li><strong>Garantie \u00e0 vie limit\u00e9e<\/strong>:\n<ul class=\"wp-block-list\">\n<li>Les Access Points AP6 b\u00e9n\u00e9ficient d'une garantie limit\u00e9e \u00e0 vie de la part de Sophos. Cela t\u00e9moigne de la qualit\u00e9 et de la fiabilit\u00e9 du produit.<\/li>\n<\/ul>\n<\/li>\n\n\n\n<li><strong>Assistance et service 24h\/24 et 7j\/7<\/strong>:\n<ul class=\"wp-block-list\">\n<li>Profitez d'un package complet d'assistance et de service qui comprend non seulement une assistance t\u00e9l\u00e9phonique 24h\/24 et 7j\/7, mais aussi des mises \u00e0 jour du firmware et un \u00e9change anticip\u00e9 dans le cadre d'Advance RMA.<\/li>\n<\/ul>\n<\/li>\n<\/ul>\n<div id=\"rank-math-faq\" class=\"rank-math-block\">\n<div class=\"rank-math-list \">\n<div id=\"faq-question-1692357109046\" class=\"rank-math-list-item\">\n<h3 class=\"rank-math-question \">Pourquoi y a-t-il un abonnement au support et au service ?<\/h3>\n<div class=\"rank-math-answer \">\n\n<p>Sophos a simplifi\u00e9 le concept de support pour ses solutions r\u00e9seau et fournit d\u00e9sormais une assistance t\u00e9l\u00e9phonique continue, des mises \u00e0 jour de firmware, un RMA avanc\u00e9 et une garantie limit\u00e9e \u00e0 vie pour le p\u00e9riph\u00e9rique AP6. Cette approche est comparable \u00e0 celle de Sophos Switch. Le syst\u00e8me de licence utilis\u00e9 jusqu'\u00e0 pr\u00e9sent pour la gestion centralis\u00e9e n'est d\u00e9sormais plus utilis\u00e9. Alors que le syst\u00e8me de gestion central pour les AP et les APX reste gratuit, le support et les services sont davantage au c\u0153ur de la future orientation de l'entreprise.<\/p>\n\n<\/div>\n<\/div>\n<div id=\"faq-question-1692357120257\" class=\"rank-math-list-item\">\n<h3 class=\"rank-math-question \">Quand la dur\u00e9e de la licence d'assistance commence-t-elle ?<\/h3>\n<div class=\"rank-math-answer \">\n\n<p>Tout comme pour Sophos Switch, l'assistance commence imm\u00e9diatement apr\u00e8s le traitement de la commande. Si vous pr\u00e9voyez de conserver quelques Access Points en r\u00e9serve, il serait judicieux de n'activer le support que lorsque ces Access Points seront mis en service.<\/p>\n\n<\/div>\n<\/div>\n<div id=\"faq-question-1692357285213\" class=\"rank-math-list-item\">\n<h3 class=\"rank-math-question \"><strong>Que signifie exactement la garantie \u00e0 vie ?<\/strong><\/h3>\n<div class=\"rank-math-answer \">\n\n<p>Tous les mod\u00e8les de la gamme AP6 sont accompagn\u00e9s d'une garantie limit\u00e9e \u00e0 vie qui garantit la qualit\u00e9 et la fiabilit\u00e9 des produits. Limit\u00e9e par le fait que la n\u00e9gligence n'est pas couverte par la garantie ou par la force majeure, et que la garantie cesse \u00e9galement de s'appliquer lorsque le produit atteint la fin de sa dur\u00e9e de vie.<\/p>\n\n<\/div>\n<\/div>\n<\/div>\n<\/div><\/div><\/article><\/div>\n","protected":false},"excerpt":{"rendered":"","protected":false},"featured_media":130076,"template":"","meta":{"_acf_changed":false},"product_brand":[],"product_cat":[597],"product_tag":[],"class_list":{"0":"post-129591","1":"product","2":"type-product","3":"status-publish","4":"has-post-thumbnail","6":"product_cat-uncategorized","8":"first","9":"instock","10":"taxable","11":"shipping-taxable","12":"purchasable","13":"product-type-variable","14":"has-default-attributes"},"acf":[],"_links":{"self":[{"href":"https:\/\/www.avanet.com\/fr\/wp-json\/wp\/v2\/product\/129591","targetHints":{"allow":["GET"]}}],"collection":[{"href":"https:\/\/www.avanet.com\/fr\/wp-json\/wp\/v2\/product"}],"about":[{"href":"https:\/\/www.avanet.com\/fr\/wp-json\/wp\/v2\/types\/product"}],"wp:featuredmedia":[{"embeddable":true,"href":"https:\/\/www.avanet.com\/fr\/wp-json\/wp\/v2\/media\/130076"}],"wp:attachment":[{"href":"https:\/\/www.avanet.com\/fr\/wp-json\/wp\/v2\/media?parent=129591"}],"wp:term":[{"taxonomy":"product_brand","embeddable":true,"href":"https:\/\/www.avanet.com\/fr\/wp-json\/wp\/v2\/product_brand?post=129591"},{"taxonomy":"product_cat","embeddable":true,"href":"https:\/\/www.avanet.com\/fr\/wp-json\/wp\/v2\/product_cat?post=129591"},{"taxonomy":"product_tag","embeddable":true,"href":"https:\/\/www.avanet.com\/fr\/wp-json\/wp\/v2\/product_tag?post=129591"}],"curies":[{"name":"wp","href":"https:\/\/api.w.org\/{rel}","templated":true}]}}