{"id":129626,"date":"2023-08-18T07:35:32","date_gmt":"2023-08-18T06:35:32","guid":{"rendered":"https:\/\/www.avanet.com\/shop\/sophos-ap6-suspend-mount-kit\/"},"modified":"2024-02-02T15:53:59","modified_gmt":"2024-02-02T14:53:59","slug":"sophos-ap6-suspend-mount-kit","status":"publish","type":"product","link":"https:\/\/www.avanet.com\/fr\/shop\/sophos-ap6-suspend-mount-kit\/","title":{"rendered":"Sophos AP6 Suspend Mount Kit"},"content":{"rendered":"<div data-block=\"hook:129839\" class=\"alignfull\"><article id=\"post-129839\" class=\"post-129839\"><div class=\"entry-content is-layout-constrained\">\n<p><strong>Kit de montage en suspension Sophos APX\/AP6<\/strong><\/p>\n\n<p>Le kit de montage suspendu Sophos APX\/AP6 est votre solution pour positionner les Access Points de mani\u00e8re optimale tout en garantissant l'esth\u00e9tique et la fonctionnalit\u00e9. Gr\u00e2ce \u00e0 un montage suspendu fiable, vos appareils sont fix\u00e9s en toute s\u00e9curit\u00e9.<\/p>\n\n<p><strong>Caract\u00e9ristiques et avantages :<\/strong><\/p>\n\n<ul class=\"wp-block-list\">\n<li><strong>Compatibilit\u00e9 :<\/strong> Parfaitement adapt\u00e9 aux mod\u00e8les APX 320, 530, 740 et AP6 420, 420E, 840, 840E.<\/li>\n\n\n\n<li><strong>Positionnement optimis\u00e9 :<\/strong> le montage suspendu vous permet de placer vos Access Points de mani\u00e8re id\u00e9ale afin d'obtenir une couverture et une puissance de signal maximales.<\/li>\n\n\n\n<li><strong>Robuste et durable :<\/strong> fabriqu\u00e9 \u00e0 partir de mat\u00e9riaux de haute qualit\u00e9, ce kit garantit une longue dur\u00e9e de vie et une stabilit\u00e9 fiable.<\/li>\n\n\n\n<li><strong>Int\u00e9gration esth\u00e9tique :<\/strong> le design du kit est discret et s'int\u00e8gre parfaitement dans diff\u00e9rents environnements spatiaux sans nuire \u00e0 l'esth\u00e9tique.<\/li>\n\n\n\n<li><strong>Montage facile :<\/strong> le kit contient tous les composants n\u00e9cessaires et des instructions claires, ce qui permet une installation simple et rapide.<\/li>\n<\/ul>\n<\/div><\/article><\/div>\n","protected":false},"excerpt":{"rendered":"[blocksy-content-block id=\"107493\"]\n","protected":false},"featured_media":136952,"template":"","meta":{"_acf_changed":false},"product_brand":[],"product_cat":[597],"product_tag":[],"class_list":{"0":"post-129626","1":"product","2":"type-product","3":"status-publish","4":"has-post-thumbnail","6":"product_cat-uncategorized","8":"first","9":"instock","10":"taxable","11":"shipping-taxable","12":"purchasable","13":"product-type-simple"},"acf":[],"_links":{"self":[{"href":"https:\/\/www.avanet.com\/fr\/wp-json\/wp\/v2\/product\/129626","targetHints":{"allow":["GET"]}}],"collection":[{"href":"https:\/\/www.avanet.com\/fr\/wp-json\/wp\/v2\/product"}],"about":[{"href":"https:\/\/www.avanet.com\/fr\/wp-json\/wp\/v2\/types\/product"}],"wp:featuredmedia":[{"embeddable":true,"href":"https:\/\/www.avanet.com\/fr\/wp-json\/wp\/v2\/media\/136952"}],"wp:attachment":[{"href":"https:\/\/www.avanet.com\/fr\/wp-json\/wp\/v2\/media?parent=129626"}],"wp:term":[{"taxonomy":"product_brand","embeddable":true,"href":"https:\/\/www.avanet.com\/fr\/wp-json\/wp\/v2\/product_brand?post=129626"},{"taxonomy":"product_cat","embeddable":true,"href":"https:\/\/www.avanet.com\/fr\/wp-json\/wp\/v2\/product_cat?post=129626"},{"taxonomy":"product_tag","embeddable":true,"href":"https:\/\/www.avanet.com\/fr\/wp-json\/wp\/v2\/product_tag?post=129626"}],"curies":[{"name":"wp","href":"https:\/\/api.w.org\/{rel}","templated":true}]}}