{"id":129627,"date":"2023-08-18T07:35:30","date_gmt":"2023-08-18T06:35:30","guid":{"rendered":"https:\/\/www.avanet.com\/shop\/sophos-ap6-mounting-bracket-kit-for-plenum\/"},"modified":"2024-04-19T08:21:00","modified_gmt":"2024-04-19T07:21:00","slug":"sophos-ap6-mounting-bracket-kit-for-plenum","status":"publish","type":"product","link":"https:\/\/www.avanet.com\/fr\/shop\/sophos-ap6-mounting-bracket-kit-for-plenum\/","title":{"rendered":"Sophos AP6 Mounting Bracket Kit pour plenum"},"content":{"rendered":"<div data-block=\"hook:129818\" class=\"alignfull\"><article id=\"post-129818\" class=\"post-129818\"><div class=\"entry-content is-layout-constrained\">\n<p><strong>Kit de fixation Sophos AP6 pour montage au plafond<\/strong><\/p>\n\n<p>Le kit de fixation Sophos AP6 a \u00e9t\u00e9 con\u00e7u pour monter vos points d'acc\u00e8s de mani\u00e8re s\u00fbre et efficace. Convient aussi bien aux faux plafonds (pl\u00e9num) qu'aux plafonds plats.<\/p>\n\n<p><strong>Caract\u00e9ristiques et avantages :<\/strong><\/p>\n\n<ul class=\"wp-block-list\">\n<li><strong>Compatibilit\u00e9 :<\/strong> Sophos AP6 420, 420E, 840 et 840E<\/li>\n\n\n\n<li><strong>De nombreuses possibilit\u00e9s de montage :<\/strong> Qu'il s'agisse d'un faux plafond ou d'un plafond plat, ce kit garantit un montage s\u00fbr et stable.<\/li>\n\n\n\n<li><strong>Conception durable :<\/strong> fabriqu\u00e9 \u00e0 partir de mat\u00e9riaux robustes, le kit garantit que votre point d'acc\u00e8s restera mont\u00e9 de mani\u00e8re fiable et s\u00fbre pendant des ann\u00e9es.<\/li>\n\n\n\n<li><strong>Discret et esth\u00e9tique :<\/strong> le kit a \u00e9t\u00e9 con\u00e7u pour s'int\u00e9grer harmonieusement dans n'importe quel environnement int\u00e9rieur, sans nuire \u00e0 l'image g\u00e9n\u00e9rale.<\/li>\n\n\n\n<li><strong>Installation facile :<\/strong> toutes les pi\u00e8ces n\u00e9cessaires et des instructions d\u00e9taill\u00e9es sont incluses pour garantir un montage rapide et sans probl\u00e8me.<\/li>\n<\/ul>\n\n<p>Le kit de montage au plafond Sophos AP6 garantit que vos points d'acc\u00e8s sont positionn\u00e9s de mani\u00e8re optimale pour offrir la meilleure couverture r\u00e9seau et les meilleures performances possibles.<\/p>\n<\/div><\/article><\/div>\n","protected":false},"excerpt":{"rendered":"[blocksy-content-block id=\"107493\"]\n","protected":false},"featured_media":136947,"template":"","meta":{"_acf_changed":false},"product_brand":[],"product_cat":[597],"product_tag":[],"class_list":{"0":"post-129627","1":"product","2":"type-product","3":"status-publish","4":"has-post-thumbnail","6":"product_cat-uncategorized","8":"first","9":"instock","10":"taxable","11":"shipping-taxable","12":"purchasable","13":"product-type-simple"},"acf":[],"_links":{"self":[{"href":"https:\/\/www.avanet.com\/fr\/wp-json\/wp\/v2\/product\/129627","targetHints":{"allow":["GET"]}}],"collection":[{"href":"https:\/\/www.avanet.com\/fr\/wp-json\/wp\/v2\/product"}],"about":[{"href":"https:\/\/www.avanet.com\/fr\/wp-json\/wp\/v2\/types\/product"}],"wp:featuredmedia":[{"embeddable":true,"href":"https:\/\/www.avanet.com\/fr\/wp-json\/wp\/v2\/media\/136947"}],"wp:attachment":[{"href":"https:\/\/www.avanet.com\/fr\/wp-json\/wp\/v2\/media?parent=129627"}],"wp:term":[{"taxonomy":"product_brand","embeddable":true,"href":"https:\/\/www.avanet.com\/fr\/wp-json\/wp\/v2\/product_brand?post=129627"},{"taxonomy":"product_cat","embeddable":true,"href":"https:\/\/www.avanet.com\/fr\/wp-json\/wp\/v2\/product_cat?post=129627"},{"taxonomy":"product_tag","embeddable":true,"href":"https:\/\/www.avanet.com\/fr\/wp-json\/wp\/v2\/product_tag?post=129627"}],"curies":[{"name":"wp","href":"https:\/\/api.w.org\/{rel}","templated":true}]}}