{"id":129628,"date":"2023-08-18T07:35:29","date_gmt":"2023-08-18T06:35:29","guid":{"rendered":"https:\/\/www.avanet.com\/shop\/sophos-ap6-420-multi-region-power-adapter\/"},"modified":"2024-04-19T08:20:59","modified_gmt":"2024-04-19T07:20:59","slug":"sophos-ap6-420-multi-region-power-adapter","status":"publish","type":"product","link":"https:\/\/www.avanet.com\/fr\/shop\/sophos-ap6-420-multi-region-power-adapter\/","title":{"rendered":"Sophos AP6 420 multi-region power adapter"},"content":{"rendered":"<div data-block=\"hook:129769\" class=\"alignfull\"><article id=\"post-129769\" class=\"post-129769\"><div class=\"entry-content is-layout-constrained\">\n<p>Cette alimentation est id\u00e9ale pour tous ceux qui ne poss\u00e8dent pas de commutateur PoE+ (802.3at) ou qui recherchent une option d'alimentation suppl\u00e9mentaire.\nS\u00e9curit\u00e9 et constance - voil\u00e0 ce que repr\u00e9sente l'adaptateur secteur multi-r\u00e9gion Sophos AP6 420.\nL'adaptateur secteur multi-r\u00e9gion Sophos AP6 420 est compatible avec le point d'acc\u00e8s Sophos AP6 420.\nIl garantit une alimentation fiable et constante, o\u00f9 que vous soyez.   <\/p>\n\n<ul class=\"wp-block-list\">\n<li><strong>Compatibilit\u00e9 :<\/strong> Parfaitement adapt\u00e9 \u00e0 votre <a href=\"https:\/\/www.avanet.com\/fr\/shop\/sophos-ap6-420-access-point\/\">point d'acc\u00e8s Sophos AP6 420<\/a>.<\/li>\n\n\n\n<li><strong>Prises multi-r\u00e9gionales :<\/strong> \u00c9quip\u00e9 de prises \u00e9lectriques pour l'Allemagne, la Suisse et le Royaume-Uni.<\/li>\n<\/ul>\n<\/div><\/article><\/div>\n","protected":false},"excerpt":{"rendered":"[blocksy-content-block id=\"107493\"]\n","protected":false},"featured_media":0,"template":"","meta":{"_acf_changed":false},"product_brand":[],"product_cat":[597],"product_tag":[],"class_list":{"0":"post-129628","1":"product","2":"type-product","3":"status-publish","5":"product_cat-uncategorized","7":"first","8":"instock","9":"taxable","10":"shipping-taxable","11":"purchasable","12":"product-type-simple"},"acf":[],"_links":{"self":[{"href":"https:\/\/www.avanet.com\/fr\/wp-json\/wp\/v2\/product\/129628","targetHints":{"allow":["GET"]}}],"collection":[{"href":"https:\/\/www.avanet.com\/fr\/wp-json\/wp\/v2\/product"}],"about":[{"href":"https:\/\/www.avanet.com\/fr\/wp-json\/wp\/v2\/types\/product"}],"wp:attachment":[{"href":"https:\/\/www.avanet.com\/fr\/wp-json\/wp\/v2\/media?parent=129628"}],"wp:term":[{"taxonomy":"product_brand","embeddable":true,"href":"https:\/\/www.avanet.com\/fr\/wp-json\/wp\/v2\/product_brand?post=129628"},{"taxonomy":"product_cat","embeddable":true,"href":"https:\/\/www.avanet.com\/fr\/wp-json\/wp\/v2\/product_cat?post=129628"},{"taxonomy":"product_tag","embeddable":true,"href":"https:\/\/www.avanet.com\/fr\/wp-json\/wp\/v2\/product_tag?post=129628"}],"curies":[{"name":"wp","href":"https:\/\/api.w.org\/{rel}","templated":true}]}}