{"id":131746,"date":"2023-09-15T11:01:02","date_gmt":"2023-09-15T10:01:02","guid":{"rendered":"https:\/\/www.avanet.com\/shop\/sophos-poe-injector-802-3bt-60w-2-5-gbit\/"},"modified":"2024-04-03T14:42:12","modified_gmt":"2024-04-03T13:42:12","slug":"sophos-poe-injector-802-3bt-60w-2-5-gbit","status":"publish","type":"product","link":"https:\/\/www.avanet.com\/fr\/shop\/sophos-poe-injector-802-3bt-60w-2-5-gbit\/","title":{"rendered":"Sophos PoE++ Injector (802.3bt &#8211; 60W) 2.5 Gbit"},"content":{"rendered":"<p>L&rsquo;injecteur PoE++ Sophos (802.3bt &#8211; 60W) 2.5 Gbit est la solution d&rsquo;alimentation et de mise en r\u00e9seau optimale pour le nouveau point d&rsquo;acc\u00e8s Sophos AP6 840E. Avec une puissance allant jusqu&rsquo;\u00e0 60W et une connexion Ethernet 2.5 Gbit, cet injecteur offre une m\u00e9thode simple, efficace et fiable pour alimenter vos appareils. Il prend en charge la derni\u00e8re norme 802.3bt, garantissant ainsi une compatibilit\u00e9 et des performances maximales pour les appareils r\u00e9seau exigeants.<\/p>\n","protected":false},"excerpt":{"rendered":"[blocksy-content-block id=\"107493\"]\n","protected":false},"featured_media":157749,"template":"","meta":{"_acf_changed":false},"product_brand":[],"product_cat":[597],"product_tag":[],"class_list":{"0":"post-131746","1":"product","2":"type-product","3":"status-publish","4":"has-post-thumbnail","6":"product_cat-uncategorized","8":"first","9":"instock","10":"taxable","11":"shipping-taxable","12":"purchasable","13":"product-type-simple"},"acf":[],"_links":{"self":[{"href":"https:\/\/www.avanet.com\/fr\/wp-json\/wp\/v2\/product\/131746","targetHints":{"allow":["GET"]}}],"collection":[{"href":"https:\/\/www.avanet.com\/fr\/wp-json\/wp\/v2\/product"}],"about":[{"href":"https:\/\/www.avanet.com\/fr\/wp-json\/wp\/v2\/types\/product"}],"wp:featuredmedia":[{"embeddable":true,"href":"https:\/\/www.avanet.com\/fr\/wp-json\/wp\/v2\/media\/157749"}],"wp:attachment":[{"href":"https:\/\/www.avanet.com\/fr\/wp-json\/wp\/v2\/media?parent=131746"}],"wp:term":[{"taxonomy":"product_brand","embeddable":true,"href":"https:\/\/www.avanet.com\/fr\/wp-json\/wp\/v2\/product_brand?post=131746"},{"taxonomy":"product_cat","embeddable":true,"href":"https:\/\/www.avanet.com\/fr\/wp-json\/wp\/v2\/product_cat?post=131746"},{"taxonomy":"product_tag","embeddable":true,"href":"https:\/\/www.avanet.com\/fr\/wp-json\/wp\/v2\/product_tag?post=131746"}],"curies":[{"name":"wp","href":"https:\/\/api.w.org\/{rel}","templated":true}]}}