{"id":55350,"date":"2022-01-25T13:51:12","date_gmt":"2022-01-25T12:51:12","guid":{"rendered":"https:\/\/www.avanet.com\/shop\/sophos-apx-external-30-directional-antenna-2-4-5ghz-for-apx-320x-only\/"},"modified":"2024-02-03T19:02:50","modified_gmt":"2024-02-03T18:02:50","slug":"sophos-apx-external-30-directional-antenna-2-4-5ghz-for-apx-320x-only","status":"publish","type":"product","link":"https:\/\/www.avanet.com\/fr\/shop\/sophos-apx-external-30-directional-antenna-2-4-5ghz-for-apx-320x-only\/","title":{"rendered":"Sophos APX Antenne directionnelle 30\u00b0 &#8211; 2.4\/5Ghz (externe)"},"content":{"rendered":"<div data-block=\"hook:112977\" class=\"alignfull\"><article id=\"post-112977\" class=\"post-112977\"><div class=\"entry-content is-layout-constrained\">\n<p>Cette antenne directionnelle est uniquement compatible avec les <a href=\"https:\/\/www.avanet.com\/fr\/shop\/sophos-apx-320x\/\">APX 320X<\/a> et <a href=\"https:\/\/www.avanet.com\/fr\/shop\/sophos-ap6-420x-outdoor-access-point\/\" data-type=\"product\" data-id=\"124657\">AP6 420X<\/a> et offre une couverture de 30 degr\u00e9s. Id\u00e9al si l'on cherche \u00e0 augmenter la port\u00e9e sans fil ou \u00e0 permettre une couverture RF focalis\u00e9e afin d'\u00e9liminer les zones mortes. L'antenne peut par exemple \u00eatre utilis\u00e9e pour \u00e9tablir une liaison entre des b\u00e2timents distants d'une courte distance. L'antenne sectorielle APX peut \u00eatre mont\u00e9e sur un m\u00e2t et reli\u00e9e \u00e0 l'APX 320X et \u00e0 l'AP6 420X par un c\u00e2ble coaxial de 1000 mm.<\/p>\n<\/div><\/article><\/div>\n","protected":false},"excerpt":{"rendered":"","protected":false},"featured_media":0,"template":"","meta":{"_acf_changed":false},"product_brand":[],"product_cat":[597],"product_tag":[],"class_list":{"0":"post-55350","1":"product","2":"type-product","3":"status-publish","5":"product_cat-uncategorized","7":"first","8":"instock","9":"taxable","10":"shipping-taxable","11":"purchasable","12":"product-type-simple"},"acf":[],"_links":{"self":[{"href":"https:\/\/www.avanet.com\/fr\/wp-json\/wp\/v2\/product\/55350","targetHints":{"allow":["GET"]}}],"collection":[{"href":"https:\/\/www.avanet.com\/fr\/wp-json\/wp\/v2\/product"}],"about":[{"href":"https:\/\/www.avanet.com\/fr\/wp-json\/wp\/v2\/types\/product"}],"wp:attachment":[{"href":"https:\/\/www.avanet.com\/fr\/wp-json\/wp\/v2\/media?parent=55350"}],"wp:term":[{"taxonomy":"product_brand","embeddable":true,"href":"https:\/\/www.avanet.com\/fr\/wp-json\/wp\/v2\/product_brand?post=55350"},{"taxonomy":"product_cat","embeddable":true,"href":"https:\/\/www.avanet.com\/fr\/wp-json\/wp\/v2\/product_cat?post=55350"},{"taxonomy":"product_tag","embeddable":true,"href":"https:\/\/www.avanet.com\/fr\/wp-json\/wp\/v2\/product_tag?post=55350"}],"curies":[{"name":"wp","href":"https:\/\/api.w.org\/{rel}","templated":true}]}}