{"id":55355,"date":"2022-01-25T13:51:12","date_gmt":"2022-01-25T12:51:12","guid":{"rendered":"https:\/\/www.avanet.com\/shop\/sophos-apx-external-120-sector-antenna-2-4-5ghz-for-apx-320x-only\/"},"modified":"2024-02-03T08:35:52","modified_gmt":"2024-02-03T07:35:52","slug":"sophos-apx-external-120-sector-antenna-2-4-5ghz-for-apx-320x-only","status":"publish","type":"product","link":"https:\/\/www.avanet.com\/fr\/shop\/sophos-apx-external-120-sector-antenna-2-4-5ghz-for-apx-320x-only\/","title":{"rendered":"Sophos APX Antenne sectorielle 120\u00b0 &#8211; 2.4\/5Ghz (externe)"},"content":{"rendered":"<div data-block=\"hook:112971\" class=\"alignfull\"><article id=\"post-112971\" class=\"post-112971\"><div class=\"entry-content is-layout-constrained\">\n<p>Cette antenne sectorielle est uniquement compatible avec les <a href=\"https:\/\/www.avanet.com\/fr\/shop\/sophos-apx-320x\/\">APX 320X<\/a> et <a href=\"https:\/\/www.avanet.com\/fr\/shop\/sophos-ap6-420x-outdoor-access-point\/\" data-type=\"product\" data-id=\"124657\">AP6 420X<\/a> et offre une couverture de 120 degr\u00e9s. Id\u00e9al si l'on souhaite fournir une couverture WLAN limit\u00e9e \u00e0 un secteur sp\u00e9cifique. L'antenne peut par exemple \u00eatre utilis\u00e9e pour \u00e9tablir une liaison entre des b\u00e2timents distants d'une courte distance. L'antenne sectorielle APX peut \u00eatre mont\u00e9e sur un m\u00e2t et reli\u00e9e \u00e0 l'APX 320X ou AP6 420X par un c\u00e2ble coaxial de 1000 mm.<\/p>\n\n<figure class=\"wp-block-embed is-type-rich is-provider-handler-einbetten wp-block-embed-handler-einbetten wp-embed-aspect-16-9 wp-has-aspect-ratio\"><div class=\"wp-block-embed__wrapper\">\n<iframe loading=\"lazy\" title=\"Sophos APX Sektorantenne 120\u00b0 - 2.4\/5Ghz - Unboxing (German)\" width=\"1290\" height=\"726\" src=\"https:\/\/www.youtube.com\/embed\/tLY10AOgXhc?feature=oembed\" frameborder=\"0\" allow=\"accelerometer; autoplay; clipboard-write; encrypted-media; gyroscope; picture-in-picture; web-share\" allowfullscreen><\/iframe>\n<\/div><\/figure>\n<\/div><\/article><\/div>\n","protected":false},"excerpt":{"rendered":"","protected":false},"featured_media":37393,"template":"","meta":{"_acf_changed":false},"product_brand":[],"product_cat":[597],"product_tag":[],"class_list":{"0":"post-55355","1":"product","2":"type-product","3":"status-publish","4":"has-post-thumbnail","6":"product_cat-uncategorized","8":"first","9":"instock","10":"taxable","11":"shipping-taxable","12":"purchasable","13":"product-type-simple"},"acf":[],"_links":{"self":[{"href":"https:\/\/www.avanet.com\/fr\/wp-json\/wp\/v2\/product\/55355","targetHints":{"allow":["GET"]}}],"collection":[{"href":"https:\/\/www.avanet.com\/fr\/wp-json\/wp\/v2\/product"}],"about":[{"href":"https:\/\/www.avanet.com\/fr\/wp-json\/wp\/v2\/types\/product"}],"wp:featuredmedia":[{"embeddable":true,"href":"https:\/\/www.avanet.com\/fr\/wp-json\/wp\/v2\/media\/37393"}],"wp:attachment":[{"href":"https:\/\/www.avanet.com\/fr\/wp-json\/wp\/v2\/media?parent=55355"}],"wp:term":[{"taxonomy":"product_brand","embeddable":true,"href":"https:\/\/www.avanet.com\/fr\/wp-json\/wp\/v2\/product_brand?post=55355"},{"taxonomy":"product_cat","embeddable":true,"href":"https:\/\/www.avanet.com\/fr\/wp-json\/wp\/v2\/product_cat?post=55355"},{"taxonomy":"product_tag","embeddable":true,"href":"https:\/\/www.avanet.com\/fr\/wp-json\/wp\/v2\/product_tag?post=55355"}],"curies":[{"name":"wp","href":"https:\/\/api.w.org\/{rel}","templated":true}]}}