{"id":55374,"date":"2022-01-25T13:51:17","date_gmt":"2022-01-25T12:51:17","guid":{"rendered":"https:\/\/www.avanet.com\/shop\/sophos-apx-mounting-bracket-kit-for-plenum-flat-ceiling-mount-for-apx-320-530-740-only\/"},"modified":"2024-02-03T08:35:58","modified_gmt":"2024-02-03T07:35:58","slug":"sophos-apx-mounting-bracket-kit-for-plenum-flat-ceiling-mount-for-apx-320-530-740-only","status":"publish","type":"product","link":"https:\/\/www.avanet.com\/fr\/shop\/sophos-apx-mounting-bracket-kit-for-plenum-flat-ceiling-mount-for-apx-320-530-740-only\/","title":{"rendered":"Sophos APX Mounting Kit (Plenum, Ceiling)"},"content":{"rendered":"<div data-block=\"hook:112998\" class=\"alignfull\"><article id=\"post-112998\" class=\"post-112998\"><div class=\"entry-content is-layout-constrained\">\n<p>Le kit de montage Sophos APX est compatible avec les mod\u00e8les suivants :<\/p>\n\n<ul class=\"wp-block-list\">\n<li>Sophos APX 320<\/li>\n\n\n\n<li>Sophos APX 530<\/li>\n\n\n\n<li>Sophos APX 740<\/li>\n<\/ul>\n\n<p>Une plaque de montage est fournie en standard avec les points d'acc\u00e8s Sophos APX. Il s'agit d'une pi\u00e8ce de t\u00f4le qui peut \u00eatre viss\u00e9e \u00e0 l'arri\u00e8re de l'APX. Ce morceau de t\u00f4le permet de monter l'APX soit au mur \u00e0 l'aide de deux trous de chevilles, soit sur un faux plafond en tant que montage au plafond, \u00e0 condition que des profil\u00e9s en T correspondants soient disponibles.<\/p>\n\n<p>Avec ce kit de montage, Sophos propose une alternative \u00e0 la plaque de montage fournie, qui peut \u00e9galement \u00eatre utilis\u00e9e pour des constructions de plafond plus compliqu\u00e9es. Ce kit de montage offre une solution, en particulier pour les plafonds lisses.<\/p>\n\n<figure class=\"wp-block-image\"><img loading=\"lazy\" decoding=\"async\" width=\"300\" height=\"138\" src=\"https:\/\/www.avanet.com\/assets\/sophos-apx-mounting-bracket-kit-infographic-300x138.jpg\" alt=\"\" class=\"wp-image-19642\" srcset=\"https:\/\/www.avanet.com\/assets\/sophos-apx-mounting-bracket-kit-infographic-300x138.jpg 300w, https:\/\/www.avanet.com\/assets\/sophos-apx-mounting-bracket-kit-infographic-64x29.jpg 64w, https:\/\/www.avanet.com\/assets\/sophos-apx-mounting-bracket-kit-infographic-768x353.jpg 768w, https:\/\/www.avanet.com\/assets\/sophos-apx-mounting-bracket-kit-infographic-18x8.jpg 18w, https:\/\/www.avanet.com\/assets\/sophos-apx-mounting-bracket-kit-infographic-600x275.jpg 600w, https:\/\/www.avanet.com\/assets\/sophos-apx-mounting-bracket-kit-infographic.jpg 1024w\" sizes=\"auto, (max-width: 300px) 100vw, 300px\" \/><\/figure>\n<\/div><\/article><\/div>\n","protected":false},"excerpt":{"rendered":"","protected":false},"featured_media":136947,"template":"","meta":{"_acf_changed":false},"product_brand":[],"product_cat":[597],"product_tag":[],"class_list":{"0":"post-55374","1":"product","2":"type-product","3":"status-publish","4":"has-post-thumbnail","6":"product_cat-uncategorized","8":"first","9":"instock","10":"taxable","11":"shipping-taxable","12":"purchasable","13":"product-type-simple"},"acf":[],"_links":{"self":[{"href":"https:\/\/www.avanet.com\/fr\/wp-json\/wp\/v2\/product\/55374","targetHints":{"allow":["GET"]}}],"collection":[{"href":"https:\/\/www.avanet.com\/fr\/wp-json\/wp\/v2\/product"}],"about":[{"href":"https:\/\/www.avanet.com\/fr\/wp-json\/wp\/v2\/types\/product"}],"wp:featuredmedia":[{"embeddable":true,"href":"https:\/\/www.avanet.com\/fr\/wp-json\/wp\/v2\/media\/136947"}],"wp:attachment":[{"href":"https:\/\/www.avanet.com\/fr\/wp-json\/wp\/v2\/media?parent=55374"}],"wp:term":[{"taxonomy":"product_brand","embeddable":true,"href":"https:\/\/www.avanet.com\/fr\/wp-json\/wp\/v2\/product_brand?post=55374"},{"taxonomy":"product_cat","embeddable":true,"href":"https:\/\/www.avanet.com\/fr\/wp-json\/wp\/v2\/product_cat?post=55374"},{"taxonomy":"product_tag","embeddable":true,"href":"https:\/\/www.avanet.com\/fr\/wp-json\/wp\/v2\/product_tag?post=55374"}],"curies":[{"name":"wp","href":"https:\/\/api.w.org\/{rel}","templated":true}]}}