{"id":55574,"date":"2022-01-25T13:51:21","date_gmt":"2022-01-25T12:51:21","guid":{"rendered":"https:\/\/www.avanet.com\/shop\/sd-red-20-adaptateur-de-courant\/"},"modified":"2024-02-03T08:36:01","modified_gmt":"2024-02-03T07:36:01","slug":"sd-red-20-adaptateur-de-courant","status":"publish","type":"product","link":"https:\/\/www.avanet.com\/fr\/shop\/sd-red-20-adaptateur-de-courant\/","title":{"rendered":"Sophos SD-RED 20 multi-region power adapter &#8211; Spare (incl. regional plugs)"},"content":{"rendered":"<p><div data-block=\"hook:113023\" class=\"alignfull\"><article id=\"post-113023\" class=\"post-113023\"><div class=\"entry-content is-layout-constrained\">\n<p>Ce bloc d'alimentation multir\u00e9gional est livr\u00e9 en standard avec le SD-RED 20. Mais si le bloc d'alimentation devait tomber en panne, ou si un deuxi\u00e8me bloc d'alimentation \u00e9tait n\u00e9cessaire pour une alimentation redondante, ce produit peut \u00e9galement \u00eatre achet\u00e9 s\u00e9par\u00e9ment, avec diff\u00e9rents embouts enfichables pour diff\u00e9rentes r\u00e9gions.<\/p>\n<\/div><\/article><\/div> <\/p>\n","protected":false},"excerpt":{"rendered":"","protected":false},"featured_media":0,"template":"","meta":{"_acf_changed":false},"product_brand":[],"product_cat":[597],"product_tag":[],"class_list":{"0":"post-55574","1":"product","2":"type-product","3":"status-publish","5":"product_cat-uncategorized","7":"first","8":"instock","9":"taxable","10":"shipping-taxable","11":"purchasable","12":"product-type-simple"},"acf":[],"_links":{"self":[{"href":"https:\/\/www.avanet.com\/fr\/wp-json\/wp\/v2\/product\/55574","targetHints":{"allow":["GET"]}}],"collection":[{"href":"https:\/\/www.avanet.com\/fr\/wp-json\/wp\/v2\/product"}],"about":[{"href":"https:\/\/www.avanet.com\/fr\/wp-json\/wp\/v2\/types\/product"}],"wp:attachment":[{"href":"https:\/\/www.avanet.com\/fr\/wp-json\/wp\/v2\/media?parent=55574"}],"wp:term":[{"taxonomy":"product_brand","embeddable":true,"href":"https:\/\/www.avanet.com\/fr\/wp-json\/wp\/v2\/product_brand?post=55574"},{"taxonomy":"product_cat","embeddable":true,"href":"https:\/\/www.avanet.com\/fr\/wp-json\/wp\/v2\/product_cat?post=55574"},{"taxonomy":"product_tag","embeddable":true,"href":"https:\/\/www.avanet.com\/fr\/wp-json\/wp\/v2\/product_tag?post=55574"}],"curies":[{"name":"wp","href":"https:\/\/api.w.org\/{rel}","templated":true}]}}