{"id":55595,"date":"2022-01-25T13:51:23","date_gmt":"2022-01-25T12:51:23","guid":{"rendered":"https:\/\/www.avanet.com\/shop\/sg-105w-115w-rev-3-sd-red-20-rackmount-kit\/"},"modified":"2024-02-03T08:36:03","modified_gmt":"2024-02-03T07:36:03","slug":"sg-105w-115w-rev-3-sd-red-20-rackmount-kit","status":"publish","type":"product","link":"https:\/\/www.avanet.com\/fr\/shop\/sg-105w-115w-rev-3-sd-red-20-rackmount-kit\/","title":{"rendered":"Sophos SD-RED 20 Rackmout Kit"},"content":{"rendered":"<div data-block=\"hook:113025\" class=\"alignfull\"><article id=\"post-113025\" class=\"post-113025\"><div class=\"entry-content is-layout-constrained\">\n<p>Ce kit de montage en rack est destin\u00e9 au SD-RED 20 et permet de le monter dans un rack de serveur \u00e0 l'aide de deux \u00e9querres m\u00e9talliques.<\/p>\n<\/div><\/article><\/div>\n","protected":false},"excerpt":{"rendered":"","protected":false},"featured_media":119587,"template":"","meta":{"_acf_changed":false},"product_brand":[],"product_cat":[597],"product_tag":[],"class_list":{"0":"post-55595","1":"product","2":"type-product","3":"status-publish","4":"has-post-thumbnail","6":"product_cat-uncategorized","8":"first","9":"instock","10":"taxable","11":"shipping-taxable","12":"purchasable","13":"product-type-simple"},"acf":[],"_links":{"self":[{"href":"https:\/\/www.avanet.com\/fr\/wp-json\/wp\/v2\/product\/55595","targetHints":{"allow":["GET"]}}],"collection":[{"href":"https:\/\/www.avanet.com\/fr\/wp-json\/wp\/v2\/product"}],"about":[{"href":"https:\/\/www.avanet.com\/fr\/wp-json\/wp\/v2\/types\/product"}],"wp:featuredmedia":[{"embeddable":true,"href":"https:\/\/www.avanet.com\/fr\/wp-json\/wp\/v2\/media\/119587"}],"wp:attachment":[{"href":"https:\/\/www.avanet.com\/fr\/wp-json\/wp\/v2\/media?parent=55595"}],"wp:term":[{"taxonomy":"product_brand","embeddable":true,"href":"https:\/\/www.avanet.com\/fr\/wp-json\/wp\/v2\/product_brand?post=55595"},{"taxonomy":"product_cat","embeddable":true,"href":"https:\/\/www.avanet.com\/fr\/wp-json\/wp\/v2\/product_cat?post=55595"},{"taxonomy":"product_tag","embeddable":true,"href":"https:\/\/www.avanet.com\/fr\/wp-json\/wp\/v2\/product_tag?post=55595"}],"curies":[{"name":"wp","href":"https:\/\/api.w.org\/{rel}","templated":true}]}}