{"id":58798,"date":"2022-06-23T20:15:50","date_gmt":"2022-06-23T19:15:50","guid":{"rendered":"https:\/\/www.avanet.com\/shop\/sophos-switch-support-et-services-pour-cs210-48fp\/"},"modified":"2024-04-22T16:27:06","modified_gmt":"2024-04-22T15:27:06","slug":"sophos-switch-support-et-services-pour-cs210-48fp","status":"publish","type":"product","link":"https:\/\/www.avanet.com\/fr\/shop\/sophos-switch-support-et-services-pour-cs210-48fp\/","title":{"rendered":"Sophos Switch Support et Services pour CS210-48FP"},"content":{"rendered":"<div data-block=\"hook:129157\" class=\"alignfull\"><article id=\"post-129157\" class=\"post-129157\"><div class=\"entry-content is-layout-constrained\">\n<hr class=\"wp-block-separator has-alpha-channel-opacity\"\/>\n\n<p>L'assistance et les services Sophos Switch offrent une int\u00e9gration avanc\u00e9e avec Sophos Central, permettant aux utilisateurs de g\u00e9rer leurs commutateurs de mani\u00e8re plus efficace et plus s\u00fbre.\nLe service est sp\u00e9cialement con\u00e7u pour offrir une exp\u00e9rience fluide et int\u00e9gr\u00e9e. <\/p>\n\n<p>La nouvelle gamme de Sophos Switch est bien plus qu'un simple commutateur de plus.\nC'est le d\u00e9but d'une nouvelle \u00e8re dans la gestion des r\u00e9seaux.\nGr\u00e2ce au support et aux services propos\u00e9s par Sophos, les utilisateurs sont assur\u00e9s de toujours b\u00e9n\u00e9ficier du meilleur support possible et des derni\u00e8res fonctionnalit\u00e9s.\nC'est un pas en avant essentiel et une preuve de l'investissement de Sophos dans ses produits et ses clients.   <\/p>\n\n<h3 class=\"wp-block-heading\">Principales fonctions et avantages<\/h3>\n\n<p>L'achat d'un abonnement au support et aux services pour chaque Sophos Switch donne droit \u00e0 ce qui suit :<\/p>\n\n<ul class=\"wp-block-list\">\n<li><strong>Gestion centralis\u00e9e via Sophos Central<\/strong>: cette fonction permet de planifier les mises \u00e0 jour du firmware des commutateurs et de g\u00e9rer les commutateurs de mani\u00e8re centralis\u00e9e.<\/li>\n\n\n\n<li><strong>Prise en charge RMA avanc\u00e9e<\/strong>: un service d'\u00e9change avanc\u00e9 qui garantit que vos processus commerciaux ne sont pas affect\u00e9s par des probl\u00e8mes mat\u00e9riels.<\/li>\n\n\n\n<li><strong>Assistance t\u00e9l\u00e9phonique 24 \u00d7 7<\/strong>: \u00e0 toute heure du jour et de la nuit, une \u00e9quipe de professionnels est pr\u00eate \u00e0 r\u00e9pondre \u00e0 toute question d'assistance.<\/li>\n\n\n\n<li><strong>Mises \u00e0 jour du firmware<\/strong>: la possibilit\u00e9 de maintenir les commutateurs \u00e0 jour pour une s\u00e9curit\u00e9 et des performances maximales.<\/li>\n\n\n\n<li><strong>Acc\u00e8s \u00e0 distance pour l'\u00e9quipe d'assistance<\/strong>: permet un d\u00e9pannage et un d\u00e9bogage complets afin de r\u00e9soudre rapidement tout probl\u00e8me.<\/li>\n<\/ul>\n\n<p>Pour ceux qui se demandent ce qui se passera apr\u00e8s l'expiration de la p\u00e9riode de gr\u00e2ce de trois mois, sans abonnement valide, les commutateurs resteront visibles dans Sophos Central, mais seront dans un \u00e9tat inactif.\nCela signifie que les changements de configuration, les sauvegardes planifi\u00e9es et les mises \u00e0 niveau du firmware ne seront pas possibles. <\/p>\n\n<h3 class=\"wp-block-heading\">Pourquoi choisir le support et les services Sophos Switch ?<\/h3>\n\n<p>La vision de Sophos est de compl\u00e9ter l'\u00e9cosyst\u00e8me r\u00e9seau avec ses produits.\nLa connexion Sophos Central offre une m\u00e9thode simple et pratique pour g\u00e9rer vos pare-feux, vos points d'acc\u00e8s, et maintenant vos commutateurs.\nCela cr\u00e9e non seulement une console centrale pour tous les produits, mais aussi un argument de vente fort pour ceux qui sont d\u00e9j\u00e0 dans l'\u00e9cosyst\u00e8me Sophos ou qui souhaitent s'y d\u00e9velopper.  <\/p>\n\n<div style=\"height:20px\" aria-hidden=\"true\" class=\"wp-block-spacer ava-card-shadow-bottom\"><\/div>\n\n<div style=\"height:20px\" aria-hidden=\"true\" class=\"wp-block-spacer ava-card-spacer\"><\/div>\n<div class=\"gb-container gb-container-a7fa59d1 ava-card-zero-margin\" id=\"info-materials\">\n<div class=\"gb-container gb-container-8aeebd39\">\n\n<p class=\"gb-headline gb-headline-8b3709cd\"><span class=\"gb-icon\"><svg xmlns=\"http:\/\/www.w3.org\/2000\/svg\" class=\"w-6 h-6\" fill=\"currentColor\" viewbox=\"0 0 24 24\">   <path clip-rule=\"evenodd\" d=\"M4.125 3C3.089 3 2.25 3.84 2.25 4.875V18a3 3 0 003 3h15a3 3 0 01-3-3V4.875C17.25 3.839 16.41 3 15.375 3H4.125zM12 9.75a.75.75 0 000 1.5h1.5a.75.75 0 000-1.5H12zm-.75-2.25a.75.75 0 01.75-.75h1.5a.75.75 0 010 1.5H12a.75.75 0 01-.75-.75zM6 12.75a.75.75 0 000 1.5h7.5a.75.75 0 000-1.5H6zm-.75 3.75a.75.75 0 01.75-.75h7.5a.75.75 0 010 1.5H6a.75.75 0 01-.75-.75zM6 6.75a.75.75 0 00-.75.75v3c0 .414.336.75.75.75h3a.75.75 0 00.75-.75v-3A.75.75 0 009 6.75H6z\" fill-rule=\"evenodd\"><\/path>   <path d=\"M18.75 6.75h1.875c.621 0 1.125.504 1.125 1.125V18a1.5 1.5 0 01-3 0V6.75z\"><\/path> <\/svg><\/span><span class=\"gb-headline-text\">Mat\u00e9riel d'information<\/span><\/p>\n\n\n\n<h2 class=\"gb-headline gb-headline-ae48c488 gb-headline-text\"><strong>Approfondissez<\/strong> vos connaissances et apprenez-en plus sur les \u00ab Sophos Switches \u00bb <\/h2>\n\n\n\n<p class=\"gb-headline gb-headline-b16ffb1d\"><span class=\"gb-icon\"><svg xmlns=\"http:\/\/www.w3.org\/2000\/svg\" class=\"w-6 h-6\" fill=\"currentColor\" viewbox=\"0 0 24 24\">   <path clip-rule=\"evenodd\" d=\"M5.625 1.5c-1.036 0-1.875.84-1.875 1.875v17.25c0 1.035.84 1.875 1.875 1.875h12.75c1.035 0 1.875-.84 1.875-1.875V12.75A3.75 3.75 0 0016.5 9h-1.875a1.875 1.875 0 01-1.875-1.875V5.25A3.75 3.75 0 009 1.5H5.625zM7.5 15a.75.75 0 01.75-.75h7.5a.75.75 0 010 1.5h-7.5A.75.75 0 017.5 15zm.75 2.25a.75.75 0 000 1.5H12a.75.75 0 000-1.5H8.25z\" fill-rule=\"evenodd\"><\/path>   <path d=\"M12.971 1.816A5.23 5.23 0 0114.25 5.25v1.875c0 .207.168.375.375.375H16.5a5.23 5.23 0 013.434 1.279 9.768 9.768 0 00-6.963-6.963z\"><\/path> <\/svg><\/span><span class=\"gb-headline-text\"><a href=\"https:\/\/www.avanet.com\/assets\/sophos-switch-fr.pdf\">Sophos Switch \u2013 Fiche de donn\u00e9es<\/a><\/span><\/p>\n\n\n\n<p class=\"gb-headline gb-headline-9fa9d37d\"><span class=\"gb-icon\"><svg xmlns=\"http:\/\/www.w3.org\/2000\/svg\" class=\"w-6 h-6\" fill=\"currentColor\" viewbox=\"0 0 24 24\">   <path clip-rule=\"evenodd\" d=\"M5.625 1.5c-1.036 0-1.875.84-1.875 1.875v17.25c0 1.035.84 1.875 1.875 1.875h12.75c1.035 0 1.875-.84 1.875-1.875V12.75A3.75 3.75 0 0016.5 9h-1.875a1.875 1.875 0 01-1.875-1.875V5.25A3.75 3.75 0 009 1.5H5.625zM7.5 15a.75.75 0 01.75-.75h7.5a.75.75 0 010 1.5h-7.5A.75.75 0 017.5 15zm.75 2.25a.75.75 0 000 1.5H12a.75.75 0 000-1.5H8.25z\" fill-rule=\"evenodd\"><\/path>   <path d=\"M12.971 1.816A5.23 5.23 0 0114.25 5.25v1.875c0 .207.168.375.375.375H16.5a5.23 5.23 0 013.434 1.279 9.768 9.768 0 00-6.963-6.963z\"><\/path> <\/svg><\/span><span class=\"gb-headline-text\"><a href=\"https:\/\/www.avanet.com\/assets\/sophos-switch-tech-specs-en.pdf\">Sophos Switch Series \u2013 Donn\u00e9es techniques<\/a><\/span><\/p>\n\n<\/div>\n\n<div class=\"gb-container gb-container-7346e745\">\n\n<figure class=\"gb-block-image gb-block-image-b8173d28\"><img loading=\"lazy\" decoding=\"async\" width=\"1280\" height=\"1074\" class=\"gb-image gb-image-b8173d28\" src=\"https:\/\/www.avanet.com\/assets\/sophos-assets-switches.png\" alt=\"Info Materials Sophos Switches Hero Image\" title=\"sophos-assets-switches\" srcset=\"https:\/\/www.avanet.com\/assets\/sophos-assets-switches.png 1280w, https:\/\/www.avanet.com\/assets\/sophos-assets-switches-64x54.png 64w, https:\/\/www.avanet.com\/assets\/sophos-assets-switches-300x252.png 300w, https:\/\/www.avanet.com\/assets\/sophos-assets-switches-1024x859.png 1024w, https:\/\/www.avanet.com\/assets\/sophos-assets-switches-768x644.png 768w, https:\/\/www.avanet.com\/assets\/sophos-assets-switches-600x503.png 600w\" sizes=\"auto, (max-width: 1280px) 100vw, 1280px\" \/><\/figure>\n\n<\/div>\n<\/div>\n<div style=\"height:20px\" aria-hidden=\"true\" class=\"wp-block-spacer ava-card-shadow-bottom\"><\/div>\n\n<div style=\"height:20px\" aria-hidden=\"true\" class=\"wp-block-spacer ava-card-spacer\"><\/div>\n<div class=\"gb-container gb-container-6291cecc ava-card-spacer last\" id=\"help-for-buying\">\n\n<p class=\"gb-headline gb-headline-04e182da\"><span class=\"gb-icon\"><svg xmlns=\"http:\/\/www.w3.org\/2000\/svg\" viewbox=\"0 0 20 20\" fill=\"currentColor\" class=\"w-5 h-5\">   <path d=\"M3.505 2.365A41.369 41.369 0 019 2c1.863 0 3.697.124 5.495.365 1.247.167 2.18 1.108 2.435 2.268a4.45 4.45 0 00-.577-.069 43.141 43.141 0 00-4.706 0C9.229 4.696 7.5 6.727 7.5 8.998v2.24c0 1.413.67 2.735 1.76 3.562l-2.98 2.98A.75.75 0 015 17.25v-3.443c-.501-.048-1-.106-1.495-.172C2.033 13.438 1 12.162 1 10.72V5.28c0-1.441 1.033-2.717 2.505-2.914z\"><\/path>   <path d=\"M14 6c-.762 0-1.52.02-2.271.062C10.157 6.148 9 7.472 9 8.998v2.24c0 1.519 1.147 2.839 2.71 2.935.214.013.428.024.642.034.2.009.385.09.518.224l2.35 2.35a.75.75 0 001.28-.531v-2.07c1.453-.195 2.5-1.463 2.5-2.915V8.998c0-1.526-1.157-2.85-2.729-2.936A41.645 41.645 0 0014 6z\"><\/path> <\/svg><\/span><span class=\"gb-headline-text\">Aide \u00e0 l'achat<\/span><\/p>\n\n\n\n<h2 class=\"gb-headline gb-headline-a74d99bb gb-headline-text\">Vous avez encore <strong>des questions sur le produit<\/strong>?<\/h2>\n\n\n\n<p class=\"gb-headline gb-headline-c5a9534f gb-headline-text\">Mieux vaut se renseigner avant d'acheter, avant de se retrouver avec un mauvais produit entre les mains.<\/p>\n\n\n\n<a class=\"gb-button gb-button-7a0bb7da gb-button-text\" href=\"https:\/\/www.avanet.com\/fr\/contact\/\">Poser une question<\/a>\n\n<\/div><\/div><\/article><\/div>\n","protected":false},"excerpt":{"rendered":"","protected":false},"featured_media":36398,"template":"","meta":{"_acf_changed":false},"product_brand":[],"product_cat":[597],"product_tag":[],"class_list":{"0":"post-58798","1":"product","2":"type-product","3":"status-publish","4":"has-post-thumbnail","6":"product_cat-uncategorized","8":"first","9":"instock","10":"taxable","11":"shipping-taxable","12":"purchasable","13":"product-type-variable","14":"has-default-attributes"},"acf":[],"_links":{"self":[{"href":"https:\/\/www.avanet.com\/fr\/wp-json\/wp\/v2\/product\/58798","targetHints":{"allow":["GET"]}}],"collection":[{"href":"https:\/\/www.avanet.com\/fr\/wp-json\/wp\/v2\/product"}],"about":[{"href":"https:\/\/www.avanet.com\/fr\/wp-json\/wp\/v2\/types\/product"}],"wp:featuredmedia":[{"embeddable":true,"href":"https:\/\/www.avanet.com\/fr\/wp-json\/wp\/v2\/media\/36398"}],"wp:attachment":[{"href":"https:\/\/www.avanet.com\/fr\/wp-json\/wp\/v2\/media?parent=58798"}],"wp:term":[{"taxonomy":"product_brand","embeddable":true,"href":"https:\/\/www.avanet.com\/fr\/wp-json\/wp\/v2\/product_brand?post=58798"},{"taxonomy":"product_cat","embeddable":true,"href":"https:\/\/www.avanet.com\/fr\/wp-json\/wp\/v2\/product_cat?post=58798"},{"taxonomy":"product_tag","embeddable":true,"href":"https:\/\/www.avanet.com\/fr\/wp-json\/wp\/v2\/product_tag?post=58798"}],"curies":[{"name":"wp","href":"https:\/\/api.w.org\/{rel}","templated":true}]}}