{"id":60436,"date":"2022-01-25T13:51:55","date_gmt":"2022-01-25T12:51:55","guid":{"rendered":"https:\/\/www.avanet.com\/shop\/sophos-flexi-port-module-4-port-25gbe-copper-poe-xsbztchc4\/"},"modified":"2024-02-03T08:36:18","modified_gmt":"2024-02-03T07:36:18","slug":"sophos-flexi-port-module-4-port-25gbe-copper-poe-xsbztchc4","status":"publish","type":"product","link":"https:\/\/www.avanet.com\/fr\/shop\/sophos-flexi-port-module-4-port-25gbe-copper-poe-xsbztchc4\/","title":{"rendered":"Sophos FleXi Port Module &#8211; 4 port 2.5GbE copper PoE"},"content":{"rendered":"<div data-block=\"hook:113068\" class=\"alignfull\"><article id=\"post-113068\" class=\"post-113068\"><div class=\"entry-content is-layout-constrained\">\n<p>Configurez votre mat\u00e9riel de mani\u00e8re \u00e0 ce qu'il corresponde \u00e0 votre infrastructure. Ce module de port FleXi permet d'ajouter <strong>quatre ports PoE 2,5 GbE<\/strong> (cuivre) aux <strong>pare-feux Sophos XGS*<\/strong>.<\/p>\n\n<p>Ce module est compatible avec les mod\u00e8les XGS suivants :<\/p>\n\n<ul class=\"wp-block-list\">\n<li>Sophos XGS 2100<\/li>\n\n\n\n<li>Sophos XGS 2300<\/li>\n\n\n\n<li>Sophos XGS 3100<\/li>\n\n\n\n<li>Sophos XGS 3300<\/li>\n\n\n\n<li>Sophos XGS 4300<\/li>\n\n\n\n<li>Sophos XGS 4500<\/li>\n<\/ul>\n\n<p><em>*Veuillez noter que ce module de port FleXi n'est compatible qu'avec les mod\u00e8les de pare-feu de la s\u00e9rie XGS \u00e9num\u00e9r\u00e9s ci-dessus. On ne peut pas les utiliser avec la s\u00e9rie XG.<\/em><\/p>\n\n<div style=\"height:20px\" aria-hidden=\"true\" class=\"wp-block-spacer ava-card-shadow-bottom\"><\/div>\n\n<div style=\"height:20px\" aria-hidden=\"true\" class=\"wp-block-spacer ava-card-spacer\"><\/div>\n<div class=\"gb-container gb-container-a7fa59d1 ava-card-zero-margin\" id=\"info-materials\">\n<div class=\"gb-container gb-container-8aeebd39\">\n\n<p class=\"gb-headline gb-headline-8b3709cd\"><span class=\"gb-icon\"><svg xmlns=\"http:\/\/www.w3.org\/2000\/svg\" class=\"w-6 h-6\" fill=\"currentColor\" viewbox=\"0 0 24 24\">   <path clip-rule=\"evenodd\" d=\"M4.125 3C3.089 3 2.25 3.84 2.25 4.875V18a3 3 0 003 3h15a3 3 0 01-3-3V4.875C17.25 3.839 16.41 3 15.375 3H4.125zM12 9.75a.75.75 0 000 1.5h1.5a.75.75 0 000-1.5H12zm-.75-2.25a.75.75 0 01.75-.75h1.5a.75.75 0 010 1.5H12a.75.75 0 01-.75-.75zM6 12.75a.75.75 0 000 1.5h7.5a.75.75 0 000-1.5H6zm-.75 3.75a.75.75 0 01.75-.75h7.5a.75.75 0 010 1.5H6a.75.75 0 01-.75-.75zM6 6.75a.75.75 0 00-.75.75v3c0 .414.336.75.75.75h3a.75.75 0 00.75-.75v-3A.75.75 0 009 6.75H6z\" fill-rule=\"evenodd\"><\/path>   <path d=\"M18.75 6.75h1.875c.621 0 1.125.504 1.125 1.125V18a1.5 1.5 0 01-3 0V6.75z\"><\/path> <\/svg><\/span><span class=\"gb-headline-text\">Mat\u00e9riel d'information<\/span><\/p>\n\n\n\n<p class=\"gb-headline gb-headline-95b4cfc3\"><span class=\"gb-icon\"><svg xmlns=\"http:\/\/www.w3.org\/2000\/svg\" class=\"w-6 h-6\" fill=\"currentColor\" viewbox=\"0 0 24 24\">   <path clip-rule=\"evenodd\" d=\"M5.625 1.5c-1.036 0-1.875.84-1.875 1.875v17.25c0 1.035.84 1.875 1.875 1.875h12.75c1.035 0 1.875-.84 1.875-1.875V12.75A3.75 3.75 0 0016.5 9h-1.875a1.875 1.875 0 01-1.875-1.875V5.25A3.75 3.75 0 009 1.5H5.625zM7.5 15a.75.75 0 01.75-.75h7.5a.75.75 0 010 1.5h-7.5A.75.75 0 017.5 15zm.75 2.25a.75.75 0 000 1.5H12a.75.75 0 000-1.5H8.25z\" fill-rule=\"evenodd\"><\/path>   <path d=\"M12.971 1.816A5.23 5.23 0 0114.25 5.25v1.875c0 .207.168.375.375.375H16.5a5.23 5.23 0 013.434 1.279 9.768 9.768 0 00-6.963-6.963z\"><\/path> <\/svg><\/span><span class=\"gb-headline-text\"><a href=\"https:\/\/www.avanet.com\/assets\/sophos-lan-modules-mounting-instructions-xgs-appliance-series-en.pdf\">Sophos LAN Module \u2013 Instructions de montage<\/a><\/span><\/p>\n\n<\/div>\n<\/div>\n<div style=\"height:20px\" aria-hidden=\"true\" class=\"wp-block-spacer ava-card-shadow-bottom\"><\/div>\n\n<div style=\"height:20px\" aria-hidden=\"true\" class=\"wp-block-spacer ava-card-spacer\"><\/div>\n<div class=\"gb-container gb-container-6291cecc ava-card-spacer last\" id=\"help-for-buying\">\n\n<p class=\"gb-headline gb-headline-04e182da\"><span class=\"gb-icon\"><svg xmlns=\"http:\/\/www.w3.org\/2000\/svg\" viewbox=\"0 0 20 20\" fill=\"currentColor\" class=\"w-5 h-5\">   <path d=\"M3.505 2.365A41.369 41.369 0 019 2c1.863 0 3.697.124 5.495.365 1.247.167 2.18 1.108 2.435 2.268a4.45 4.45 0 00-.577-.069 43.141 43.141 0 00-4.706 0C9.229 4.696 7.5 6.727 7.5 8.998v2.24c0 1.413.67 2.735 1.76 3.562l-2.98 2.98A.75.75 0 015 17.25v-3.443c-.501-.048-1-.106-1.495-.172C2.033 13.438 1 12.162 1 10.72V5.28c0-1.441 1.033-2.717 2.505-2.914z\"><\/path>   <path d=\"M14 6c-.762 0-1.52.02-2.271.062C10.157 6.148 9 7.472 9 8.998v2.24c0 1.519 1.147 2.839 2.71 2.935.214.013.428.024.642.034.2.009.385.09.518.224l2.35 2.35a.75.75 0 001.28-.531v-2.07c1.453-.195 2.5-1.463 2.5-2.915V8.998c0-1.526-1.157-2.85-2.729-2.936A41.645 41.645 0 0014 6z\"><\/path> <\/svg><\/span><span class=\"gb-headline-text\">Aide \u00e0 l'achat<\/span><\/p>\n\n\n\n<h2 class=\"gb-headline gb-headline-a74d99bb gb-headline-text\">Vous avez encore <strong>des questions sur le produit<\/strong>?<\/h2>\n\n\n\n<p class=\"gb-headline gb-headline-c5a9534f gb-headline-text\">Mieux vaut se renseigner avant d'acheter, avant de se retrouver avec un mauvais produit entre les mains.<\/p>\n\n\n\n<a class=\"gb-button gb-button-7a0bb7da gb-button-text\" href=\"https:\/\/www.avanet.com\/fr\/contact\/\">Poser une question<\/a>\n\n<\/div><\/div><\/article><\/div>\n","protected":false},"excerpt":{"rendered":"","protected":false},"featured_media":119236,"template":"","meta":{"_acf_changed":false},"product_brand":[],"product_cat":[597],"product_tag":[],"class_list":{"0":"post-60436","1":"product","2":"type-product","3":"status-publish","4":"has-post-thumbnail","6":"product_cat-uncategorized","8":"first","9":"instock","10":"taxable","11":"shipping-taxable","12":"purchasable","13":"product-type-simple"},"acf":[],"_links":{"self":[{"href":"https:\/\/www.avanet.com\/fr\/wp-json\/wp\/v2\/product\/60436","targetHints":{"allow":["GET"]}}],"collection":[{"href":"https:\/\/www.avanet.com\/fr\/wp-json\/wp\/v2\/product"}],"about":[{"href":"https:\/\/www.avanet.com\/fr\/wp-json\/wp\/v2\/types\/product"}],"wp:featuredmedia":[{"embeddable":true,"href":"https:\/\/www.avanet.com\/fr\/wp-json\/wp\/v2\/media\/119236"}],"wp:attachment":[{"href":"https:\/\/www.avanet.com\/fr\/wp-json\/wp\/v2\/media?parent=60436"}],"wp:term":[{"taxonomy":"product_brand","embeddable":true,"href":"https:\/\/www.avanet.com\/fr\/wp-json\/wp\/v2\/product_brand?post=60436"},{"taxonomy":"product_cat","embeddable":true,"href":"https:\/\/www.avanet.com\/fr\/wp-json\/wp\/v2\/product_cat?post=60436"},{"taxonomy":"product_tag","embeddable":true,"href":"https:\/\/www.avanet.com\/fr\/wp-json\/wp\/v2\/product_tag?post=60436"}],"curies":[{"name":"wp","href":"https:\/\/api.w.org\/{rel}","templated":true}]}}