{"id":97571,"date":"2022-01-25T13:52:13","date_gmt":"2022-01-25T12:52:13","guid":{"rendered":"https:\/\/www.avanet.com\/shop\/sophos-poe-plus-injector-25-gbit-8023afat-30w-with-eu-power-cord-po2ztcheu\/"},"modified":"2024-04-19T08:23:25","modified_gmt":"2024-04-19T07:23:25","slug":"sophos-poe-plus-injector-25-gbit-8023afat-30w-with-eu-power-cord-po2ztcheu","status":"publish","type":"product","link":"https:\/\/www.avanet.com\/fr\/shop\/sophos-poe-plus-injector-25-gbit-8023afat-30w-with-eu-power-cord-po2ztcheu\/","title":{"rendered":"Sophos Gbit\/2.5G PoE+ Injector (802.3af\/at &#8211; 30W) &#8211; avec EU Power Cord"},"content":{"rendered":"<div data-block=\"hook:113125\" class=\"alignfull\"><article id=\"post-113125\" class=\"post-113125\"><div class=\"entry-content is-layout-constrained\">\n<p>Cet injecteur PoE de Sophos prend en charge les normes <strong>802.3af<\/strong> et <strong>802.3at<\/strong>.<\/p>\n\n<h3 class=\"wp-block-heading\" id=\"h-802-3af-poe-z-b-fur-apx-120-und-apx-320\" style=\"font-size:clamp(14.082px, 0.88rem + ((1vw - 3.2px) * 0.54), 21px);font-style:normal;font-weight:600\">802.3af = PoE (par ex. pour APX 120 et APX 320)<\/h3>\n\n<p>La norme IEEE 802.3af (PoE) prend en charge la mise \u00e0 disposition de Power over Ethernet avec jusqu'\u00e0 15,4 W par port, qui peut \u00eatre utilis\u00e9 pour alimenter un grand nombre d'appareils.\nToutefois, en raison de la puissance d\u00e9riv\u00e9e dans le c\u00e2ble, seuls 12,95 W sont garantis disponibles sur l'appareil aliment\u00e9. <\/p>\n\n<h3 class=\"wp-block-heading\" id=\"h-802-3at-poe-z-b-fur-apx-530-740-und-320x\" style=\"font-size:clamp(14.082px, 0.88rem + ((1vw - 3.2px) * 0.54), 21px);font-style:normal;font-weight:600\">802.3at = PoE+ (par ex. pour APX 530, 740, 320X, AP6 420, AP6 420E, AP6 840, AP6 420X)<\/h3>\n\n<p>La norme IEEE 802.3at (PoE+) prend en charge jusqu'\u00e0 30 W de puissance sur les ports (25,5 W apr\u00e8s dissipation), de sorte que les appareils n\u00e9cessitant plus de 15,4 W peuvent \u00eatre mis sous tension lorsqu'ils sont connect\u00e9s aux ports PoE+.<\/p>\n\n<p>Cet injecteur PoE+ Sophos peut \u00eatre utilis\u00e9 avec les points d'acc\u00e8s AP6 suivants :<\/p>\n\n<ul class=\"wp-block-list\">\n<li><a href=\"https:\/\/www.avanet.com\/fr\/shop\/sophos-ap6-420-access-point\/\" data-type=\"product\" data-id=\"124653\">Sophos AP6 420<\/a><\/li>\n\n\n\n<li><a href=\"https:\/\/www.avanet.com\/fr\/shop\/sophos-ap6-420e-access-point\/\">Sophos AP6 420E<\/a><\/li>\n\n\n\n<li><a href=\"https:\/\/www.avanet.com\/fr\/shop\/sophos-ap6-840-access-point\/\">Sophos AP6 840<\/a><\/li>\n\n\n\n<li><a href=\"https:\/\/www.avanet.com\/fr\/shop\/sophos-ap6-420x-outdoor-access-point\/\">Sophos AP6 420X<\/a><\/li>\n<\/ul>\n\n<p>Cet injecteur PoE+ Sophos peut \u00eatre utilis\u00e9 pour les Access Points APX suivants :<\/p>\n\n<ul class=\"wp-block-list\">\n<li><a href=\"https:\/\/www.avanet.com\/fr\/shop\/sophos-apx-120\/\" data-type=\"product\" data-id=\"12022\">Sophos APX 120<\/a><\/li>\n\n\n\n<li><a href=\"https:\/\/www.avanet.com\/fr\/shop\/sophos-apx-320\/\" data-type=\"product\" data-id=\"12023\">Sophos APX 320<\/a><\/li>\n\n\n\n<li><a href=\"https:\/\/www.avanet.com\/fr\/shop\/sophos-apx-530\/\" data-type=\"product\" data-id=\"12024\">Sophos APX 530<\/a><\/li>\n\n\n\n<li><a href=\"https:\/\/www.avanet.com\/fr\/shop\/sophos-apx-740\/\" data-type=\"product\" data-id=\"12025\">Sophos APX 740<\/a><\/li>\n\n\n\n<li><a href=\"https:\/\/www.avanet.com\/fr\/shop\/sophos-apx-320x\/\" data-type=\"product\" data-id=\"12026\">Sophos APX 320X<\/a><\/li>\n<\/ul>\n<\/div><\/article><\/div>\n","protected":false},"excerpt":{"rendered":"[blocksy-content-block id=\"108286\"]\n","protected":false},"featured_media":99316,"template":"","meta":{"_acf_changed":false},"product_brand":[],"product_cat":[597],"product_tag":[],"class_list":{"0":"post-97571","1":"product","2":"type-product","3":"status-publish","4":"has-post-thumbnail","6":"product_cat-uncategorized","8":"first","9":"instock","10":"taxable","11":"shipping-taxable","12":"purchasable","13":"product-type-simple"},"acf":[],"_links":{"self":[{"href":"https:\/\/www.avanet.com\/fr\/wp-json\/wp\/v2\/product\/97571","targetHints":{"allow":["GET"]}}],"collection":[{"href":"https:\/\/www.avanet.com\/fr\/wp-json\/wp\/v2\/product"}],"about":[{"href":"https:\/\/www.avanet.com\/fr\/wp-json\/wp\/v2\/types\/product"}],"wp:featuredmedia":[{"embeddable":true,"href":"https:\/\/www.avanet.com\/fr\/wp-json\/wp\/v2\/media\/99316"}],"wp:attachment":[{"href":"https:\/\/www.avanet.com\/fr\/wp-json\/wp\/v2\/media?parent=97571"}],"wp:term":[{"taxonomy":"product_brand","embeddable":true,"href":"https:\/\/www.avanet.com\/fr\/wp-json\/wp\/v2\/product_brand?post=97571"},{"taxonomy":"product_cat","embeddable":true,"href":"https:\/\/www.avanet.com\/fr\/wp-json\/wp\/v2\/product_cat?post=97571"},{"taxonomy":"product_tag","embeddable":true,"href":"https:\/\/www.avanet.com\/fr\/wp-json\/wp\/v2\/product_tag?post=97571"}],"curies":[{"name":"wp","href":"https:\/\/api.w.org\/{rel}","templated":true}]}}