{"id":40965,"date":"2022-03-04T10:07:43","date_gmt":"2022-03-04T09:07:43","guid":{"rendered":"https:\/\/www.avanet.com\/uber-avanet\/"},"modified":"2025-02-19T08:57:20","modified_gmt":"2025-02-19T07:57:20","slug":"uber-avanet","status":"publish","type":"page","link":"https:\/\/www.avanet.com\/it\/uber-avanet\/","title":{"rendered":"Informazioni su Avanet"},"content":{"rendered":"\n<h2 class=\"gb-headline gb-headline-9a0a2b0a gb-headline-text\">Nell&#8217;ambito della sicurezza, tutto ruota intorno a Sophos.<\/h2>\n\n<p>Quando si tratta della sicurezza delle reti dei nostri clienti, ci affidiamo al 100% alle soluzioni Sophos. Il pacchetto complessivo, i progressi tecnologici e l&#8217;interazione tra firewall ed endpoint sono leader di mercato. Access Points I prodotti UniFi sono la scelta preferita per gli switch e .  <\/p>\n\n<p>Le aziende IT sono una dozzina e la maggior parte di esse vuole fornire tutto da un&#8217;unica fonte. Con Avanet, tuttavia, ci concentriamo esattamente su una cosa: la sicurezza informatica. Da quando abbiamo fondato Avanet nel dicembre 2012, proteggiamo le reti di piccole e grandi aziende con i prodotti Sophos.<\/p>\n<div class=\"gb-container gb-container-06ad000c\">\n\n<h2 class=\"gb-headline gb-headline-3c549778\"><span class=\"gb-icon\"><svg xmlns=\"http:\/\/www.w3.org\/2000\/svg\" class=\"w-6 h-6\" fill=\"currentColor\" viewbox=\"0 0 24 24\">   <path clip-rule=\"evenodd\" d=\"M9.401 3.003c1.155-2 4.043-2 5.197 0l7.355 12.748c1.154 2-.29 4.5-2.599 4.5H4.645c-2.309 0-3.752-2.5-2.598-4.5L9.4 3.003zM12 8.25a.75.75 0 01.75.75v3.75a.75.75 0 01-1.5 0V9a.75.75 0 01.75-.75zm0 8.25a.75.75 0 100-1.5.75.75 0 000 1.5z\" fill-rule=\"evenodd\"><\/path> <\/svg><\/span><span class=\"gb-headline-text\">Vi aiutiamo a proteggere la vostra rete dagli attacchi informatici<\/span><\/h2>\n\n\n\n<p>Creare una rete sicura per un&#8217;azienda e proteggerla dalla criminalit\u00e0 informatica non \u00e8 un lavoro che si pu\u00f2 fare a parte. Per noi \u00e8 un compito che determina al 100% la nostra vita quotidiana.<\/p>\n\n<\/div>\n<p>Se volete seguire il nostro sviluppo dal 2012 a oggi, siete invitati a dare un&#8217;occhiata alla nostra <a href=\"https:\/\/www.avanet.com\/it\/linea-del-tempo\/\">timeline<\/a>. Qui sono elencate le nostre tappe pi\u00f9 importanti.<\/p>\n\n<h2 class=\"gb-headline gb-headline-70dbf342 gb-headline-text\">Siamo un partner certificato Sophos Platinum<\/h2>\n\n<p>Stai cercando un partner Sophos che ti aiuti a utilizzare correttamente i prodotti? Per noi Sophos non \u00e8 un prodotto qualsiasi. Compra il tuo Sophos da professionisti che sanno il fatto loro. Possiamo quindi fornire assistenza anche per i prodotti Sophos e aiutarti con le configurazioni pi\u00f9 complesse. Nel caso in cui non fossimo in grado di risolvere da soli un caso di assistenza, abbiamo ottimi contatti con l&#8217;assistenza Sophos in quanto Platinum Partner certificato Sophos.<\/p>\n\n<figure class=\"gb-block-image gb-block-image-6355801c\"><img loading=\"lazy\" decoding=\"async\" width=\"559\" height=\"112\" class=\"gb-image gb-image-6355801c\" src=\"https:\/\/www.avanet.com\/assets\/sophos-certified-logos.png\" alt=\"Loghi certificati Sophos\" title=\"logo certificato sophos\" srcset=\"https:\/\/www.avanet.com\/assets\/sophos-certified-logos.png 559w, https:\/\/www.avanet.com\/assets\/sophos-certified-logos-64x13.png 64w, https:\/\/www.avanet.com\/assets\/sophos-certified-logos-300x60.png 300w, https:\/\/www.avanet.com\/assets\/sophos-certified-logos-18x4.png 18w\" sizes=\"auto, (max-width: 559px) 100vw, 559px\" \/><\/figure>\n","protected":false},"excerpt":{"rendered":"<p>Nell&#8217;ambito della sicurezza, tutto ruota intorno a Sophos. Quando si tratta della sicurezza delle reti dei nostri clienti, ci affidiamo al 100% alle soluzioni Sophos. Il pacchetto complessivo, i progressi tecnologici e l&#8217;interazione tra firewall ed endpoint sono leader di mercato. Access Points I prodotti UniFi sono la scelta preferita per gli switch e . [&hellip;]<\/p>\n","protected":false},"author":1,"featured_media":0,"parent":0,"menu_order":0,"comment_status":"closed","ping_status":"closed","template":"","meta":{"_acf_changed":false,"footnotes":""},"class_list":["post-40965","page","type-page","status-publish","hentry"],"blocksy_meta":{"page_structure_type":"type-3","content_style_source":"custom","content_style":{"desktop":"boxed","tablet":"boxed","mobile":"boxed","__changed":[]},"styles_descriptor":{"styles":{"desktop":"[data-prefix=\"single_page\"] [class*=\"ct-container\"] > article[class*=\"post\"] {--has-boxed:var(--true);--has-wide:var(--false);background-color:var(--has-background, var(--theme-palette-color-8));--theme-boxed-content-border-radius:3px;--theme-boxed-content-spacing:40px;--theme-boxed-content-box-shadow:0px 12px 18px -6px rgba(34, 56, 101, 0.04);}","tablet":"[data-prefix=\"single_page\"] [class*=\"ct-container\"] > article[class*=\"post\"] {--theme-boxed-content-spacing:35px;}","mobile":"[data-prefix=\"single_page\"] [class*=\"ct-container\"] > article[class*=\"post\"] {--theme-boxed-content-spacing:20px;}"},"google_fonts":[],"version":6}},"acf":[],"_links":{"self":[{"href":"https:\/\/www.avanet.com\/it\/wp-json\/wp\/v2\/pages\/40965","targetHints":{"allow":["GET"]}}],"collection":[{"href":"https:\/\/www.avanet.com\/it\/wp-json\/wp\/v2\/pages"}],"about":[{"href":"https:\/\/www.avanet.com\/it\/wp-json\/wp\/v2\/types\/page"}],"author":[{"embeddable":true,"href":"https:\/\/www.avanet.com\/it\/wp-json\/wp\/v2\/users\/1"}],"replies":[{"embeddable":true,"href":"https:\/\/www.avanet.com\/it\/wp-json\/wp\/v2\/comments?post=40965"}],"version-history":[{"count":0,"href":"https:\/\/www.avanet.com\/it\/wp-json\/wp\/v2\/pages\/40965\/revisions"}],"wp:attachment":[{"href":"https:\/\/www.avanet.com\/it\/wp-json\/wp\/v2\/media?parent=40965"}],"curies":[{"name":"wp","href":"https:\/\/api.w.org\/{rel}","templated":true}]}}