{"id":40978,"date":"2021-11-10T11:16:29","date_gmt":"2021-11-10T10:16:29","guid":{"rendered":"https:\/\/www.avanet.com\/agb\/"},"modified":"2024-04-17T12:56:01","modified_gmt":"2024-04-17T11:56:01","slug":"agb","status":"publish","type":"page","link":"https:\/\/www.avanet.com\/it\/agb\/","title":{"rendered":"Termini e condizioni generali"},"content":{"rendered":"\n<h2 class=\"gb-headline gb-headline-57df90d7 gb-headline-text\">1. Ambito di applicazione<\/h2>\n\n<p>I presenti Termini e Condizioni Generali (di seguito &#8220;CG&#8221;) di Avanet AG (di seguito &#8220;Avanet&#8221;) si applicano a tutti i servizi e prodotti che puoi trovare nel negozio online Sophos di Avanet. Un cliente \u00e8 una persona fisica o giuridica che intrattiene un rapporto commerciale con Avanet. Le consegne sono limitate ai territori di Svizzera, Liechtenstein e Germania.<br\/>Eventuali termini e condizioni del Cliente che siano in contrasto o si discostino dalle presenti CGC non saranno riconosciuti a meno che Avanet non ne abbia espressamente accettato la validit\u00e0 per iscritto.<\/p>\n\n<h2 class=\"gb-headline gb-headline-9a0a2b0a gb-headline-text\">2. Informazioni su prodotti e servizi<\/h2>\n\n<p>Le informazioni sui prodotti e sui servizi sono redatte da Avanet per i clienti nel modo pi\u00f9 chiaro e semplice possibile. Nella misura in cui si tratta di informazioni del produttore (ad esempio, la garanzia del produttore), le informazioni del produttore stesso sono sempre autorevoli. Avanet si adopera per garantire che le informazioni fornite dai produttori siano corrette, aggiornate e chiare, ma non pu\u00f2 garantirlo.<\/p>\n\n<h2 class=\"gb-headline gb-headline-8b5f288d gb-headline-text\">3. Prezzi<\/h2>\n\n<p>Tutti i prezzi dei prodotti Sophos in questo negozio online sono validi per i clienti svizzeri pi\u00f9 IVA. Per i clienti provenienti dalla Germania, verr\u00e0 addebitata la consueta IVA nazionale.<\/p>\n\n<h3 class=\"gb-headline gb-headline-415f793a gb-headline-text\">3.1. Notifica del progetto<\/h3>\n\n<p>A partire dal 1\u00b0 luglio 2019, Avanet dovr\u00e0 presentare una notifica di progetto a Sophos per determinati prodotti. Avanet indica nelle rispettive pagine dei prodotti quando \u00e8 necessario effettuare una notifica di progetto. Il prezzo di acquisto di questi prodotti pu\u00f2 essere garantito solo se il progetto <strong>non \u00e8<\/strong> ancora stato <strong>segnalato<\/strong> da <strong>nessun altro partner Sophos<\/strong>! In caso contrario, Avanet si riserva il diritto di recedere dal contratto di acquisto in qualsiasi momento.<\/p>\n\n<h2 class=\"gb-headline gb-headline-9e610232 gb-headline-text\">4. Disponibilit\u00e0<\/h2>\n\n<p>Il Sophos Shop di Avanet non fornisce informazioni sulla disponibilit\u00e0 dei prodotti. Normalmente, tuttavia, un ordine in Svizzera e in Germania dovrebbe poter essere spedito entro 1-3 giorni lavorativi dal magazzino. Se si tratta di un ordine urgente, il cliente pu\u00f2 informarsi sull&#8217;esatto stato di disponibilit\u00e0 dei prodotti richiesti telefonando o inviando un&#8217;e-mail ad Avanet.<\/p>\n\n<h2 class=\"gb-headline gb-headline-fc374126 gb-headline-text\">5. Conclusione del contratto<\/h2>\n\n<p>I prodotti, i servizi e i prezzi pubblicati su avanet.com sono considerati un&#8217;offerta. Tuttavia, questa offerta \u00e8 sempre soggetta a prezzi errati (da parte del produttore o di Avanet).<br\/>Il contratto si conclude nel momento in cui il cliente effettua l&#8217;ordine tramite il negozio online, per telefono o per e-mail. L&#8217;arrivo di un ordine online viene segnalato al cliente tramite una conferma d&#8217;ordine generata automaticamente e inviata all&#8217;indirizzo e-mail fornito dal cliente. La conferma d&#8217;ordine digitale indica al Cliente che l&#8217;ordine inviato \u00e8 stato ricevuto da Avanet e che quindi il contratto \u00e8 concluso, a condizione che la consegna sia possibile.<\/p>\n\n<h2 class=\"gb-headline gb-headline-88b07a0a gb-headline-text\">6. Condizioni di pagamento<\/h2>\n\n<p>Tutti i prodotti Sophos dell&#8217;Avanet Sophos Shop possono essere pagati in anticipo, con fattura (su richiesta) o con carta di credito. In caso di ordine con pagamento anticipato, i prodotti ordinati dal cliente non saranno spediti fino al completo pagamento del prezzo di vendita. Avanet non applica alcun costo aggiuntivo per il pagamento con carta di credito. L&#8217;ordine verr\u00e0 quindi attivato immediatamente.<\/p>\n\n<h2 class=\"gb-headline gb-headline-696fbfe8 gb-headline-text\">7. inadempienza di pagamento<\/h2>\n\n<p>Se il cliente ordina con pagamento anticipato o fattura, ha 30 giorni di tempo per pagare l&#8217;importo dovuto. Se il Cliente non adempie ai suoi obblighi di pagamento in tutto o in parte entro tale periodo di 30 giorni, tutti gli importi in sospeso dovuti dal Cliente ad Avanet a qualsiasi titolo diventeranno immediatamente esigibili e Avanet potr\u00e0 immediatamente richiederne il pagamento e cessare ulteriori forniture al Cliente.<\/p>\n\n<h2 class=\"gb-headline gb-headline-5a83e539 gb-headline-text\">8. Annullamento e risoluzione del contratto<\/h2>\n\n<p>Gli ordini devono essere effettuati in conformit\u00e0 con il paragrafo. 5 delle CGC saranno vincolanti e il cliente sar\u00e0 obbligato ad accettare la prestazione. Successive modifiche su richiesta del Cliente sono possibili in via eccezionale e ad esclusiva discrezione di Avanet. La possibilit\u00e0 di cancellazione dipende dal prodotto e dal momento della cancellazione.<\/p>\n\n<h2 class=\"gb-headline gb-headline-8b18b367 gb-headline-text\">9. Costi di consegna<\/h2>\n\n<p>Non vengono addebitate spese di spedizione per tutte le consegne di prodotti fisici in Svizzera, Liechtenstein o Germania. Le licenze per i moduli vengono inviate al cliente via e-mail entro 1-5 giorni lavorativi e non comportano spese di spedizione.<\/p>\n\n<h2 class=\"gb-headline gb-headline-d475c6db gb-headline-text\">10. obbligo di ispezione del cliente<\/h2>\n\n<p>Il cliente deve verificare immediatamente la correttezza, la completezza e l&#8217;integrit\u00e0 dei prodotti consegnati. Eventuali difetti devono essere segnalati ad Avanet immediatamente dopo la loro scoperta, ma al pi\u00f9 tardi entro 5 giorni di calendario dal ricevimento della spedizione. Il cliente deve conservare il prodotto nelle condizioni in cui \u00e8 stato consegnato e non deve metterlo in funzione.<\/p>\n\n<h2 class=\"gb-headline gb-headline-9b422edf gb-headline-text\">11. Cambio e restituzione<\/h2>\n\n<p>Non esiste un diritto generale al cambio e alla restituzione.<\/p>\n\n<h2 class=\"gb-headline gb-headline-a8ce8c7b gb-headline-text\">12. Restituzioni<\/h2>\n\n<p>Prima di restituire un prodotto, Avanet deve essere informata per iscritto, per e-mail o per telefono. La restituzione dei prodotti \u00e8 a carico del cliente. Devono essere inviate per posta raccomandata alla sede legale indicata nell&#8217;impronta. I prodotti, compresi tutti gli accessori, devono essere imballati correttamente nella confezione originale.<br\/>Una descrizione dettagliata del difetto e una copia della fattura d&#8217;acquisto devono essere allegate alla spedizione di ritorno a causa di un difetto del prodotto.<\/p>\n\n<h2 class=\"gb-headline gb-headline-f2d44c9c gb-headline-text\">13. Garanzia<\/h2>\n\n<p>I prodotti hardware Sophos sono coperti da una garanzia standard del produttore di un anno. Tuttavia, ci sono sicuramente modi per estendere il periodo di garanzia di un dispositivo.<\/p>\n\n<h2 class=\"gb-headline gb-headline-832df27e gb-headline-text\">14. Riparazione dopo la scadenza della garanzia<\/h2>\n\n<p>Avanet addebiter\u00e0 le spese di riparazione dopo la scadenza della garanzia.<\/p>\n\n<h2 class=\"gb-headline gb-headline-a24121a2 gb-headline-text\">15. Responsabilit\u00e0<\/h2>\n\n<p>Le richieste di risarcimento danni nei confronti di Avanet e dei suoi dipendenti sono integralmente escluse nella misura consentita dalla legge. \u00c8 esclusa la responsabilit\u00e0 per danni indiretti e conseguenti derivanti dall&#8217;uso, da prestazioni difettose o dalla perdita di prestazioni. Questa esclusione di responsabilit\u00e0 si applica anche a tutti i tipi di danni diretti e indiretti (vale a dire danni alle persone, alle cose e perdite finanziarie pure) causati da montaggio, installazione, regolazione, manutenzione o riparazione difettosi o non professionali del prodotto da parte del cliente.<\/p>\n\n<h2 class=\"gb-headline gb-headline-a7ca27dc gb-headline-text\">16. Informativa sulla privacy<\/h2>\n\n<p>Con l&#8217;accettazione delle CGC, la nostra politica sulla privacy viene automaticamente accettata.<\/p>\n\n<h2 class=\"gb-headline gb-headline-f6d8749e gb-headline-text\">17. Giurisdizione e legge applicabile<\/h2>\n\n<p>Il foro competente esclusivo \u00e8 6340 Baar. Il contratto \u00e8 soggetto al diritto svizzero, che esclude in toto la Convenzione delle Nazioni Unite sui contratti di vendita internazionale di merci (CISG).<\/p>\n","protected":false},"excerpt":{"rendered":"<p>1. Ambito di applicazione I presenti Termini e Condizioni Generali (di seguito &#8220;CG&#8221;) di Avanet AG (di seguito &#8220;Avanet&#8221;) si applicano a tutti i servizi e prodotti che puoi trovare nel negozio online Sophos di Avanet. Un cliente \u00e8 una persona fisica o giuridica che intrattiene un rapporto commerciale con Avanet. Le consegne sono limitate [&hellip;]<\/p>\n","protected":false},"author":1,"featured_media":0,"parent":0,"menu_order":0,"comment_status":"closed","ping_status":"closed","template":"","meta":{"_acf_changed":false,"footnotes":""},"class_list":["post-40978","page","type-page","status-publish","hentry"],"blocksy_meta":{"page_structure_type":"type-3","content_style_source":"custom","content_style":{"desktop":"boxed","tablet":"boxed","mobile":"boxed","__changed":[]},"styles_descriptor":{"styles":{"desktop":"[data-prefix=\"single_page\"] [class*=\"ct-container\"] > article[class*=\"post\"] {--has-boxed:var(--true);--has-wide:var(--false);background-color:var(--has-background, var(--theme-palette-color-8));--theme-boxed-content-border-radius:3px;--theme-boxed-content-spacing:40px;--theme-boxed-content-box-shadow:0px 12px 18px -6px rgba(34, 56, 101, 0.04);}","tablet":"[data-prefix=\"single_page\"] [class*=\"ct-container\"] > article[class*=\"post\"] {--theme-boxed-content-spacing:35px;}","mobile":"[data-prefix=\"single_page\"] [class*=\"ct-container\"] > article[class*=\"post\"] {--theme-boxed-content-spacing:20px;}"},"google_fonts":[],"version":6}},"acf":[],"_links":{"self":[{"href":"https:\/\/www.avanet.com\/it\/wp-json\/wp\/v2\/pages\/40978","targetHints":{"allow":["GET"]}}],"collection":[{"href":"https:\/\/www.avanet.com\/it\/wp-json\/wp\/v2\/pages"}],"about":[{"href":"https:\/\/www.avanet.com\/it\/wp-json\/wp\/v2\/types\/page"}],"author":[{"embeddable":true,"href":"https:\/\/www.avanet.com\/it\/wp-json\/wp\/v2\/users\/1"}],"replies":[{"embeddable":true,"href":"https:\/\/www.avanet.com\/it\/wp-json\/wp\/v2\/comments?post=40978"}],"version-history":[{"count":0,"href":"https:\/\/www.avanet.com\/it\/wp-json\/wp\/v2\/pages\/40978\/revisions"}],"wp:attachment":[{"href":"https:\/\/www.avanet.com\/it\/wp-json\/wp\/v2\/media?parent=40978"}],"curies":[{"name":"wp","href":"https:\/\/api.w.org\/{rel}","templated":true}]}}