{"id":107324,"date":"2023-02-25T20:26:55","date_gmt":"2023-02-25T19:26:55","guid":{"rendered":"https:\/\/www.avanet.com\/shop\/sophos-firewall-5g-modulo\/"},"modified":"2024-02-03T14:26:39","modified_gmt":"2024-02-03T13:26:39","slug":"sophos-firewall-5g-modulo","status":"publish","type":"product","link":"https:\/\/www.avanet.com\/it\/shop\/sophos-firewall-5g-modulo\/","title":{"rendered":"Sophos 5G Modulo per XGS 116(w)\/126(w)\/136(w)"},"content":{"rendered":"<div data-block=\"hook:113155\" class=\"alignfull\"><article id=\"post-113155\" class=\"post-113155\"><div class=\"entry-content is-layout-constrained\">\n<p>Il modulo 5G opzionale di Sophos consente di collegare in modo efficiente ed economico la serie XGS Firewall alle reti 5G. Il modulo 5G \u00e8 una soluzione eccellente per una connessione Internet affidabile e veloce. \u00c8 particolarmente adatto alle localit\u00e0 in cui una connessione fissa a banda larga non \u00e8 disponibile o \u00e8 troppo costosa.<\/p>\n\n<h3 class=\"wp-block-heading\" id=\"h-kompatibilitat\" style=\"font-size:clamp(14.082px, 0.88rem + ((1vw - 3.2px) * 0.54), 21px);font-style:normal;font-weight:600\">Compatibilit\u00e0<\/h3>\n\n<p>Il modulo 5G \u00e8 compatibile con i firewall desktop Sophos XGS. Questo include i seguenti modelli: <\/p>\n\n<ul class=\"wp-block-list\">\n<li>XGS 116(w)<\/li>\n\n\n\n<li>XGS 126(w)<\/li>\n\n\n\n<li>XGS 136(w)<\/li>\n<\/ul>\n\n<h3 class=\"wp-block-heading\" id=\"h-geschwindigkeit\" style=\"font-size:clamp(14.082px, 0.88rem + ((1vw - 3.2px) * 0.54), 21px);font-style:normal;font-weight:600\">Velocit\u00e0<\/h3>\n\n<p>Il modulo offre connessioni 5G con velocit\u00e0 di download fino a 4,5 Gbit\/s e velocit\u00e0 di upload fino a 660 Mbps. Il modulo supporta anche opzioni di fallback automatico alle reti 3G e 4G LTE (Cat-20) se il 5G non \u00e8 disponibile. <\/p>\n\n<h3 class=\"wp-block-heading\" id=\"h-installation\" style=\"font-size:clamp(14.082px, 0.88rem + ((1vw - 3.2px) * 0.54), 21px);font-style:normal;font-weight:600\">Installazione<\/h3>\n\n<p>Il modulo 5G \u00e8 facile da installare, ma non pu\u00f2 essere sostituito durante il funzionamento. Ci\u00f2 significa che il firewall deve essere disattivato per poter installare il modulo. Dopo l'installazione, Cellular WAN deve essere attivata nella console di amministrazione web.<\/p>\n\n<p>L'interfaccia WWAN1 deve essere configurata per sfruttare al meglio il modulo 5G. Dopo aver caricato la configurazione consigliata per il modulo 5G nell'interfaccia WWAN1, \u00e8 possibile impostare la connessione con nome utente, password e impostazioni APN.<\/p>\n<\/div><\/article><\/div>\n","protected":false},"excerpt":{"rendered":"[blocksy-content-block id=\"107493\"]\n","protected":false},"featured_media":107316,"template":"","meta":{"_acf_changed":false},"product_brand":[],"product_cat":[598],"product_tag":[],"class_list":{"0":"post-107324","1":"product","2":"type-product","3":"status-publish","4":"has-post-thumbnail","6":"product_cat-uncategorized","8":"first","9":"instock","10":"taxable","11":"shipping-taxable","12":"purchasable","13":"product-type-simple"},"acf":[],"_links":{"self":[{"href":"https:\/\/www.avanet.com\/it\/wp-json\/wp\/v2\/product\/107324","targetHints":{"allow":["GET"]}}],"collection":[{"href":"https:\/\/www.avanet.com\/it\/wp-json\/wp\/v2\/product"}],"about":[{"href":"https:\/\/www.avanet.com\/it\/wp-json\/wp\/v2\/types\/product"}],"wp:featuredmedia":[{"embeddable":true,"href":"https:\/\/www.avanet.com\/it\/wp-json\/wp\/v2\/media\/107316"}],"wp:attachment":[{"href":"https:\/\/www.avanet.com\/it\/wp-json\/wp\/v2\/media?parent=107324"}],"wp:term":[{"taxonomy":"product_brand","embeddable":true,"href":"https:\/\/www.avanet.com\/it\/wp-json\/wp\/v2\/product_brand?post=107324"},{"taxonomy":"product_cat","embeddable":true,"href":"https:\/\/www.avanet.com\/it\/wp-json\/wp\/v2\/product_cat?post=107324"},{"taxonomy":"product_tag","embeddable":true,"href":"https:\/\/www.avanet.com\/it\/wp-json\/wp\/v2\/product_tag?post=107324"}],"curies":[{"name":"wp","href":"https:\/\/api.w.org\/{rel}","templated":true}]}}