{"id":129633,"date":"2023-08-18T07:35:32","date_gmt":"2023-08-18T06:35:32","guid":{"rendered":"https:\/\/www.avanet.com\/shop\/sophos-ap6-suspend-mount-kit\/"},"modified":"2024-02-03T14:26:21","modified_gmt":"2024-02-03T13:26:21","slug":"sophos-ap6-suspend-mount-kit","status":"publish","type":"product","link":"https:\/\/www.avanet.com\/it\/shop\/sophos-ap6-suspend-mount-kit\/","title":{"rendered":"Sophos AP6 Suspend Mount Kit"},"content":{"rendered":"<div data-block=\"hook:129832\" class=\"alignfull\"><article id=\"post-129832\" class=\"post-129832\"><div class=\"entry-content is-layout-constrained\">\n<p><strong>Kit di montaggio a sospensione Sophos APX\/AP6<\/strong><\/p>\n\n<p>Il kit di montaggio a sospensione Sophos APX\/AP6 \u00e8 la soluzione per posizionare in modo ottimale gli access point mantenendo estetica e funzionalit\u00e0. L'affidabilit\u00e0 del montaggio a sospensione garantisce un fissaggio sicuro delle unit\u00e0.<\/p>\n\n<p><strong>Caratteristiche e vantaggi:<\/strong><\/p>\n\n<ul class=\"wp-block-list\">\n<li><strong>Compatibilit\u00e0:<\/strong> perfettamente adatto ai modelli APX 320, 530, 740 e AP6 420, 420E, 840, 840E.<\/li>\n\n\n\n<li><strong>Posizionamento ottimizzato:<\/strong> con il supporto a sospensione, \u00e8 possibile posizionare i punti di accesso in modo ottimale per ottenere la massima copertura e potenza del segnale.<\/li>\n\n\n\n<li><strong>Robusto e durevole:<\/strong> realizzato con materiali di alta qualit\u00e0, questo kit garantisce una lunga durata e una stabilit\u00e0 affidabile.<\/li>\n\n\n\n<li><strong>Integrazione estetica:<\/strong> il design del kit \u00e8 discreto e si integra perfettamente in diversi ambienti senza compromettere l'estetica.<\/li>\n\n\n\n<li><strong>Facile installazione:<\/strong> il kit contiene tutti i componenti necessari e istruzioni chiare, in modo che l'installazione sia semplice e veloce.<\/li>\n<\/ul>\n<\/div><\/article><\/div>\n","protected":false},"excerpt":{"rendered":"[blocksy-content-block id=\"107493\"]\n","protected":false},"featured_media":136953,"template":"","meta":{"_acf_changed":false},"product_brand":[],"product_cat":[598],"product_tag":[],"class_list":{"0":"post-129633","1":"product","2":"type-product","3":"status-publish","4":"has-post-thumbnail","6":"product_cat-uncategorized","8":"first","9":"instock","10":"taxable","11":"shipping-taxable","12":"purchasable","13":"product-type-simple"},"acf":[],"_links":{"self":[{"href":"https:\/\/www.avanet.com\/it\/wp-json\/wp\/v2\/product\/129633","targetHints":{"allow":["GET"]}}],"collection":[{"href":"https:\/\/www.avanet.com\/it\/wp-json\/wp\/v2\/product"}],"about":[{"href":"https:\/\/www.avanet.com\/it\/wp-json\/wp\/v2\/types\/product"}],"wp:featuredmedia":[{"embeddable":true,"href":"https:\/\/www.avanet.com\/it\/wp-json\/wp\/v2\/media\/136953"}],"wp:attachment":[{"href":"https:\/\/www.avanet.com\/it\/wp-json\/wp\/v2\/media?parent=129633"}],"wp:term":[{"taxonomy":"product_brand","embeddable":true,"href":"https:\/\/www.avanet.com\/it\/wp-json\/wp\/v2\/product_brand?post=129633"},{"taxonomy":"product_cat","embeddable":true,"href":"https:\/\/www.avanet.com\/it\/wp-json\/wp\/v2\/product_cat?post=129633"},{"taxonomy":"product_tag","embeddable":true,"href":"https:\/\/www.avanet.com\/it\/wp-json\/wp\/v2\/product_tag?post=129633"}],"curies":[{"name":"wp","href":"https:\/\/api.w.org\/{rel}","templated":true}]}}